{"id":98,"date":"2012-03-12T22:39:08","date_gmt":"2012-03-12T22:39:08","guid":{"rendered":"http:\/\/alexandrewack.fr\/?page_id=98"},"modified":"2022-11-11T11:45:49","modified_gmt":"2022-11-11T11:45:49","slug":"le-soudage-m-a-g","status":"publish","type":"page","link":"http:\/\/alexandrewack.fr\/?page_id=98","title":{"rendered":"La soudure M.A.G"},"content":{"rendered":"\n<p class=\"has-black-color has-cyan-bluish-gray-background-color has-text-color has-background has-medium-font-size\"><strong>Explication du fonctionnement: <\/strong><\/p>\n\n\n\n<p class=\"has-black-color has-text-color\">S<strong><em>oudure \u00e0 l&rsquo;arc en continu par fil fusible.<\/em><\/strong> Le principe de la&nbsp;soudure \u00e0 l&rsquo;arc tient dans le principe de l&rsquo;\u00e9l\u00e9vation de temp\u00e9rature au point de fusion par l&rsquo;utilisation d&rsquo;un arc \u00e9lectrique. C&rsquo;est l&rsquo;\u00e9chauffement cr\u00e9\u00e9 par la r\u00e9sistivit\u00e9 des m\u00e9taux parcourus par l&rsquo;\u00e9lectricit\u00e9 qui \u00e9l\u00e8ve la temp\u00e9rature au point de soudure jusqu&rsquo;\u00e0 celle requise pour la fusion du m\u00e9tal.  la temp\u00e9rature de l&rsquo;arc avoisine les&nbsp;<strong>4500\u00b0C<\/strong>.<\/p>\n\n\n\n<p class=\"has-black-color has-cyan-bluish-gray-background-color has-text-color has-background has-medium-font-size\"><strong>Le mat\u00e9riel : <\/strong><\/p>\n\n\n\n<p class=\"has-black-color has-text-color has-medium-font-size\"><strong>1: le poste <\/strong><\/p>\n\n\n\n<figure class=\"wp-block-image size-large is-resized\"><img loading=\"lazy\" decoding=\"async\" src=\"http:\/\/alexandrewack.fr\/wp-content\/uploads\/2022\/11\/Poste-MAG-WACK-2022-1-1024x613.png\" alt=\"\" class=\"wp-image-2882\" width=\"1010\" height=\"604\" srcset=\"http:\/\/alexandrewack.fr\/wp-content\/uploads\/2022\/11\/Poste-MAG-WACK-2022-1-1024x613.png 1024w, http:\/\/alexandrewack.fr\/wp-content\/uploads\/2022\/11\/Poste-MAG-WACK-2022-1-300x180.png 300w, http:\/\/alexandrewack.fr\/wp-content\/uploads\/2022\/11\/Poste-MAG-WACK-2022-1-768x460.png 768w, http:\/\/alexandrewack.fr\/wp-content\/uploads\/2022\/11\/Poste-MAG-WACK-2022-1-1536x920.png 1536w, http:\/\/alexandrewack.fr\/wp-content\/uploads\/2022\/11\/Poste-MAG-WACK-2022-1.png 1963w\" sizes=\"auto, (max-width: 1010px) 100vw, 1010px\" \/><\/figure>\n\n\n\n<p class=\"has-black-color has-text-color has-medium-font-size\"><strong>2. La torche de soudure MIR\/MAG<\/strong><\/p>\n\n\n\n<p><img loading=\"lazy\" decoding=\"async\" width=\"1300\" height=\"551\" class=\"wp-image-2850\" style=\"width: 1300px;\" src=\"http:\/\/alexandrewack.fr\/wp-content\/uploads\/2022\/11\/Torche-de-soudage-MAG.png\" alt=\"\" srcset=\"http:\/\/alexandrewack.fr\/wp-content\/uploads\/2022\/11\/Torche-de-soudage-MAG.png 1609w, http:\/\/alexandrewack.fr\/wp-content\/uploads\/2022\/11\/Torche-de-soudage-MAG-300x127.png 300w, http:\/\/alexandrewack.fr\/wp-content\/uploads\/2022\/11\/Torche-de-soudage-MAG-1024x434.png 1024w, http:\/\/alexandrewack.fr\/wp-content\/uploads\/2022\/11\/Torche-de-soudage-MAG-768x326.png 768w, http:\/\/alexandrewack.fr\/wp-content\/uploads\/2022\/11\/Torche-de-soudage-MAG-1536x651.png 1536w\" sizes=\"auto, (max-width: 1300px) 100vw, 1300px\" \/><\/p>\n\n\n\n<p class=\"has-black-color has-text-color has-medium-font-size\"><strong>Choisir sa torche MIG MAG<\/strong><\/p>\n\n\n\n<p class=\"has-black-color has-text-color\">Il existe des centaines de mod\u00e8les de torches diff\u00e9rentes dans le commerce. Chacune d&rsquo;entre elles a une utilit\u00e9 et correspond \u00e0 un besoin. Il convient de comprendre son fonctionnement et de savoir analyser ses caract\u00e9ristiques techniques pour faire le meilleur choix. La torche id\u00e9ale est un compromis entre les performances, le poids, l&rsquo;ergonomie, la fiabilit\u00e9 et le prix. <strong>Une torche vendue et utilis\u00e9e en France doit agr\u00e9e CE EN60974-7<\/strong>. Il existe des torches avec des consommables standards, et d&rsquo;autre avec des consommables sp\u00e9cifiques \u00e0 la marque.<\/p>\n\n\n\n<ol class=\"wp-block-list\">\n<li><strong>Buse<\/strong><\/li>\n<\/ol>\n\n\n\n<p class=\"has-black-color has-text-color\">Il en existe de plusieurs tailles. Le diam\u00e8tre et la forme de sortie sont variables suivant l&rsquo;utilisation. Il existe aussi plusieurs syst\u00e8mes de fixation&nbsp;:<\/p>\n\n\n\n<ul class=\"wp-block-list\">\n<li>Standard&nbsp;: avec des fentes droites, la buse la plus courante.<\/li>\n\n\n\n<li>Quick release&nbsp;: avec des fentes inclin\u00e9es, plus la torche est chaude plus la buse est serr\u00e9e sur le col de cygne. Pas de risque de chute de la buse en cours de soudage.<\/li>\n\n\n\n<li>Viss\u00e9e&nbsp;: bonne tenue de la buse mais plus ch\u00e8re \u00e0 l&rsquo;achat. <\/li>\n<\/ul>\n\n\n\n<p>     <strong>2. Tube contact.<\/strong><\/p>\n\n\n\n<p class=\"has-black-color has-text-color\">Probablement la pi\u00e8ce la plus importante de la torche, c&rsquo;est lui qui \u00e9lectrise le fil de soudage. Il subit beaucoup de contraintes, chaleur, projection \u2026. Les filetages les plus courant sont M6 et M8. <br>Il existe deux qualit\u00e9s&nbsp;:<\/p>\n\n\n\n<ul class=\"wp-block-list\">\n<li>Cu (cuivre). Qualit\u00e9 standard<\/li>\n\n\n\n<li>CuCrZr (cuivre, chrome, zirconium). Qualit\u00e9 sup\u00e9rieure, meilleure&nbsp;r\u00e9sistance \u00e0 la chaleur.<\/li>\n<\/ul>\n\n\n\n<ol class=\"wp-block-list\" start=\"3\">\n<li><strong>Diffuseur<\/strong><br>Il a pour fonction de repartir correctement le gaz dans la buse. Il en existe en c\u00e9ramique et en plastique.<\/li>\n<\/ol>\n\n\n\n<p class=\"has-black-color has-cyan-bluish-gray-background-color has-text-color has-background has-medium-font-size\"><strong>Le gaz de soudage : <\/strong><\/p>\n\n\n\n<p class=\"has-text-align-left has-black-color has-text-color\">Le d\u00e9bit de gaz pratique (CO, Ar, m\u00e9lange) est de <strong>10 <\/strong>fois le diam\u00e8tre du fil. <br>Par exemple le cas \u00e9ch\u00e9ant, si le diam\u00e8tre du fil est de <strong>0.9 mm<\/strong>, le d\u00e9bit de gaz peut \u00eatre r\u00e9gl\u00e9 \u00e0: <br><strong>10 x 0.9 = 9 l\/min.<\/strong><br>Vous pouvez utiliser le tableau sur le c\u00f4t\u00e9 pour un r\u00e9glage plus pr\u00e9cis du d\u00e9bit.<\/p>\n\n\n\n<p class=\"has-text-align-center\"><strong>Exemple : <\/strong><br><img loading=\"lazy\" decoding=\"async\" width=\"500\" height=\"255\" class=\"wp-image-2853\" style=\"width: 500px;\" src=\"http:\/\/alexandrewack.fr\/wp-content\/uploads\/2022\/11\/Capture-decran_20221110_143144.png\" alt=\"\" srcset=\"http:\/\/alexandrewack.fr\/wp-content\/uploads\/2022\/11\/Capture-decran_20221110_143144.png 1266w, http:\/\/alexandrewack.fr\/wp-content\/uploads\/2022\/11\/Capture-decran_20221110_143144-300x153.png 300w, http:\/\/alexandrewack.fr\/wp-content\/uploads\/2022\/11\/Capture-decran_20221110_143144-1024x523.png 1024w, http:\/\/alexandrewack.fr\/wp-content\/uploads\/2022\/11\/Capture-decran_20221110_143144-768x392.png 768w\" sizes=\"auto, (max-width: 500px) 100vw, 500px\" \/><br><strong>Remarque :<\/strong>&nbsp;Valeurs recommand\u00e9es dans des conditions standard.<\/p>\n\n\n\n<p class=\"has-black-color has-text-color\"><strong>File \u00e9lectrode :<\/strong> <br>Il existe des fils \u00e9lectrodes de 0.6 \u00e0 2.4 mm de diam\u00e8tre, il est \u00e0 la fois source d&rsquo;apport de m\u00e9tal ( de m\u00eame nature \u00e0 celle des pi\u00e8ces \u00e0 souder ) et \u00e8lectro-conducteur ( p\u00f4le + de l&rsquo;arc ). Le fil d&rsquo;acier est recouvert d&rsquo;un tr\u00e8s faible d\u00e9p\u00f4t de cuivre pour am\u00e9liorer le passage du courant<\/p>\n\n\n\n<p class=\"has-black-color has-text-color\"><strong>Le  choix du gaz de soudage<\/strong>:<\/p>\n\n\n\n<p>Il se fera en fonction du r\u00e9gime de soudage choisi. Par exemple&nbsp;:<br>Pour un r\u00e9gime en court-circuit, on choisira de pr\u00e9f\u00e9rence<strong>&nbsp;une protection gazeuse de CO\u00b2 ou Argon + CO\u00b2. <\/strong>mais on \u00e9vitera l\u2019Argon pur.<br>pour un r\u00e9gime par transfert globulaire, qui est un r\u00e9gime interm\u00e9diaire on pourra utiliser les 3 gaz.<br>pour un r\u00e9gime \u00e0 pulv\u00e9risation axiale, on&nbsp;<strong>\u00e9vitera le CO\u00b2, en pr\u00e9f\u00e9rant l\u2019Argon pur et le m\u00e9lange Argon + CO\u00b2<\/strong>.<\/p>\n\n\n\n<p><strong>Souder avec Argon + CO\u00b2:<\/strong> <br>M\u00e9lange couramment employ\u00e9<br>R\u00e9glage assez simple. <br>Bon mouillage du cordon.<br>Bain de fusion plus chaud.<br>Prix plus \u00e9lev\u00e9<br>Soudure plus sensible \u00e0 l&rsquo;humidit\u00e9 donc a l&rsquo;oxydation. <br><\/p>\n\n\n\n<p class=\"has-text-align-center\"> <img loading=\"lazy\" decoding=\"async\" width=\"500\" height=\"185\" class=\"wp-image-2859\" style=\"width: 500px;\" src=\"http:\/\/alexandrewack.fr\/wp-content\/uploads\/2022\/11\/Capture-decran_20221110_182935.png\" alt=\"\" srcset=\"http:\/\/alexandrewack.fr\/wp-content\/uploads\/2022\/11\/Capture-decran_20221110_182935.png 840w, http:\/\/alexandrewack.fr\/wp-content\/uploads\/2022\/11\/Capture-decran_20221110_182935-300x111.png 300w, http:\/\/alexandrewack.fr\/wp-content\/uploads\/2022\/11\/Capture-decran_20221110_182935-768x284.png 768w\" sizes=\"auto, (max-width: 500px) 100vw, 500px\" \/><\/p>\n\n\n\n<p><strong>Pour le MIG :<\/strong><br>(M\u00e9tal Inerte Gaz ) utilis\u00e9 principalement pour les aciers inoxydables.<br>Ar<br>Ar + CO2<br>Ar + CO2 + H2<br>Ar + H<\/p>\n\n\n\n<p class=\"has-black-color has-text-color\"><strong>Pour le MAG : <\/strong><br>(M\u00e9tal Actif Gaz ) utilis\u00e9 principalement pour les alliages l\u00e9gers et cuivreux.<br>CO2<br>Ar + O2<br>Ar + CO2<br>Ar + CO2 + O2<\/p>\n\n\n\n<p class=\"has-black-color has-cyan-bluish-gray-background-color has-text-color has-background has-medium-font-size\"><strong>D\u00e9tendeur de gaz: <\/strong><\/p>\n\n\n\n<p class=\"has-black-color has-text-color\">Le gaz est stock\u00e9 dans une bouteille de gaz \u00e0 une pression d\u00e9finie en g\u00e9n\u00e9ral autour de 150 \u00e0 200 bar, et doit \u00eatre restitu\u00e9 pour faire fonctionner votre appareil \u00e0 une pression diff\u00e9rente. Le m\u00e9canisme du d\u00e9tendeur assure la transition entre les deux pressions. Il fait baisser la pression de l&rsquo;argon en sortie de bouteille, mais n\u2019est pas con\u00e7u pour fermer l\u2019alimentation. Le d\u00e9tendeur doit \u00eatre pr\u00e9cis, mais aussi parfaitement constant pour garantir le bon fonctionnement de votre \u00e9quipement.<\/p>\n\n\n\n<figure class=\"wp-block-image size-large\"><img loading=\"lazy\" decoding=\"async\" width=\"1024\" height=\"589\" src=\"http:\/\/alexandrewack.fr\/wp-content\/uploads\/2022\/11\/detendeur-et-bouteille-de-gaz-wack-1024x589.png\" alt=\"\" class=\"wp-image-2867\" srcset=\"http:\/\/alexandrewack.fr\/wp-content\/uploads\/2022\/11\/detendeur-et-bouteille-de-gaz-wack-1024x589.png 1024w, http:\/\/alexandrewack.fr\/wp-content\/uploads\/2022\/11\/detendeur-et-bouteille-de-gaz-wack-300x173.png 300w, http:\/\/alexandrewack.fr\/wp-content\/uploads\/2022\/11\/detendeur-et-bouteille-de-gaz-wack-768x442.png 768w, http:\/\/alexandrewack.fr\/wp-content\/uploads\/2022\/11\/detendeur-et-bouteille-de-gaz-wack-1536x883.png 1536w, http:\/\/alexandrewack.fr\/wp-content\/uploads\/2022\/11\/detendeur-et-bouteille-de-gaz-wack.png 1963w\" sizes=\"auto, (max-width: 1024px) 100vw, 1024px\" \/><\/figure>\n\n\n\n<figure class=\"wp-block-image size-large is-resized\"><img loading=\"lazy\" decoding=\"async\" src=\"http:\/\/alexandrewack.fr\/wp-content\/uploads\/2022\/11\/Capture-decran_20221110_192230-872x1024.png\" alt=\"\" class=\"wp-image-2870\" width=\"570\" height=\"669\" srcset=\"http:\/\/alexandrewack.fr\/wp-content\/uploads\/2022\/11\/Capture-decran_20221110_192230-872x1024.png 872w, http:\/\/alexandrewack.fr\/wp-content\/uploads\/2022\/11\/Capture-decran_20221110_192230-255x300.png 255w, http:\/\/alexandrewack.fr\/wp-content\/uploads\/2022\/11\/Capture-decran_20221110_192230-768x902.png 768w, http:\/\/alexandrewack.fr\/wp-content\/uploads\/2022\/11\/Capture-decran_20221110_192230.png 932w\" sizes=\"auto, (max-width: 570px) 100vw, 570px\" \/><figcaption class=\"wp-element-caption\">Document INRS <\/figcaption><\/figure>\n\n\n\n<figure class=\"wp-block-image size-full is-resized\"><img loading=\"lazy\" decoding=\"async\" src=\"http:\/\/alexandrewack.fr\/wp-content\/uploads\/2022\/11\/Capture-decran_20221110_192323.png\" alt=\"\" class=\"wp-image-2871\" width=\"564\" height=\"550\" srcset=\"http:\/\/alexandrewack.fr\/wp-content\/uploads\/2022\/11\/Capture-decran_20221110_192323.png 973w, http:\/\/alexandrewack.fr\/wp-content\/uploads\/2022\/11\/Capture-decran_20221110_192323-300x293.png 300w, http:\/\/alexandrewack.fr\/wp-content\/uploads\/2022\/11\/Capture-decran_20221110_192323-768x750.png 768w\" sizes=\"auto, (max-width: 564px) 100vw, 564px\" \/><figcaption class=\"wp-element-caption\">Documentation INRS<\/figcaption><\/figure>\n\n\n\n<p class=\"has-black-color has-cyan-bluish-gray-background-color has-text-color has-background has-medium-font-size\"><strong>Souder en poussant ou en tirant <\/strong><\/p>\n\n\n\n<p class=\"has-black-color has-text-color\">En soudage MIG(ou MAG), on peut&nbsp;<strong>souder<\/strong>&nbsp;en poussant ou en tirant&nbsp;<strong>la torche <\/strong>. Bien que chacune des solutions pr\u00e9sentent des avantages et des inconv\u00e9nients,<strong>&nbsp;souder en poussant&nbsp;<\/strong>est la m\u00e9thode la mieux adapt\u00e9e \u00e0 un&nbsp;<strong>soudage correct<\/strong>. <br><strong>En poussant<\/strong> :<br>La pi\u00e8ce est pr\u00e9chauff\u00e9e par l\u2019arc, ce qui am\u00e9liore le mouillage. Le bain de fusion est plus visible car il n\u2019est pas cach\u00e9 par la torche. Le cordon est plus large et moins aplati (la p\u00e9n\u00e9tration est moins prononc\u00e9e). .<br><strong>En tirant :<\/strong><br>Dans cette configuration de soudage, le bain de fusion est tr\u00e8s chaud, tr\u00e8s liquide et difficile \u00e0 maintenir. Le cordon sera bomb\u00e9 et la p\u00e9n\u00e9tration plus importante. On ne voit pas le bain de fusion facilement, car il est cach\u00e9 par la torche .<\/p>\n\n\n\n<p class=\"has-black-color has-cyan-bluish-gray-background-color has-text-color has-background has-medium-font-size\"><strong>Comprendre les modes de transfert d&rsquo;arc pour le proc\u00e8de MAG<\/strong><\/p>\n\n\n\n<figure class=\"wp-block-image size-large is-resized\"><a class=\"https:\/\/www.soudeurs.com\/site\/comprendre-les-modes-de-transfert-d-arc-pour-le-procede-mag-gmaw-140\/\" href=\"https:\/\/www.soudeurs.com\/site\/comprendre-les-modes-de-transfert-d-arc-pour-le-procede-mag-gmaw-140\/\" target=\"_blank\" rel=\"https:\/\/www.soudeurs.com\/site\/comprendre-les-modes-de-transfert-d-arc-pour-le-procede-mag-gmaw-140\/ noreferrer noopener\"><img loading=\"lazy\" decoding=\"async\" src=\"http:\/\/alexandrewack.fr\/wp-content\/uploads\/2022\/11\/Capture-decran_20221110_184012-1-1024x172.png\" alt=\"\" class=\"wp-image-2864\" width=\"840\" height=\"141\" srcset=\"http:\/\/alexandrewack.fr\/wp-content\/uploads\/2022\/11\/Capture-decran_20221110_184012-1-1024x172.png 1024w, http:\/\/alexandrewack.fr\/wp-content\/uploads\/2022\/11\/Capture-decran_20221110_184012-1-300x50.png 300w, http:\/\/alexandrewack.fr\/wp-content\/uploads\/2022\/11\/Capture-decran_20221110_184012-1-768x129.png 768w, http:\/\/alexandrewack.fr\/wp-content\/uploads\/2022\/11\/Capture-decran_20221110_184012-1-1536x258.png 1536w, http:\/\/alexandrewack.fr\/wp-content\/uploads\/2022\/11\/Capture-decran_20221110_184012-1.png 1988w\" sizes=\"auto, (max-width: 840px) 100vw, 840px\" \/><\/a><\/figure>\n\n\n<a class=\"wp-block-read-more\" href=\"http:\/\/alexandrewack.fr\/?page_id=98\" target=\"_self\">https:\/\/www.soudeurs.com\/site\/comprendre-les-modes-de-transfert-d-arc-pour-le-procede-mag-gmaw-140\/<span class=\"screen-reader-text\">\u00a0: La soudure M.A.G<\/span><\/a>\n\n\n<h2 class=\"wp-block-heading\">Tuto vid\u00e9o sur le MAG: <\/h2>\n\n\n\n<iframe loading=\"lazy\" width=\"560\" height=\"315\" src=\"https:\/\/www.youtube.com\/embed\/MnaxySeC4A4\" frameborder=\"0\" allow=\"accelerometer; autoplay; encrypted-media; gyroscope; picture-in-picture\" allowfullscreen=\"\"><\/iframe>\n\n\n\n<h2 class=\"has-black-color has-cyan-bluish-gray-background-color has-text-color has-background wp-block-heading\">Le cours et la documentation technique  ici : <\/h2>\n\n\n\n<div data-wp-interactive=\"core\/file\" class=\"wp-block-file\"><object data-wp-bind--hidden=\"!state.hasPdfPreview\" hidden class=\"wp-block-file__embed\" data=\"http:\/\/alexandrewack.fr\/wp-content\/uploads\/2022\/11\/SAFMIG-BLX.-Installations-semi-automatiques-de-soudage-MIG_MAG-intelligentes-a-commutateurs-de-tension-et-a-controle-numerique-des-parametres.pdf\" type=\"application\/pdf\" style=\"width:100%;height:600px\" aria-label=\"Contenu embarqu\u00e9 SAFMIG-BLX.-Installations-semi-automatiques-de-soudage-MIG_MAG-intelligentes-a-commutateurs-de-tension-et-a-controle-numerique-des-parametres.\"><\/object><a id=\"wp-block-file--media-56728d19-e42d-4332-ba94-620c1ac92d5c\" href=\"http:\/\/alexandrewack.fr\/wp-content\/uploads\/2022\/11\/SAFMIG-BLX.-Installations-semi-automatiques-de-soudage-MIG_MAG-intelligentes-a-commutateurs-de-tension-et-a-controle-numerique-des-parametres.pdf\">SAFMIG-BLX.-Installations-semi-automatiques-de-soudage-MIG_MAG-intelligentes-a-commutateurs-de-tension-et-a-controle-numerique-des-parametres<\/a><a href=\"http:\/\/alexandrewack.fr\/wp-content\/uploads\/2022\/11\/SAFMIG-BLX.-Installations-semi-automatiques-de-soudage-MIG_MAG-intelligentes-a-commutateurs-de-tension-et-a-controle-numerique-des-parametres.pdf\" class=\"wp-block-file__button wp-element-button\" download aria-describedby=\"wp-block-file--media-56728d19-e42d-4332-ba94-620c1ac92d5c\">T\u00e9l\u00e9charger<\/a><\/div>\n\n\n\n\n<h3>\u00a0<\/h3>\n<h3 style=\"text-align: left;\">fiche sur le poste<\/h3>\n<p style=\"text-align: left;\"><iframe loading=\"lazy\" id=\"iframe_container\" src=\"https:\/\/prezi.com\/embed\/t6whhbkj-tjn\/?bgcolor=ffffff&amp;lock_to_path=0&amp;autoplay=0&amp;autohide_ctrls=0&amp;landing_data=bHVZZmNaNDBIWnNjdEVENDRhZDFNZGNIUE43MHdLNWpsdFJLb2ZHanI0a1laOG5nNE5QMVRVR2pEODNEam9PY3RRPT0&amp;landing_sign=hM8XW220rUVO0YuTqE7GV2GFaP5D9AbQXRWgjyfLAhk\" width=\"550\" height=\"400\" frameborder=\"0\" allowfullscreen=\"allowfullscreen\"><\/iframe><\/p>\n<p>\u00a0<\/p>","protected":false},"excerpt":{"rendered":"<p>Explication du fonctionnement: Soudure \u00e0 l&rsquo;arc en continu par fil fusible. Le principe de la&nbsp;soudure \u00e0 l&rsquo;arc tient dans le principe de l&rsquo;\u00e9l\u00e9vation de temp\u00e9rature au point de fusion par l&rsquo;utilisation d&rsquo;un arc \u00e9lectrique. C&rsquo;est l&rsquo;\u00e9chauffement cr\u00e9\u00e9 par la r\u00e9sistivit\u00e9 des m\u00e9taux parcourus par l&rsquo;\u00e9lectricit\u00e9 qui \u00e9l\u00e8ve la temp\u00e9rature au point de soudure jusqu&rsquo;\u00e0 celle [&hellip;]<\/p>\n","protected":false},"author":1,"featured_media":0,"parent":96,"menu_order":3,"comment_status":"open","ping_status":"open","template":"","meta":{"footnotes":""},"class_list":["post-98","page","type-page","status-publish","hentry"],"_links":{"self":[{"href":"http:\/\/alexandrewack.fr\/index.php?rest_route=\/wp\/v2\/pages\/98","targetHints":{"allow":["GET"]}}],"collection":[{"href":"http:\/\/alexandrewack.fr\/index.php?rest_route=\/wp\/v2\/pages"}],"about":[{"href":"http:\/\/alexandrewack.fr\/index.php?rest_route=\/wp\/v2\/types\/page"}],"author":[{"embeddable":true,"href":"http:\/\/alexandrewack.fr\/index.php?rest_route=\/wp\/v2\/users\/1"}],"replies":[{"embeddable":true,"href":"http:\/\/alexandrewack.fr\/index.php?rest_route=%2Fwp%2Fv2%2Fcomments&post=98"}],"version-history":[{"count":48,"href":"http:\/\/alexandrewack.fr\/index.php?rest_route=\/wp\/v2\/pages\/98\/revisions"}],"predecessor-version":[{"id":2890,"href":"http:\/\/alexandrewack.fr\/index.php?rest_route=\/wp\/v2\/pages\/98\/revisions\/2890"}],"up":[{"embeddable":true,"href":"http:\/\/alexandrewack.fr\/index.php?rest_route=\/wp\/v2\/pages\/96"}],"wp:attachment":[{"href":"http:\/\/alexandrewack.fr\/index.php?rest_route=%2Fwp%2Fv2%2Fmedia&parent=98"}],"curies":[{"name":"wp","href":"https:\/\/api.w.org\/{rel}","templated":true}]}}