{"id":975,"date":"2013-11-06T23:07:55","date_gmt":"2013-11-06T23:07:55","guid":{"rendered":"http:\/\/alexandrewack.fr\/?page_id=975"},"modified":"2016-11-15T23:01:33","modified_gmt":"2016-11-15T23:01:33","slug":"solid-works","status":"publish","type":"page","link":"http:\/\/alexandrewack.fr\/?page_id=975","title":{"rendered":"Solid works"},"content":{"rendered":"<h3 style=\"text-align: center;\"><strong>Solid works est un logiciel\u00a0<span style=\"font-size: small;\">de conception m\u00e9canique en 3D<\/span><\/strong><\/h3>\n<h3 style=\"text-align: center;\"><strong>C.A.O<\/strong><\/h3>\n<ul>\n<li style=\"text-align: left;\"><a href=\"http:\/\/lgt.garnier.free.fr\/matiere\/cao\/tuto_sw.pdf\" target=\"_blank\">ICI un TOP TP pour SLW\u00a0<\/a><\/li>\n<li style=\"text-align: left;\">Aide de<a title=\"aidesolidworks\" href=\"http:\/\/help.solidworks.com\/2015\/French\/SolidWorks\/sldworks\/c_introduction_toplevel_topic.htm?id=c8a46f517d004cc8a2f1cdb40812f0f7#Pg0\" target=\"_blank\"> SOLIDWORK<\/a>\u00a02015 en ligne .<\/li>\n<li><a href=\"http:\/\/www.clg-dolto.ac-aix-marseille.fr\/spip\/spip.php?article58\" target=\"_blank\">TP de d\u00e9couverte du programme sur SLW 2005 <\/a>.<\/li>\n<li>Ici un lien de t\u00e9l\u00e9chargement pour utiliser <a href=\"http:\/\/www.mediafire.com\/download\/nyima1odnjq92f9\/SOL%C4%B0DWORKS+2004.exe\" target=\"_blank\">solidworks 2004 en version portable pour chez vous<\/a>.<\/li>\n<\/ul>\n<p>Ici vous trouverez une s\u00e9rie de TP pour Solidworks 2010 sur la r\u00e9alisation d&rsquo;une maison classe de 5 \u00e8me:<\/p>\n<ol>\n<li><a href=\"http:\/\/technoclg.solidworks.free.fr\/Files\/Other\/Page%20de%20garde-Niv5.pdf\" target=\"_blank\">Page de Garde\u00a0<\/a><\/li>\n<li><a href=\"http:\/\/technoclg.solidworks.free.fr\/Files\/Other\/Tutoriel%2001-Niv5.pdf\" target=\"_blank\">Cr\u00e9er une composante 3<\/a><\/li>\n<\/ol>\n<p>&nbsp;<\/p>\n<p>&nbsp;<\/p>\n<p>&nbsp;<\/p>\n<p>&nbsp;<\/p>\n<p>&nbsp;<\/p>\n<p>&nbsp;<\/p>\n<h4><\/h4>\n","protected":false},"excerpt":{"rendered":"<p>Solid works est un logiciel\u00a0de conception m\u00e9canique en 3D C.A.O ICI un TOP TP pour SLW\u00a0 Aide de SOLIDWORK\u00a02015 en ligne . TP de d\u00e9couverte du programme sur SLW 2005 . Ici un lien de t\u00e9l\u00e9chargement pour utiliser solidworks 2004 en version portable pour chez vous. Ici vous trouverez une s\u00e9rie de TP pour Solidworks [&hellip;]<\/p>\n","protected":false},"author":1,"featured_media":0,"parent":651,"menu_order":6,"comment_status":"closed","ping_status":"open","template":"","meta":{"footnotes":""},"class_list":["post-975","page","type-page","status-publish","hentry"],"_links":{"self":[{"href":"http:\/\/alexandrewack.fr\/index.php?rest_route=\/wp\/v2\/pages\/975","targetHints":{"allow":["GET"]}}],"collection":[{"href":"http:\/\/alexandrewack.fr\/index.php?rest_route=\/wp\/v2\/pages"}],"about":[{"href":"http:\/\/alexandrewack.fr\/index.php?rest_route=\/wp\/v2\/types\/page"}],"author":[{"embeddable":true,"href":"http:\/\/alexandrewack.fr\/index.php?rest_route=\/wp\/v2\/users\/1"}],"replies":[{"embeddable":true,"href":"http:\/\/alexandrewack.fr\/index.php?rest_route=%2Fwp%2Fv2%2Fcomments&post=975"}],"version-history":[{"count":10,"href":"http:\/\/alexandrewack.fr\/index.php?rest_route=\/wp\/v2\/pages\/975\/revisions"}],"predecessor-version":[{"id":1525,"href":"http:\/\/alexandrewack.fr\/index.php?rest_route=\/wp\/v2\/pages\/975\/revisions\/1525"}],"up":[{"embeddable":true,"href":"http:\/\/alexandrewack.fr\/index.php?rest_route=\/wp\/v2\/pages\/651"}],"wp:attachment":[{"href":"http:\/\/alexandrewack.fr\/index.php?rest_route=%2Fwp%2Fv2%2Fmedia&parent=975"}],"curies":[{"name":"wp","href":"https:\/\/api.w.org\/{rel}","templated":true}]}}