{"id":948,"date":"2013-10-06T21:53:57","date_gmt":"2013-10-06T21:53:57","guid":{"rendered":"http:\/\/alexandrewack.fr\/?page_id=948"},"modified":"2018-09-17T09:46:43","modified_gmt":"2018-09-17T09:46:43","slug":"soudure-o-a","status":"publish","type":"page","link":"http:\/\/alexandrewack.fr\/?page_id=948","title":{"rendered":"Soudure O.A"},"content":{"rendered":"<h3>Cours sur le chalumeau ici =&gt; \u00a0 \u00a0 \u00a0\u00a0<a href=\"http:\/\/alexandrewack.fr\/wp-content\/uploads\/2013\/10\/soudage-O.A-partie1-le-mat\u00e9riel-prof-wack.a.pdf\">O.A partie1 le mat\u00e9riel\u00a0<\/a><\/h3>\n<p><b><span style=\"text-decoration: underline;\">1.1) D\u00e9finition<\/span><\/b><span style=\"text-decoration: underline;\">\u00a0:<\/span><\/p>\n<p>La fusion des t\u00f4les est produite par une flamme r\u00e9sultant, dans la plupart des cas, de la combustion de l\u2019ac\u00e9tyl\u00e8ne dans l\u2019oxyg\u00e8ne \u00e0 l\u2019extr\u00e9mit\u00e9 d\u2019un chalumeau.<\/p>\n<p>La temp\u00e9rature de la flamme atteint environ 3000\u00b0C \u00e0 l\u2019extr\u00e9mit\u00e9 du dard, permettant le soudage de la plupart des mat\u00e9riaux.<\/p>\n<p>&nbsp;<\/p>\n<h3 id=\"watch-headline-title\" style=\"text-align: center;\">COMMENT REGLER UN CHALUMEAU-TUTO<\/h3>\n<p style=\"text-align: center;\"><iframe loading=\"lazy\" src=\"https:\/\/www.youtube.com\/embed\/knD5r2o9xV8\" width=\"560\" height=\"315\" frameborder=\"0\" allowfullscreen=\"allowfullscreen\"><\/iframe><\/p>\n<p style=\"text-align: center;\"><iframe loading=\"lazy\" src=\"\/\/www.youtube.com\/embed\/SQxuSKFZE5k\" width=\"560\" height=\"315\" frameborder=\"0\" allowfullscreen=\"allowfullscreen\"><\/iframe><\/p>\n<h3 id=\"watch-headline-title\"><\/h3>\n<p style=\"text-align: center;\"><iframe loading=\"lazy\" src=\"\/\/www.youtube.com\/embed\/7ZsSSUqs6Nw\" width=\"560\" height=\"315\" frameborder=\"0\" allowfullscreen=\"allowfullscreen\"><\/iframe><\/p>\n","protected":false},"excerpt":{"rendered":"<p>Cours sur le chalumeau ici =&gt; \u00a0 \u00a0 \u00a0\u00a0O.A partie1 le mat\u00e9riel\u00a0 1.1) D\u00e9finition\u00a0: La fusion des t\u00f4les est produite par une flamme r\u00e9sultant, dans la plupart des cas, de la combustion de l\u2019ac\u00e9tyl\u00e8ne dans l\u2019oxyg\u00e8ne \u00e0 l\u2019extr\u00e9mit\u00e9 d\u2019un chalumeau. La temp\u00e9rature de la flamme atteint environ 3000\u00b0C \u00e0 l\u2019extr\u00e9mit\u00e9 du dard, permettant le soudage [&hellip;]<\/p>\n","protected":false},"author":1,"featured_media":0,"parent":96,"menu_order":4,"comment_status":"closed","ping_status":"open","template":"","meta":{"footnotes":""},"class_list":["post-948","page","type-page","status-publish","hentry"],"_links":{"self":[{"href":"http:\/\/alexandrewack.fr\/index.php?rest_route=\/wp\/v2\/pages\/948","targetHints":{"allow":["GET"]}}],"collection":[{"href":"http:\/\/alexandrewack.fr\/index.php?rest_route=\/wp\/v2\/pages"}],"about":[{"href":"http:\/\/alexandrewack.fr\/index.php?rest_route=\/wp\/v2\/types\/page"}],"author":[{"embeddable":true,"href":"http:\/\/alexandrewack.fr\/index.php?rest_route=\/wp\/v2\/users\/1"}],"replies":[{"embeddable":true,"href":"http:\/\/alexandrewack.fr\/index.php?rest_route=%2Fwp%2Fv2%2Fcomments&post=948"}],"version-history":[{"count":7,"href":"http:\/\/alexandrewack.fr\/index.php?rest_route=\/wp\/v2\/pages\/948\/revisions"}],"predecessor-version":[{"id":1949,"href":"http:\/\/alexandrewack.fr\/index.php?rest_route=\/wp\/v2\/pages\/948\/revisions\/1949"}],"up":[{"embeddable":true,"href":"http:\/\/alexandrewack.fr\/index.php?rest_route=\/wp\/v2\/pages\/96"}],"wp:attachment":[{"href":"http:\/\/alexandrewack.fr\/index.php?rest_route=%2Fwp%2Fv2%2Fmedia&parent=948"}],"curies":[{"name":"wp","href":"https:\/\/api.w.org\/{rel}","templated":true}]}}