{"id":83,"date":"2012-03-12T22:32:01","date_gmt":"2012-03-12T22:32:01","guid":{"rendered":"http:\/\/alexandrewack.fr\/?page_id=83"},"modified":"2021-09-13T08:31:35","modified_gmt":"2021-09-13T08:31:35","slug":"03-le-pied-a-coulisse","status":"publish","type":"page","link":"http:\/\/alexandrewack.fr\/?page_id=83","title":{"rendered":"Le pied \u00e0 coulisse"},"content":{"rendered":"<h2><a href=\"http:\/\/alexandrewack.fr\/wp-content\/uploads\/2012\/03\/le_pied_a_coulissewa-2017-1.pdf\" target=\"_blank\" rel=\"noopener\"><img loading=\"lazy\" decoding=\"async\" class=\"size-full wp-image-1454 alignleft\" src=\"http:\/\/alexandrewack.fr\/wp-content\/uploads\/2015\/09\/images-1.jpg\" alt=\"images (1)\" width=\"270\" height=\"187\" \/><\/a><\/h2>\n<p style=\"text-align: center;\"><a href=\"http:\/\/alexandrewack.fr\/wp-content\/uploads\/2012\/03\/le_pied_a_coulissewa-2017-1.pdf\" target=\"_blank\" rel=\"noopener\">le_pied_a_coulissewa 2017<\/a><\/p>\n<p style=\"text-align: center;\"><iframe loading=\"lazy\" src=\"https:\/\/www.youtube.com\/embed\/ldPT3xWfVtc?ecver=1\" width=\"560\" height=\"315\" frameborder=\"0\" allowfullscreen=\"allowfullscreen\"><\/iframe><\/p>\n\n\n<p class=\"has-black-color has-cyan-bluish-gray-background-color has-text-color has-background has-medium-font-size\"><strong>  I. Fonction Principale :<\/strong><\/p>\n\n\n\n<p>La fonction principale d\u2019un calibre \u00e0 coulisse est d\u2019identifier la valeur de la dimension<br>mesur\u00e9e sur la pi\u00e8ce contr\u00f4l\u00e9e. <\/p>\n\n\n\n<figure class=\"wp-block-image size-large is-resized\"><img loading=\"lazy\" decoding=\"async\" src=\"http:\/\/alexandrewack.fr\/wp-content\/uploads\/2021\/09\/Capture-de\u0301cran-2021-09-13-a\u0300-10.19.14-1024x560.png\" alt=\"\" class=\"wp-image-2712\" width=\"463\" height=\"253\" srcset=\"http:\/\/alexandrewack.fr\/wp-content\/uploads\/2021\/09\/Capture-de\u0301cran-2021-09-13-a\u0300-10.19.14-1024x560.png 1024w, http:\/\/alexandrewack.fr\/wp-content\/uploads\/2021\/09\/Capture-de\u0301cran-2021-09-13-a\u0300-10.19.14-300x164.png 300w, http:\/\/alexandrewack.fr\/wp-content\/uploads\/2021\/09\/Capture-de\u0301cran-2021-09-13-a\u0300-10.19.14-768x420.png 768w, http:\/\/alexandrewack.fr\/wp-content\/uploads\/2021\/09\/Capture-de\u0301cran-2021-09-13-a\u0300-10.19.14.png 1120w\" sizes=\"auto, (max-width: 463px) 100vw, 463px\" \/><\/figure>\n\n\n\n<p class=\"has-cyan-bluish-gray-background-color has-background has-medium-font-size\">C<strong>as n\u00b01 :<\/strong><\/p>\n\n\n\n<p><br>Le z\u00e9ro du vernier est en face d\u2019une graduation de la r\u00e8gle. La valeur lue correspond dans <strong>notre cas \u00e0 9 mm.<\/strong><\/p>\n\n\n\n<figure class=\"wp-block-image size-full is-resized\"><img loading=\"lazy\" decoding=\"async\" src=\"http:\/\/alexandrewack.fr\/wp-content\/uploads\/2021\/09\/Capture-de\u0301cran-2021-09-13-a\u0300-10.21.24.png\" alt=\"\" class=\"wp-image-2713\" width=\"507\" height=\"289\" srcset=\"http:\/\/alexandrewack.fr\/wp-content\/uploads\/2021\/09\/Capture-de\u0301cran-2021-09-13-a\u0300-10.21.24.png 634w, http:\/\/alexandrewack.fr\/wp-content\/uploads\/2021\/09\/Capture-de\u0301cran-2021-09-13-a\u0300-10.21.24-300x171.png 300w\" sizes=\"auto, (max-width: 507px) 100vw, 507px\" \/><\/figure>\n\n\n\n<p class=\"has-black-color has-cyan-bluish-gray-background-color has-text-color has-background has-medium-font-size\"><strong>Cas n\u00b02 :<\/strong><\/p>\n\n\n\n<p class=\"has-normal-font-size\"><br>Le z\u00e9ro du vernier n\u2019est pas en face d\u2019une graduation de la r\u00e8gle. Dans un premier temps lire sur la r\u00e8gle le nombre entier de mm avant le z\u00e9ro du vernier, <strong>ici 9 mm<\/strong>. Ensuite rep\u00e9rer la graduation du vernier qui correspond le mieux \u00e0 une graduation de la r\u00e8gle, ici<strong> 0.7 mm. <\/strong><br>Donc la dimension relev\u00e9e dans notre cas est \u00e9gale \u00e0 <br><br><strong>9 mm + 0.7 mm = 9.7 mm. <\/strong><br><br>La pr\u00e9cision du calibre \u00e0 coulisse utilis\u00e9 dans notre cas sera donc de 0.1 mm.<\/p>\n\n\n\n<figure class=\"wp-block-image size-full is-resized\"><img loading=\"lazy\" decoding=\"async\" src=\"http:\/\/alexandrewack.fr\/wp-content\/uploads\/2021\/09\/Capture-de\u0301cran-2021-09-13-a\u0300-10.23.52.png\" alt=\"\" class=\"wp-image-2714\" width=\"487\" height=\"278\" srcset=\"http:\/\/alexandrewack.fr\/wp-content\/uploads\/2021\/09\/Capture-de\u0301cran-2021-09-13-a\u0300-10.23.52.png 634w, http:\/\/alexandrewack.fr\/wp-content\/uploads\/2021\/09\/Capture-de\u0301cran-2021-09-13-a\u0300-10.23.52-300x171.png 300w\" sizes=\"auto, (max-width: 487px) 100vw, 487px\" \/><\/figure>\n\n\n\n<p class=\"has-cyan-bluish-gray-background-color has-background has-medium-font-size\"><strong>Cas n\u00b03 :<\/strong><\/p>\n\n\n\n<p><br>Tout comme dans le cas pr\u00e9c\u00e9dent le z\u00e9ro du vernier n\u2019est pas en face<br>d\u2019une graduation de la r\u00e8gle. Il faut donc lire sur la r\u00e8gle le nombre entier de mm avant le<br>z\u00e9ro du vernier, ici 6 mm. Ensuite rep\u00e9rer la graduation du vernier qui correspond le mieux \u00e0 une graduation de la r\u00e8gle, ici 0.52 mm. <br><br>Donc la dimension relev\u00e9e dans notre cas est \u00e9gale \u00e0 <br><br><strong>6 mm + 0.52 mm = 6.52 mm. <\/strong><br><br>La pr\u00e9cision du calibre \u00e0 coulisse utilis\u00e9 dans notre cas sera donc de 0.02 mm.<\/p>\n\n\n\n<figure class=\"wp-block-image size-full is-resized\"><img loading=\"lazy\" decoding=\"async\" src=\"http:\/\/alexandrewack.fr\/wp-content\/uploads\/2021\/09\/Capture-de\u0301cran-2021-09-13-a\u0300-10.27.31.png\" alt=\"\" class=\"wp-image-2715\" width=\"606\" height=\"218\" srcset=\"http:\/\/alexandrewack.fr\/wp-content\/uploads\/2021\/09\/Capture-de\u0301cran-2021-09-13-a\u0300-10.27.31.png 1006w, http:\/\/alexandrewack.fr\/wp-content\/uploads\/2021\/09\/Capture-de\u0301cran-2021-09-13-a\u0300-10.27.31-300x108.png 300w, http:\/\/alexandrewack.fr\/wp-content\/uploads\/2021\/09\/Capture-de\u0301cran-2021-09-13-a\u0300-10.27.31-768x276.png 768w\" sizes=\"auto, (max-width: 606px) 100vw, 606px\" \/><\/figure>\n\n\n\n<p><\/p>\n","protected":false},"excerpt":{"rendered":"<p>le_pied_a_coulissewa 2017 I. Fonction Principale : La fonction principale d\u2019un calibre \u00e0 coulisse est d\u2019identifier la valeur de la dimensionmesur\u00e9e sur la pi\u00e8ce contr\u00f4l\u00e9e. Cas n\u00b01 : Le z\u00e9ro du vernier est en face d\u2019une graduation de la r\u00e8gle. La valeur lue correspond dans notre cas \u00e0 9 mm. Cas n\u00b02 : Le z\u00e9ro du [&hellip;]<\/p>\n","protected":false},"author":1,"featured_media":2717,"parent":1277,"menu_order":0,"comment_status":"open","ping_status":"open","template":"","meta":{"footnotes":""},"class_list":["post-83","page","type-page","status-publish","has-post-thumbnail","hentry"],"_links":{"self":[{"href":"http:\/\/alexandrewack.fr\/index.php?rest_route=\/wp\/v2\/pages\/83","targetHints":{"allow":["GET"]}}],"collection":[{"href":"http:\/\/alexandrewack.fr\/index.php?rest_route=\/wp\/v2\/pages"}],"about":[{"href":"http:\/\/alexandrewack.fr\/index.php?rest_route=\/wp\/v2\/types\/page"}],"author":[{"embeddable":true,"href":"http:\/\/alexandrewack.fr\/index.php?rest_route=\/wp\/v2\/users\/1"}],"replies":[{"embeddable":true,"href":"http:\/\/alexandrewack.fr\/index.php?rest_route=%2Fwp%2Fv2%2Fcomments&post=83"}],"version-history":[{"count":10,"href":"http:\/\/alexandrewack.fr\/index.php?rest_route=\/wp\/v2\/pages\/83\/revisions"}],"predecessor-version":[{"id":2718,"href":"http:\/\/alexandrewack.fr\/index.php?rest_route=\/wp\/v2\/pages\/83\/revisions\/2718"}],"up":[{"embeddable":true,"href":"http:\/\/alexandrewack.fr\/index.php?rest_route=\/wp\/v2\/pages\/1277"}],"wp:featuredmedia":[{"embeddable":true,"href":"http:\/\/alexandrewack.fr\/index.php?rest_route=\/wp\/v2\/media\/2717"}],"wp:attachment":[{"href":"http:\/\/alexandrewack.fr\/index.php?rest_route=%2Fwp%2Fv2%2Fmedia&parent=83"}],"curies":[{"name":"wp","href":"https:\/\/api.w.org\/{rel}","templated":true}]}}