{"id":806,"date":"2013-01-28T22:28:03","date_gmt":"2013-01-28T22:28:03","guid":{"rendered":"http:\/\/alexandrewack.fr\/?page_id=806"},"modified":"2017-02-04T00:05:26","modified_gmt":"2017-02-04T00:05:26","slug":"les-gazes","status":"publish","type":"page","link":"http:\/\/alexandrewack.fr\/?page_id=806","title":{"rendered":"Les Gazes"},"content":{"rendered":"<p>&nbsp;<\/p>\n<p><a href=\"http:\/\/alexandrewack.fr\/wp-content\/uploads\/2013\/01\/couleur-de-gaz-de-soudage.jpg\"><img loading=\"lazy\" decoding=\"async\" class=\"alignnone size-thumbnail wp-image-807 aligncenter\" src=\"http:\/\/alexandrewack.fr\/wp-content\/uploads\/2013\/01\/couleur-de-gaz-de-soudage-290x290.jpg\" alt=\"couleur de gaz de soudage\" width=\"290\" height=\"290\" \/><\/a><\/p>\n<p><strong><span style=\"text-decoration: underline;\">Inerte\u00a0:<\/span><\/strong> Sans \u00e9nergie sans r\u00e9action<\/p>\n<p><strong><span style=\"text-decoration: underline;\">Asphyxiant\u00a0:<\/span><\/strong> cause la mort par absence d\u2019oxyg\u00e8ne.<\/p>\n<p><span style=\"text-decoration: underline;\"><strong>Toxique\u00a0:<\/strong><\/span> Produits qui, par inhalation, ingestion ou p\u00e9n\u00e9tration cutan\u00e9e en petites quantit\u00e9s, entra\u00eenent la mort ou des effets aigus ou chroniques.<\/p>\n<p><span style=\"text-decoration: underline;\"><strong>Corrosif\u00a0:<\/strong><\/span> Produits pouvant exercer une action destructive sur les tissus vivants<\/p>\n<p><strong><span style=\"text-decoration: underline;\">Inflammable\u00a0:<\/span> <\/strong>Produits pouvant favoriser ou activer la combustion d&rsquo;une substance combustible. Pouvant provoquer un incendie.<\/p>\n<p><span style=\"text-decoration: underline;\"><strong>Oxydant\u00a0:<\/strong><\/span> qui provoque la corrosion du mat\u00e9riau.<\/p>\n<table border=\"0\" width=\"960\" cellspacing=\"0\" cellpadding=\"0\">\n<colgroup>\n<col width=\"103\" \/>\n<col width=\"354\" \/>\n<col width=\"75\" \/>\n<col width=\"428\" \/> <\/colgroup>\n<tbody>\n<tr>\n<td colspan=\"4\" width=\"960\" height=\"50\">\n<h3>Norme soudage<\/h3>\n<\/td>\n<\/tr>\n<tr>\n<td width=\"103\" height=\"47\">111<\/td>\n<td width=\"354\">Electrode Enrob\u00e9e<\/td>\n<td width=\"75\">121<\/td>\n<td width=\"428\">Sous flux<\/td>\n<\/tr>\n<tr>\n<td width=\"103\" height=\"47\">141<\/td>\n<td width=\"354\">TIG<\/td>\n<td width=\"75\">971<\/td>\n<td width=\"428\">brasage<\/td>\n<\/tr>\n<tr>\n<td width=\"103\" height=\"47\">131<\/td>\n<td width=\"354\">MIG<\/td>\n<td width=\"75\">311<\/td>\n<td width=\"428\">Oxy ac\u00e9tyl\u00e8ne<\/td>\n<\/tr>\n<tr>\n<td width=\"103\" height=\"47\">135<\/td>\n<td width=\"354\">MAG<\/td>\n<td width=\"75\">15<\/td>\n<td width=\"428\">Arc plasma<\/td>\n<\/tr>\n<tr>\n<td width=\"103\" height=\"72\">136<\/td>\n<td width=\"354\">file fourr\u00e9<\/td>\n<td width=\"75\"><\/td>\n<td width=\"428\"><\/td>\n<\/tr>\n<\/tbody>\n<\/table>\n<p><strong><span style=\"text-decoration: underline;\">OXYACETYLENE\u00a0(311)<\/span><span style=\"text-decoration: underline;\">:<\/span><\/strong><\/p>\n<p>Chalumeau soudeur qui permet de r\u00e8gler la nature et la puissance de la flamme (3150\u00b0C)<\/p>\n<p><span style=\"text-decoration: underline;\"><strong>ELECTRODE ENROBEE (111)\u00a0:<\/strong><\/span><\/p>\n<p>L\u2019arc est cr\u00e9\u00e9 entre l\u2019\u00e9lectrode et la pi\u00e8ce \u00e0 souder(3 100 \u00b0C)<\/p>\n<p><span style=\"text-decoration: underline;\"><strong>MAG (M\u00e9tal Actif Gaz) (135) \u00a0MIG\u00a0 (M\u00e9tal inerte Gaz) (131):<\/strong><\/span><\/p>\n<p>L\u2019arc est cr\u00e9\u00e9 entre le fil de m\u00e9tal d\u2019apport en bobine et la pi\u00e8ce \u00e0 souder (3100\u00b0c) le bain de fusion est prot\u00e9g\u00e9 par un Gaz. Proc\u00e9d\u00e9 semi-automatique.<\/p>\n<p><span style=\"text-decoration: underline;\"><strong>TIG (141)\u00a0:<\/strong><\/span><\/p>\n<p>L\u2019arc est cr\u00e9e entre une \u00e9lectrode de tungst\u00e8ne et la pi\u00e8ce a souder\u00a0(16 000\u00b0c)<\/p>\n<p><span style=\"text-decoration: underline;\"><strong>Plasma\u00a0(15):<\/strong><\/span><\/p>\n<p>L\u2019arc est cr\u00e9e entre une \u00e9lectrode de tungst\u00e8ne et la pi\u00e8ce a souder\u00a0(24 000\u00b0c)<\/p>\n<p>&nbsp;<\/p>\n","protected":false},"excerpt":{"rendered":"<p>&nbsp; Inerte\u00a0: Sans \u00e9nergie sans r\u00e9action Asphyxiant\u00a0: cause la mort par absence d\u2019oxyg\u00e8ne. Toxique\u00a0: Produits qui, par inhalation, ingestion ou p\u00e9n\u00e9tration cutan\u00e9e en petites quantit\u00e9s, entra\u00eenent la mort ou des effets aigus ou chroniques. Corrosif\u00a0: Produits pouvant exercer une action destructive sur les tissus vivants Inflammable\u00a0: Produits pouvant favoriser ou activer la combustion d&rsquo;une substance [&hellip;]<\/p>\n","protected":false},"author":1,"featured_media":0,"parent":96,"menu_order":6,"comment_status":"open","ping_status":"open","template":"","meta":{"footnotes":""},"class_list":["post-806","page","type-page","status-publish","hentry"],"_links":{"self":[{"href":"http:\/\/alexandrewack.fr\/index.php?rest_route=\/wp\/v2\/pages\/806","targetHints":{"allow":["GET"]}}],"collection":[{"href":"http:\/\/alexandrewack.fr\/index.php?rest_route=\/wp\/v2\/pages"}],"about":[{"href":"http:\/\/alexandrewack.fr\/index.php?rest_route=\/wp\/v2\/types\/page"}],"author":[{"embeddable":true,"href":"http:\/\/alexandrewack.fr\/index.php?rest_route=\/wp\/v2\/users\/1"}],"replies":[{"embeddable":true,"href":"http:\/\/alexandrewack.fr\/index.php?rest_route=%2Fwp%2Fv2%2Fcomments&post=806"}],"version-history":[{"count":7,"href":"http:\/\/alexandrewack.fr\/index.php?rest_route=\/wp\/v2\/pages\/806\/revisions"}],"predecessor-version":[{"id":1701,"href":"http:\/\/alexandrewack.fr\/index.php?rest_route=\/wp\/v2\/pages\/806\/revisions\/1701"}],"up":[{"embeddable":true,"href":"http:\/\/alexandrewack.fr\/index.php?rest_route=\/wp\/v2\/pages\/96"}],"wp:attachment":[{"href":"http:\/\/alexandrewack.fr\/index.php?rest_route=%2Fwp%2Fv2%2Fmedia&parent=806"}],"curies":[{"name":"wp","href":"https:\/\/api.w.org\/{rel}","templated":true}]}}