{"id":707,"date":"2012-12-06T13:53:34","date_gmt":"2012-12-06T13:53:34","guid":{"rendered":"http:\/\/alexandrewack.fr\/?page_id=707"},"modified":"2013-02-19T22:32:28","modified_gmt":"2013-02-19T22:32:28","slug":"etude","status":"publish","type":"page","link":"http:\/\/alexandrewack.fr\/?page_id=707","title":{"rendered":"Etude"},"content":{"rendered":"<p>Avec les \u00e9l\u00e8ves de Terminale CAP Structures M\u00e9talliques du lyc\u00e9e du chablais, nous allons r\u00e9aliser un jeu d&rsquo;enfants en structure m\u00e9tallique et bois.<\/p>\n<p><a href=\"http:\/\/alexandrewack.fr\/wp-content\/uploads\/2012\/12\/jeu1.png\"><img loading=\"lazy\" decoding=\"async\" class=\"aligncenter size-medium wp-image-703\" title=\"jeu d'enfant\" alt=\"\" src=\"http:\/\/alexandrewack.fr\/wp-content\/uploads\/2012\/12\/jeu1-275x300.png\" width=\"275\" height=\"300\" srcset=\"http:\/\/alexandrewack.fr\/wp-content\/uploads\/2012\/12\/jeu1-275x300.png 275w, http:\/\/alexandrewack.fr\/wp-content\/uploads\/2012\/12\/jeu1.png 464w\" sizes=\"auto, (max-width: 275px) 100vw, 275px\" \/><\/a><\/p>\n<p><a href=\"http:\/\/alexandrewack.fr\/wp-content\/uploads\/2012\/12\/plans-Jpg.jpg\"><img loading=\"lazy\" decoding=\"async\" class=\"aligncenter size-thumbnail wp-image-709\" title=\"plans Jpg\" alt=\"\" src=\"http:\/\/alexandrewack.fr\/wp-content\/uploads\/2012\/12\/plans-Jpg-290x290.jpg\" width=\"290\" height=\"290\" \/><\/a><\/p>\n<p>&nbsp;<\/p>\n<p>&nbsp;<\/p>\n<p>Pour les portes ouverte du lyc\u00e9e les \u00e9l\u00e8ves on r\u00e9alis\u00e9 une maquette du jeu d&rsquo;enfants et une exposition au CDI du lyc\u00e9e du chablais.<\/p>\n<p><img loading=\"lazy\" decoding=\"async\" class=\"size-medium wp-image-824 aligncenter\" alt=\"maquette\" src=\"http:\/\/alexandrewack.fr\/wp-content\/uploads\/2013\/02\/retouche-01web-300x197.jpg\" width=\"300\" height=\"197\" srcset=\"http:\/\/alexandrewack.fr\/wp-content\/uploads\/2013\/02\/retouche-01web-300x197.jpg 300w, http:\/\/alexandrewack.fr\/wp-content\/uploads\/2013\/02\/retouche-01web-1024x675.jpg 1024w\" sizes=\"auto, (max-width: 300px) 100vw, 300px\" \/><\/p>\n<p><a href=\"http:\/\/alexandrewack.fr\/wp-content\/uploads\/2013\/02\/retouche-02web.jpg\"><img loading=\"lazy\" decoding=\"async\" class=\"size-medium wp-image-825 aligncenter\" alt=\"retouche 02web\" src=\"http:\/\/alexandrewack.fr\/wp-content\/uploads\/2013\/02\/retouche-02web-300x253.jpg\" width=\"300\" height=\"253\" srcset=\"http:\/\/alexandrewack.fr\/wp-content\/uploads\/2013\/02\/retouche-02web-300x253.jpg 300w, http:\/\/alexandrewack.fr\/wp-content\/uploads\/2013\/02\/retouche-02web-1024x865.jpg 1024w, http:\/\/alexandrewack.fr\/wp-content\/uploads\/2013\/02\/retouche-02web.jpg 1841w\" sizes=\"auto, (max-width: 300px) 100vw, 300px\" \/><\/a><\/p>\n<p>&nbsp;<\/p>\n","protected":false},"excerpt":{"rendered":"<p>Avec les \u00e9l\u00e8ves de Terminale CAP Structures M\u00e9talliques du lyc\u00e9e du chablais, nous allons r\u00e9aliser un jeu d&rsquo;enfants en structure m\u00e9tallique et bois. &nbsp; &nbsp; Pour les portes ouverte du lyc\u00e9e les \u00e9l\u00e8ves on r\u00e9alis\u00e9 une maquette du jeu d&rsquo;enfants et une exposition au CDI du lyc\u00e9e du chablais. &nbsp;<\/p>\n","protected":false},"author":1,"featured_media":0,"parent":635,"menu_order":1,"comment_status":"open","ping_status":"open","template":"","meta":{"footnotes":""},"class_list":["post-707","page","type-page","status-publish","hentry"],"_links":{"self":[{"href":"http:\/\/alexandrewack.fr\/index.php?rest_route=\/wp\/v2\/pages\/707","targetHints":{"allow":["GET"]}}],"collection":[{"href":"http:\/\/alexandrewack.fr\/index.php?rest_route=\/wp\/v2\/pages"}],"about":[{"href":"http:\/\/alexandrewack.fr\/index.php?rest_route=\/wp\/v2\/types\/page"}],"author":[{"embeddable":true,"href":"http:\/\/alexandrewack.fr\/index.php?rest_route=\/wp\/v2\/users\/1"}],"replies":[{"embeddable":true,"href":"http:\/\/alexandrewack.fr\/index.php?rest_route=%2Fwp%2Fv2%2Fcomments&post=707"}],"version-history":[{"count":2,"href":"http:\/\/alexandrewack.fr\/index.php?rest_route=\/wp\/v2\/pages\/707\/revisions"}],"predecessor-version":[{"id":828,"href":"http:\/\/alexandrewack.fr\/index.php?rest_route=\/wp\/v2\/pages\/707\/revisions\/828"}],"up":[{"embeddable":true,"href":"http:\/\/alexandrewack.fr\/index.php?rest_route=\/wp\/v2\/pages\/635"}],"wp:attachment":[{"href":"http:\/\/alexandrewack.fr\/index.php?rest_route=%2Fwp%2Fv2%2Fmedia&parent=707"}],"curies":[{"name":"wp","href":"https:\/\/api.w.org\/{rel}","templated":true}]}}