{"id":496,"date":"2012-06-11T09:29:09","date_gmt":"2012-06-11T09:29:09","guid":{"rendered":"http:\/\/alexandrewack.fr\/?page_id=496"},"modified":"2015-03-26T21:50:04","modified_gmt":"2015-03-26T21:50:04","slug":"hyperion-le-resultat","status":"publish","type":"page","link":"http:\/\/alexandrewack.fr\/?page_id=496","title":{"rendered":"Hyp\u00e9rion le r\u00e9sultat"},"content":{"rendered":"<h3>La Vid\u00e9o :<\/h3>\n<p><iframe loading=\"lazy\" width=\"560\" height=\"315\" src=\"http:\/\/www.youtube.com\/embed\/oNSdIjdWOZQ\" frameborder=\"0\" allowfullscreen><\/iframe><br \/>\n&nbsp;<\/p>\n<h3>les photos:<\/h3>\n<p style=\"text-align: left;\"><a href=\"http:\/\/alexandrewack.fr\/wp-content\/uploads\/2012\/06\/IMAG0731.jpg\"><img loading=\"lazy\" decoding=\"async\" class=\"size-thumbnail wp-image-501 aligncenter\" title=\"IMAG0731\" src=\"http:\/\/alexandrewack.fr\/wp-content\/uploads\/2012\/06\/IMAG0731-290x290.jpg\" alt=\"\" width=\"290\" height=\"290\" \/><\/a>\u00a0<a href=\"http:\/\/alexandrewack.fr\/wp-content\/uploads\/2012\/06\/IMAG0693.jpg\"><img loading=\"lazy\" decoding=\"async\" class=\"aligncenter size-thumbnail wp-image-502\" title=\"IMAG0693\" src=\"http:\/\/alexandrewack.fr\/wp-content\/uploads\/2012\/06\/IMAG0693-290x290.jpg\" alt=\"\" width=\"290\" height=\"290\" \/><\/a><\/p>\n<p style=\"text-align: left;\"><a href=\"http:\/\/alexandrewack.fr\/wp-content\/uploads\/2012\/06\/IMAG0736.jpg\"><img loading=\"lazy\" decoding=\"async\" class=\"aligncenter size-thumbnail wp-image-505\" title=\"IMAG0736\" src=\"http:\/\/alexandrewack.fr\/wp-content\/uploads\/2012\/06\/IMAG0736-290x290.jpg\" alt=\"\" width=\"290\" height=\"290\" \/><\/a><\/p>\n","protected":false},"excerpt":{"rendered":"<p>La Vid\u00e9o : &nbsp; les photos: \u00a0<\/p>\n","protected":false},"author":1,"featured_media":0,"parent":1299,"menu_order":1,"comment_status":"open","ping_status":"closed","template":"","meta":{"footnotes":""},"class_list":["post-496","page","type-page","status-publish","hentry"],"_links":{"self":[{"href":"http:\/\/alexandrewack.fr\/index.php?rest_route=\/wp\/v2\/pages\/496","targetHints":{"allow":["GET"]}}],"collection":[{"href":"http:\/\/alexandrewack.fr\/index.php?rest_route=\/wp\/v2\/pages"}],"about":[{"href":"http:\/\/alexandrewack.fr\/index.php?rest_route=\/wp\/v2\/types\/page"}],"author":[{"embeddable":true,"href":"http:\/\/alexandrewack.fr\/index.php?rest_route=\/wp\/v2\/users\/1"}],"replies":[{"embeddable":true,"href":"http:\/\/alexandrewack.fr\/index.php?rest_route=%2Fwp%2Fv2%2Fcomments&post=496"}],"version-history":[{"count":8,"href":"http:\/\/alexandrewack.fr\/index.php?rest_route=\/wp\/v2\/pages\/496\/revisions"}],"predecessor-version":[{"id":1304,"href":"http:\/\/alexandrewack.fr\/index.php?rest_route=\/wp\/v2\/pages\/496\/revisions\/1304"}],"up":[{"embeddable":true,"href":"http:\/\/alexandrewack.fr\/index.php?rest_route=\/wp\/v2\/pages\/1299"}],"wp:attachment":[{"href":"http:\/\/alexandrewack.fr\/index.php?rest_route=%2Fwp%2Fv2%2Fmedia&parent=496"}],"curies":[{"name":"wp","href":"https:\/\/api.w.org\/{rel}","templated":true}]}}