{"id":472,"date":"2012-06-05T14:28:02","date_gmt":"2012-06-05T14:28:02","guid":{"rendered":"http:\/\/alexandrewack.fr\/?page_id=472"},"modified":"2013-09-23T10:16:39","modified_gmt":"2013-09-23T10:16:39","slug":"soudure-e-e-videos","status":"publish","type":"page","link":"http:\/\/alexandrewack.fr\/?page_id=472","title":{"rendered":"Soudure E.E vid\u00e9os"},"content":{"rendered":"<h3>Soudure\u00a0\u00c9lectrode enrob\u00e9e mode op\u00e9ratoire (USA):<\/h3>\n<p><iframe loading=\"lazy\" src=\"http:\/\/www.youtube.com\/embed\/zWdgEaXWDxQ\" height=\"315\" width=\"420\" allowfullscreen=\"\" frameborder=\"0\"><\/iframe><\/p>\n<h3>Soudure montante (USA):<\/h3>\n<p><iframe loading=\"lazy\" src=\"http:\/\/www.youtube.com\/embed\/kblmdScflQU\" height=\"315\" width=\"420\" frameborder=\"0\"><\/iframe><\/p>\n<h3><\/h3>\n<h3>Soudure\u00a0\u00c9lectrode enrob\u00e9e les bases :<\/h3>\n<ul>\n<li>lien de la partie n\u00b01.<a href=\"http:\/\/www.youtube.com\/watch?v=vetRusYduds&amp;feature=related\"> ici<\/a>.<\/li>\n<li>Lien de la partie n\u00b02. <a href=\"http:\/\/www.youtube.com\/watch?v=RGSNtMhJ5U0&amp;feature=relmfu\">ici<\/a>.<\/li>\n<li>lien de la partie n\u00b03. <a href=\"http:\/\/www.youtube.com\/watch?v=XHKRFIlGY3o&amp;feature=relmfu\">ici<\/a>.<\/li>\n<\/ul>\n<h3>Transfer de m\u00e9tal :<\/h3>\n<p>&nbsp;<\/p>\n<p><iframe loading=\"lazy\" width=\"690\" height=\"518\" src=\"http:\/\/www.youtube.com\/embed\/4e-pVH9H4os?feature=oembed\" frameborder=\"0\" allowfullscreen><\/iframe><\/p>\n","protected":false},"excerpt":{"rendered":"<p>Soudure\u00a0\u00c9lectrode enrob\u00e9e mode op\u00e9ratoire (USA): Soudure montante (USA): Soudure\u00a0\u00c9lectrode enrob\u00e9e les bases : lien de la partie n\u00b01. ici. Lien de la partie n\u00b02. ici. lien de la partie n\u00b03. ici. Transfer de m\u00e9tal : &nbsp;<\/p>\n","protected":false},"author":1,"featured_media":0,"parent":452,"menu_order":0,"comment_status":"open","ping_status":"open","template":"","meta":{"footnotes":""},"class_list":["post-472","page","type-page","status-publish","hentry"],"_links":{"self":[{"href":"http:\/\/alexandrewack.fr\/index.php?rest_route=\/wp\/v2\/pages\/472","targetHints":{"allow":["GET"]}}],"collection":[{"href":"http:\/\/alexandrewack.fr\/index.php?rest_route=\/wp\/v2\/pages"}],"about":[{"href":"http:\/\/alexandrewack.fr\/index.php?rest_route=\/wp\/v2\/types\/page"}],"author":[{"embeddable":true,"href":"http:\/\/alexandrewack.fr\/index.php?rest_route=\/wp\/v2\/users\/1"}],"replies":[{"embeddable":true,"href":"http:\/\/alexandrewack.fr\/index.php?rest_route=%2Fwp%2Fv2%2Fcomments&post=472"}],"version-history":[{"count":9,"href":"http:\/\/alexandrewack.fr\/index.php?rest_route=\/wp\/v2\/pages\/472\/revisions"}],"predecessor-version":[{"id":930,"href":"http:\/\/alexandrewack.fr\/index.php?rest_route=\/wp\/v2\/pages\/472\/revisions\/930"}],"up":[{"embeddable":true,"href":"http:\/\/alexandrewack.fr\/index.php?rest_route=\/wp\/v2\/pages\/452"}],"wp:attachment":[{"href":"http:\/\/alexandrewack.fr\/index.php?rest_route=%2Fwp%2Fv2%2Fmedia&parent=472"}],"curies":[{"name":"wp","href":"https:\/\/api.w.org\/{rel}","templated":true}]}}