{"id":347,"date":"2012-03-28T22:49:05","date_gmt":"2012-03-28T22:49:05","guid":{"rendered":"http:\/\/alexandrewack.fr\/?page_id=347"},"modified":"2018-03-07T22:20:53","modified_gmt":"2018-03-07T22:20:53","slug":"principe-de-calcul-dun-escalier","status":"publish","type":"page","link":"http:\/\/alexandrewack.fr\/?page_id=347","title":{"rendered":"Principe de calcul d&rsquo;un escalier"},"content":{"rendered":"<p style=\"text-align: center;\"><span style=\"text-decoration: underline;\"><span style=\"font-size: x-large;\"><strong>Voici la m\u00e9thode que j&rsquo;utilise pour calculer un<\/strong><\/span><strong><span style=\"font-size: x-large;\">\u00a0escalier :<\/span><\/strong><\/span><\/p>\n<p align=\"justify\"><strong><span style=\"text-decoration: underline;\"><span style=\"font-size: medium;\">Les dimensions n\u00e9cessaires au d\u00e9part sont :<\/span><\/span><\/strong><\/p>\n<p align=\"justify\"><span style=\"font-size: medium;\">1- La\u00a0<span style=\"text-decoration: underline;\">hauteur totale de l&rsquo;escalier<\/span>\u00a0de sol \u00e0 sol fini : 275 cm,<\/span><\/p>\n<p align=\"justify\"><span style=\"font-size: medium;\">2- La\u00a0<span style=\"text-decoration: underline;\">longueur de la tr\u00e9mie<\/span>\u00a0: 350 cm,<\/span><\/p>\n<p align=\"justify\"><span style=\"font-size: medium;\">3- La\u00a0<span style=\"text-decoration: underline;\">hauteur sous plafond<\/span>\u00a0: 250 cm,<\/span><\/p>\n<p align=\"justify\"><span style=\"font-size: medium;\">Je trace un trait vertical de 210 cm qui repr\u00e9sente l&rsquo;\u00e9chapp\u00e9e \u00e0 partir du bord de la tr\u00e9mie pour marquer la position maximum o\u00f9 passera l&rsquo;escalier.<\/span><\/p>\n<p align=\"justify\"><span style=\"font-size: medium;\">Je trace un trait oblique (pointill\u00e9 bleu clair) entre le haut de l&rsquo;escalier, qui passe par le point bas de l&rsquo;\u00e9chapp\u00e9e jusqu&rsquo;au sol.<\/span><\/p>\n<p align=\"justify\"><span style=\"font-size: medium;\">Ce trait repr\u00e9sente la ligne de foul\u00e9e c&rsquo;est-\u00e0-dire la position des nez de marches comme sur le dessin ci-dessous.<\/span><\/p>\n<p align=\"justify\"><span style=\"font-size: medium;\">Ensuite j&rsquo;applique la formule de Blondel qui indique que le pas de foul\u00e9e est repr\u00e9sent\u00e9 par 2 hauteurs de marche + 1 giron et doit mesurer entre 60 et 64 cm. Cette valeur n&rsquo;est pas fixe parce que le nombre de marches \u00e9tant un nombre entier, cette valeur est ajust\u00e9e en fonction du reculement disponible et peut \u00eatre comprise entre 57 et 64 cm).<\/span><\/p>\n<p align=\"justify\"><span style=\"font-size: medium;\">Voici le plan de l&rsquo;escalier pris en exemple : il comprend 15 marches de 18,33 cm de hauteur avec un giron de 27,3 cm. Le pas de foul\u00e9e est de 63,96 cm, la pente est de 34\u00b0 et le reculement est de 382 cm pour une \u00e9chapp\u00e9e de 210 cm.<\/span><\/p>\n<p align=\"justify\"><a href=\"http:\/\/alexandrewack.fr\/wp-content\/uploads\/2012\/03\/Calcul_escalier_1.jpg\" target=\"_blank\" rel=\"noopener\"><img loading=\"lazy\" decoding=\"async\" class=\"alignnone size-medium wp-image-348 aligncenter\" title=\"Calcul_escalier_1\" src=\"http:\/\/alexandrewack.fr\/wp-content\/uploads\/2012\/03\/Calcul_escalier_1-300x208.jpg\" alt=\"\" width=\"300\" height=\"208\" srcset=\"http:\/\/alexandrewack.fr\/wp-content\/uploads\/2012\/03\/Calcul_escalier_1-300x208.jpg 300w, http:\/\/alexandrewack.fr\/wp-content\/uploads\/2012\/03\/Calcul_escalier_1.jpg 745w\" sizes=\"auto, (max-width: 300px) 100vw, 300px\" \/><\/a><\/p>\n<p align=\"justify\"><span style=\"text-decoration: underline;\"><strong><span style=\"font-size: medium;\">Pour calculer la \u00ab\u00a0Longueur maxi escalier\u00a0\u00bb, il suffit de faire une r\u00e8gle de 3 :<\/span><\/strong><\/span><\/p>\n<p align=\"justify\"><a href=\"http:\/\/alexandrewack.fr\/wp-content\/uploads\/2012\/03\/Formule_11.jpg\"><img loading=\"lazy\" decoding=\"async\" class=\"alignnone size-medium wp-image-360\" title=\"Formule_1\" src=\"http:\/\/alexandrewack.fr\/wp-content\/uploads\/2012\/03\/Formule_11-300x23.jpg\" alt=\"\" width=\"300\" height=\"23\" srcset=\"http:\/\/alexandrewack.fr\/wp-content\/uploads\/2012\/03\/Formule_11-300x23.jpg 300w, http:\/\/alexandrewack.fr\/wp-content\/uploads\/2012\/03\/Formule_11.jpg 648w\" sizes=\"auto, (max-width: 300px) 100vw, 300px\" \/><\/a><\/p>\n<p style=\"text-align: left;\"><span style=\"text-decoration: underline;\">Remarque :<\/span>\u00a0\u00ab\u00a0Hauteur escalier\u00a0\u00bb &#8211; \u00ab\u00a0Hauteur sous plafond\u00a0\u00bb correspond \u00e0 l&rsquo;\u00e9paisseur de la dalle sup\u00e9rieure.<\/p>\n<p style=\"text-align: left;\"><strong><span style=\"text-decoration: underline;\"><span style=\"font-size: medium;\">En simplifiant, on obtient :<\/span><\/span><\/strong><\/p>\n<p style=\"text-align: left;\"><a href=\"http:\/\/alexandrewack.fr\/wp-content\/uploads\/2012\/03\/Formule_21.jpg\"><img loading=\"lazy\" decoding=\"async\" class=\"alignnone size-medium wp-image-361\" title=\"Formule_2\" src=\"http:\/\/alexandrewack.fr\/wp-content\/uploads\/2012\/03\/Formule_21-300x21.jpg\" alt=\"\" width=\"300\" height=\"21\" srcset=\"http:\/\/alexandrewack.fr\/wp-content\/uploads\/2012\/03\/Formule_21-300x21.jpg 300w, http:\/\/alexandrewack.fr\/wp-content\/uploads\/2012\/03\/Formule_21.jpg 657w\" sizes=\"auto, (max-width: 300px) 100vw, 300px\" \/><\/a><\/p>\n<p style=\"text-align: left;\"><a href=\"http:\/\/alexandrewack.fr\/wp-content\/uploads\/2012\/03\/Formule_31.jpg\"><img loading=\"lazy\" decoding=\"async\" class=\"alignnone size-medium wp-image-362\" title=\"Formule_3\" src=\"http:\/\/alexandrewack.fr\/wp-content\/uploads\/2012\/03\/Formule_31-300x32.jpg\" alt=\"\" width=\"300\" height=\"32\" srcset=\"http:\/\/alexandrewack.fr\/wp-content\/uploads\/2012\/03\/Formule_31-300x32.jpg 300w, http:\/\/alexandrewack.fr\/wp-content\/uploads\/2012\/03\/Formule_31.jpg 424w\" sizes=\"auto, (max-width: 300px) 100vw, 300px\" \/><\/a><\/p>\n<p align=\"justify\"><span style=\"text-decoration: underline;\"><span style=\"font-size: medium;\">Pour obtenir la hauteur de marche et son giron, on va convertir la formule de Blondel de cette fa\u00e7on :<\/span><\/span><\/p>\n<p align=\"justify\"><span style=\"font-size: medium;\">&#8211; Si\u00a0 le \u00ab\u00a0Pas de foul\u00e9e\u00a0\u00bb = 2 x \u00ab\u00a0hauteur de marche\u00a0\u00bb + 1 x \u00ab\u00a0giron\u00a0\u00bb<\/span><\/p>\n<p align=\"justify\"><span style=\"font-size: medium;\">&#8211; On peut dire que 2 x \u00ab\u00a0Hauteur escalier\u00a0\u00bb + 1 x \u00ab\u00a0Longueur escalier\u00a0\u00bb = \u00ab\u00a0Pas de foul\u00e9e\u00a0\u00bb x \u00ab\u00a0Nombre de marches\u00a0\u00bb<\/span><\/p>\n<p align=\"justify\"><a href=\"http:\/\/alexandrewack.fr\/wp-content\/uploads\/2012\/03\/Formule_42.jpg\"><img loading=\"lazy\" decoding=\"async\" class=\"alignnone size-medium wp-image-364\" title=\"Formule_4\" src=\"http:\/\/alexandrewack.fr\/wp-content\/uploads\/2012\/03\/Formule_42-300x24.jpg\" alt=\"\" width=\"300\" height=\"24\" srcset=\"http:\/\/alexandrewack.fr\/wp-content\/uploads\/2012\/03\/Formule_42-300x24.jpg 300w, http:\/\/alexandrewack.fr\/wp-content\/uploads\/2012\/03\/Formule_42.jpg 580w\" sizes=\"auto, (max-width: 300px) 100vw, 300px\" \/><\/a><\/p>\n<p align=\"justify\"><a href=\"http:\/\/alexandrewack.fr\/wp-content\/uploads\/2012\/03\/Formule_51.jpg\"><img loading=\"lazy\" decoding=\"async\" class=\"alignnone size-medium wp-image-365\" title=\"Formule_5\" src=\"http:\/\/alexandrewack.fr\/wp-content\/uploads\/2012\/03\/Formule_51-300x35.jpg\" alt=\"\" width=\"300\" height=\"35\" srcset=\"http:\/\/alexandrewack.fr\/wp-content\/uploads\/2012\/03\/Formule_51-300x35.jpg 300w, http:\/\/alexandrewack.fr\/wp-content\/uploads\/2012\/03\/Formule_51.jpg 393w\" sizes=\"auto, (max-width: 300px) 100vw, 300px\" \/><\/a><\/p>\n<p align=\"justify\"><span style=\"font-size: medium;\">Bien s\u00fbr, dans le cas o\u00f9 le nombre de marches ne tombe pas juste, on arrondi \u00e0 la valeur la plus proche, puis on v\u00e9rifie que le pas de foul\u00e9e recalcul\u00e9 reste dans les limites correctes (entre 57 et 64 cm).<\/span><\/p>\n<p align=\"justify\"><span style=\"font-size: medium;\">Le reculement de l&rsquo;escalier correspond \u00e0 la longueur horizontale de l&rsquo;escalier\u00a0<span style=\"text-decoration: underline;\">\u00e0 la premi\u00e8re marche<\/span>.<\/span><\/p>\n<p align=\"justify\"><span style=\"font-size: medium;\"><span style=\"text-decoration: underline;\">Remarque :<\/span>\u00a0l&rsquo;escalier comporte 15 hauteurs de marches, mais il ne comporte que 14 girons.<\/span><\/p>\n<p align=\"justify\"><span style=\"text-decoration: underline;\"><strong><span style=\"font-size: x-large;\">Dans le cas o\u00f9 il y a un obstacle au pied de l&rsquo;escalier :<\/span><\/strong><\/span><\/p>\n<p align=\"justify\"><span style=\"font-size: medium;\">Quand il y a une porte, un passage ou un mur au pied de l&rsquo;escalier, on peut \u00eatre amen\u00e9 \u00e0 raccourcir sa longueur. C&rsquo;est ce que j&rsquo;appelle la longueur r\u00e9elle de l&rsquo;escalier qui doit \u00eatre plus courte que la longueur maxi (ligne en pointill\u00e9 vert sur le dessin ci-dessous). Le calcul est effectu\u00e9 de la m\u00eame fa\u00e7on. Le pas de foul\u00e9e peut \u00eatre modifi\u00e9 de fa\u00e7on \u00e0 changer le nombre de marches pour obtenir un compromis entre la hauteur de marche et le giron.<\/span><\/p>\n<p align=\"justify\"><span style=\"font-size: medium;\">Dans cet exemple la position de la porte oblige \u00e0 raccourcir le reculement de l&rsquo;escalier. Le reculement est maintenant de 350 cm, le nombre de marche n&rsquo;a pas chang\u00e9 car le pas de foul\u00e9e qui est r\u00e9duit \u00e0 61,66 cm reste dans les limites correctes. Le giron est pass\u00e9 a 25 cm et la pente est l\u00e9g\u00e8rement augment\u00e9e et elle est pass\u00e9e \u00e0 36\u00b0.<\/span><\/p>\n<p align=\"justify\"><a href=\"http:\/\/alexandrewack.fr\/wp-content\/uploads\/2012\/03\/Calcul_escalier_21.jpg\"><img loading=\"lazy\" decoding=\"async\" class=\"size-medium wp-image-357 aligncenter\" title=\"Calcul_escalier_2\" src=\"http:\/\/alexandrewack.fr\/wp-content\/uploads\/2012\/03\/Calcul_escalier_21-300x208.jpg\" alt=\"\" width=\"300\" height=\"208\" srcset=\"http:\/\/alexandrewack.fr\/wp-content\/uploads\/2012\/03\/Calcul_escalier_21-300x208.jpg 300w, http:\/\/alexandrewack.fr\/wp-content\/uploads\/2012\/03\/Calcul_escalier_21.jpg 744w\" sizes=\"auto, (max-width: 300px) 100vw, 300px\" \/><\/a><\/p>\n<p align=\"justify\">Un escalier quart ou demi tournant, h\u00e9lico\u00efdal ou non standard se calcule de la m\u00eame fa\u00e7on : l&rsquo;escalier est consid\u00e9r\u00e9 comme un escalier droit en le mesurant \u00e0 la ligne de foul\u00e9e, c&rsquo;est-\u00e0-dire au milieu de l&rsquo;escalier si la largeur d&#8217;emmarchement est de moins d&rsquo;un m\u00e8tre et \u00e0 50 cm de la rampe int\u00e9rieure pour un escalier plus large.<\/p>\n<p style=\"text-align: center;\"><a href=\"http:\/\/lionel.ponnelle.pagesperso-orange.fr\/Methode.htm\">http:\/\/lionel.ponnelle.pagesperso-orange.fr\/Methode.htm<\/a><\/p>\n<p style=\"text-align: center;\"><a href=\"http:\/\/lionel.ponnelle.pagesperso-orange.fr\/index.htm\">http:\/\/lionel.ponnelle.pagesperso-orange.fr\/index.htm<\/a><\/p>\n<p style=\"text-align: center;\">http:\/\/www.escaliersc.ca\/norme_escalier.html<\/p>\n<h3 style=\"text-align: center;\">I<strong>CI programme de calculs d\u2019escalier <a href=\"http:\/\/calculis.net\/escalier\" target=\"_blank\" rel=\"noopener\">Ici\u00a0<\/a><\/strong><\/h3>\n","protected":false},"excerpt":{"rendered":"<p>Voici la m\u00e9thode que j&rsquo;utilise pour calculer un\u00a0escalier : Les dimensions n\u00e9cessaires au d\u00e9part sont : 1- La\u00a0hauteur totale de l&rsquo;escalier\u00a0de sol \u00e0 sol fini : 275 cm, 2- La\u00a0longueur de la tr\u00e9mie\u00a0: 350 cm, 3- La\u00a0hauteur sous plafond\u00a0: 250 cm, Je trace un trait vertical de 210 cm qui repr\u00e9sente l&rsquo;\u00e9chapp\u00e9e \u00e0 partir du [&hellip;]<\/p>\n","protected":false},"author":1,"featured_media":0,"parent":885,"menu_order":10,"comment_status":"open","ping_status":"open","template":"","meta":{"footnotes":""},"class_list":["post-347","page","type-page","status-publish","hentry"],"_links":{"self":[{"href":"http:\/\/alexandrewack.fr\/index.php?rest_route=\/wp\/v2\/pages\/347","targetHints":{"allow":["GET"]}}],"collection":[{"href":"http:\/\/alexandrewack.fr\/index.php?rest_route=\/wp\/v2\/pages"}],"about":[{"href":"http:\/\/alexandrewack.fr\/index.php?rest_route=\/wp\/v2\/types\/page"}],"author":[{"embeddable":true,"href":"http:\/\/alexandrewack.fr\/index.php?rest_route=\/wp\/v2\/users\/1"}],"replies":[{"embeddable":true,"href":"http:\/\/alexandrewack.fr\/index.php?rest_route=%2Fwp%2Fv2%2Fcomments&post=347"}],"version-history":[{"count":11,"href":"http:\/\/alexandrewack.fr\/index.php?rest_route=\/wp\/v2\/pages\/347\/revisions"}],"predecessor-version":[{"id":1866,"href":"http:\/\/alexandrewack.fr\/index.php?rest_route=\/wp\/v2\/pages\/347\/revisions\/1866"}],"up":[{"embeddable":true,"href":"http:\/\/alexandrewack.fr\/index.php?rest_route=\/wp\/v2\/pages\/885"}],"wp:attachment":[{"href":"http:\/\/alexandrewack.fr\/index.php?rest_route=%2Fwp%2Fv2%2Fmedia&parent=347"}],"curies":[{"name":"wp","href":"https:\/\/api.w.org\/{rel}","templated":true}]}}