{"id":333,"date":"2012-03-28T21:04:36","date_gmt":"2012-03-28T21:04:36","guid":{"rendered":"http:\/\/alexandrewack.fr\/?page_id=333"},"modified":"2021-11-11T23:48:45","modified_gmt":"2021-11-11T23:48:45","slug":"recherche-de-stage","status":"publish","type":"page","link":"http:\/\/alexandrewack.fr\/?page_id=333","title":{"rendered":"Recherche de stage"},"content":{"rendered":"\n<ol class=\"has-black-color has-pale-pink-background-color has-text-color has-background has-medium-font-size wp-block-list\"><li>On ne recherche pas un stage \u00e0 la derni\u00e8re minute\u00a0!<br><br>Le\u00a0stage en entreprise\u00a0doit \u00eatre en coh\u00e9rence avec vos \u00e9tudes. Ne choisissez donc pas n&rsquo;importe quel stage, sous pr\u00e9texte qu&rsquo;il vous en faut un\u00a0! Celui-ci serait susceptible d&rsquo;\u00eatre inadapt\u00e9 \u00e0 votre cursus p\u00e9dagogique.<\/li><\/ol>\n\n\n\n<p class=\"has-black-color has-cyan-bluish-gray-background-color has-text-color has-background has-medium-font-size\"><strong>2. Recherche stage\u00a0: quels sont les moyens\u00a0?<\/strong><\/p>\n\n\n\n<p class=\"has-vivid-red-color has-text-color\">La recherche d&rsquo;un stage s&rsquo;effectue au moins six mois \u00e0 l&rsquo;avance et pour ce faire, il existe plusieurs possibilit\u00e9s\u00a0:<\/p>\n\n\n\n<ul class=\"wp-block-list\"><li>consultez les\u00a0offres de stage\u00a0: presse, m\u00e9dia, internet, forum, salon,<\/li><li>faire appel \u00e0 son r\u00e9seau personnel\u00a0: famille, amis, anciens \u00e9l\u00e8ves, camarades d&rsquo;\u00e9cole,<\/li><li>les \u00e9tablissements scolaires mettent \u00e0 la disposition des \u00e9tudiants des offres de stage qui sont souvent affich\u00e9es dans un endroit sp\u00e9cifique.<\/li><li>Vous pouvez aussi demander des renseignements aux \u00e9tudiants qui ont d\u00e9j\u00e0 effectu\u00e9 des stages en entreprise afin de conna\u00eetre leur v\u00e9cu et leur ressenti. Demandez-leur s&rsquo;ils ont gard\u00e9 des contacts avec leur ancien\u00a0ma\u00eetre de stage, ils seront peut-\u00eatre susceptibles de pouvoir vous recommander.<\/li><\/ul>\n\n\n\n<p class=\"has-black-color has-cyan-bluish-gray-background-color has-text-color has-background has-medium-font-size\"><strong>3. Comment rechercher un stage\u00a0?<\/strong><\/p>\n\n\n\n<p class=\"has-vivid-red-color has-text-color\">Sachez que les entreprises qui recrutent\u00a0recherchent des stagiaires\u00a0motiv\u00e9s et s\u00e9rieux. De ce fait, la concurrence est rude, votre priorit\u00e9 pour\u00a0r\u00e9ussir votre stage, sera de rechercher un stage en ad\u00e9quation avec votre projet p\u00e9dagogique.<br><\/p>\n\n\n\n<p class=\"has-normal-font-size\"><strong>Pour ce faire, il faut\u00a0:<\/strong><\/p>\n\n\n\n<ul class=\"wp-block-list\"><li>vous positionner sur le secteur d&rsquo;activit\u00e9 dans lequel vous souhaitez \u00e9voluer,<\/li><li>cibler le m\u00e9tier qui correspond \u00e0 vos \u00e9tudes,<\/li><li>rep\u00e9rer les entreprises (PME, PMI, multinationale, etc.) en r\u00e9coltant un maximum d&rsquo;informations sur ces derni\u00e8res, \u00e0 savoir \u00a0: taille, historique, sant\u00e9 financi\u00e8re, chiffre d&rsquo;affaires, nombre de salari\u00e9s, etc.<\/li><\/ul>\n\n\n\n<p>Il faudra ensuite pr\u00e9parer avec soin votre dossier de candidature qui comportera&nbsp;:<\/p>\n\n\n\n<ul class=\"wp-block-list\"><li>une lettre de motivation de stage adapt\u00e9e \u00e0 chaque entreprise cibl\u00e9e, car elle doit \u00eatre personnalis\u00e9e,<\/li><li>un\u00a0CV de stage\u00a0reprenant vos connaissances, vos dipl\u00f4mes, vos centres d&rsquo;int\u00e9r\u00eat et vos exp\u00e9riences professionnelles si vous en avez (job d&rsquo;\u00e9t\u00e9,\u00a0stage \u00e0 l&rsquo;\u00e9tranger, autres stages).<\/li><\/ul>\n\n\n\n<p>Ne n\u00e9gligez pas la candidature spontan\u00e9e qui prouve votre d\u00e9termination, celle-ci doit \u00eatre adress\u00e9e \u00e0 des soci\u00e9t\u00e9s bien cibl\u00e9es au nom du responsable identifi\u00e9.<\/p>\n\n\n\n<p>Conservez toujours un double de votre dossier, c&rsquo;est utile pour&nbsp;:<\/p>\n\n\n\n<ul class=\"wp-block-list\"><li>le suivi des d\u00e9marches,<\/li><li>effectuer les diverses relances t\u00e9l\u00e9phoniques aupr\u00e8s des entreprises que vous avez choisies.<\/li><\/ul>\n\n\n\n<p class=\"has-black-color has-cyan-bluish-gray-background-color has-text-color has-background has-medium-font-size\">4. <strong>Comment rep\u00e9rer les stages int\u00e9ressants\u00a0?<\/strong><\/p>\n\n\n\n<p class=\"has-vivid-red-color has-text-color\">Il faut bien entendu proscrire les stages photocopieuses\/caf\u00e9. Votre but est d&rsquo;apprendre le m\u00e9tier que vous exercerez plus tard.<br>Vous allez faire vos premiers pas dans la vie active, il est donc incontournable\u00a0:<br><\/p>\n\n\n\n<ul class=\"wp-block-list\"><li>d&rsquo;identifier pr\u00e9cis\u00e9ment ce que vous recherchez\u00a0:<ul><li>en d\u00e9terminant les missions que vous d\u00e9sirez,<\/li><li>et le type d&rsquo;entreprise dans laquelle vous souhaitez \u00e9voluer\u00a0;<\/li><\/ul><\/li><li>de postuler rapidement, soyez r\u00e9actif, n&rsquo;attendez pas la derni\u00e8re minute pour rester dans la comp\u00e9tition, car les meilleurs candidats sont souvent s\u00e9lectionn\u00e9s en quelques jours.<br><\/li><\/ul>\n\n\n\n<p>I<strong>l est aussi vivement conseill\u00e9\u00a0:<\/strong><\/p>\n\n\n\n<ul class=\"wp-block-list\"><li>de s\u00e9lectionner les stages par rapport aux propositions de stages que vous aurez re\u00e7ues,<\/li><li>et de poser les bonnes questions au recruteur lors de votre entretien.<\/li><\/ul>\n\n\n\n<p class=\"has-black-color has-cyan-bluish-gray-background-color has-text-color has-background has-medium-font-size\"><strong>5. Entretien stage<\/strong><\/p>\n\n\n\n<p class=\"has-text-align-center has-vivid-red-color has-text-color has-medium-font-size\"><strong>Un entretien de stage, cela se pr\u00e9pare.<\/strong><\/p>\n\n\n\n<p>Votre lettre de motivation de stage et votre\u00a0CV de stage\u00a0ont fait \u00ab\u00a0mouche\u00a0\u00bb, il va donc falloir maintenant pr\u00e9parer votre entretien de stage pour \u00eatre le meilleur par rapport \u00e0 vos concurrents.<\/p>\n\n\n\n<p class=\"has-black-color has-white-background-color has-text-color has-background has-medium-font-size\"><strong>Comment pr\u00e9parer un entretien de stage\u00a0?<\/strong><\/p>\n\n\n\n<p>Lors de votre\u00a0recherche de stage, vous avez d\u00fb collecter des renseignements sur les entreprises qui \u00e9taient susceptibles de vous accueillir. Il sera donc important pour vous de reprendre toutes ces informations afin de pr\u00e9parer l&rsquo;entretien.<\/p>\n\n\n\n<p>Cela d\u00e9montrera au recruteur que vous \u00eates int\u00e9ress\u00e9 par son entreprise ainsi que par le poste \u00e0 pourvoir pour le stage.<\/p>\n\n\n\n<p>Vous ferez le point sur vos exp\u00e9riences et vos comp\u00e9tences et vous construirez un argumentaire.<\/p>\n\n\n\n<p>Vous vous pr\u00e9parerez aussi \u00e0 r\u00e9pondre \u00e0 diff\u00e9rentes questions du type&nbsp;:<\/p>\n\n\n\n<ul class=\"wp-block-list\"><li>Quels sont vos d\u00e9fauts et vos qualit\u00e9s&nbsp;?<\/li><li>Comment envisagez-vous votre carri\u00e8re professionnelle&nbsp;?<\/li><li>Dans quel milieu social \u00e9voluez-vous&nbsp;?<\/li><\/ul>\n\n\n\n<p>Cependant, pour savoir si le stage que le recruteur vous propose est un bon stage avec des missions int\u00e9ressantes, vous programmerez quelques questions que vous pourrez poser lors de votre entretien, \u00e0 savoir&nbsp;:<\/p>\n\n\n\n<ul class=\"wp-block-list\"><li>Quel sera mon r\u00f4le au sein de l&rsquo;entreprise\u00a0?<\/li><li>Quelles sont les missions que vous allez me confier\u00a0?<\/li><li>Quels r\u00e9sultats attendez-vous de moi\u00a0?<\/li><li>Qui sera mon\u00a0ma\u00eetre de stage, quelle est sa place dans l&rsquo;organisation de l&rsquo;entreprise\u00a0?<\/li><li>O\u00f9 est install\u00e9 mon poste de travail et quels moyens seront mis \u00e0 ma disposition pour effectuer mon stage\u00a0?<\/li><li>Avez-vous d\u00e9j\u00e0 travaill\u00e9 avec des stagiaires\u00a0?<\/li><li>Sur quels crit\u00e8res \u00e9valuerez-vous mon travail\u00a0?<\/li><li>Aurai-je diff\u00e9rents contacts avec des partenaires ext\u00e9rieures (clients, fournisseurs)\u00a0?<\/li><\/ul>\n\n\n\n<p class=\"has-black-color has-white-background-color has-text-color has-background has-medium-font-size\"><strong>Les documents \u00e0 apporter<\/strong><\/p>\n\n\n\n<p>Lors de votre entretien avec le recruteur, vous n&rsquo;oublierez pas d&rsquo;apporter&nbsp;:<\/p>\n\n\n\n<ul class=\"wp-block-list\"><li>un CV, vos dipl\u00f4mes, vos m\u00e9moires et\/ou books si vous en avez,<\/li><li>un bloc et un crayon pour prendre des notes, cependant, vous demanderez l&rsquo;autorisation \u00e0 votre interlocuteur avant d&rsquo;effectuer votre prise de note,<\/li><li>les questions \u00e0 poser que vous aurez pris soin de pr\u00e9parer.<\/li><\/ul>\n\n\n\n<p>Entretien stage\u00a0: avant l&rsquo;entretien avec le recruteur<\/p>\n\n\n\n<p class=\"has-black-color has-text-color has-medium-font-size\"><strong>Entretien stage\u00a0: avant l&rsquo;entretien avec le recruteur<\/strong><\/p>\n\n\n\n<p>Avant l&rsquo;entretien avec le recruteur, vous allez soigner votre image et votre tenue vestimentaire&nbsp;:<\/p>\n\n\n\n<p><strong>Soignez votre image<\/strong>\u00a0en \u00e9tant ponctuel \u00e0 votre rendez-vous et en vous pr\u00e9sentant \u00e0 l&rsquo;accueil.<br><br>En r\u00e8gle g\u00e9n\u00e9rale, adaptez votre tenue au secteur de l&rsquo;entreprise o\u00f9 vous avez un entretien\u00a0: style strict dans la banque, propre dans le commerce, etc.<\/p>\n\n\n\n<p class=\"has-medium-font-size\"><strong>Entretien stage\u00a0: face au recruteur<\/strong><\/p>\n\n\n\n<p class=\"has-vivid-red-color has-text-color has-medium-font-size\">La premi\u00e8re impression sera capitale, il est donc indispensable de ne pas se tromper.<\/p>\n\n\n\n<ul class=\"wp-block-list\"><li>Apr\u00e8s la formule de politesse \u00ab&nbsp;bonjour madame ou monsieur&nbsp;\u00bb et non bonjour seulement, pr\u00e9sentez-vous au recruteur en mentionnant votre pr\u00e9nom et votre nom.<\/li><li>Attendez que ce dernier vous invite \u00e0 vous asseoir.<\/li><li>Ne coupez pas la parole au recruteur.<\/li><li>Si vous avez des questions \u00e0 poser, attendez que celui-ci vous donne la parole pour vous exprimer.<\/li><\/ul>\n\n\n\n<p>Lors de cet entretien, vous justifierez tout ce que vous avez mentionn\u00e9 sur votre CV gr\u00e2ce \u00e0 l&rsquo;argumentaire que vous aurez pr\u00e9par\u00e9.<\/p>\n\n\n\n<p>Vous parlerez de vos exp\u00e9riences et de vos comp\u00e9tences en les illustrant par des exemples.<\/p>\n\n\n\n<p class=\"has-vivid-red-color has-text-color\">A la fin de l&rsquo;entretien avec le recruteur, vous n&rsquo;oublierez pas de le remercier et vous r\u00e9affirmerez votre motivation pour le poste.<\/p>\n\n\n\n<p class=\"has-black-color has-text-color has-medium-font-size\"><strong>Entretien stage\u00a0: quelques conseils<\/strong><\/p>\n\n\n\n<p>Bien entendu avant l&rsquo;entretien avec le recruteur&nbsp;:<\/p>\n\n\n\n<ul class=\"wp-block-list\"><li>pensez \u00e0 \u00e9teindre votre portable,<\/li><li>jetez votre chewing-gum.<\/li><\/ul>\n\n\n\n<p>Pendant l&rsquo;entretien&nbsp;:<\/p>\n\n\n\n<ul class=\"wp-block-list\"><li>ne mentez pas sur vos comp\u00e9tences ou vos loisirs, le recruteur s&rsquo;en apercevra tr\u00e8s rapidement et vous ne serez plus cr\u00e9dible,<\/li><li>n&rsquo;abordez pas vos convictions religieuses et\/ou politiques,<\/li><li>exprimez-vous clairement et faites des phrases courtes, ayez un d\u00e9bit de paroles mod\u00e9r\u00e9.<\/li><\/ul>\n\n\n\n<h2 class=\"has-black-color has-cyan-bluish-gray-background-color has-text-color has-background has-medium-font-size wp-block-heading\">Liste entreprises : <\/h2>\n\n\n\n<div class=\"wp-block-file\"><a href=\"http:\/\/alexandrewack.fr\/wp-content\/uploads\/2020\/10\/liste-entreprise-Me\u0301tallerie-Feuille-1.pdf\">liste-entreprise-Me\u0301tallerie-Feuille-1<\/a><a href=\"http:\/\/alexandrewack.fr\/wp-content\/uploads\/2020\/10\/liste-entreprise-Me\u0301tallerie-Feuille-1.pdf\" class=\"wp-block-file__button\" download>T\u00e9l\u00e9charger<\/a><\/div>\n\n\n\n<p><a href=\"https:\/\/docs.google.com\/spreadsheets\/d\/1ADRl_YXkJVxTw1nIkakI6ujvY00wNNZnwoxNkNRrb8Y\/edit?usp=sharing\">https:\/\/docs.google.com\/spreadsheets\/d\/1ADRl_YXkJVxTw1nIkakI6ujvY00wNNZnwoxNkNRrb8Y\/edit?usp=sharing<\/a><\/p>\n\n\n\n<figure class=\"wp-block-embed is-type-video is-provider-youtube wp-block-embed-youtube wp-embed-aspect-16-9 wp-has-aspect-ratio\"><div class=\"wp-block-embed__wrapper\">\n<iframe loading=\"lazy\" title=\"TUTORIEL | Recherche de Stage (Projet PPP)\" width=\"690\" height=\"388\" src=\"https:\/\/www.youtube.com\/embed\/wtvLY_yKBFY?feature=oembed\" frameborder=\"0\" allow=\"accelerometer; autoplay; clipboard-write; encrypted-media; gyroscope; picture-in-picture\" allowfullscreen><\/iframe>\n<\/div><\/figure>\n\n\n\n<figure class=\"wp-block-embed is-type-video is-provider-youtube wp-block-embed-youtube wp-embed-aspect-16-9 wp-has-aspect-ratio\"><div class=\"wp-block-embed__wrapper\">\n<iframe loading=\"lazy\" title=\"Comment faire une demande de stage par te\u0301le\u0301phone\" width=\"690\" height=\"388\" src=\"https:\/\/www.youtube.com\/embed\/dDrnl_xsRIE?feature=oembed\" frameborder=\"0\" allow=\"accelerometer; autoplay; clipboard-write; encrypted-media; gyroscope; picture-in-picture\" allowfullscreen><\/iframe>\n<\/div><\/figure>\n\n\n\n<figure class=\"wp-block-embed is-type-video is-provider-youtube wp-block-embed-youtube wp-embed-aspect-16-9 wp-has-aspect-ratio\"><div class=\"wp-block-embed__wrapper\">\n<iframe loading=\"lazy\" title=\"5 conseils pour trouver un stage en entreprise\" width=\"690\" height=\"388\" src=\"https:\/\/www.youtube.com\/embed\/9nGoCAXMNdE?feature=oembed\" frameborder=\"0\" allow=\"accelerometer; autoplay; clipboard-write; encrypted-media; gyroscope; picture-in-picture\" allowfullscreen><\/iframe>\n<\/div><\/figure>\n","protected":false},"excerpt":{"rendered":"<p>On ne recherche pas un stage \u00e0 la derni\u00e8re minute\u00a0! Le\u00a0stage en entreprise\u00a0doit \u00eatre en coh\u00e9rence avec vos \u00e9tudes. Ne choisissez donc pas n&rsquo;importe quel stage, sous pr\u00e9texte qu&rsquo;il vous en faut un\u00a0! Celui-ci serait susceptible d&rsquo;\u00eatre inadapt\u00e9 \u00e0 votre cursus p\u00e9dagogique. 2. Recherche stage\u00a0: quels sont les moyens\u00a0? La recherche d&rsquo;un stage s&rsquo;effectue au [&hellip;]<\/p>\n","protected":false},"author":1,"featured_media":0,"parent":73,"menu_order":1,"comment_status":"open","ping_status":"open","template":"","meta":{"footnotes":""},"class_list":["post-333","page","type-page","status-publish","hentry"],"_links":{"self":[{"href":"http:\/\/alexandrewack.fr\/index.php?rest_route=\/wp\/v2\/pages\/333","targetHints":{"allow":["GET"]}}],"collection":[{"href":"http:\/\/alexandrewack.fr\/index.php?rest_route=\/wp\/v2\/pages"}],"about":[{"href":"http:\/\/alexandrewack.fr\/index.php?rest_route=\/wp\/v2\/types\/page"}],"author":[{"embeddable":true,"href":"http:\/\/alexandrewack.fr\/index.php?rest_route=\/wp\/v2\/users\/1"}],"replies":[{"embeddable":true,"href":"http:\/\/alexandrewack.fr\/index.php?rest_route=%2Fwp%2Fv2%2Fcomments&post=333"}],"version-history":[{"count":26,"href":"http:\/\/alexandrewack.fr\/index.php?rest_route=\/wp\/v2\/pages\/333\/revisions"}],"predecessor-version":[{"id":2837,"href":"http:\/\/alexandrewack.fr\/index.php?rest_route=\/wp\/v2\/pages\/333\/revisions\/2837"}],"up":[{"embeddable":true,"href":"http:\/\/alexandrewack.fr\/index.php?rest_route=\/wp\/v2\/pages\/73"}],"wp:attachment":[{"href":"http:\/\/alexandrewack.fr\/index.php?rest_route=%2Fwp%2Fv2%2Fmedia&parent=333"}],"curies":[{"name":"wp","href":"https:\/\/api.w.org\/{rel}","templated":true}]}}