{"id":2996,"date":"2025-09-15T08:05:03","date_gmt":"2025-09-15T08:05:03","guid":{"rendered":"http:\/\/alexandrewack.fr\/?page_id=2996"},"modified":"2025-09-15T08:31:40","modified_gmt":"2025-09-15T08:31:40","slug":"scie-a-ruban-fmb","status":"publish","type":"page","link":"http:\/\/alexandrewack.fr\/?page_id=2996","title":{"rendered":"Scie \u00e0 ruban FMB"},"content":{"rendered":"\n<div class=\"wp-block-cover\" style=\"min-height:100vh;aspect-ratio:unset;\"><img loading=\"lazy\" decoding=\"async\" width=\"607\" height=\"702\" class=\"wp-block-cover__image-background wp-image-2997\" alt=\"Scie a \u00e0 ruban FMB\" src=\"http:\/\/alexandrewack.fr\/wp-content\/uploads\/2025\/09\/FMBPHOENIXJPG_63e2656539040.jpg\" style=\"object-position:55% 12%\" data-object-fit=\"cover\" data-object-position=\"55% 12%\" srcset=\"http:\/\/alexandrewack.fr\/wp-content\/uploads\/2025\/09\/FMBPHOENIXJPG_63e2656539040.jpg 607w, http:\/\/alexandrewack.fr\/wp-content\/uploads\/2025\/09\/FMBPHOENIXJPG_63e2656539040-259x300.jpg 259w\" sizes=\"auto, (max-width: 607px) 100vw, 607px\" \/><span aria-hidden=\"true\" class=\"wp-block-cover__background has-background-dim\"><\/span><div class=\"wp-block-cover__inner-container is-layout-flow wp-block-cover-is-layout-flow\">\n<p class=\"has-text-align-center has-large-font-size\"><\/p>\n<\/div><\/div>\n\n\n\n<h2 class=\"wp-block-heading has-black-color has-pale-pink-background-color has-text-color has-background has-link-color wp-elements-81d253b9d86fd7f70e3770e777ebd598\"><strong><em><u>Les points cl\u00e9s pour travailler en s\u00e9curit\u00e9<\/u><\/em><\/strong><\/h2>\n\n\n\n<p class=\"has-white-background-color has-background\"><strong>Utiliser les EPI suivants :<\/strong><\/p>\n\n\n\n<ul class=\"wp-block-list\">\n<li class=\"has-black-color has-text-color has-link-color wp-elements-f359ebab986a95dc97297651bb6ddd25\">Chaussures de s\u00e9curit\u00e9<\/li>\n\n\n\n<li class=\"has-black-color has-text-color has-link-color wp-elements-dd35afcb7c07b7f7571b6870881151cf\">V\u00eatements de travail en coton ajust\u00e9s et pantalon long<br>et manches longues, cheveux attach\u00e9s, pas de bijoux<\/li>\n\n\n\n<li class=\"has-black-color has-text-color has-link-color wp-elements-3e32b677af526348c466767d89bd911d\">Gants (r\u00e9sistants aux coupures et \u00e0 la chaleur)<\/li>\n\n\n\n<li class=\"has-black-color has-text-color has-link-color wp-elements-f73935c0bbd96825235cda922417f738\">Protection auditive (casque antibruit ou bouchons d&rsquo;oreilles)<\/li>\n\n\n\n<li class=\"has-black-color has-text-color has-link-color wp-elements-5d2b82df893ad2a38a6bd91f7bfc7125\">Lunettes de protection enveloppantes<\/li>\n<\/ul>\n\n\n<div class=\"wp-block-image\">\n<figure class=\"aligncenter size-full is-resized\"><img loading=\"lazy\" decoding=\"async\" width=\"436\" height=\"253\" src=\"http:\/\/alexandrewack.fr\/wp-content\/uploads\/2025\/09\/EPI.png\" alt=\"\" class=\"wp-image-2998\" style=\"width:371px;height:auto\" srcset=\"http:\/\/alexandrewack.fr\/wp-content\/uploads\/2025\/09\/EPI.png 436w, http:\/\/alexandrewack.fr\/wp-content\/uploads\/2025\/09\/EPI-300x174.png 300w\" sizes=\"auto, (max-width: 436px) 100vw, 436px\" \/><\/figure>\n<\/div>\n\n\n<h2 class=\"wp-block-heading has-cyan-bluish-gray-background-color has-background\">Pr\u00e9sentation de la machine<\/h2>\n\n\n\n<ul class=\"wp-block-list\">\n<li class=\"has-black-color has-text-color has-link-color wp-elements-af04251b49e2dff365ad8da83c531a24\">Machine destin\u00e9e \u00e0 la d\u00e9coupe de barres, tubes et profil\u00e9s m\u00e9talliques.<\/li>\n\n\n\n<li class=\"has-black-color has-text-color has-link-color wp-elements-2f02c036fffc7535c7e847348a3bea9a\">La Descente de la lame est gravitationnelle et contr\u00f4l\u00e9e,<\/li>\n\n\n\n<li class=\"has-black-color has-text-color has-link-color wp-elements-2c82aa1a34b8dbd1a88304d3bfbd910c\">L\u2019arr\u00eat est automatique en fin de coupe.<br><strong><em>Utilisation avec accord et sous surveillance d\u2019un enseignant.<\/em><\/strong><\/li>\n<\/ul>\n\n\n\n<h2 class=\"wp-block-heading has-cyan-bluish-gray-background-color has-background\">Risques principaux<\/h2>\n\n\n\n<ul class=\"wp-block-list\">\n<li class=\"has-black-color has-text-color has-link-color wp-elements-5ce121123b29a9a663cccdadb535cd22\">&#x26a0;&#xfe0f; Coupure avec la lame<\/li>\n\n\n\n<li class=\"has-black-color has-text-color has-link-color wp-elements-dafb2fd5079d06a6c5c874d0ff59e8d9\">&#x26a0;&#xfe0f; Projection de copeaux m\u00e9talliques<\/li>\n\n\n\n<li class=\"has-black-color has-text-color has-link-color wp-elements-f23d5df93bf088182f24910021d75ceb\">&#x26a0;&#xfe0f; Coincement de la pi\u00e8ce si mal serr\u00e9e<\/li>\n\n\n\n<li class=\"has-black-color has-text-color has-link-color wp-elements-e95c7d69dd5b23258a6f392762979788\">&#x26a0;&#xfe0f;\u00c9crasement des doigts dans l\u2019\u00e9taux lors du serrage des pi\u00e8ces<\/li>\n\n\n\n<li class=\"has-black-color has-text-color has-link-color wp-elements-e852532521859f6c4b68ceb838099270\">&#x26a0;&#xfe0f; Glissade en cas de fuite de liquide de coupe<\/li>\n<\/ul>\n\n\n\n<h2 class=\"wp-block-heading has-black-color has-pale-pink-background-color has-text-color has-background has-link-color wp-elements-17aab3c514fa8e0e986769220f0eb2c0\"><strong>Consignes de s\u00e9curit\u00e9 lors des op\u00e9rations de d\u00e9coupe. <\/strong><\/h2>\n\n\n\n<p class=\"has-black-color has-text-color has-link-color has-medium-font-size wp-elements-6f4beead19dcb05637988470f11e9e34\"><strong>Avant la coupe :<\/strong><\/p>\n\n\n\n<ul class=\"wp-block-list\">\n<li>&#x2714; V\u00e9rifier zone d\u00e9gag\u00e9e et propre<\/li>\n\n\n\n<li>&#x2714; Contr\u00f4ler les carters de protection<\/li>\n\n\n\n<li>&#x2714; Serrer correctement la pi\u00e8ce dans l\u2019\u00e9tau<\/li>\n\n\n\n<li>&#x2714; V\u00e9rifier le niveau de liquide de coupe<\/li>\n\n\n\n<li>&#x2714; R\u00e9gler l\u2019angle de coupe<\/li>\n<\/ul>\n\n\n\n<p class=\"has-black-color has-text-color has-link-color has-medium-font-size wp-elements-3a4e42925c14516baaf81ab46c82d1b8\"><strong>Pendant la coupe<\/strong><\/p>\n\n\n\n<ul class=\"wp-block-list\">\n<li class=\"has-black-color has-text-color has-link-color wp-elements-1bcadf6fbe9b085cfba3a87675aa5c07\">&#x2714; Ne jamais mettre les mains pr\u00e8s de la lame<\/li>\n\n\n\n<li class=\"has-black-color has-text-color has-link-color wp-elements-fe4536cc605c3048739f4c577f41b878\">&#x2714; Ne pas toucher la pi\u00e8ce tant que la scie est en mouvement<\/li>\n\n\n\n<li class=\"has-black-color has-text-color has-link-color wp-elements-ced66b7d6d80a13cbd25e4ff98b721fa\">&#x2714; Ne pas distraire l\u2019op\u00e9rateur<\/li>\n\n\n\n<li class=\"has-black-color has-text-color has-link-color wp-elements-48e83e4f0c5144b3869ed8db771fedf5\">&#x2714; Laisser la descente se faire seule<\/li>\n<\/ul>\n\n\n\n<p class=\"has-black-color has-text-color has-link-color has-medium-font-size wp-elements-a3054da09ae96206dd009c264dfba6f8\"><strong>Apr\u00e8s la coupe :<\/strong><\/p>\n\n\n\n<ul class=\"wp-block-list\">\n<li class=\"has-black-color has-text-color has-link-color wp-elements-39a2cdcc7b7dbfb69198d509f4531a14\">&#x2714; Attendre l\u2019arr\u00eat complet avant de retirer la pi\u00e8ce<\/li>\n\n\n\n<li class=\"has-black-color has-text-color has-link-color wp-elements-272aac054e5668752b5d80a95e7e4325\">&#x2714; Porter des gants pour manipuler la pi\u00e8ce<\/li>\n\n\n\n<li class=\"has-black-color has-text-color has-link-color wp-elements-de61d9b8d9fb3b5fa833eaa585f0f438\">&#x2714; Nettoyer avec une balayette, jamais avec les mains<\/li>\n<\/ul>\n\n\n\n<p class=\"has-vivid-red-color has-text-color has-link-color has-medium-font-size wp-elements-ee6d66d539163b212a144a1206ab0b3e\"><strong>INTERDICTIONS<\/strong><\/p>\n\n\n\n<ul class=\"wp-block-list\">\n<li class=\"has-black-color has-text-color has-link-color wp-elements-23f13467b16737d2b5b0bf43eff54838\">&#x274c; Ne jamais couper sans \u00e9tau serr\u00e9<\/li>\n\n\n\n<li class=\"has-black-color has-text-color has-link-color wp-elements-4e79a80f99fbaaacb3354c2f69e6e613\">&#x274c; Ne pas forcer sur l\u2019archet<\/li>\n\n\n\n<li class=\"has-black-color has-text-color has-link-color wp-elements-16639d17dea87ce4e4b7f865c04f7854\">&#x274c; Ne pas couper d\u2019autres mat\u00e9riaux que le m\u00e9tal<\/li>\n\n\n\n<li class=\"has-black-color has-text-color has-link-color wp-elements-b8f8dbd29e89e2c866264b3b5e225831\">&#x274c; Ne jamais enlever un carter de s\u00e9curit\u00e9<\/li>\n\n\n\n<li class=\"has-black-color has-text-color has-link-color wp-elements-4cd8bd9104a6cdb4fba87b5655804229\">&#x274c; Ne pas souffler les copeaux avec de l\u2019air comprim\u00e9<\/li>\n<\/ul>\n\n\n\n<p class=\"has-vivid-red-color has-text-color has-link-color has-medium-font-size wp-elements-5907ab1d049e844c34af366abfefbbcd\"><strong>EN CAS D\u2019INCIDENT<\/strong><\/p>\n\n\n\n<ul class=\"wp-block-list\">\n<li class=\"has-black-color has-text-color has-link-color wp-elements-53c9052f483e5fa27121a2d3e9dba892\">&#x1f6a8; Arr\u00eater imm\u00e9diatement la machine avec l\u2019arr\u00eat d\u2019urgence<\/li>\n\n\n\n<li class=\"has-black-color has-text-color has-link-color wp-elements-2821964b98ab03b52ba8f32700611c43\">&#x1f4e2; Pr\u00e9venir l\u2019enseignant<\/li>\n\n\n\n<li class=\"has-black-color has-text-color has-link-color wp-elements-556fb11071a9946e5fbeba8214f35207\">&#x1f6e0;&#xfe0f; Ne jamais intervenir seul sur une panne ou un blocage<\/li>\n<\/ul>\n\n\n\n<h2 class=\"wp-block-heading has-cyan-bluish-gray-background-color has-background\">NOMENCLATURE SCIE A RUBAN<\/h2>\n\n\n\n<p class=\"has-black-color has-text-color has-link-color wp-elements-506f6fe56f71c7b911cf371576cf7590\">Angle de coupe de la scie \u00e0 ruban FMB : <strong> 0\u00b0 \u00c0 60\u00b0 \u00c0 DROITE<\/strong><\/p>\n\n\n\n<figure class=\"wp-block-image size-large\"><img loading=\"lazy\" decoding=\"async\" width=\"1024\" height=\"664\" src=\"http:\/\/alexandrewack.fr\/wp-content\/uploads\/2025\/09\/nomenclatuure-1024x664.jpg\" alt=\"\" class=\"wp-image-2999\" srcset=\"http:\/\/alexandrewack.fr\/wp-content\/uploads\/2025\/09\/nomenclatuure-1024x664.jpg 1024w, http:\/\/alexandrewack.fr\/wp-content\/uploads\/2025\/09\/nomenclatuure-300x194.jpg 300w, http:\/\/alexandrewack.fr\/wp-content\/uploads\/2025\/09\/nomenclatuure-768x498.jpg 768w, http:\/\/alexandrewack.fr\/wp-content\/uploads\/2025\/09\/nomenclatuure.jpg 1233w\" sizes=\"auto, (max-width: 1024px) 100vw, 1024px\" \/><\/figure>\n\n\n\n<h2 class=\"wp-block-heading has-cyan-bluish-gray-background-color has-background\">La lame : <\/h2>\n\n\n\n<p class=\"has-black-color has-text-color has-link-color wp-elements-13a80a8d1bd30f8bb06fde903700172f\">Mod\u00e8le de lame de scie \u00e0 ruban M42 &#8211; 2700 x 27 x 0.9 mm &#8211; 5\/8 dents<\/p>\n\n\n\n<p class=\"has-black-color has-text-color has-link-color wp-elements-34ab7db52cb8d686f5cd92ffc195a185\"><strong>Ref&nbsp;: M42 27 x 0,9<br>Bi-M\u00e9tal  M42 \u00e0 utilisation universelle<\/strong><\/p>\n\n\n\n<ul class=\"wp-block-list\">\n<li class=\"has-black-color has-text-color has-link-color wp-elements-297bc2d55b4f3d2bf2e09474f2a54db7\">Alliage de la lame&nbsp;: Bi-M\u00e9tal M42<\/li>\n\n\n\n<li class=\"has-black-color has-text-color has-link-color wp-elements-7e3720e704bd6af1aadff08e75b2ab5b\">Longueur de la lame : 2700 mm<\/li>\n\n\n\n<li class=\"has-black-color has-text-color has-link-color wp-elements-dbc37f3bcfbe4ea2f948863538eae094\">Hauteur de la lame 27 mm<\/li>\n\n\n\n<li class=\"has-black-color has-text-color has-link-color wp-elements-6675d1799eef539b5e5d0b0bea0a4b3c\">Epaisseur de la lame&nbsp;: 0,9 mm<\/li>\n\n\n\n<li class=\"has-black-color has-text-color has-link-color wp-elements-5c8a4005c41aa98a944fb21a7f37cd02\">Denture : 5\/8 dents par pouce (variable)<\/li>\n<\/ul>\n\n\n\n<figure class=\"wp-block-gallery has-nested-images columns-default is-cropped wp-block-gallery-1 is-layout-flex wp-block-gallery-is-layout-flex\">\n<figure class=\"wp-block-image size-full\"><img loading=\"lazy\" decoding=\"async\" width=\"895\" height=\"870\" data-id=\"3000\" src=\"http:\/\/alexandrewack.fr\/wp-content\/uploads\/2025\/09\/lame.png\" alt=\"\" class=\"wp-image-3000\" srcset=\"http:\/\/alexandrewack.fr\/wp-content\/uploads\/2025\/09\/lame.png 895w, http:\/\/alexandrewack.fr\/wp-content\/uploads\/2025\/09\/lame-300x292.png 300w, http:\/\/alexandrewack.fr\/wp-content\/uploads\/2025\/09\/lame-768x747.png 768w\" sizes=\"auto, (max-width: 895px) 100vw, 895px\" \/><\/figure>\n\n\n\n<figure class=\"wp-block-image size-full\"><img loading=\"lazy\" decoding=\"async\" width=\"558\" height=\"550\" data-id=\"3001\" src=\"http:\/\/alexandrewack.fr\/wp-content\/uploads\/2025\/09\/lame-photo.png\" alt=\"\" class=\"wp-image-3001\" srcset=\"http:\/\/alexandrewack.fr\/wp-content\/uploads\/2025\/09\/lame-photo.png 558w, http:\/\/alexandrewack.fr\/wp-content\/uploads\/2025\/09\/lame-photo-300x296.png 300w\" sizes=\"auto, (max-width: 558px) 100vw, 558px\" \/><\/figure>\n<\/figure>\n\n\n\n<h3 class=\"wp-block-heading has-black-color has-text-color has-link-color wp-elements-bfcbea44c1a7787e4c2e8b44cc7f855a\">Huile de coupe soluble, caract\u00e9ristiques principales<\/h3>\n\n\n\n<ul class=\"wp-block-list\">\n<li class=\"has-black-color has-text-color has-link-color wp-elements-569c61c64c223df25329ec6114e08385\">Huile de coupe soluble \u2013 Bidon de 5 litres<\/li>\n\n\n\n<li class=\"has-black-color has-text-color has-link-color wp-elements-b7fdef134bbd45ec3bb9119bf80d2290\">Dilution recommand\u00e9e : 10 \u00e0 15 % dans l\u2019eau<\/li>\n<\/ul>\n\n\n\n<h2 class=\"wp-block-heading has-black-color has-cyan-bluish-gray-background-color has-text-color has-background has-link-color wp-elements-b9ddcb68d27554f79e36c39c054c35f8\">&#x1f527; Points de maintenance<\/h2>\n\n\n\n<p class=\"has-black-color has-text-color has-link-color wp-elements-d61183d2ee1134d0e7421d7a69ce0ea3\"><strong><u>V\u00e9rifications quotidiennes (avant et apr\u00e8s utilisation)<\/u><\/strong><\/p>\n\n\n\n<ul class=\"wp-block-list\">\n<li class=\"has-black-color has-text-color has-link-color wp-elements-66f1f8598cb75ef3da9e9b88e82a1f7c\">V\u00e9rifier la <strong>tension et l\u2019\u00e9tat de la lame<\/strong> (pas de dents cass\u00e9es, pas de fissures).<\/li>\n\n\n\n<li class=\"has-black-color has-text-color has-link-color wp-elements-e15b172f3fb0b3534c421bc60be5b1bd\">Contr\u00f4ler le <strong>bon serrage de la lame<\/strong> avec le tendeur.<\/li>\n\n\n\n<li class=\"has-black-color has-text-color has-link-color wp-elements-d8956e4eb19acd1123b7e120dd67bab6\">V\u00e9rifier le <strong>fonctionnement des commandes<\/strong> (marche, arr\u00eat, arr\u00eat d\u2019urgence).<\/li>\n\n\n\n<li class=\"has-black-color has-text-color has-link-color wp-elements-3bc2418a6bf3f8091a4f26c3bfcd0987\">Contr\u00f4ler la <strong>pr\u00e9sence et efficacit\u00e9 du liquide de lubrification<\/strong> (niveau, pompe, circulation).<\/li>\n\n\n\n<li class=\"has-black-color has-text-color has-link-color wp-elements-c1f67a56a6f192bfd3e4b79ec521c82a\">Nettoyer la <strong>table de coupe<\/strong> et enlever les copeaux avec une balayette (jamais \u00e0 la main).<\/li>\n<\/ul>\n\n\n\n<p class=\"has-black-color has-text-color has-link-color wp-elements-5829fb97af3f33ba55341473a67f7b9c\"><strong><u>Maintenance hebdomadaire<\/u><\/strong><\/p>\n\n\n\n<ul class=\"wp-block-list\">\n<li class=\"has-black-color has-text-color has-link-color wp-elements-4acf520c14ff03d77d8a788f172d075c\">Contr\u00f4ler le <strong>guidage de lame<\/strong> (roulements et plaquettes carbure) et les nettoyer.<\/li>\n\n\n\n<li class=\"has-black-color has-text-color has-link-color wp-elements-caf97d5565c5e4eee8c945d214baac4c\">V\u00e9rifier le <strong>serrage de l\u2019\u00e9tau<\/strong> et son bon alignement.<\/li>\n\n\n\n<li class=\"has-black-color has-text-color has-link-color wp-elements-f5bd8b97261f36de2ee8cfb13fa8197b\">Inspecter le <strong>circuit de lubrification<\/strong> (tuyaux, buses, fuites \u00e9ventuelles).<\/li>\n\n\n\n<li class=\"has-black-color has-text-color has-link-color wp-elements-f34388b23d0ccac2d4c843719b0c4b0b\">Contr\u00f4ler le <strong>bon \u00e9tat du moteur<\/strong> (bruits anormaux, vibrations).<\/li>\n\n\n\n<li class=\"has-black-color has-text-color has-link-color wp-elements-f0dbc562d7cc602d50ea03f44bf67dd9\">V\u00e9rifier les <strong>volants<\/strong> (poulies de guidage de la lame) : propret\u00e9, absence de d\u00e9p\u00f4ts.<\/li>\n<\/ul>\n\n\n\n<p class=\"has-black-color has-text-color has-link-color wp-elements-987d1d68d9543ef6bdb9054577664492\"><strong><u>Maintenance mensuelle<\/u><\/strong><\/p>\n\n\n\n<ul class=\"wp-block-list\">\n<li class=\"has-black-color has-text-color has-link-color wp-elements-8f31b851d8c6c36626f9f104280362d3\">Graisser les <strong>axes de pivotement<\/strong> de l\u2019archet.<\/li>\n\n\n\n<li class=\"has-black-color has-text-color has-link-color wp-elements-ddf61fe13ab6d4c08e25e06bb030a4e5\">Contr\u00f4ler l\u2019<strong>\u00e9tat du bac de lubrification<\/strong> (nettoyage du fond, \u00e9liminer les d\u00e9p\u00f4ts).<\/li>\n\n\n\n<li class=\"has-black-color has-text-color has-link-color wp-elements-f5503d5e914ed587b406e28f9ec4abfc\">V\u00e9rifier le <strong>syst\u00e8me hydraulique de descente<\/strong> (\u00e9tanch\u00e9it\u00e9, r\u00e9glage de la vitesse de descente).<\/li>\n\n\n\n<li class=\"has-black-color has-text-color has-link-color wp-elements-462ef1611a68bec2715e21aa83e41560\">Tester le <strong>micro-interrupteur de fin de course<\/strong> (arr\u00eat automatique en fin de coupe).<\/li>\n<\/ul>\n\n\n\n<p class=\"has-black-color has-text-color has-link-color wp-elements-6418db7f7a3c2cdccb98e1d00fef535f\"><strong><u>Maintenance annuelle<\/u><\/strong><\/p>\n\n\n\n<ul class=\"wp-block-list\">\n<li class=\"has-black-color has-text-color has-link-color wp-elements-66a29adbb0e151dd523391f1bb515dde\">Vidanger et remplacer le <strong>liquide de lubrification<\/strong>.<\/li>\n\n\n\n<li class=\"has-black-color has-text-color has-link-color wp-elements-e551b7017736da51713b6e5c9ae363f3\">V\u00e9rifier et resserrer toute la <strong>visserie structurelle<\/strong> (archet, b\u00e2ti, \u00e9tau).<\/li>\n\n\n\n<li class=\"has-black-color has-text-color has-link-color wp-elements-db1f30b0dc57a0f2d03dcff168657e54\">Changer les <strong>roulements de guidage de lame<\/strong> si us\u00e9s.<\/li>\n\n\n\n<li class=\"has-black-color has-text-color has-link-color wp-elements-235ae47855a25bddead7b0524c2481b6\">V\u00e9rifier le <strong>c\u00e2blage \u00e9lectrique<\/strong> et l\u2019armoire de commande.<\/li>\n\n\n\n<li class=\"has-black-color has-text-color has-link-color wp-elements-bb92c8c3efefd1baf5d027f649ff9da7\">Contr\u00f4ler l\u2019\u00e9tat du <strong>moteur \u00e9lectrique<\/strong> et du r\u00e9ducteur.<\/li>\n<\/ul>\n\n\n\n<p class=\"has-black-color has-text-color has-link-color wp-elements-a0e4fb8e1d958fea7498f6344b2b6d6b\"><strong>R<u>\u00e8gles g\u00e9n\u00e9rales<\/u><\/strong><\/p>\n\n\n\n<ul class=\"wp-block-list\">\n<li class=\"has-black-color has-text-color has-link-color wp-elements-1306f3ddc4ecbb1074f16ad204aa0f23\">Toujours couper l\u2019alimentation avant toute intervention.<\/li>\n\n\n\n<li class=\"has-black-color has-text-color has-link-color wp-elements-381016ac02c06d9552f9e0f26bcd4488\">Seul un personnel form\u00e9 (enseignant\/technicien) r\u00e9alise la maintenance lourde.<\/li>\n<\/ul>\n\n\n\n<p class=\"has-pale-pink-color has-text-color has-link-color wp-elements-8bc41d835b49bbd0f6f88277b7231ecd\">Les \u00e9l\u00e8ves ne font que les <strong>contr\u00f4les visuels simples<\/strong> (lame, propret\u00e9, lubrifiant)<\/p>\n\n\n\n<p><\/p>\n","protected":false},"excerpt":{"rendered":"<p>Les points cl\u00e9s pour travailler en s\u00e9curit\u00e9 Utiliser les EPI suivants : Pr\u00e9sentation de la machine Risques principaux Consignes de s\u00e9curit\u00e9 lors des op\u00e9rations de d\u00e9coupe. Avant la coupe : Pendant la coupe Apr\u00e8s la coupe : INTERDICTIONS EN CAS D\u2019INCIDENT NOMENCLATURE SCIE A RUBAN Angle de coupe de la scie \u00e0 ruban FMB : [&hellip;]<\/p>\n","protected":false},"author":1,"featured_media":2997,"parent":1275,"menu_order":0,"comment_status":"closed","ping_status":"closed","template":"","meta":{"footnotes":""},"class_list":["post-2996","page","type-page","status-publish","has-post-thumbnail","hentry"],"_links":{"self":[{"href":"http:\/\/alexandrewack.fr\/index.php?rest_route=\/wp\/v2\/pages\/2996","targetHints":{"allow":["GET"]}}],"collection":[{"href":"http:\/\/alexandrewack.fr\/index.php?rest_route=\/wp\/v2\/pages"}],"about":[{"href":"http:\/\/alexandrewack.fr\/index.php?rest_route=\/wp\/v2\/types\/page"}],"author":[{"embeddable":true,"href":"http:\/\/alexandrewack.fr\/index.php?rest_route=\/wp\/v2\/users\/1"}],"replies":[{"embeddable":true,"href":"http:\/\/alexandrewack.fr\/index.php?rest_route=%2Fwp%2Fv2%2Fcomments&post=2996"}],"version-history":[{"count":7,"href":"http:\/\/alexandrewack.fr\/index.php?rest_route=\/wp\/v2\/pages\/2996\/revisions"}],"predecessor-version":[{"id":3009,"href":"http:\/\/alexandrewack.fr\/index.php?rest_route=\/wp\/v2\/pages\/2996\/revisions\/3009"}],"up":[{"embeddable":true,"href":"http:\/\/alexandrewack.fr\/index.php?rest_route=\/wp\/v2\/pages\/1275"}],"wp:featuredmedia":[{"embeddable":true,"href":"http:\/\/alexandrewack.fr\/index.php?rest_route=\/wp\/v2\/media\/2997"}],"wp:attachment":[{"href":"http:\/\/alexandrewack.fr\/index.php?rest_route=%2Fwp%2Fv2%2Fmedia&parent=2996"}],"curies":[{"name":"wp","href":"https:\/\/api.w.org\/{rel}","templated":true}]}}