{"id":2897,"date":"2023-09-11T07:55:57","date_gmt":"2023-09-11T07:55:57","guid":{"rendered":"http:\/\/alexandrewack.fr\/?page_id=2897"},"modified":"2023-09-11T08:29:30","modified_gmt":"2023-09-11T08:29:30","slug":"loutillage-de-base","status":"publish","type":"page","link":"http:\/\/alexandrewack.fr\/?page_id=2897","title":{"rendered":"Limes et scie:"},"content":{"rendered":"\n<h2 class=\"wp-block-heading has-black-color has-pale-cyan-blue-background-color has-text-color has-background\">Les limes : <\/h2>\n\n\n\n<p class=\"has-black-color has-text-color\"><strong>D\u00e9finition<\/strong><\/p>\n\n\n\n<p class=\"has-black-color has-text-color\">Le limage est un proc\u00e9d\u00e9 de coupe superficiel dont l\u2019enl\u00e8vement de copeaux se fait \u00e0 l\u2019aide des taillants (dents de la lime).<br><\/p>\n\n\n\n<p class=\"has-black-color has-text-color\"><strong>Description de la lime<\/strong><\/p>\n\n\n\n<p class=\"has-black-color has-text-color\">La lime en acier tremp\u00e9, dont les faces portent des taillants au burin et qui travaille par enl\u00e8vement de copeaux. L\u2019enl\u00e8vement des copeaux d\u00e9pend<\/p>\n\n\n\n<p class=\"has-black-color has-text-color\">* du genre des tailles et des stries de la lime<br>* de la position des dents<br>* des dimensions et des formes de la lime<\/p>\n\n\n<div class=\"wp-block-image\">\n<figure class=\"aligncenter size-full is-resized\"><img loading=\"lazy\" decoding=\"async\" src=\"http:\/\/alexandrewack.fr\/wp-content\/uploads\/2023\/09\/1006027-Types_de_limes.jpg\" alt=\"\" class=\"wp-image-2903\" style=\"width:324px;height:443px\" width=\"324\" height=\"443\" srcset=\"http:\/\/alexandrewack.fr\/wp-content\/uploads\/2023\/09\/1006027-Types_de_limes.jpg 293w, http:\/\/alexandrewack.fr\/wp-content\/uploads\/2023\/09\/1006027-Types_de_limes-220x300.jpg 220w\" sizes=\"auto, (max-width: 324px) 100vw, 324px\" \/><\/figure>\n<\/div>\n\n<div class=\"wp-block-image\">\n<figure class=\"aligncenter size-large is-resized\"><img loading=\"lazy\" decoding=\"async\" src=\"http:\/\/alexandrewack.fr\/wp-content\/uploads\/2023\/09\/lime-Wack-1024x946.jpg\" alt=\"\" class=\"wp-image-2913\" style=\"width:460px;height:425px\" width=\"460\" height=\"425\" srcset=\"http:\/\/alexandrewack.fr\/wp-content\/uploads\/2023\/09\/lime-Wack-1024x946.jpg 1024w, http:\/\/alexandrewack.fr\/wp-content\/uploads\/2023\/09\/lime-Wack-300x277.jpg 300w, http:\/\/alexandrewack.fr\/wp-content\/uploads\/2023\/09\/lime-Wack-768x709.jpg 768w, http:\/\/alexandrewack.fr\/wp-content\/uploads\/2023\/09\/lime-Wack.jpg 1141w\" sizes=\"auto, (max-width: 460px) 100vw, 460px\" \/><\/figure>\n<\/div>\n\n\n<blockquote class=\"wp-block-quote has-black-color has-text-color is-layout-flow wp-block-quote-is-layout-flow\">\n<p class=\"has-black-color has-pale-cyan-blue-background-color has-text-color has-background\"><strong><em>Diff\u00e9rentes formes : <\/em><\/strong><\/p>\n<cite><strong>Plate:<\/strong> <strong>Une lime plate<\/strong> est de section&nbsp;rectangulaire&nbsp;avec une&nbsp;hauteur&nbsp;d&rsquo;environ 1\/5 de la&nbsp;largeur. Seules les faces correspondant aux largeurs sont \u00e9quip\u00e9s d&rsquo;une&nbsp;r\u00e2pe. <br><strong>La lime est b\u00e2tarde<\/strong> quand elle poss\u00e8de 10 dents\/cm<br><strong>Carr\u00e9e<\/strong> :Une lime carr\u00e9e est de section&nbsp;carr\u00e9e. Toutes les faces sont \u00e9quip\u00e9es d&rsquo;une r\u00e2pe.<br><strong>Demi-ron<\/strong> Une lime demi-ronde poss\u00e8de une section en&nbsp;arc&nbsp;de&nbsp;cercle, la face courbe comme la face plate sont \u00e9quip\u00e9es de r\u00e2pes.<br><strong>Ronde<\/strong> La section d&rsquo;une lime ronde est un disque allant en s&rsquo;amincissant vers l&rsquo;extr\u00e9mit\u00e9 oppos\u00e9e au manche.<br><strong>Queue de ra<\/strong>t<br>Le terme \u00ab&nbsp;queue de rat&nbsp;\u00bb est le nom donn\u00e9 \u00e0 une lime de finition de section ronde. Son nom vient de sa forme qui associ\u00e9 \u00e0 son aspect de surface rappelle fortement une queue de&nbsp;rat.<br><br><strong>Les limes peuvent \u00eatre class\u00e9es en quatre cat\u00e9gories correspondant \u00e0 quatre types de travaux&nbsp;:<\/strong><br><br><br><strong>D\u00e9grossisseuse<\/strong>, elles permettent un travail grossier et rapide, d&rsquo;\u00e9bauche.<br><strong>Moyennes<\/strong>, pour effectuer le gros du travail.<br><strong>Finisseuses<\/strong>, elles sont utilis\u00e9es uniquement pour parfaire le travail.<br><strong>Aiguille<\/strong>s, de petite taille, elles permettent de travailler l&rsquo;ajustage de petites pi\u00e8ces ou dans les petits recoins.<\/cite><\/blockquote>\n\n\n<div class=\"wp-block-image\">\n<figure class=\"aligncenter size-full is-resized\"><img loading=\"lazy\" decoding=\"async\" src=\"http:\/\/alexandrewack.fr\/wp-content\/uploads\/2023\/09\/lime-2.jpg\" alt=\"\" class=\"wp-image-2902\" style=\"width:294px;height:222px\" width=\"294\" height=\"222\" srcset=\"http:\/\/alexandrewack.fr\/wp-content\/uploads\/2023\/09\/lime-2.jpg 375w, http:\/\/alexandrewack.fr\/wp-content\/uploads\/2023\/09\/lime-2-300x226.jpg 300w\" sizes=\"auto, (max-width: 294px) 100vw, 294px\" \/><\/figure>\n<\/div>\n\n\n<figure class=\"wp-block-embed aligncenter is-type-video is-provider-youtube wp-block-embed-youtube wp-embed-aspect-16-9 wp-has-aspect-ratio\"><div class=\"wp-block-embed__wrapper\">\n<iframe loading=\"lazy\" title=\"Les limes de m\u00e9canicien ajusteur  L&#039;outillage n\u00e9cessaire au serrurier m\u00e9tallier  Ajustage et limage\" width=\"690\" height=\"388\" src=\"https:\/\/www.youtube.com\/embed\/Tj3Rey1jsxY?feature=oembed\" frameborder=\"0\" allow=\"accelerometer; autoplay; clipboard-write; encrypted-media; gyroscope; picture-in-picture; web-share\" allowfullscreen><\/iframe>\n<\/div><\/figure>\n\n\n\n<h2 class=\"wp-block-heading has-black-color has-vivid-cyan-blue-background-color has-text-color has-background\"><strong>Les scies : <\/strong><\/h2>\n\n\n\n<p><strong>Description<\/strong><\/p>\n\n\n\n<p class=\"has-black-color has-text-color\">La scie \u00e0 m\u00e9taux est un&nbsp;outil&nbsp;qui poss\u00e8de une&nbsp;denture&nbsp;tr\u00e8s fine. Contrairement aux scies \u00e0 bois, la lame est habituellement accroch\u00e9e aux deux extr\u00e9mit\u00e9s pour \u00eatre bien tendue, afin de faciliter la d\u00e9coupe. La&nbsp;lame&nbsp;est interchangeable car elle s&rsquo;use plus vite que dans le cas du bois, et une lame \u00e0 denture plus ou moins fine doit \u00eatre utilis\u00e9e selon le m\u00e9tal \u00e0 d\u00e9couper.<\/p>\n\n\n<div class=\"wp-block-image\">\n<figure class=\"aligncenter size-full is-resized\"><img loading=\"lazy\" decoding=\"async\" src=\"http:\/\/alexandrewack.fr\/wp-content\/uploads\/2023\/09\/monture-de-scie-a-metaux-facom-601pb-P-6145579-50985504_1.jpg\" alt=\"\" class=\"wp-image-2910\" style=\"width:270px;height:270px\" width=\"270\" height=\"270\" srcset=\"http:\/\/alexandrewack.fr\/wp-content\/uploads\/2023\/09\/monture-de-scie-a-metaux-facom-601pb-P-6145579-50985504_1.jpg 470w, http:\/\/alexandrewack.fr\/wp-content\/uploads\/2023\/09\/monture-de-scie-a-metaux-facom-601pb-P-6145579-50985504_1-300x300.jpg 300w, http:\/\/alexandrewack.fr\/wp-content\/uploads\/2023\/09\/monture-de-scie-a-metaux-facom-601pb-P-6145579-50985504_1-290x290.jpg 290w\" sizes=\"auto, (max-width: 270px) 100vw, 270px\" \/><\/figure>\n<\/div>\n\n<div class=\"wp-block-image\">\n<figure class=\"aligncenter size-full is-resized\"><img loading=\"lazy\" decoding=\"async\" src=\"http:\/\/alexandrewack.fr\/wp-content\/uploads\/2023\/09\/lame-de-scie-a-metaux-carte-2-lames-rubis-hss-moly-10-dents-stanley-0-15-906.jpg\" alt=\"\" class=\"wp-image-2906\" style=\"width:247px;height:247px\" width=\"247\" height=\"247\" srcset=\"http:\/\/alexandrewack.fr\/wp-content\/uploads\/2023\/09\/lame-de-scie-a-metaux-carte-2-lames-rubis-hss-moly-10-dents-stanley-0-15-906.jpg 458w, http:\/\/alexandrewack.fr\/wp-content\/uploads\/2023\/09\/lame-de-scie-a-metaux-carte-2-lames-rubis-hss-moly-10-dents-stanley-0-15-906-300x300.jpg 300w, http:\/\/alexandrewack.fr\/wp-content\/uploads\/2023\/09\/lame-de-scie-a-metaux-carte-2-lames-rubis-hss-moly-10-dents-stanley-0-15-906-290x290.jpg 290w\" sizes=\"auto, (max-width: 247px) 100vw, 247px\" \/><\/figure>\n<\/div>\n\n\n<figure class=\"wp-block-embed is-type-video is-provider-youtube wp-block-embed-youtube wp-embed-aspect-16-9 wp-has-aspect-ratio\"><div class=\"wp-block-embed__wrapper\">\n<iframe loading=\"lazy\" title=\"Scie \u00e0 m\u00e9taux. Outillage pour le travail du m\u00e9tal. Montage lame de scie \u00e0 m\u00e9taux. Choix denture lame\" width=\"690\" height=\"388\" src=\"https:\/\/www.youtube.com\/embed\/pCrArM3v41g?feature=oembed\" frameborder=\"0\" allow=\"accelerometer; autoplay; clipboard-write; encrypted-media; gyroscope; picture-in-picture; web-share\" allowfullscreen><\/iframe>\n<\/div><\/figure>\n","protected":false},"excerpt":{"rendered":"<p>Les limes : D\u00e9finition Le limage est un proc\u00e9d\u00e9 de coupe superficiel dont l\u2019enl\u00e8vement de copeaux se fait \u00e0 l\u2019aide des taillants (dents de la lime). Description de la lime La lime en acier tremp\u00e9, dont les faces portent des taillants au burin et qui travaille par enl\u00e8vement de copeaux. L\u2019enl\u00e8vement des copeaux d\u00e9pend * [&hellip;]<\/p>\n","protected":false},"author":1,"featured_media":0,"parent":1277,"menu_order":1,"comment_status":"closed","ping_status":"closed","template":"","meta":{"footnotes":""},"class_list":["post-2897","page","type-page","status-publish","hentry"],"_links":{"self":[{"href":"http:\/\/alexandrewack.fr\/index.php?rest_route=\/wp\/v2\/pages\/2897","targetHints":{"allow":["GET"]}}],"collection":[{"href":"http:\/\/alexandrewack.fr\/index.php?rest_route=\/wp\/v2\/pages"}],"about":[{"href":"http:\/\/alexandrewack.fr\/index.php?rest_route=\/wp\/v2\/types\/page"}],"author":[{"embeddable":true,"href":"http:\/\/alexandrewack.fr\/index.php?rest_route=\/wp\/v2\/users\/1"}],"replies":[{"embeddable":true,"href":"http:\/\/alexandrewack.fr\/index.php?rest_route=%2Fwp%2Fv2%2Fcomments&post=2897"}],"version-history":[{"count":10,"href":"http:\/\/alexandrewack.fr\/index.php?rest_route=\/wp\/v2\/pages\/2897\/revisions"}],"predecessor-version":[{"id":2915,"href":"http:\/\/alexandrewack.fr\/index.php?rest_route=\/wp\/v2\/pages\/2897\/revisions\/2915"}],"up":[{"embeddable":true,"href":"http:\/\/alexandrewack.fr\/index.php?rest_route=\/wp\/v2\/pages\/1277"}],"wp:attachment":[{"href":"http:\/\/alexandrewack.fr\/index.php?rest_route=%2Fwp%2Fv2%2Fmedia&parent=2897"}],"curies":[{"name":"wp","href":"https:\/\/api.w.org\/{rel}","templated":true}]}}