{"id":280,"date":"2012-03-26T20:32:24","date_gmt":"2012-03-26T20:32:24","guid":{"rendered":"http:\/\/alexandrewack.fr\/?page_id=280"},"modified":"2015-10-05T10:08:22","modified_gmt":"2015-10-05T10:08:22","slug":"le-cintrage","status":"publish","type":"page","link":"http:\/\/alexandrewack.fr\/?page_id=280","title":{"rendered":"Le Roulage et Cintrage"},"content":{"rendered":"<h1 style=\"text-align: center;\">Le Cintrage<\/h1>\n<p>Le\u00a0<strong>cintrage<\/strong>\u00a0est un proc\u00e9d\u00e9 m\u00e9canique de d\u00e9formation d&rsquo;un tube ou d&rsquo;une barre, suivant un rayon et un angle avec une\u00a0cintreuse. Le terme cintrage est aussi utilis\u00e9 pour d\u00e9signer globalement la transformation d&rsquo;un produit cintr\u00e9. Il existe plusieurs techniques\u00a0: par enroulement, par pouss\u00e9e, par roulage et par emboutissage.<\/p>\n<h2>M\u00e9thodes<\/h2>\n<p>Il faut distinguer le cintrage \u00ab\u00a0\u00e0 chaud\u00a0\u00bb, m\u00e9thode artisanale ou r\u00e9alis\u00e9e par induction, du cintrage \u00ab\u00a0\u00e0 froid\u00a0\u00bb, la m\u00e9thode industrielle. Dans l&rsquo;industrie mondiale, on utilise essentiellement le cintrage \u00e0 froid. Cette op\u00e9ration de d\u00e9formation est r\u00e9alis\u00e9e sur des machines de tr\u00e8s haute technologie, certaines \u00e9tant \u00e9quip\u00e9es de 13 axes num\u00e9riques.<\/p>\n<h2>Description<\/h2>\n<p>Lorsque l&rsquo;on cintre un tube, la paroi ext\u00e9rieure s&rsquo;amincit (on l&rsquo;appelle l&rsquo;extrados). La mati\u00e8re s&rsquo;allonge et perd de l&rsquo;\u00e9paisseur. Tous les tubes ne sont pas cintrables; la mati\u00e8re doit pr\u00e9senter un pourcentage d&rsquo;allongement suffisant. Au contraire de l&rsquo;extrados, la paroi int\u00e9rieure (appel\u00e9e intrados) s&rsquo;\u00e9paissit par compression de la mati\u00e8re. Ce ph\u00e9nom\u00e8ne peut conduire \u00e0 l&rsquo;apparition de plis dans le cintre\u00a0; c&rsquo;est un des d\u00e9fauts les plus courants. Pour limiter la diminution d&rsquo;\u00e9paisseur, on peut utiliser une pouss\u00e9e sur l&rsquo;arri\u00e8re du tube (on parle de booster). Cette pratique est particuli\u00e8rement utilis\u00e9e en rayon court ou en grand diam\u00e8tre. Pour limiter les plis, on utilise un \u00ab\u00a0efface plis\u00a0\u00bb ou \u00ab\u00a0sabot lisseur\u00a0\u00bb qui vient appuyer sur la zone int\u00e9rieure du tube pendant le cintrage.<\/p>\n<p><strong>vid\u00e9o\u00a0sur le cintrage de profil\u00e9s:\u00a0<\/strong><br \/>\n<iframe loading=\"lazy\" src=\"http:\/\/www.youtube.com\/embed\/HV7WRqkpuE0?rel=0\" width=\"560\" height=\"315\" frameborder=\"0\"><\/iframe><\/p>\n<h2><strong>Les calculs:\u00a0<\/strong><\/h2>\n<p><a href=\"http:\/\/alexandrewack.fr\/wp-content\/uploads\/2012\/03\/FN2.jpg\">l<\/a>es fibres qui sont \u00e0 l\u2019ext\u00e9rieurs s\u2019allongent, alors que celles qui sont \u00e0 l\u2019int\u00e9rieur sont comprim\u00e9es et se raccourcissent\u00a0; il existe un ligne qui reste constante lors du pliage et qui d\u00e9limite ses deux zones, la fibre neutre est celle qui ne subit ni allongement ni compression. Sa longueur sera consid\u00e9r\u00e9 comme \u00e9tant la longueur d\u00e9velopp\u00e9e de la pi\u00e8ce.<a href=\"http:\/\/alexandrewack.fr\/wp-content\/uploads\/2012\/03\/FN2.jpg\"><img loading=\"lazy\" decoding=\"async\" class=\"aligncenter size-medium wp-image-284\" title=\"FN\" src=\"http:\/\/alexandrewack.fr\/wp-content\/uploads\/2012\/03\/FN2-300x147.jpg\" alt=\"\" width=\"300\" height=\"147\" srcset=\"http:\/\/alexandrewack.fr\/wp-content\/uploads\/2012\/03\/FN2-300x147.jpg 300w, http:\/\/alexandrewack.fr\/wp-content\/uploads\/2012\/03\/FN2.jpg 924w\" sizes=\"auto, (max-width: 300px) 100vw, 300px\" \/><\/a><\/p>\n<p>&nbsp;<\/p>\n<ul>\n<li>\n<h3><span style=\"text-decoration: underline;\">Lorsque l\u2019on effectue un cintrage de tube ou de t\u00f4le:\u00a0<\/span><\/h3>\n<\/li>\n<\/ul>\n<p>On consid\u00e8re que la fibre neutre est la base de r\u00e9f\u00e9rence pour calculer le p\u00e9rim\u00e8tre du cercle .Ainsi, la formule pour calculer la longueur d\u00e9velopp\u00e9e d\u2019un cintrage complet est\u00a0:<\/p>\n<h3 style=\"text-align: center;\">LD = \u03c0 x Diam\u00e8tre fibre neutre<\/h3>\n<h3 style=\"text-align: center;\">Ou<\/h3>\n<h3 style=\"text-align: center;\">LD = 2 x \u03c0 x Rayon fibre neutre<\/h3>\n<p>&nbsp;<\/p>\n<ul>\n<li>\n<h3><span style=\"text-decoration: underline;\">Lorsque le cintrage n\u2019est pas complet, on utilise la formule suivante\u00a0:<\/span><\/h3>\n<\/li>\n<\/ul>\n<h3 style=\"text-align: center;\">LD = <span style=\"text-decoration: underline;\">\u03c0 x \u00d8<\/span><span style=\"text-decoration: underline;\">FN <\/span><span style=\"text-decoration: underline;\">x \u03b1<\/span><\/h3>\n<h3 style=\"text-align: center;\">\u00a0\u00a0\u00a0 360<\/h3>\n<p style=\"text-align: right;\">Nota\u00a0: \u03b1 =\u00a0 360\u00b0 &#8211; l\u2019angle du cercle ouvert<\/p>\n<h3 style=\"text-align: left;\">Roulage de T\u00f4les \u00e9paisses:<\/h3>\n<p><iframe loading=\"lazy\" src=\"http:\/\/www.youtube.com\/embed\/nCGkjzwx-Wc?rel=0\" width=\"560\" height=\"315\" frameborder=\"0\"><\/iframe><\/p>\n<h3 style=\"text-align: left;\">R\u00e9alisation d&rsquo;un tronc de c\u00f4ne:<\/h3>\n<p><iframe loading=\"lazy\" src=\"http:\/\/www.youtube.com\/embed\/ekicY_oNE7I?rel=0\" width=\"420\" height=\"315\" frameborder=\"0\"><\/iframe><\/p>\n","protected":false},"excerpt":{"rendered":"<p>Le Cintrage Le\u00a0cintrage\u00a0est un proc\u00e9d\u00e9 m\u00e9canique de d\u00e9formation d&rsquo;un tube ou d&rsquo;une barre, suivant un rayon et un angle avec une\u00a0cintreuse. Le terme cintrage est aussi utilis\u00e9 pour d\u00e9signer globalement la transformation d&rsquo;un produit cintr\u00e9. Il existe plusieurs techniques\u00a0: par enroulement, par pouss\u00e9e, par roulage et par emboutissage. M\u00e9thodes Il faut distinguer le cintrage \u00ab\u00a0\u00e0 [&hellip;]<\/p>\n","protected":false},"author":1,"featured_media":0,"parent":75,"menu_order":7,"comment_status":"open","ping_status":"open","template":"","meta":{"footnotes":""},"class_list":["post-280","page","type-page","status-publish","hentry"],"_links":{"self":[{"href":"http:\/\/alexandrewack.fr\/index.php?rest_route=\/wp\/v2\/pages\/280","targetHints":{"allow":["GET"]}}],"collection":[{"href":"http:\/\/alexandrewack.fr\/index.php?rest_route=\/wp\/v2\/pages"}],"about":[{"href":"http:\/\/alexandrewack.fr\/index.php?rest_route=\/wp\/v2\/types\/page"}],"author":[{"embeddable":true,"href":"http:\/\/alexandrewack.fr\/index.php?rest_route=\/wp\/v2\/users\/1"}],"replies":[{"embeddable":true,"href":"http:\/\/alexandrewack.fr\/index.php?rest_route=%2Fwp%2Fv2%2Fcomments&post=280"}],"version-history":[{"count":17,"href":"http:\/\/alexandrewack.fr\/index.php?rest_route=\/wp\/v2\/pages\/280\/revisions"}],"predecessor-version":[{"id":1510,"href":"http:\/\/alexandrewack.fr\/index.php?rest_route=\/wp\/v2\/pages\/280\/revisions\/1510"}],"up":[{"embeddable":true,"href":"http:\/\/alexandrewack.fr\/index.php?rest_route=\/wp\/v2\/pages\/75"}],"wp:attachment":[{"href":"http:\/\/alexandrewack.fr\/index.php?rest_route=%2Fwp%2Fv2%2Fmedia&parent=280"}],"curies":[{"name":"wp","href":"https:\/\/api.w.org\/{rel}","templated":true}]}}