{"id":2779,"date":"2021-11-11T19:04:04","date_gmt":"2021-11-11T19:04:04","guid":{"rendered":"http:\/\/alexandrewack.fr\/?page_id=2779"},"modified":"2021-11-11T22:13:18","modified_gmt":"2021-11-11T22:13:18","slug":"les-ordinateurs","status":"publish","type":"page","link":"http:\/\/alexandrewack.fr\/?page_id=2779","title":{"rendered":"Les ordinateurs."},"content":{"rendered":"\n<p class=\"has-black-color has-cyan-bluish-gray-background-color has-text-color has-background has-medium-font-size\">01. <strong>D\u00e9finition<\/strong><\/p>\n\n\n\n<p class=\"has-black-color has-text-color\">Un&nbsp;<strong>ordinateur<\/strong>&nbsp;est un&nbsp;syst\u00e8me de<a href=\"https:\/\/fr.wikipedia.org\/wiki\/Syst%C3%A8me_de_traitement_de_l%27information\"> <\/a>traitement de l&rsquo;information&nbsp;programmable&nbsp;tel que&nbsp;d\u00e9fini par Alan Turing&nbsp;et qui fonctionne par la lecture s\u00e9quentielle d&rsquo;un ensemble d&rsquo;instructions, organis\u00e9es en&nbsp;programmes, qui lui font ex\u00e9cuter des op\u00e9rations logique et&nbsp;arithm\u00e9tiques. Sa structure physique actuelle fait que toutes les op\u00e9rations reposent sur la&nbsp;logique binaire.<\/p>\n\n\n\n<div class=\"wp-block-image\"><figure class=\"aligncenter size-full is-resized\"><img loading=\"lazy\" decoding=\"async\" src=\"http:\/\/alexandrewack.fr\/wp-content\/uploads\/2021\/11\/binaire.png\" alt=\"\" class=\"wp-image-2780\" width=\"169\" height=\"208\"\/><\/figure><\/div>\n\n\n\n<p class=\"has-black-color has-text-color\">D\u00e8s sa mise sous tension, un ordinateur ex\u00e9cute, l&rsquo;une apr\u00e8s l&rsquo;autre, des instructions qui lui font lire, manipuler, puis r\u00e9\u00e9crire un ensemble de donn\u00e9es.   <\/p>\n\n\n\n<div class=\"wp-block-image\"><figure class=\"aligncenter size-full is-resized\"><img loading=\"lazy\" decoding=\"async\" src=\"http:\/\/alexandrewack.fr\/wp-content\/uploads\/2021\/11\/ex-binaire-1.jpeg\" alt=\"\" class=\"wp-image-2782\" width=\"262\" height=\"147\"\/><\/figure><\/div>\n\n\n\n<p class=\"has-black-color has-cyan-bluish-gray-background-color has-text-color has-background has-medium-font-size\"><strong>02. L&rsquo;histoire des ordinateurs<\/strong>: <\/p>\n\n\n\n<p class=\"has-text-align-left\">L&rsquo;<strong>histoire des&nbsp;ordinateurs<\/strong>&nbsp;commence au milieu du&nbsp;<strong>xx<sup>e<\/sup>&nbsp;<\/strong>si\u00e8cle. <br>Si les premiers&nbsp;ordinateurs&nbsp;ont \u00e9t\u00e9 r\u00e9alis\u00e9s apr\u00e8s la&nbsp;Seconde Guerre mondiale, leur&nbsp;conception&nbsp;repose sur le r\u00e9sultat de divers prototypes tels que l&rsquo;<a rel=\"noreferrer noopener\" href=\"https:\/\/fr.wikipedia.org\/wiki\/Harvard_Mark_I\" target=\"_blank\">Harvard Mark I<\/a> ou le<a rel=\"noreferrer noopener\" href=\"https:\/\/fr.wikipedia.org\/wiki\/Zuse_3#\/media\/Fichier:Z3_Deutsches_Museum.JPG\" target=\"_blank\"> Z3&nbsp;<\/a>des machines \u00e9lectrom\u00e9caniques programmables commenc\u00e9es en 1939.<br>(Sources Wikip\u00e9dia)<\/p>\n\n\n\n<figure class=\"wp-block-gallery columns-3 is-cropped wp-block-gallery-1 is-layout-flex wp-block-gallery-is-layout-flex\"><ul class=\"blocks-gallery-grid\"><li class=\"blocks-gallery-item\"><figure><img loading=\"lazy\" decoding=\"async\" width=\"1024\" height=\"684\" src=\"http:\/\/alexandrewack.fr\/wp-content\/uploads\/2021\/11\/Harvard_Mark_I_Computer_-_Right_Segment-1024x684.jpeg\" alt=\"\" data-id=\"2788\" class=\"wp-image-2788\" srcset=\"http:\/\/alexandrewack.fr\/wp-content\/uploads\/2021\/11\/Harvard_Mark_I_Computer_-_Right_Segment-1024x684.jpeg 1024w, http:\/\/alexandrewack.fr\/wp-content\/uploads\/2021\/11\/Harvard_Mark_I_Computer_-_Right_Segment-300x200.jpeg 300w, http:\/\/alexandrewack.fr\/wp-content\/uploads\/2021\/11\/Harvard_Mark_I_Computer_-_Right_Segment-768x513.jpeg 768w, http:\/\/alexandrewack.fr\/wp-content\/uploads\/2021\/11\/Harvard_Mark_I_Computer_-_Right_Segment-1536x1025.jpeg 1536w, http:\/\/alexandrewack.fr\/wp-content\/uploads\/2021\/11\/Harvard_Mark_I_Computer_-_Right_Segment-2048x1367.jpeg 2048w, http:\/\/alexandrewack.fr\/wp-content\/uploads\/2021\/11\/Harvard_Mark_I_Computer_-_Right_Segment-387x260.jpeg 387w\" sizes=\"auto, (max-width: 1024px) 100vw, 1024px\" \/><figcaption class=\"blocks-gallery-item__caption\">OLYMPUS DIGITAL CAMERA<\/figcaption><\/figure><\/li><li class=\"blocks-gallery-item\"><figure><img loading=\"lazy\" decoding=\"async\" width=\"1024\" height=\"783\" src=\"http:\/\/alexandrewack.fr\/wp-content\/uploads\/2021\/11\/eniac-1024x783-1.jpeg\" alt=\"\" data-id=\"2792\" data-full-url=\"http:\/\/alexandrewack.fr\/wp-content\/uploads\/2021\/11\/eniac-1024x783-1.jpeg\" data-link=\"http:\/\/alexandrewack.fr\/?attachment_id=2792\" class=\"wp-image-2792\" srcset=\"http:\/\/alexandrewack.fr\/wp-content\/uploads\/2021\/11\/eniac-1024x783-1.jpeg 1024w, http:\/\/alexandrewack.fr\/wp-content\/uploads\/2021\/11\/eniac-1024x783-1-300x229.jpeg 300w, http:\/\/alexandrewack.fr\/wp-content\/uploads\/2021\/11\/eniac-1024x783-1-768x587.jpeg 768w\" sizes=\"auto, (max-width: 1024px) 100vw, 1024px\" \/><\/figure><\/li><li class=\"blocks-gallery-item\"><figure><img loading=\"lazy\" decoding=\"async\" width=\"1024\" height=\"768\" src=\"http:\/\/alexandrewack.fr\/wp-content\/uploads\/2021\/11\/Z3_Deutsches_Museum-1024x768.jpeg\" alt=\"\" data-id=\"2789\" data-link=\"http:\/\/alexandrewack.fr\/?attachment_id=2789\" class=\"wp-image-2789\" srcset=\"http:\/\/alexandrewack.fr\/wp-content\/uploads\/2021\/11\/Z3_Deutsches_Museum-1024x768.jpeg 1024w, http:\/\/alexandrewack.fr\/wp-content\/uploads\/2021\/11\/Z3_Deutsches_Museum-300x225.jpeg 300w, http:\/\/alexandrewack.fr\/wp-content\/uploads\/2021\/11\/Z3_Deutsches_Museum-768x576.jpeg 768w, http:\/\/alexandrewack.fr\/wp-content\/uploads\/2021\/11\/Z3_Deutsches_Museum-1536x1152.jpeg 1536w, http:\/\/alexandrewack.fr\/wp-content\/uploads\/2021\/11\/Z3_Deutsches_Museum.jpeg 1600w\" sizes=\"auto, (max-width: 1024px) 100vw, 1024px\" \/><\/figure><\/li><\/ul><\/figure>\n\n\n\n<p class=\"has-black-color has-cyan-bluish-gray-background-color has-text-color has-background has-medium-font-size\"><strong>Les Premier PC<\/strong><br>(L&rsquo;ordinateur personnel (en anglais : personal computer ou PC)<\/p>\n\n\n\n<div class=\"wp-block-image is-style-rounded\"><figure class=\"aligncenter size-large is-resized\"><img loading=\"lazy\" decoding=\"async\" src=\"http:\/\/alexandrewack.fr\/wp-content\/uploads\/2021\/11\/1-er-ordinateur-PC-1024x683.jpeg\" alt=\"\" class=\"wp-image-2797\" width=\"183\" height=\"122\" srcset=\"http:\/\/alexandrewack.fr\/wp-content\/uploads\/2021\/11\/1-er-ordinateur-PC-1024x683.jpeg 1024w, http:\/\/alexandrewack.fr\/wp-content\/uploads\/2021\/11\/1-er-ordinateur-PC-300x200.jpeg 300w, http:\/\/alexandrewack.fr\/wp-content\/uploads\/2021\/11\/1-er-ordinateur-PC-768x512.jpeg 768w, http:\/\/alexandrewack.fr\/wp-content\/uploads\/2021\/11\/1-er-ordinateur-PC-1536x1024.jpeg 1536w, http:\/\/alexandrewack.fr\/wp-content\/uploads\/2021\/11\/1-er-ordinateur-PC-387x260.jpeg 387w, http:\/\/alexandrewack.fr\/wp-content\/uploads\/2021\/11\/1-er-ordinateur-PC.jpeg 1980w\" sizes=\"auto, (max-width: 183px) 100vw, 183px\" \/><figcaption>1964<\/figcaption><\/figure><\/div>\n\n\n\n<div class=\"wp-block-image is-style-rounded\"><figure class=\"aligncenter size-large is-resized\"><img decoding=\"async\" src=\"http:\/\/alexandrewack.fr\/wp-content\/uploads\/2021\/11\/2-em-PC-HP9100A-3-1024x1024.jpeg\" alt=\"\" class=\"wp-image-2805\" width=\"-1811\" height=\"-1811\" srcset=\"http:\/\/alexandrewack.fr\/wp-content\/uploads\/2021\/11\/2-em-PC-HP9100A-3-1024x1024.jpeg 1024w, http:\/\/alexandrewack.fr\/wp-content\/uploads\/2021\/11\/2-em-PC-HP9100A-3-300x300.jpeg 300w, http:\/\/alexandrewack.fr\/wp-content\/uploads\/2021\/11\/2-em-PC-HP9100A-3-290x290.jpeg 290w, http:\/\/alexandrewack.fr\/wp-content\/uploads\/2021\/11\/2-em-PC-HP9100A-3-768x768.jpeg 768w, http:\/\/alexandrewack.fr\/wp-content\/uploads\/2021\/11\/2-em-PC-HP9100A-3-1536x1536.jpeg 1536w, http:\/\/alexandrewack.fr\/wp-content\/uploads\/2021\/11\/2-em-PC-HP9100A-3-2048x2048.jpeg 2048w\" sizes=\"(max-width: 1024px) 100vw, 1024px\" \/><figcaption>1968<\/figcaption><\/figure><\/div>\n\n\n\n<div class=\"wp-block-image is-style-rounded\"><figure class=\"aligncenter size-large is-resized\"><img loading=\"lazy\" decoding=\"async\" src=\"http:\/\/alexandrewack.fr\/wp-content\/uploads\/2021\/11\/3-PC-Apple_II-1-1024x1024.jpeg\" alt=\"\" class=\"wp-image-2806\" width=\"219\" height=\"219\" srcset=\"http:\/\/alexandrewack.fr\/wp-content\/uploads\/2021\/11\/3-PC-Apple_II-1-1024x1024.jpeg 1024w, http:\/\/alexandrewack.fr\/wp-content\/uploads\/2021\/11\/3-PC-Apple_II-1-300x300.jpeg 300w, http:\/\/alexandrewack.fr\/wp-content\/uploads\/2021\/11\/3-PC-Apple_II-1-290x290.jpeg 290w, http:\/\/alexandrewack.fr\/wp-content\/uploads\/2021\/11\/3-PC-Apple_II-1-768x768.jpeg 768w, http:\/\/alexandrewack.fr\/wp-content\/uploads\/2021\/11\/3-PC-Apple_II-1-1536x1536.jpeg 1536w, http:\/\/alexandrewack.fr\/wp-content\/uploads\/2021\/11\/3-PC-Apple_II-1-2048x2048.jpeg 2048w\" sizes=\"auto, (max-width: 219px) 100vw, 219px\" \/><figcaption>Mac II<\/figcaption><\/figure><\/div>\n\n\n\n<div class=\"wp-block-image is-style-rounded\"><figure class=\"aligncenter size-large is-resized\"><img loading=\"lazy\" decoding=\"async\" src=\"http:\/\/alexandrewack.fr\/wp-content\/uploads\/2021\/11\/3-PC-Smacky-100-1977-1-1024x768.jpeg\" alt=\"\" class=\"wp-image-2807\" width=\"284\" height=\"213\" srcset=\"http:\/\/alexandrewack.fr\/wp-content\/uploads\/2021\/11\/3-PC-Smacky-100-1977-1-1024x768.jpeg 1024w, http:\/\/alexandrewack.fr\/wp-content\/uploads\/2021\/11\/3-PC-Smacky-100-1977-1-300x225.jpeg 300w, http:\/\/alexandrewack.fr\/wp-content\/uploads\/2021\/11\/3-PC-Smacky-100-1977-1-768x576.jpeg 768w, http:\/\/alexandrewack.fr\/wp-content\/uploads\/2021\/11\/3-PC-Smacky-100-1977-1-1536x1152.jpeg 1536w, http:\/\/alexandrewack.fr\/wp-content\/uploads\/2021\/11\/3-PC-Smacky-100-1977-1-2048x1536.jpeg 2048w\" sizes=\"auto, (max-width: 284px) 100vw, 284px\" \/><figcaption>1977<\/figcaption><\/figure><\/div>\n\n\n\n<p class=\"has-black-color has-cyan-bluish-gray-background-color has-text-color has-background has-medium-font-size\">Les organes des ordinateurs <\/p>\n\n\n\n<div class=\"wp-block-image\"><figure class=\"aligncenter size-full is-resized\"><img loading=\"lazy\" decoding=\"async\" src=\"http:\/\/alexandrewack.fr\/wp-content\/uploads\/2021\/11\/unite\u0301e-central-NUC.jpeg\" alt=\"\" class=\"wp-image-2812\" width=\"276\" height=\"155\" srcset=\"http:\/\/alexandrewack.fr\/wp-content\/uploads\/2021\/11\/unite\u0301e-central-NUC.jpeg 840w, http:\/\/alexandrewack.fr\/wp-content\/uploads\/2021\/11\/unite\u0301e-central-NUC-300x169.jpeg 300w, http:\/\/alexandrewack.fr\/wp-content\/uploads\/2021\/11\/unite\u0301e-central-NUC-768x432.jpeg 768w\" sizes=\"auto, (max-width: 276px) 100vw, 276px\" \/><\/figure><\/div>\n\n\n\n<p class=\"has-black-color has-cyan-bluish-gray-background-color has-text-color has-background has-medium-font-size\"><strong>Qu&rsquo;est qu&rsquo;une carte m\u00e8re et \u00e0 quoi sert elle?<\/strong><\/p>\n\n\n\n<p><br>C&rsquo;est la carte principale, celle qui re\u00e7oit le processeur, les m\u00e9moires, les connecteurs d&rsquo; extensions (PCI, AGP)(pour l&rsquo;insertion des cartes additionnelles) : Carte vid\u00e9o(AGP), carte audio (PCI), carte r\u00e9seaux etc\u2026<\/p>\n\n\n\n<div class=\"wp-block-image\"><figure class=\"aligncenter size-full is-resized\"><img loading=\"lazy\" decoding=\"async\" src=\"http:\/\/alexandrewack.fr\/wp-content\/uploads\/2021\/11\/carte-m.jpeg\" alt=\"\" class=\"wp-image-2813\" width=\"626\" height=\"626\" srcset=\"http:\/\/alexandrewack.fr\/wp-content\/uploads\/2021\/11\/carte-m.jpeg 1000w, http:\/\/alexandrewack.fr\/wp-content\/uploads\/2021\/11\/carte-m-300x300.jpeg 300w, http:\/\/alexandrewack.fr\/wp-content\/uploads\/2021\/11\/carte-m-290x290.jpeg 290w, http:\/\/alexandrewack.fr\/wp-content\/uploads\/2021\/11\/carte-m-768x768.jpeg 768w\" sizes=\"auto, (max-width: 626px) 100vw, 626px\" \/><\/figure><\/div>\n\n\n\n<p class=\"has-black-color has-cyan-bluish-gray-background-color has-text-color has-background\"><strong>Qu&rsquo;est qu&rsquo;un processeur et \u00e0 quoi sert il?<\/strong><\/p>\n\n\n\n<p>C&rsquo;est le coeur de l&rsquo;ordinateur, unit\u00e9 centrale de traitement : c&rsquo;est un \u00e9l\u00e9ment destin\u00e9 dans un ordinateur,<br>sur la carte m\u00e8re, \u00e0 interpr\u00e9ter et \u00e0 ex\u00e9cuter des instructions. Sa puissance est exprim\u00e9e en Hz, c&rsquo;est \u00e0 dire en nombre d&rsquo;instructions<br>par secondes. A l&rsquo;heure actuelle, un bon processeur tourne \u00e0 2 Ghz en moyenne.<br>N.B. : Giga Hertz = Millards d&rsquo;instructions \u00e0 la seconde.<\/p>\n\n\n\n<div class=\"wp-block-image\"><figure class=\"aligncenter size-large is-resized\"><img loading=\"lazy\" decoding=\"async\" src=\"http:\/\/alexandrewack.fr\/wp-content\/uploads\/2021\/11\/Intel_80486DX2_bottom-1024x838.jpeg\" alt=\"\" class=\"wp-image-2816\" width=\"205\" height=\"168\" srcset=\"http:\/\/alexandrewack.fr\/wp-content\/uploads\/2021\/11\/Intel_80486DX2_bottom-1024x838.jpeg 1024w, http:\/\/alexandrewack.fr\/wp-content\/uploads\/2021\/11\/Intel_80486DX2_bottom-300x245.jpeg 300w, http:\/\/alexandrewack.fr\/wp-content\/uploads\/2021\/11\/Intel_80486DX2_bottom-768x628.jpeg 768w, http:\/\/alexandrewack.fr\/wp-content\/uploads\/2021\/11\/Intel_80486DX2_bottom.jpeg 1110w\" sizes=\"auto, (max-width: 205px) 100vw, 205px\" \/><figcaption>Processeur<\/figcaption><\/figure><\/div>\n\n\n\n<p class=\"has-black-color has-cyan-bluish-gray-background-color has-text-color has-background has-medium-font-size\"><strong>Qu&rsquo;est qu&rsquo;une m\u00e9moire et \u00e0 quoi sert elle?<\/strong><\/p>\n\n\n\n<p>La m\u00e9moire est le moyen de r\u00e9fl\u00e9chir de l&rsquo;ordinateur. <br>C&rsquo;est dans cette m\u00e9moire dite m\u00e9moire vive, (RAM : Random Access Memory) , que sont stock\u00e9s, de mani\u00e8re temporaire, toutes les informations que l&rsquo;ordinateur ex\u00e9cute. La taille minimale recommand\u00e9e de la m\u00e9moire d&rsquo;un pc \u00e9quip\u00e9 de Windows ou MAC<br>la norme minimum en 2020 est 4 Go de ram pour faire fonctionner Windows.<\/p>\n\n\n\n<div class=\"wp-block-image\"><figure class=\"aligncenter size-large is-resized\"><img loading=\"lazy\" decoding=\"async\" src=\"http:\/\/alexandrewack.fr\/wp-content\/uploads\/2021\/11\/memoire-1024x768.jpeg\" alt=\"\" class=\"wp-image-2818\" width=\"263\" height=\"197\" srcset=\"http:\/\/alexandrewack.fr\/wp-content\/uploads\/2021\/11\/memoire-1024x768.jpeg 1024w, http:\/\/alexandrewack.fr\/wp-content\/uploads\/2021\/11\/memoire-300x225.jpeg 300w, http:\/\/alexandrewack.fr\/wp-content\/uploads\/2021\/11\/memoire-768x576.jpeg 768w, http:\/\/alexandrewack.fr\/wp-content\/uploads\/2021\/11\/memoire-1536x1152.jpeg 1536w, http:\/\/alexandrewack.fr\/wp-content\/uploads\/2021\/11\/memoire-2048x1536.jpeg 2048w\" sizes=\"auto, (max-width: 263px) 100vw, 263px\" \/><figcaption>RAM<\/figcaption><\/figure><\/div>\n\n\n\n<p class=\"has-black-color has-cyan-bluish-gray-background-color has-text-color has-background has-medium-font-size\"><strong>Qu&rsquo;est qu&rsquo;une carte vid\u00e9o ( carte graphique ) et \u00e0 quoi sert elle ?<\/strong><\/p>\n\n\n\n<p>C&rsquo;est une carte \u00e9lectronique permettant la connexion d&rsquo;un \u00e9cran \u00e0 un ordinateur, ou \u00e0 la t\u00e9l\u00e9. Elle permet de voir les \u00e9l\u00e9ments graphiques sur cette ordinateur. <\/p>\n\n\n\n<div class=\"wp-block-image\"><figure class=\"aligncenter size-large is-resized\"><img loading=\"lazy\" decoding=\"async\" src=\"http:\/\/alexandrewack.fr\/wp-content\/uploads\/2021\/11\/carte-graphique-2-1024x768.webp\" alt=\"\" class=\"wp-image-2819\" width=\"266\" height=\"199\" srcset=\"http:\/\/alexandrewack.fr\/wp-content\/uploads\/2021\/11\/carte-graphique-2-1024x768.webp 1024w, http:\/\/alexandrewack.fr\/wp-content\/uploads\/2021\/11\/carte-graphique-2-300x225.webp 300w, http:\/\/alexandrewack.fr\/wp-content\/uploads\/2021\/11\/carte-graphique-2-768x576.webp 768w, http:\/\/alexandrewack.fr\/wp-content\/uploads\/2021\/11\/carte-graphique-2-1536x1152.webp 1536w, http:\/\/alexandrewack.fr\/wp-content\/uploads\/2021\/11\/carte-graphique-2.webp 2000w\" sizes=\"auto, (max-width: 266px) 100vw, 266px\" \/><figcaption>Carte graphique<\/figcaption><\/figure><\/div>\n\n\n\n<p class=\"has-black-color has-cyan-bluish-gray-background-color has-text-color has-background has-medium-font-size\"><strong>Qu&rsquo;est ce qu&rsquo;un disque dur et \u00e0 quoi sert il ?<\/strong><\/p>\n\n\n\n<p>C&rsquo;est le p\u00e9riph\u00e9rique de stockage, dite m\u00e9moire morte (ROM : Read Only Memory) . La capacit\u00e9 de stockage est<br>la quantit\u00e9 d&rsquo;informations pouvant \u00eatre stock\u00e9e et se mesure, \u00e0 l&rsquo;heure actuelle, en giga-octets (Go). Le disque<br>dur a \u00e9t\u00e9 invent\u00e9 en 1956 par IBM. La taille minimale recommand\u00e9e d&rsquo;un disque dur est de 1 To pour un poste<br>fixe, et de 500 Go pour un ordinateur portable. <\/p>\n\n\n\n<p>il existe deux mode de stockage disque dur ou SSD : <\/p>\n\n\n\n<figure class=\"wp-block-gallery aligncenter columns-3 is-cropped wp-block-gallery-2 is-layout-flex wp-block-gallery-is-layout-flex\"><ul class=\"blocks-gallery-grid\"><li class=\"blocks-gallery-item\"><figure><img loading=\"lazy\" decoding=\"async\" width=\"325\" height=\"269\" src=\"http:\/\/alexandrewack.fr\/wp-content\/uploads\/2021\/11\/XULAflmnrLY6dyrT-s-.png\" alt=\"\" data-id=\"2821\" class=\"wp-image-2821\" srcset=\"http:\/\/alexandrewack.fr\/wp-content\/uploads\/2021\/11\/XULAflmnrLY6dyrT-s-.png 325w, http:\/\/alexandrewack.fr\/wp-content\/uploads\/2021\/11\/XULAflmnrLY6dyrT-s--300x248.png 300w\" sizes=\"auto, (max-width: 325px) 100vw, 325px\" \/><\/figure><\/li><li class=\"blocks-gallery-item\"><figure><img loading=\"lazy\" decoding=\"async\" width=\"443\" height=\"355\" src=\"http:\/\/alexandrewack.fr\/wp-content\/uploads\/2021\/11\/disque-dur-1.jpg\" alt=\"\" data-id=\"2823\" data-link=\"http:\/\/alexandrewack.fr\/?attachment_id=2823\" class=\"wp-image-2823\" srcset=\"http:\/\/alexandrewack.fr\/wp-content\/uploads\/2021\/11\/disque-dur-1.jpg 443w, http:\/\/alexandrewack.fr\/wp-content\/uploads\/2021\/11\/disque-dur-1-300x240.jpg 300w\" sizes=\"auto, (max-width: 443px) 100vw, 443px\" \/><\/figure><\/li><li class=\"blocks-gallery-item\"><figure><img loading=\"lazy\" decoding=\"async\" width=\"250\" height=\"220\" src=\"http:\/\/alexandrewack.fr\/wp-content\/uploads\/2021\/11\/disque-SSD.jpeg\" alt=\"\" data-id=\"2824\" data-link=\"http:\/\/alexandrewack.fr\/?attachment_id=2824\" class=\"wp-image-2824\"\/><\/figure><\/li><\/ul><\/figure>\n\n\n\n<p class=\"has-black-color has-cyan-bluish-gray-background-color has-text-color has-background has-medium-font-size\"><strong>Les \u00e9crans:<\/strong><\/p>\n\n\n\n<figure class=\"wp-block-embed is-type-video is-provider-youtube wp-block-embed-youtube wp-embed-aspect-16-9 wp-has-aspect-ratio\"><div class=\"wp-block-embed__wrapper\">\n<iframe loading=\"lazy\" title=\"Comment les \u00e9crans tactiles fonctionnent-ils ?\" width=\"690\" height=\"388\" src=\"https:\/\/www.youtube.com\/embed\/CKfiu-4MxCY?feature=oembed\" frameborder=\"0\" allow=\"accelerometer; autoplay; clipboard-write; encrypted-media; gyroscope; picture-in-picture\" allowfullscreen><\/iframe>\n<\/div><\/figure>\n","protected":false},"excerpt":{"rendered":"<p>01. D\u00e9finition Un&nbsp;ordinateur&nbsp;est un&nbsp;syst\u00e8me de traitement de l&rsquo;information&nbsp;programmable&nbsp;tel que&nbsp;d\u00e9fini par Alan Turing&nbsp;et qui fonctionne par la lecture s\u00e9quentielle d&rsquo;un ensemble d&rsquo;instructions, organis\u00e9es en&nbsp;programmes, qui lui font ex\u00e9cuter des op\u00e9rations logique et&nbsp;arithm\u00e9tiques. Sa structure physique actuelle fait que toutes les op\u00e9rations reposent sur la&nbsp;logique binaire. D\u00e8s sa mise sous tension, un ordinateur ex\u00e9cute, l&rsquo;une apr\u00e8s l&rsquo;autre, [&hellip;]<\/p>\n","protected":false},"author":1,"featured_media":2781,"parent":1965,"menu_order":1,"comment_status":"closed","ping_status":"closed","template":"","meta":{"footnotes":""},"class_list":["post-2779","page","type-page","status-publish","has-post-thumbnail","hentry"],"_links":{"self":[{"href":"http:\/\/alexandrewack.fr\/index.php?rest_route=\/wp\/v2\/pages\/2779","targetHints":{"allow":["GET"]}}],"collection":[{"href":"http:\/\/alexandrewack.fr\/index.php?rest_route=\/wp\/v2\/pages"}],"about":[{"href":"http:\/\/alexandrewack.fr\/index.php?rest_route=\/wp\/v2\/types\/page"}],"author":[{"embeddable":true,"href":"http:\/\/alexandrewack.fr\/index.php?rest_route=\/wp\/v2\/users\/1"}],"replies":[{"embeddable":true,"href":"http:\/\/alexandrewack.fr\/index.php?rest_route=%2Fwp%2Fv2%2Fcomments&post=2779"}],"version-history":[{"count":17,"href":"http:\/\/alexandrewack.fr\/index.php?rest_route=\/wp\/v2\/pages\/2779\/revisions"}],"predecessor-version":[{"id":2833,"href":"http:\/\/alexandrewack.fr\/index.php?rest_route=\/wp\/v2\/pages\/2779\/revisions\/2833"}],"up":[{"embeddable":true,"href":"http:\/\/alexandrewack.fr\/index.php?rest_route=\/wp\/v2\/pages\/1965"}],"wp:featuredmedia":[{"embeddable":true,"href":"http:\/\/alexandrewack.fr\/index.php?rest_route=\/wp\/v2\/media\/2781"}],"wp:attachment":[{"href":"http:\/\/alexandrewack.fr\/index.php?rest_route=%2Fwp%2Fv2%2Fmedia&parent=2779"}],"curies":[{"name":"wp","href":"https:\/\/api.w.org\/{rel}","templated":true}]}}