{"id":2641,"date":"2021-01-25T20:41:22","date_gmt":"2021-01-25T20:41:22","guid":{"rendered":"http:\/\/alexandrewack.fr\/?page_id=2641"},"modified":"2021-01-25T22:09:49","modified_gmt":"2021-01-25T22:09:49","slug":"harnais-longe-antichute","status":"publish","type":"page","link":"http:\/\/alexandrewack.fr\/?page_id=2641","title":{"rendered":"Harnais + longe antichute"},"content":{"rendered":"\n<div class=\"wp-block-columns is-layout-flex wp-container-core-columns-is-layout-9d6595d7 wp-block-columns-is-layout-flex\">\n<div class=\"wp-block-column is-layout-flow wp-block-column-is-layout-flow\" style=\"flex-basis:100%\">\n<div class=\"wp-block-cover has-background-dim\" style=\"background-image:url(http:\/\/alexandrewack.fr\/wp-content\/uploads\/2021\/01\/harnai.jpg);min-height:332px;aspect-ratio:unset;\"><div class=\"wp-block-cover__inner-container is-layout-flow wp-block-cover-is-layout-flow\">\n<p class=\"has-text-align-center has-large-font-size\"><strong>Harnais + longe antichute<\/strong><\/p>\n<\/div><\/div>\n<\/div>\n<\/div>\n\n\n\n<div class=\"wp-block-file aligncenter\"><a href=\"http:\/\/alexandrewack.fr\/wp-content\/uploads\/2021\/01\/03.HarnaisLonge.pptx.pdf\">03.pr\u00e9sentation du cours ici =&gt; <\/a><a href=\"http:\/\/alexandrewack.fr\/wp-content\/uploads\/2021\/01\/03.HarnaisLonge.pptx.pdf\" class=\"wp-block-file__button\" download>T\u00e9l\u00e9charger<\/a><\/div>\n\n\n\n<div class=\"wp-block-file\"><a href=\"http:\/\/alexandrewack.fr\/wp-content\/uploads\/2021\/01\/verif-EPI-harnais-PRO-suivi-FR1.pdf\">verif-EPI-harnais-PRO-suivi-FR1<\/a><a href=\"http:\/\/alexandrewack.fr\/wp-content\/uploads\/2021\/01\/verif-EPI-harnais-PRO-suivi-FR1.pdf\" class=\"wp-block-file__button\" download>T\u00e9l\u00e9charger<\/a><\/div>\n\n\n\n<div class=\"wp-block-file\"><a href=\"http:\/\/alexandrewack.fr\/wp-content\/uploads\/2021\/01\/harnais.pdf\">harnais<\/a><a href=\"http:\/\/alexandrewack.fr\/wp-content\/uploads\/2021\/01\/harnais.pdf\" class=\"wp-block-file__button\" download>T\u00e9l\u00e9charger<\/a><\/div>\n\n\n\n<p class=\"has-black-color has-cyan-bluish-gray-background-color has-text-color has-background has-medium-font-size\"><strong>Lors de travaux en hauteur<\/strong>.<\/p>\n\n\n\n<ul class=\"wp-block-list\"><li><strong>Donner<\/strong> la priorit\u00e9 aux \u00e9quipements de <strong>protection collective<\/strong>; si ce n\u2019est pas possible, on utilise un harnais de s\u00e9curit\u00e9 int\u00e9gr\u00e9 dans un syst\u00e8me d\u2019arr\u00eat de chutes.<\/li><li><strong>N\u2019oubliez pas <\/strong>que dans votre syst\u00e8me mis en place, <strong>vous serez toujours l\u2019\u00e9l\u00e9ment faible<\/strong>. Une chute peut \u00eatre <strong>mortelle<\/strong>, prenez le temps de bien organiser votre s\u00e9curit\u00e9.<\/li><\/ul>\n\n\n\n<p class=\"has-black-color has-cyan-bluish-gray-background-color has-text-color has-background has-medium-font-size\"><strong>Le harnais antichute.<\/strong><\/p>\n\n\n\n<div class=\"wp-block-columns is-layout-flex wp-container-core-columns-is-layout-9d6595d7 wp-block-columns-is-layout-flex\">\n<div class=\"wp-block-column is-layout-flow wp-block-column-is-layout-flow\" style=\"flex-basis:100%\">\n<div class=\"wp-block-media-text alignwide is-stacked-on-mobile\" style=\"grid-template-columns:15% auto\"><figure class=\"wp-block-media-text__media\"><img loading=\"lazy\" decoding=\"async\" width=\"412\" height=\"524\" src=\"http:\/\/alexandrewack.fr\/wp-content\/uploads\/2021\/01\/harnais.jpg\" alt=\"\" class=\"wp-image-2651 size-full\" srcset=\"http:\/\/alexandrewack.fr\/wp-content\/uploads\/2021\/01\/harnais.jpg 412w, http:\/\/alexandrewack.fr\/wp-content\/uploads\/2021\/01\/harnais-236x300.jpg 236w\" sizes=\"auto, (max-width: 412px) 100vw, 412px\" \/><\/figure><div class=\"wp-block-media-text__content\">\n<ul class=\"wp-block-list\" id=\"block-2d083b94-cb7f-4db6-ad35-4926f525d3b4\"><li><strong>il doit <\/strong>Poss\u00e9der un ou des marquages \u00abA\u00bb (comme Antichute) indiquant le point d\u2019attache pour la longe antichute.<\/li><li><strong>Il doit <\/strong>\u00eatre pourvu d\u2019une \u00e9tiquette avec le <strong>marquage CE<\/strong> et <strong>la norme EN 361<\/strong>.<\/li><\/ul>\n<\/div><\/div>\n<\/div>\n<\/div>\n\n\n\n<p class=\"has-black-color has-cyan-bluish-gray-background-color has-text-color has-background has-medium-font-size\"><strong>Le harnais de maintien au travail<\/strong><\/p>\n\n\n\n<div class=\"wp-block-media-text alignwide is-stacked-on-mobile\" style=\"grid-template-columns:31% auto\"><figure class=\"wp-block-media-text__media\"><img loading=\"lazy\" decoding=\"async\" width=\"771\" height=\"424\" src=\"http:\/\/alexandrewack.fr\/wp-content\/uploads\/2021\/01\/Harnais-maitien-au-travail.jpg\" alt=\"\" class=\"wp-image-2657 size-full\" srcset=\"http:\/\/alexandrewack.fr\/wp-content\/uploads\/2021\/01\/Harnais-maitien-au-travail.jpg 771w, http:\/\/alexandrewack.fr\/wp-content\/uploads\/2021\/01\/Harnais-maitien-au-travail-300x165.jpg 300w, http:\/\/alexandrewack.fr\/wp-content\/uploads\/2021\/01\/Harnais-maitien-au-travail-768x422.jpg 768w\" sizes=\"auto, (max-width: 771px) 100vw, 771px\" \/><\/figure><div class=\"wp-block-media-text__content\">\n<ul class=\"wp-block-list\"><li>Doit poss\u00e9der une ceinture avec 2 ou 3 points d\u2019attache pour la longe de maintien.<\/li><li>Doit \u00eatre pourvu d\u2019une \u00e9tiquette avec le marquage CE + les normes EN 358 et EN 813<\/li><\/ul>\n<\/div><\/div>\n\n\n\n<p class=\"has-black-color has-cyan-bluish-gray-background-color has-text-color has-background has-medium-font-size\"><strong>La longe de maintien<\/strong><\/p>\n\n\n\n<div class=\"wp-block-columns is-layout-flex wp-container-core-columns-is-layout-9d6595d7 wp-block-columns-is-layout-flex\">\n<div class=\"wp-block-column is-layout-flow wp-block-column-is-layout-flow\" style=\"flex-basis:100%\">\n<figure class=\"wp-block-image size-large is-resized\"><img loading=\"lazy\" decoding=\"async\" src=\"http:\/\/alexandrewack.fr\/wp-content\/uploads\/2021\/01\/longe-1-1024x276.jpg\" alt=\"\" class=\"wp-image-2663\" width=\"621\" height=\"167\" srcset=\"http:\/\/alexandrewack.fr\/wp-content\/uploads\/2021\/01\/longe-1-1024x276.jpg 1024w, http:\/\/alexandrewack.fr\/wp-content\/uploads\/2021\/01\/longe-1-300x81.jpg 300w, http:\/\/alexandrewack.fr\/wp-content\/uploads\/2021\/01\/longe-1-768x207.jpg 768w, http:\/\/alexandrewack.fr\/wp-content\/uploads\/2021\/01\/longe-1.jpg 1073w\" sizes=\"auto, (max-width: 621px) 100vw, 621px\" \/><\/figure>\n<\/div>\n<\/div>\n\n\n\n<ul class=\"wp-block-list\"><li>Doit toujours \u00eatre facilement r\u00e9glable via un dispositif efficace et ergonomique. <\/li><li>Doit toujours \u00eatre fix\u00e9e aux points d\u2019attache de la ceinture <\/li><li>Doit \u00eatre pourvue d\u2019une \u00e9tiquette avec le marquage CE + la norme EN 358.<\/li><\/ul>\n\n\n\n<p class=\"has-black-color has-cyan-bluish-gray-background-color has-text-color has-background has-medium-font-size\"><strong>Longe antichute avec absorbeur d\u2019\u00e9nergie<\/strong><\/p>\n\n\n\n<ul class=\"wp-block-list\"><li>Doit toujours poss\u00e9der un absorbeur d\u2019\u00e9nergie. <\/li><li>Doit toujours \u00eatre la plus courte possible (max. 2 m). <\/li><li>Doit \u00eatre pourvue d\u2019une \u00e9tiquette avec le marquage CE + la norme EN 355.<\/li><\/ul>\n\n\n\n<div class=\"wp-block-image\"><figure class=\"aligncenter size-large\"><img loading=\"lazy\" decoding=\"async\" width=\"1024\" height=\"356\" src=\"http:\/\/alexandrewack.fr\/wp-content\/uploads\/2021\/01\/longe-a-absorbtion-1024x356.jpg\" alt=\"\" class=\"wp-image-2665\" srcset=\"http:\/\/alexandrewack.fr\/wp-content\/uploads\/2021\/01\/longe-a-absorbtion-1024x356.jpg 1024w, http:\/\/alexandrewack.fr\/wp-content\/uploads\/2021\/01\/longe-a-absorbtion-300x104.jpg 300w, http:\/\/alexandrewack.fr\/wp-content\/uploads\/2021\/01\/longe-a-absorbtion-768x267.jpg 768w, http:\/\/alexandrewack.fr\/wp-content\/uploads\/2021\/01\/longe-a-absorbtion.jpg 1060w\" sizes=\"auto, (max-width: 1024px) 100vw, 1024px\" \/><\/figure><\/div>\n\n\n\n<figure class=\"wp-block-embed aligncenter is-type-video is-provider-youtube wp-block-embed-youtube wp-embed-aspect-16-9 wp-has-aspect-ratio\"><div class=\"wp-block-embed__wrapper\">\n<iframe loading=\"lazy\" title=\"ABSORBICA - Fall arrest lanyards\" width=\"690\" height=\"388\" src=\"https:\/\/www.youtube.com\/embed\/mvigA51z4R4?feature=oembed\" frameborder=\"0\" allow=\"accelerometer; autoplay; clipboard-write; encrypted-media; gyroscope; picture-in-picture\" allowfullscreen><\/iframe>\n<\/div><figcaption>vid\u00e9o sur les absorbeurs de chocs<\/figcaption><\/figure>\n\n\n\n<p class=\"has-black-color has-cyan-bluish-gray-background-color has-text-color has-background has-medium-font-size\"><strong>Comment mettre et r\u00e9gler mon harnais correctement<\/strong>.<\/p>\n\n\n\n<div class=\"wp-block-image\"><figure class=\"aligncenter size-large\"><img loading=\"lazy\" decoding=\"async\" width=\"646\" height=\"523\" src=\"http:\/\/alexandrewack.fr\/wp-content\/uploads\/2021\/01\/harnais-reglage.jpg\" alt=\"\" class=\"wp-image-2667\" srcset=\"http:\/\/alexandrewack.fr\/wp-content\/uploads\/2021\/01\/harnais-reglage.jpg 646w, http:\/\/alexandrewack.fr\/wp-content\/uploads\/2021\/01\/harnais-reglage-300x243.jpg 300w\" sizes=\"auto, (max-width: 646px) 100vw, 646px\" \/><\/figure><\/div>\n\n\n\n<figure class=\"wp-block-embed is-type-video is-provider-youtube wp-block-embed-youtube wp-embed-aspect-16-9 wp-has-aspect-ratio\"><div class=\"wp-block-embed__wrapper\">\n<iframe loading=\"lazy\" title=\"How to Put on a Safety Harness - Working at height\" width=\"690\" height=\"388\" src=\"https:\/\/www.youtube.com\/embed\/YJpgU4oJf-s?feature=oembed\" frameborder=\"0\" allow=\"accelerometer; autoplay; clipboard-write; encrypted-media; gyroscope; picture-in-picture\" allowfullscreen><\/iframe>\n<\/div><\/figure>\n\n\n\n<p class=\"has-black-color has-cyan-bluish-gray-background-color has-text-color has-background has-medium-font-size\"><strong>NOTIONS INDISPENSABLES AU TRAVAIL EN HAUTEUR<\/strong> le facteur de chute<\/p>\n\n\n\n<p><strong>Le facteur de chute <\/strong>repr\u00e9sente le degr\u00e9 de gravit\u00e9 proportionnel d\u2019une chute. Il s\u2019obtient en divisant la hauteur de chute par la longueur de la liaison. Au-del\u00e0 d\u2019un facteur de chute de 0.3, un danger existe.<\/p>\n\n\n\n<p class=\"has-medium-font-size\"><strong>Qu\u2019est-ce qu\u2019un facteur de chute<\/strong>.<\/p>\n\n\n\n<p><strong>Le facteur de chute repr\u00e9sente le degr\u00e9 de gravit\u00e9 proportionnel d\u2019une chute. <\/strong>Il s\u2019obtient en divisant la hauteur de chute par la longueur de la liaison. Au-del\u00e0 d\u2019un facteur de chute de 0.3, un danger existe.<\/p>\n\n\n\n<div class=\"wp-block-image\"><figure class=\"aligncenter size-large\"><img loading=\"lazy\" decoding=\"async\" width=\"1024\" height=\"185\" src=\"http:\/\/alexandrewack.fr\/wp-content\/uploads\/2021\/01\/02facteur-de-chute-1024x185.jpg\" alt=\"\" class=\"wp-image-2679\" srcset=\"http:\/\/alexandrewack.fr\/wp-content\/uploads\/2021\/01\/02facteur-de-chute-1024x185.jpg 1024w, http:\/\/alexandrewack.fr\/wp-content\/uploads\/2021\/01\/02facteur-de-chute-300x54.jpg 300w, http:\/\/alexandrewack.fr\/wp-content\/uploads\/2021\/01\/02facteur-de-chute-768x139.jpg 768w, http:\/\/alexandrewack.fr\/wp-content\/uploads\/2021\/01\/02facteur-de-chute.jpg 1530w\" sizes=\"auto, (max-width: 1024px) 100vw, 1024px\" \/><\/figure><\/div>\n\n\n\n<p class=\"has-black-color has-text-color has-medium-font-size\"><strong>Pour limiter le facteur de chute, deux solutions :<\/strong><\/p>\n\n\n\n<ul class=\"wp-block-list\"><li>Rehausser la position du point d\u2019ancrage<\/li><li>Augmenter la distance de freinage, afin de diminuer la force du choc.<\/li><\/ul>\n\n\n\n<figure class=\"wp-block-image size-large is-resized\"><a href=\"https:\/\/www.vertic.fr\/services\/reglementation-travail-hauteur\/\" target=\"_blank\" rel=\"https:\/\/www.vertic.fr\/services\/reglementation-travail-hauteur\/ noopener\"><img loading=\"lazy\" decoding=\"async\" src=\"http:\/\/alexandrewack.fr\/wp-content\/uploads\/2021\/01\/facteur-de-chute-1024x390.jpg\" alt=\"\" class=\"wp-image-2678\" width=\"788\" height=\"299\" srcset=\"http:\/\/alexandrewack.fr\/wp-content\/uploads\/2021\/01\/facteur-de-chute-1024x390.jpg 1024w, http:\/\/alexandrewack.fr\/wp-content\/uploads\/2021\/01\/facteur-de-chute-300x114.jpg 300w, http:\/\/alexandrewack.fr\/wp-content\/uploads\/2021\/01\/facteur-de-chute.jpg 1522w\" sizes=\"auto, (max-width: 788px) 100vw, 788px\" \/><\/a><\/figure>\n\n\n\n<p>Source =&gt; <a href=\"https:\/\/www.vertic.fr\/services\/reglementation-travail-hauteur\/\">https:\/\/www.vertic.fr\/services\/reglementation-travail-hauteur\/<\/a><\/p>\n\n\n\n<p class=\"has-black-color has-cyan-bluish-gray-background-color has-text-color has-background has-medium-font-size\"><strong>les 3 \u00e9tapes de base \u00e0 respecter pour ma s\u00e9curit\u00e9<\/strong>.<\/p>\n\n\n\n<ul class=\"wp-block-list\"><li><strong>\u00e9tape 1<\/strong> pr\u00e9hension: Porter correctement mon harnais.<\/li><li><strong>\u00e9tape 2<\/strong> liaison: Utiliser une longe pour m\u2019attacher sur un point d\u2019ancrage.<\/li><li><strong>\u00e9tape 3 <\/strong>ancrage: Utiliser un ancrage s\u00fbr pour m\u2019attacher.<\/li><\/ul>\n\n\n\n<div class=\"wp-block-image\"><figure class=\"aligncenter size-large is-resized\"><img loading=\"lazy\" decoding=\"async\" src=\"http:\/\/alexandrewack.fr\/wp-content\/uploads\/2021\/01\/points-dattache.jpg\" alt=\"\" class=\"wp-image-2682\" width=\"407\" height=\"333\" srcset=\"http:\/\/alexandrewack.fr\/wp-content\/uploads\/2021\/01\/points-dattache.jpg 779w, http:\/\/alexandrewack.fr\/wp-content\/uploads\/2021\/01\/points-dattache-300x246.jpg 300w, http:\/\/alexandrewack.fr\/wp-content\/uploads\/2021\/01\/points-dattache-768x630.jpg 768w\" sizes=\"auto, (max-width: 407px) 100vw, 407px\" \/><\/figure><\/div>\n\n\n\n<p class=\"has-black-color has-cyan-bluish-gray-background-color has-text-color has-background has-medium-font-size\"><strong>Des situations et utilisations qui peuvent tuer :<\/strong><\/p>\n\n\n\n<p>1 Porter un harnais sans l\u2019attacher \u00e0 un ancrage s\u00fbr.<\/p>\n\n\n\n<p>2 Utiliser une longe sans absorbeur en cas de chute.<\/p>\n\n\n\n<p>3 Un tirant d\u2019air trop petit par rapport \u00e0 la longueur de la longe (longe et son absorbeur).<\/p>\n\n\n\n<p>4 Rester trop longtemps suspendu dans un harnais en cas de chute.<\/p>\n\n\n\n<p>5 Utiliser des \u00e9quipements en mauvais \u00e9tat (usure, coupure, br\u00fblure, &#8230;).<\/p>\n\n\n\n<p>6 Utiliser des \u00e9quipements dont la dur\u00e9e de vie est d\u00e9pass\u00e9e.<\/p>\n\n\n\n<p>7 Ne pas lire les fiches techniques des \u00e9quipements que l\u2019on utilise.<\/p>\n\n\n\n<p>&nbsp;8 Utilisation d\u2019un antichute \u00e0 rappel automatique, non pr\u00e9vu pour les situations horizontales.<\/p>\n\n\n\n<p><\/p>\n\n\n\n<p class=\"has-black-color has-cyan-bluish-gray-background-color has-text-color has-background has-medium-font-size\"><strong>Des situations et utilisations qui peuvent sauver :<\/strong><\/p>\n\n\n\n<p>1 Porter un harnais et l\u2019attacher \u00e0 un ancrage s\u00fbr.<\/p>\n\n\n\n<p>2 R\u00e9gler correctement le harnais sur soi.<\/p>\n\n\n\n<p>3 Utiliser une longe avec absorbeur en cas de chute.<\/p>\n\n\n\n<p>4 Calculer correctement le tirant d\u2019air, par rapport \u00e0 la longueur de la longe (longe et son absorbeur).<\/p>\n\n\n\n<p>5 Faire contr\u00f4ler et entretenir les \u00e9quipements pour les garder en bon \u00e9tat de fonctionnement. 6 Respecter les dur\u00e9es de vie des \u00e9quipements.<\/p>\n\n\n\n<p>7 Suivre une formation pour une bonne utilisation des \u00e9quipements dans diff\u00e9rentes situations de travail.<\/p>\n\n\n\n<p>8 Apr\u00e8s une chute, contr\u00f4ler tous les composants du syst\u00e8me d\u2019arr\u00eat de chutes (harnais, longe et ancrage).<\/p>\n","protected":false},"excerpt":{"rendered":"<p>Lors de travaux en hauteur. Donner la priorit\u00e9 aux \u00e9quipements de protection collective; si ce n\u2019est pas possible, on utilise un harnais de s\u00e9curit\u00e9 int\u00e9gr\u00e9 dans un syst\u00e8me d\u2019arr\u00eat de chutes. N\u2019oubliez pas que dans votre syst\u00e8me mis en place, vous serez toujours l\u2019\u00e9l\u00e9ment faible. Une chute peut \u00eatre mortelle, prenez le temps de bien [&hellip;]<\/p>\n","protected":false},"author":1,"featured_media":2642,"parent":2584,"menu_order":1,"comment_status":"closed","ping_status":"closed","template":"","meta":{"footnotes":""},"class_list":["post-2641","page","type-page","status-publish","has-post-thumbnail","hentry"],"_links":{"self":[{"href":"http:\/\/alexandrewack.fr\/index.php?rest_route=\/wp\/v2\/pages\/2641","targetHints":{"allow":["GET"]}}],"collection":[{"href":"http:\/\/alexandrewack.fr\/index.php?rest_route=\/wp\/v2\/pages"}],"about":[{"href":"http:\/\/alexandrewack.fr\/index.php?rest_route=\/wp\/v2\/types\/page"}],"author":[{"embeddable":true,"href":"http:\/\/alexandrewack.fr\/index.php?rest_route=\/wp\/v2\/users\/1"}],"replies":[{"embeddable":true,"href":"http:\/\/alexandrewack.fr\/index.php?rest_route=%2Fwp%2Fv2%2Fcomments&post=2641"}],"version-history":[{"count":23,"href":"http:\/\/alexandrewack.fr\/index.php?rest_route=\/wp\/v2\/pages\/2641\/revisions"}],"predecessor-version":[{"id":2699,"href":"http:\/\/alexandrewack.fr\/index.php?rest_route=\/wp\/v2\/pages\/2641\/revisions\/2699"}],"up":[{"embeddable":true,"href":"http:\/\/alexandrewack.fr\/index.php?rest_route=\/wp\/v2\/pages\/2584"}],"wp:featuredmedia":[{"embeddable":true,"href":"http:\/\/alexandrewack.fr\/index.php?rest_route=\/wp\/v2\/media\/2642"}],"wp:attachment":[{"href":"http:\/\/alexandrewack.fr\/index.php?rest_route=%2Fwp%2Fv2%2Fmedia&parent=2641"}],"curies":[{"name":"wp","href":"https:\/\/api.w.org\/{rel}","templated":true}]}}