{"id":2584,"date":"2021-01-18T08:48:47","date_gmt":"2021-01-18T08:48:47","guid":{"rendered":"http:\/\/alexandrewack.fr\/?page_id=2584"},"modified":"2024-02-01T13:43:54","modified_gmt":"2024-02-01T13:43:54","slug":"formation-travaux-en-hauteur","status":"publish","type":"page","link":"http:\/\/alexandrewack.fr\/?page_id=2584","title":{"rendered":"Formation travaux en hauteur."},"content":{"rendered":"\n<div class=\"wp-block-cover is-light\" style=\"min-height:191px;aspect-ratio:unset;\"><span aria-hidden=\"true\" class=\"wp-block-cover__background has-background-dim\"><\/span><img loading=\"lazy\" decoding=\"async\" width=\"715\" height=\"504\" class=\"wp-block-cover__image-background wp-image-2617\" alt=\"\" src=\"http:\/\/alexandrewack.fr\/wp-content\/uploads\/2021\/01\/chutes.jpg\" data-object-fit=\"cover\" srcset=\"http:\/\/alexandrewack.fr\/wp-content\/uploads\/2021\/01\/chutes.jpg 715w, http:\/\/alexandrewack.fr\/wp-content\/uploads\/2021\/01\/chutes-300x211.jpg 300w\" sizes=\"auto, (max-width: 715px) 100vw, 715px\" \/><div class=\"wp-block-cover__inner-container is-layout-flow wp-block-cover-is-layout-flow\">\n<p class=\"has-text-align-center has-white-color has-text-color has-huge-font-size\">Les chutes <\/p>\n<\/div><\/div>\n\n\n\n<div class=\"wp-block-file\"><a id=\"wp-block-file--media-f832b9ef-b0f5-4f4c-90b3-fd971fdf291e\" href=\"http:\/\/alexandrewack.fr\/wp-content\/uploads\/2021\/01\/01_Formation-travaux-en-hauteur-2021.pdf\" target=\"_blank\" rel=\"noreferrer noopener\">01_Formation-travaux-en-hauteur-partie n\u00b01<\/a><a href=\"http:\/\/alexandrewack.fr\/wp-content\/uploads\/2021\/01\/01_Formation-travaux-en-hauteur-2021.pdf\" class=\"wp-block-file__button wp-element-button\" download aria-describedby=\"wp-block-file--media-f832b9ef-b0f5-4f4c-90b3-fd971fdf291e\">pr\u00e9sentation partie n\u00b01<\/a><\/div>\n\n\n\n<div class=\"wp-block-file\"><a id=\"wp-block-file--media-68389fd6-839b-419f-94dc-df74a892a85b\" href=\"http:\/\/alexandrewack.fr\/wp-content\/uploads\/2021\/01\/02_Formation-travaux-en-hauteur-partie-2.pptx.pdf\">02_Formation-travaux-en hauteur partie n\u00b02<\/a><a href=\"http:\/\/alexandrewack.fr\/wp-content\/uploads\/2021\/01\/02_Formation-travaux-en-hauteur-partie-2.pptx.pdf\" class=\"wp-block-file__button wp-element-button\" download aria-describedby=\"wp-block-file--media-68389fd6-839b-419f-94dc-df74a892a85b\">T\u00e9l\u00e9charger<\/a><\/div>\n\n\n\n<p class=\"has-text-align-left has-black-color has-text-color has-normal-font-size\"><strong>Pour vous documenter les documents de L&rsquo;INRS : <\/strong><a rel=\"noreferrer noopener\" href=\"https:\/\/www.inrs.fr\/risques\/chutes-hauteur\/accidents-travail.html\" target=\"_blank\">https:\/\/www.inrs.fr\/risques\/chutes-hauteur\/accidents-travail.html<\/a><\/p>\n\n\n\n<figure class=\"wp-block-embed is-type-video is-provider-youtube wp-block-embed-youtube wp-embed-aspect-16-9 wp-has-aspect-ratio\"><div class=\"wp-block-embed__wrapper\">\n<iframe loading=\"lazy\" title=\"Napo dans\u2026 Le travail en hauteur - [Film complet]\" width=\"690\" height=\"388\" src=\"https:\/\/www.youtube.com\/embed\/wYWE5DAQSuI?feature=oembed\" frameborder=\"0\" allow=\"accelerometer; autoplay; clipboard-write; encrypted-media; gyroscope; picture-in-picture; web-share\" allowfullscreen><\/iframe>\n<\/div><\/figure>\n\n\n\n<p class=\"has-text-align-center has-black-color has-cyan-bluish-gray-background-color has-text-color has-background has-medium-font-size\"><strong>Web s\u00e9rie sur qui va te sauver la vie au travail: <\/strong><\/p>\n\n\n\n<div class=\"wp-block-media-text alignwide is-stacked-on-mobile\" style=\"grid-template-columns:16% auto\"><figure class=\"wp-block-media-text__media\"><a href=\"https:\/\/www.mortel-ton-taf.fr\/\" target=\"_blank\" rel=\"https:\/\/www.mortel-ton-taf.fr\/ noopener\"><img loading=\"lazy\" decoding=\"async\" width=\"298\" height=\"228\" src=\"http:\/\/alexandrewack.fr\/wp-content\/uploads\/2021\/01\/Mortel-ton-Taf.jpg\" alt=\"\" class=\"wp-image-2589 size-full\"\/><\/a><\/figure><div class=\"wp-block-media-text__content\">\n<p class=\"has-large-font-size\">&lt;= Clic sur l&rsquo;image <\/p>\n<\/div><\/div>\n\n\n\n<div class=\"wp-block-media-text alignwide is-stacked-on-mobile\" style=\"grid-template-columns:22% auto\"><figure class=\"wp-block-media-text__media\"><a href=\"https:\/\/www.mortel-ton-taf.fr\/html\/chutes.html\" target=\"_blank\" rel=\"https:\/\/www.mortel-ton-taf.fr\/html\/chutes.html noopener\"><img loading=\"lazy\" decoding=\"async\" width=\"758\" height=\"307\" src=\"http:\/\/alexandrewack.fr\/wp-content\/uploads\/2021\/01\/Les-chutes-.jpg\" alt=\"\" class=\"wp-image-2591 size-full\" srcset=\"http:\/\/alexandrewack.fr\/wp-content\/uploads\/2021\/01\/Les-chutes-.jpg 758w, http:\/\/alexandrewack.fr\/wp-content\/uploads\/2021\/01\/Les-chutes--300x122.jpg 300w\" sizes=\"auto, (max-width: 758px) 100vw, 758px\" \/><\/a><\/figure><div class=\"wp-block-media-text__content\">\n<p><\/p>\n\n\n\n<p class=\"has-large-font-size\">&lt;= Clic sur l&rsquo;image <\/p>\n\n\n\n<p><\/p>\n<\/div><\/div>\n\n\n\n<p class=\"has-black-color has-cyan-bluish-gray-background-color has-text-color has-background has-medium-font-size\"><strong>LES CHUTES DE HAUTEUR EN QUELQUES CHIFFRES<\/strong><\/p>\n\n\n<div class=\"wp-block-image\">\n<figure class=\"aligncenter size-large is-resized\"><img loading=\"lazy\" decoding=\"async\" width=\"500\" height=\"500\" src=\"http:\/\/alexandrewack.fr\/wp-content\/uploads\/2021\/01\/AIG3020465.jpg\" alt=\"\" class=\"wp-image-2625\" style=\"width:136px;height:135px\" srcset=\"http:\/\/alexandrewack.fr\/wp-content\/uploads\/2021\/01\/AIG3020465.jpg 500w, http:\/\/alexandrewack.fr\/wp-content\/uploads\/2021\/01\/AIG3020465-300x300.jpg 300w, http:\/\/alexandrewack.fr\/wp-content\/uploads\/2021\/01\/AIG3020465-290x290.jpg 290w\" sizes=\"auto, (max-width: 500px) 100vw, 500px\" \/><\/figure>\n<\/div>\n\n\n<ul class=\"wp-block-list\">\n<li><strong>En 2019 82 accidents mortels<\/strong> Globalement, ce sont 182 accidents du travail mortels (tous risques confondus) qui ont \u00e9t\u00e9 recens\u00e9s par l\u2019inspection<\/li>\n\n\n\n<li><strong>318 chutes en hauteur en 2018<\/strong> dont 28 accidents du travail mortels<br>71 925 accidents du travail avec arr\u00eat de travail, soit 11,2% <\/li>\n\n\n\n<li>Plus de 6 millions de journ\u00e9es de travail perdues<br>6 239 incapacit\u00e9s de travail avec invalidit\u00e9 permanente.<\/li>\n<\/ul>\n\n\n\n<p class=\"has-black-color has-cyan-bluish-gray-background-color has-text-color has-background has-medium-font-size\"><strong>Quand consid\u00e9rer un travail&nbsp; comme \u00e9tant en hauteur?<\/strong><\/p>\n\n\n\n<p class=\"has-medium-font-size\"><strong><em>D\u00e8s qu\u2019une chute se fait \u00e0 partir d\u2019une \u00e9l\u00e9vation <\/em><\/strong>et quelle que soit l\u2019importance de&nbsp; celle-ci.<\/p>\n\n\n\n<p class=\"has-black-color has-text-color\"><strong>Quelques exemples de situations de travail \u00e0 risque de chutes de hauteur<\/strong> <\/p>\n\n\n\n<ul class=\"wp-block-list\">\n<li>Lors de travaux de terrassement en pr\u00e9sence de tranch\u00e9es ou de fouilles.<\/li>\n\n\n\n<li>Depuis une charpente, la rive d\u2019un toit en pente ou d\u2019une terrasse\u2026 <\/li>\n\n\n\n<li>\u00c0 travers une couverture \u00e0 la suite de la rupture d\u2019un \u00e9l\u00e9ment en mat\u00e9riau fragile <\/li>\n\n\n\n<li>Depuis des pyl\u00f4nes ou depuis certains \u00e9quipements de travail (engins de chantier, camions citernes\u2026) <\/li>\n\n\n\n<li>Lors de l\u2019acc\u00e8s \u00e0 des zones en sur\u00e9l\u00e9vation par des \u00e9chelles, des escaliers, des passerelles\u2026 Lors du montage d\u2019\u00e9chafaudages<\/li>\n<\/ul>\n\n\n\n<figure class=\"wp-block-embed is-type-video is-provider-youtube wp-block-embed-youtube wp-embed-aspect-16-9 wp-has-aspect-ratio\"><div class=\"wp-block-embed__wrapper\">\n<iframe loading=\"lazy\" title=\"Napo dans... Attention chantier ! [Film complet]\" width=\"690\" height=\"388\" src=\"https:\/\/www.youtube.com\/embed\/HTSzVxYkw-Y?feature=oembed\" frameborder=\"0\" allow=\"accelerometer; autoplay; clipboard-write; encrypted-media; gyroscope; picture-in-picture; web-share\" allowfullscreen><\/iframe>\n<\/div><\/figure>\n\n\n\n<p class=\"has-black-color has-cyan-bluish-gray-background-color has-text-color has-background has-medium-font-size\"><strong>Utilisation des \u00e9chelles, escabeaux et marchepieds<\/strong>.<\/p>\n\n\n\n<ul class=\"wp-block-list\">\n<li>Travailler sur une charpente, un toit, un pyl\u00f4ne, une plate-forme, un \u00e9chafaudage\u2026 Qu\u2019il soit temporaire ou r\u00e9gulier, le travail en hauteur peut \u00eatre une activit\u00e9 \u00e0 risque<\/li>\n\n\n\n<li>Les chutes avec d\u00e9nivellation constituent en effet la seconde cause d\u2019accidents du travail mortels apr\u00e8s ceux de la circulation.<\/li>\n\n\n\n<li>Pour pr\u00e9venir les chutes de hauteur, il faut agir \u00e0 la fois sur la conception des ouvrages ou des \u00e9quipements, sur les postes de travail et sur les modes op\u00e9ratoires.<\/li>\n\n\n\n<li>En 2015, 12&nbsp;% des accidents du travail ayant entra\u00een\u00e9s au moins quatre jours d&rsquo;arr\u00eat de travail sont dus aux chutes de hauteur. Les chutes de hauteur repr\u00e9sentent la 2<sup>e<\/sup>&nbsp;cause d\u2019accidents mortels.<\/li>\n<\/ul>\n\n\n\n<p class=\"has-black-color has-cyan-bluish-gray-background-color has-text-color has-background has-medium-font-size\"><strong>La zone de travail doit toujours \u00eatre balis\u00e9e<\/strong><\/p>\n\n\n\n<ul class=\"wp-block-list\">\n<li>Dans les deux sens de circulation.<\/li>\n\n\n\n<li>Rubalises <\/li>\n\n\n\n<li>Barri\u00e8res <\/li>\n\n\n\n<li>Mettre un panneau &lt;&lt;acc\u00e8s interdit&gt;&gt;<\/li>\n<\/ul>\n\n\n<div class=\"wp-block-image\">\n<figure class=\"aligncenter size-large is-resized\"><img loading=\"lazy\" decoding=\"async\" width=\"352\" height=\"163\" src=\"http:\/\/alexandrewack.fr\/wp-content\/uploads\/2021\/01\/banner-signalisation-chantier.jpg\" alt=\"\" class=\"wp-image-2622\" style=\"width:376px;height:174px\" srcset=\"http:\/\/alexandrewack.fr\/wp-content\/uploads\/2021\/01\/banner-signalisation-chantier.jpg 352w, http:\/\/alexandrewack.fr\/wp-content\/uploads\/2021\/01\/banner-signalisation-chantier-300x139.jpg 300w\" sizes=\"auto, (max-width: 352px) 100vw, 352px\" \/><\/figure>\n<\/div>\n\n\n<p class=\"has-black-color has-cyan-bluish-gray-background-color has-text-color has-background has-medium-font-size\"><strong>Principes g\u00e9n\u00e9raux de pr\u00e9vention<\/strong><\/p>\n\n\n\n<ol class=\"wp-block-list\">\n<li>Eviter les risques.<\/li>\n\n\n\n<li>Les \u00e9valuer quand ils ne peuvent \u00eatre \u00e9vit\u00e9s.<\/li>\n\n\n\n<li>Combattre le risque \u00e0 la source.<\/li>\n\n\n\n<li>Adapter le travail \u00e0 l\u2019homme.<\/li>\n\n\n\n<li>Tenir compte de l\u2019\u00e9volution des techniques.<\/li>\n\n\n\n<li>Remplacer ce qui est dangereux par ce qui ne l\u2019est pas ou ce qui l\u2019est moins.<\/li>\n\n\n\n<li>Planifier la pr\u00e9vention.<\/li>\n\n\n\n<li>Privil\u00e9gier la protection collective par rapport \u00e0 la protection individuelle.<\/li>\n\n\n\n<li>Informer les salari\u00e9s.<\/li>\n<\/ol>\n\n\n<div class=\"wp-block-image\">\n<figure class=\"aligncenter size-large is-resized\"><img loading=\"lazy\" decoding=\"async\" width=\"961\" height=\"721\" src=\"http:\/\/alexandrewack.fr\/wp-content\/uploads\/2021\/01\/New-york.jpg\" alt=\"\" class=\"wp-image-2628\" style=\"width:437px;height:327px\" srcset=\"http:\/\/alexandrewack.fr\/wp-content\/uploads\/2021\/01\/New-york.jpg 961w, http:\/\/alexandrewack.fr\/wp-content\/uploads\/2021\/01\/New-york-300x225.jpg 300w, http:\/\/alexandrewack.fr\/wp-content\/uploads\/2021\/01\/New-york-768x576.jpg 768w\" sizes=\"auto, (max-width: 961px) 100vw, 961px\" \/><\/figure>\n<\/div>\n\n\n<p class=\"has-black-color has-cyan-bluish-gray-background-color has-text-color has-background has-medium-font-size\"><strong>Les 5 obligations<\/strong><\/p>\n\n\n\n<ol class=\"wp-block-list\">\n<li>Assurer la stabilit\u00e9 d\u2019une plateforme.<\/li>\n\n\n\n<li>Prot\u00e9ger les travailleurs contre les chutes<\/li>\n\n\n\n<li>Disposer d\u2019un acc\u00e8s en toute s\u00e9curit\u00e9<\/li>\n\n\n\n<li>Les \u00e9chafaudages doivent r\u00e9sister aux efforts et \u00eatre adapt\u00e9s au travail<\/li>\n\n\n\n<li>La zone de travail doit toujours \u00eatre balis\u00e9e<\/li>\n<\/ol>\n\n\n\n<figure class=\"wp-block-embed is-type-video is-provider-youtube wp-block-embed-youtube wp-embed-aspect-16-9 wp-has-aspect-ratio\"><div class=\"wp-block-embed__wrapper\">\n<iframe loading=\"lazy\" title=\"SST - Protection contre les chutes de hauteur\" width=\"690\" height=\"388\" src=\"https:\/\/www.youtube.com\/embed\/tuXwnnWj2sU?feature=oembed\" frameborder=\"0\" allow=\"accelerometer; autoplay; clipboard-write; encrypted-media; gyroscope; picture-in-picture; web-share\" allowfullscreen><\/iframe>\n<\/div><\/figure>\n\n\n\n<p class=\"has-black-color has-cyan-bluish-gray-background-color has-text-color has-background has-medium-font-size\"><strong>Si il est impossibilit\u00e9 de mettre des protections collectives (EPC)<\/strong><\/p>\n\n\n\n<p class=\"has-text-align-center has-large-font-size\"><strong>S\u2019\u00e9quiper de Protections Individuelles<br>(EPI)<\/strong><\/p>\n\n\n<div class=\"wp-block-image\">\n<figure class=\"aligncenter size-large is-resized\"><img loading=\"lazy\" decoding=\"async\" width=\"1024\" height=\"585\" src=\"http:\/\/alexandrewack.fr\/wp-content\/uploads\/2021\/01\/les-EPI-WACK-1024x585.jpg\" alt=\"\" class=\"wp-image-2631\" style=\"width:892px;height:509px\" srcset=\"http:\/\/alexandrewack.fr\/wp-content\/uploads\/2021\/01\/les-EPI-WACK-1024x585.jpg 1024w, http:\/\/alexandrewack.fr\/wp-content\/uploads\/2021\/01\/les-EPI-WACK-300x171.jpg 300w, http:\/\/alexandrewack.fr\/wp-content\/uploads\/2021\/01\/les-EPI-WACK-768x439.jpg 768w, http:\/\/alexandrewack.fr\/wp-content\/uploads\/2021\/01\/les-EPI-WACK.jpg 1418w\" sizes=\"auto, (max-width: 1024px) 100vw, 1024px\" \/><figcaption class=\"wp-element-caption\">Les EPI<\/figcaption><\/figure>\n<\/div>\n\n\n<p><\/p>\n\n\n\n<h2 class=\"wp-block-heading has-black-color has-cyan-bluish-gray-background-color has-text-color has-background has-link-color wp-elements-f3632ca7b60ce5625a194238fbe4a14d\">Montage : <\/h2>\n\n\n\n<figure class=\"wp-block-embed aligncenter is-type-video is-provider-youtube wp-block-embed-youtube wp-embed-aspect-16-9 wp-has-aspect-ratio\"><div class=\"wp-block-embed__wrapper\">\n<iframe loading=\"lazy\" title=\"Montage Echafaudage S\u00e9curit\u00e9\" width=\"690\" height=\"388\" src=\"https:\/\/www.youtube.com\/embed\/wGXW8Y15DjQ?feature=oembed\" frameborder=\"0\" allow=\"accelerometer; autoplay; clipboard-write; encrypted-media; gyroscope; picture-in-picture; web-share\" allowfullscreen><\/iframe>\n<\/div><\/figure>\n\n\n\n<figure class=\"wp-block-embed aligncenter is-type-video is-provider-youtube wp-block-embed-youtube wp-embed-aspect-16-9 wp-has-aspect-ratio\"><div class=\"wp-block-embed__wrapper\">\n<iframe loading=\"lazy\" title=\"FORMATION MONTAGE DES ECHAFAUDAGE DE PIED R408 TrouvezVotreFormation.com\" width=\"690\" height=\"388\" src=\"https:\/\/www.youtube.com\/embed\/1Dg-dfEaBLU?feature=oembed\" frameborder=\"0\" allow=\"accelerometer; autoplay; clipboard-write; encrypted-media; gyroscope; picture-in-picture; web-share\" allowfullscreen><\/iframe>\n<\/div><\/figure>\n","protected":false},"excerpt":{"rendered":"<p>Pour vous documenter les documents de L&rsquo;INRS : https:\/\/www.inrs.fr\/risques\/chutes-hauteur\/accidents-travail.html Web s\u00e9rie sur qui va te sauver la vie au travail: &lt;= Clic sur l&rsquo;image &lt;= Clic sur l&rsquo;image LES CHUTES DE HAUTEUR EN QUELQUES CHIFFRES Quand consid\u00e9rer un travail&nbsp; comme \u00e9tant en hauteur? D\u00e8s qu\u2019une chute se fait \u00e0 partir d\u2019une \u00e9l\u00e9vation et quelle que [&hellip;]<\/p>\n","protected":false},"author":1,"featured_media":0,"parent":0,"menu_order":8,"comment_status":"closed","ping_status":"closed","template":"","meta":{"footnotes":""},"class_list":["post-2584","page","type-page","status-publish","hentry"],"_links":{"self":[{"href":"http:\/\/alexandrewack.fr\/index.php?rest_route=\/wp\/v2\/pages\/2584","targetHints":{"allow":["GET"]}}],"collection":[{"href":"http:\/\/alexandrewack.fr\/index.php?rest_route=\/wp\/v2\/pages"}],"about":[{"href":"http:\/\/alexandrewack.fr\/index.php?rest_route=\/wp\/v2\/types\/page"}],"author":[{"embeddable":true,"href":"http:\/\/alexandrewack.fr\/index.php?rest_route=\/wp\/v2\/users\/1"}],"replies":[{"embeddable":true,"href":"http:\/\/alexandrewack.fr\/index.php?rest_route=%2Fwp%2Fv2%2Fcomments&post=2584"}],"version-history":[{"count":40,"href":"http:\/\/alexandrewack.fr\/index.php?rest_route=\/wp\/v2\/pages\/2584\/revisions"}],"predecessor-version":[{"id":2982,"href":"http:\/\/alexandrewack.fr\/index.php?rest_route=\/wp\/v2\/pages\/2584\/revisions\/2982"}],"wp:attachment":[{"href":"http:\/\/alexandrewack.fr\/index.php?rest_route=%2Fwp%2Fv2%2Fmedia&parent=2584"}],"curies":[{"name":"wp","href":"https:\/\/api.w.org\/{rel}","templated":true}]}}