{"id":2495,"date":"2020-05-13T12:41:35","date_gmt":"2020-05-13T12:41:35","guid":{"rendered":"http:\/\/alexandrewack.fr\/?page_id=2495"},"modified":"2020-05-14T07:08:14","modified_gmt":"2020-05-14T07:08:14","slug":"dessiner-des-plans-batiments","status":"publish","type":"page","link":"http:\/\/alexandrewack.fr\/?page_id=2495","title":{"rendered":"DESSINER DES PLANS B\u00c2TIMENTS"},"content":{"rendered":"\n<p class=\"has-text-color has-background has-medium-font-size has-very-dark-gray-color has-cyan-bluish-gray-background-color\">1. <strong>DESSINS ARCHITECTURE.<\/strong><\/p>\n\n\n\n<p>On appelle dessins d\u2019architecture ou dessins d\u2019architecte (car le plus souvent \u00e9tablis par un architecte) les documents graphiques (plans, coupes, fa\u00e7ades, dessins de d\u00e9tail) qui figurent l\u2019habitation telle qu\u2019elle sera une fois tous les travaux r\u00e9alis\u00e9s. Les dessins d\u2019architecture pr\u00e9cisent toutes les formes de la construction et toutes ses dimensions. Ils sont les plus faciles \u00e0 lire de tous les dessins techniques par l\u2019aspect familier des objets repr\u00e9sent\u00e9s, mais la recherche d\u2019informations pr\u00e9cises peut s\u2019av\u00e9rer difficile.<\/p>\n\n\n\n<p>Tous les \u00e9l\u00e9ments de la construction sont repr\u00e9sent\u00e9s sur les plans d\u2019architecture : murs porteurs, cloisons, isolation, ouvertures ext\u00e9rieures et int\u00e9rieures, placards, sanitaires \u2026 <\/p>\n\n\n\n<div class=\"wp-block-image\"><figure class=\"aligncenter is-resized\"><img loading=\"lazy\" decoding=\"async\" src=\"http:\/\/alexandrewack.fr\/wp-content\/uploads\/2020\/05\/RDC-pierre-sauvage-1-957x1024.jpg\" alt=\"\" class=\"wp-image-2518\" width=\"957\" height=\"1024\" srcset=\"http:\/\/alexandrewack.fr\/wp-content\/uploads\/2020\/05\/RDC-pierre-sauvage-1-957x1024.jpg 957w, http:\/\/alexandrewack.fr\/wp-content\/uploads\/2020\/05\/RDC-pierre-sauvage-1-280x300.jpg 280w, http:\/\/alexandrewack.fr\/wp-content\/uploads\/2020\/05\/RDC-pierre-sauvage-1-768x822.jpg 768w, http:\/\/alexandrewack.fr\/wp-content\/uploads\/2020\/05\/RDC-pierre-sauvage-1.jpg 1101w\" sizes=\"auto, (max-width: 957px) 100vw, 957px\" \/><\/figure><\/div>\n\n\n\n\n\n<p class=\"has-text-color has-background has-medium-font-size has-very-dark-gray-color has-cyan-bluish-gray-background-color\">2. <strong>LES COUPES: <\/strong><\/p>\n\n\n\n<p>\n\nOn appelle \u00ab Plan \u00bb une coupe horizontale ex\u00e9cut\u00e9e 1 m\u00e8tre au-dessus du sol fini de l\u2019\u00e9tage consid\u00e9r\u00e9.\n\n<\/p>\n\n\n\n<div class=\"wp-block-image\"><figure class=\"aligncenter is-resized\"><img loading=\"lazy\" decoding=\"async\" src=\"http:\/\/alexandrewack.fr\/wp-content\/uploads\/2020\/05\/plans-de-coupe.jpg\" alt=\"\" class=\"wp-image-2496\" width=\"588\" height=\"473\" srcset=\"http:\/\/alexandrewack.fr\/wp-content\/uploads\/2020\/05\/plans-de-coupe.jpg 784w, http:\/\/alexandrewack.fr\/wp-content\/uploads\/2020\/05\/plans-de-coupe-300x241.jpg 300w, http:\/\/alexandrewack.fr\/wp-content\/uploads\/2020\/05\/plans-de-coupe-768x618.jpg 768w\" sizes=\"auto, (max-width: 588px) 100vw, 588px\" \/><\/figure><\/div>\n\n\n\n<div class=\"wp-block-image\"><figure class=\"aligncenter is-resized\"><img loading=\"lazy\" decoding=\"async\" src=\"http:\/\/alexandrewack.fr\/wp-content\/uploads\/2020\/05\/coupe-a-1m.jpg\" alt=\"\" class=\"wp-image-2499\" width=\"716\" height=\"544\" srcset=\"http:\/\/alexandrewack.fr\/wp-content\/uploads\/2020\/05\/coupe-a-1m.jpg 954w, http:\/\/alexandrewack.fr\/wp-content\/uploads\/2020\/05\/coupe-a-1m-300x228.jpg 300w, http:\/\/alexandrewack.fr\/wp-content\/uploads\/2020\/05\/coupe-a-1m-768x584.jpg 768w\" sizes=\"auto, (max-width: 716px) 100vw, 716px\" \/><figcaption>Vue en perspective de la partie conserv\u00e9e (le plan de coupe est situ\u00e9 1 m au-dessus du sol fini)<\/figcaption><\/figure><\/div>\n\n\n\n<p>Un plan \u00e9tant une coupe, les conventions de repr\u00e9sentation des coupes s\u2019appliquent : <br>&#8211; trait renforc\u00e9 pour le contour des parties appartenant au plan de coupe,><br>&#8211; trait fort pour les ar\u00eates vues situ\u00e9es en arri\u00e8re du plan de coupe,&lt;<br>&#8211; hachure des parties coup\u00e9es.<\/p>\n\n\n\n<div class=\"wp-block-image\"><figure class=\"aligncenter is-resized\"><img loading=\"lazy\" decoding=\"async\" src=\"http:\/\/alexandrewack.fr\/wp-content\/uploads\/2020\/05\/vue-en-coupe.jpg\" alt=\"\" class=\"wp-image-2501\" width=\"685\" height=\"500\" srcset=\"http:\/\/alexandrewack.fr\/wp-content\/uploads\/2020\/05\/vue-en-coupe.jpg 913w, http:\/\/alexandrewack.fr\/wp-content\/uploads\/2020\/05\/vue-en-coupe-300x219.jpg 300w, http:\/\/alexandrewack.fr\/wp-content\/uploads\/2020\/05\/vue-en-coupe-768x561.jpg 768w\" sizes=\"auto, (max-width: 685px) 100vw, 685px\" \/><figcaption>Vue en coupe de la maison. <\/figcaption><\/figure><\/div>\n\n\n\n<p><strong>Remarques:<\/strong> <br>Pour le cas o\u00f9 les all\u00e8ges sont situ\u00e9es \u00e0 plus de 1 m du sol fini, le plan de coupe passe 10 cm au-dessus du rejingot afin que toutes les ouvertures soient repr\u00e9sent\u00e9es.  Le\u00a0<strong>rejingot est<\/strong>\u00a0un relief g\u00e9n\u00e9ralement ma\u00e7onn\u00e9 qui\u00a0<strong>est<\/strong>\u00a0situ\u00e9 au dessus de l&rsquo;appui. C&rsquo;<strong>est<\/strong>\u00a0une pi\u00e8ce tr\u00e8s importante qui permet d&rsquo;\u00e9viter les infiltrations d&rsquo;eau sous la fen\u00eatre. <\/p>\n\n\n\n<p> Un\u00a0<strong>appui de\u00a0fen\u00eatre<\/strong>\u00a0est une pi\u00e8ce ma\u00e7onn\u00e9e pr\u00e9fabriqu\u00e9e ou coul\u00e9e en place, install\u00e9e au-dessus de l&rsquo;all\u00e8ge, destin\u00e9e \u00e0 supporter la traverse basse du dormant de la fen\u00eatre, tout en \u00e9vacuant l&rsquo;eau de la baie \u00e0 l&rsquo;ext\u00e9rieur sans ruisseler sur la fa\u00e7ade.<\/p>\n\n\n\n<div class=\"wp-block-image\"><figure class=\"aligncenter is-resized\"><img loading=\"lazy\" decoding=\"async\" src=\"http:\/\/alexandrewack.fr\/wp-content\/uploads\/2020\/05\/all\u00e8ge-rejingot-1024x601.jpg\" alt=\"\" class=\"wp-image-2509\" width=\"768\" height=\"451\" srcset=\"http:\/\/alexandrewack.fr\/wp-content\/uploads\/2020\/05\/all\u00e8ge-rejingot-1024x601.jpg 1024w, http:\/\/alexandrewack.fr\/wp-content\/uploads\/2020\/05\/all\u00e8ge-rejingot-300x176.jpg 300w, http:\/\/alexandrewack.fr\/wp-content\/uploads\/2020\/05\/all\u00e8ge-rejingot-768x451.jpg 768w, http:\/\/alexandrewack.fr\/wp-content\/uploads\/2020\/05\/all\u00e8ge-rejingot.jpg 1217w\" sizes=\"auto, (max-width: 768px) 100vw, 768px\" \/><\/figure><\/div>\n\n\n\n<p class=\"has-text-color has-background has-medium-font-size has-very-dark-gray-color has-cyan-bluish-gray-background-color\"><strong>Cas d&rsquo;une coupe r\u00e9alis\u00e9e dans la toiture.<\/strong><\/p>\n\n\n\n<p>Pour le plan d\u2019un \u00e9tage sous combles, le plan de coupe est situ\u00e9 \u00e0 1,30 m au-dessus du sol fini.<\/p>\n\n\n\n<div class=\"wp-block-image\"><figure class=\"aligncenter is-resized\"><img loading=\"lazy\" decoding=\"async\" src=\"http:\/\/alexandrewack.fr\/wp-content\/uploads\/2020\/05\/coupe-comble.jpg\" alt=\"\" class=\"wp-image-2510\" width=\"650\" height=\"305\" srcset=\"http:\/\/alexandrewack.fr\/wp-content\/uploads\/2020\/05\/coupe-comble.jpg 867w, http:\/\/alexandrewack.fr\/wp-content\/uploads\/2020\/05\/coupe-comble-300x140.jpg 300w, http:\/\/alexandrewack.fr\/wp-content\/uploads\/2020\/05\/coupe-comble-768x360.jpg 768w\" sizes=\"auto, (max-width: 650px) 100vw, 650px\" \/><\/figure><\/div>\n\n\n\n<div class=\"wp-block-image\"><figure class=\"aligncenter is-resized\"><img loading=\"lazy\" decoding=\"async\" src=\"http:\/\/alexandrewack.fr\/wp-content\/uploads\/2020\/05\/coupe-comble-desus-.jpg\" alt=\"\" class=\"wp-image-2512\" width=\"440\" height=\"334\" srcset=\"http:\/\/alexandrewack.fr\/wp-content\/uploads\/2020\/05\/coupe-comble-desus-.jpg 586w, http:\/\/alexandrewack.fr\/wp-content\/uploads\/2020\/05\/coupe-comble-desus--300x228.jpg 300w\" sizes=\"auto, (max-width: 440px) 100vw, 440px\" \/><figcaption>Les contours cach\u00e9s par la toiture se dessinent en trait interrompu. ici vue de dessus de la toiture coup\u00e9e a 1,30 m du sol. <\/figcaption><\/figure><\/div>\n\n\n\n<p class=\"has-text-color has-background has-medium-font-size has-very-dark-gray-color has-cyan-bluish-gray-background-color\"><strong>Vue en coupe des escaliers <\/strong>: <\/p>\n\n\n\n<p>On repr\u00e9sente parfois dans le prolongement des marches vues les marches situ\u00e9es au dessus du plan de coupe en trait mixte. Cela permet de mieux visualiser la surface occup\u00e9e par l\u2019escalier<\/p>\n\n\n\n<div class=\"wp-block-image\"><figure class=\"aligncenter is-resized\"><img loading=\"lazy\" decoding=\"async\" src=\"http:\/\/alexandrewack.fr\/wp-content\/uploads\/2020\/05\/coupe-escalier-1024x341.jpg\" alt=\"\" class=\"wp-image-2515\" width=\"768\" height=\"256\" srcset=\"http:\/\/alexandrewack.fr\/wp-content\/uploads\/2020\/05\/coupe-escalier-1024x341.jpg 1024w, http:\/\/alexandrewack.fr\/wp-content\/uploads\/2020\/05\/coupe-escalier-300x100.jpg 300w, http:\/\/alexandrewack.fr\/wp-content\/uploads\/2020\/05\/coupe-escalier-768x256.jpg 768w, http:\/\/alexandrewack.fr\/wp-content\/uploads\/2020\/05\/coupe-escalier.jpg 1803w\" sizes=\"auto, (max-width: 768px) 100vw, 768px\" \/><\/figure><\/div>\n\n\n\n<p class=\"has-text-color has-background has-medium-font-size has-very-dark-gray-color has-cyan-bluish-gray-background-color\">EXEMPLE DE COUPE DE LA MAISON RDC ET 1er ETAGE<\/p>\n\n\n\n<ul class=\"wp-block-gallery columns-2 is-cropped wp-block-gallery-1 is-layout-flex wp-block-gallery-is-layout-flex\"><li class=\"blocks-gallery-item\"><figure><img loading=\"lazy\" decoding=\"async\" width=\"842\" height=\"646\" src=\"http:\/\/alexandrewack.fr\/wp-content\/uploads\/2020\/05\/coupe-maison-RDC-1.jpg\" alt=\"\" data-id=\"2524\" data-link=\"http:\/\/alexandrewack.fr\/?attachment_id=2524\" class=\"wp-image-2524\" srcset=\"http:\/\/alexandrewack.fr\/wp-content\/uploads\/2020\/05\/coupe-maison-RDC-1.jpg 842w, http:\/\/alexandrewack.fr\/wp-content\/uploads\/2020\/05\/coupe-maison-RDC-1-300x230.jpg 300w, http:\/\/alexandrewack.fr\/wp-content\/uploads\/2020\/05\/coupe-maison-RDC-1-768x589.jpg 768w\" sizes=\"auto, (max-width: 842px) 100vw, 842px\" \/><\/figure><\/li><li class=\"blocks-gallery-item\"><figure><img loading=\"lazy\" decoding=\"async\" width=\"846\" height=\"579\" src=\"http:\/\/alexandrewack.fr\/wp-content\/uploads\/2020\/05\/Coupe-etage-1.jpg\" alt=\"\" data-id=\"2525\" data-link=\"http:\/\/alexandrewack.fr\/?attachment_id=2525\" class=\"wp-image-2525\" srcset=\"http:\/\/alexandrewack.fr\/wp-content\/uploads\/2020\/05\/Coupe-etage-1.jpg 846w, http:\/\/alexandrewack.fr\/wp-content\/uploads\/2020\/05\/Coupe-etage-1-300x205.jpg 300w, http:\/\/alexandrewack.fr\/wp-content\/uploads\/2020\/05\/Coupe-etage-1-768x526.jpg 768w\" sizes=\"auto, (max-width: 846px) 100vw, 846px\" \/><\/figure><\/li><\/ul>\n\n\n\n<p class=\"has-text-color has-background has-very-dark-gray-color has-cyan-bluish-gray-background-color\">LA COTATION:<\/p>\n\n\n\n<p>Les cotations d\u2019un plan d\u2019architecture sont les cotes finies, c\u2019est-\u00e0-dire avec enduit, isolation rev\u00eatement de sol, \u2026 <\/p>\n\n\n\n<div class=\"wp-block-image\"><figure class=\"aligncenter is-resized\"><img loading=\"lazy\" decoding=\"async\" src=\"http:\/\/alexandrewack.fr\/wp-content\/uploads\/2020\/05\/cotation-1024x694.jpg\" alt=\"\" class=\"wp-image-2527\" width=\"768\" height=\"521\" srcset=\"http:\/\/alexandrewack.fr\/wp-content\/uploads\/2020\/05\/cotation-1024x694.jpg 1024w, http:\/\/alexandrewack.fr\/wp-content\/uploads\/2020\/05\/cotation-300x203.jpg 300w, http:\/\/alexandrewack.fr\/wp-content\/uploads\/2020\/05\/cotation-768x520.jpg 768w, http:\/\/alexandrewack.fr\/wp-content\/uploads\/2020\/05\/cotation.jpg 1612w\" sizes=\"auto, (max-width: 768px) 100vw, 768px\" \/><\/figure><\/div>\n\n\n\n<p>Les cotes d\u00e9finissant des \u00e9l\u00e9ments int\u00e9rieurs du b\u00e2timent seront plac\u00e9es \u00e0 l\u2019int\u00e9rieur du dessin et les cotes d\u00e9finissant des \u00e9l\u00e9ments plac\u00e9s sur les murs ext\u00e9rieurs seront plac\u00e9es \u00e0 l\u2019ext\u00e9rieur du dessin. <br>Cotation ext\u00e9rieure :4 lignes de cotes sont plac\u00e9es dans l\u2019ordre suivant <br>1 \u00e8re ligne (rep\u00e8re a) : Cotation des trumeaux et des baies, <br>2 \u00e8me ligne (rep\u00e8re b) : Cotation d\u2019axe en axe des baies, <br>3 \u00e8me ligne (rep\u00e8re c) : Cotation des parties principales du b\u00e2timent, <br>4 \u00e8me ligne (rep\u00e8re d) : Cotation totale.<\/p>\n","protected":false},"excerpt":{"rendered":"<p>1. DESSINS ARCHITECTURE. On appelle dessins d\u2019architecture ou dessins d\u2019architecte (car le plus souvent \u00e9tablis par un architecte) les documents graphiques (plans, coupes, fa\u00e7ades, dessins de d\u00e9tail) qui figurent l\u2019habitation telle qu\u2019elle sera une fois tous les travaux r\u00e9alis\u00e9s. Les dessins d\u2019architecture pr\u00e9cisent toutes les formes de la construction et toutes ses dimensions. Ils sont [&hellip;]<\/p>\n","protected":false},"author":1,"featured_media":0,"parent":885,"menu_order":3,"comment_status":"closed","ping_status":"closed","template":"","meta":{"footnotes":""},"class_list":["post-2495","page","type-page","status-publish","hentry"],"_links":{"self":[{"href":"http:\/\/alexandrewack.fr\/index.php?rest_route=\/wp\/v2\/pages\/2495","targetHints":{"allow":["GET"]}}],"collection":[{"href":"http:\/\/alexandrewack.fr\/index.php?rest_route=\/wp\/v2\/pages"}],"about":[{"href":"http:\/\/alexandrewack.fr\/index.php?rest_route=\/wp\/v2\/types\/page"}],"author":[{"embeddable":true,"href":"http:\/\/alexandrewack.fr\/index.php?rest_route=\/wp\/v2\/users\/1"}],"replies":[{"embeddable":true,"href":"http:\/\/alexandrewack.fr\/index.php?rest_route=%2Fwp%2Fv2%2Fcomments&post=2495"}],"version-history":[{"count":15,"href":"http:\/\/alexandrewack.fr\/index.php?rest_route=\/wp\/v2\/pages\/2495\/revisions"}],"predecessor-version":[{"id":2528,"href":"http:\/\/alexandrewack.fr\/index.php?rest_route=\/wp\/v2\/pages\/2495\/revisions\/2528"}],"up":[{"embeddable":true,"href":"http:\/\/alexandrewack.fr\/index.php?rest_route=\/wp\/v2\/pages\/885"}],"wp:attachment":[{"href":"http:\/\/alexandrewack.fr\/index.php?rest_route=%2Fwp%2Fv2%2Fmedia&parent=2495"}],"curies":[{"name":"wp","href":"https:\/\/api.w.org\/{rel}","templated":true}]}}