{"id":2492,"date":"2020-05-13T12:36:31","date_gmt":"2020-05-13T12:36:31","guid":{"rendered":"http:\/\/alexandrewack.fr\/?page_id=2492"},"modified":"2020-05-18T11:14:48","modified_gmt":"2020-05-18T11:14:48","slug":"la-terminologie-dune-maison","status":"publish","type":"page","link":"http:\/\/alexandrewack.fr\/?page_id=2492","title":{"rendered":"La terminologie d&rsquo;une maison."},"content":{"rendered":"\n<div class=\"wp-block-cover has-background-dim\" style=\"background-image:url(http:\/\/alexandrewack.fr\/wp-content\/uploads\/2020\/05\/maison.jpg)\"><div class=\"wp-block-cover__inner-container is-layout-flow wp-block-cover-is-layout-flow\">\n<p style=\"text-align:center\" class=\"has-large-font-size\">Terminologie d&rsquo;une maison.  <\/p>\n<\/div><\/div>\n\n\n\n<p>Les Trumeaux<\/p>\n\n\n\n<p><strong>Le trumeau s\u00e9pare un espace en deux baies ou en deux portes-fen\u00eatres<\/strong><\/p>\n\n\n\n<p>Un trumeau d\u00e9signe la partie d&rsquo;un\u00a0mur\u00a0ou d&rsquo;une cloison qui se trouve entre deux baies ou entre deux portes-fen\u00eatres. On peut \u00e9galement trouver des trumeaux au-dessus des\u00a0chemin\u00e9es, sous la forme d&rsquo;un pan de\u00a0mur\u00a0ou de\u00a0miroirs. <\/p>\n","protected":false},"excerpt":{"rendered":"<p>Les Trumeaux Le trumeau s\u00e9pare un espace en deux baies ou en deux portes-fen\u00eatres Un trumeau d\u00e9signe la partie d&rsquo;un\u00a0mur\u00a0ou d&rsquo;une cloison qui se trouve entre deux baies ou entre deux portes-fen\u00eatres. On peut \u00e9galement trouver des trumeaux au-dessus des\u00a0chemin\u00e9es, sous la forme d&rsquo;un pan de\u00a0mur\u00a0ou de\u00a0miroirs.<\/p>\n","protected":false},"author":1,"featured_media":0,"parent":885,"menu_order":2,"comment_status":"closed","ping_status":"closed","template":"","meta":{"footnotes":""},"class_list":["post-2492","page","type-page","status-publish","hentry"],"_links":{"self":[{"href":"http:\/\/alexandrewack.fr\/index.php?rest_route=\/wp\/v2\/pages\/2492","targetHints":{"allow":["GET"]}}],"collection":[{"href":"http:\/\/alexandrewack.fr\/index.php?rest_route=\/wp\/v2\/pages"}],"about":[{"href":"http:\/\/alexandrewack.fr\/index.php?rest_route=\/wp\/v2\/types\/page"}],"author":[{"embeddable":true,"href":"http:\/\/alexandrewack.fr\/index.php?rest_route=\/wp\/v2\/users\/1"}],"replies":[{"embeddable":true,"href":"http:\/\/alexandrewack.fr\/index.php?rest_route=%2Fwp%2Fv2%2Fcomments&post=2492"}],"version-history":[{"count":2,"href":"http:\/\/alexandrewack.fr\/index.php?rest_route=\/wp\/v2\/pages\/2492\/revisions"}],"predecessor-version":[{"id":2534,"href":"http:\/\/alexandrewack.fr\/index.php?rest_route=\/wp\/v2\/pages\/2492\/revisions\/2534"}],"up":[{"embeddable":true,"href":"http:\/\/alexandrewack.fr\/index.php?rest_route=\/wp\/v2\/pages\/885"}],"wp:attachment":[{"href":"http:\/\/alexandrewack.fr\/index.php?rest_route=%2Fwp%2Fv2%2Fmedia&parent=2492"}],"curies":[{"name":"wp","href":"https:\/\/api.w.org\/{rel}","templated":true}]}}