{"id":2387,"date":"2020-05-06T09:32:44","date_gmt":"2020-05-06T09:32:44","guid":{"rendered":"http:\/\/alexandrewack.fr\/?page_id=2387"},"modified":"2020-05-13T12:23:09","modified_gmt":"2020-05-13T12:23:09","slug":"plans-de-batiments","status":"publish","type":"page","link":"http:\/\/alexandrewack.fr\/?page_id=2387","title":{"rendered":"Lecture de PLANS DE B\u00c2TIMENTS"},"content":{"rendered":"\n<div class=\"wp-block-cover has-background-dim\" style=\"background-image:url(http:\/\/alexandrewack.fr\/wp-content\/uploads\/2020\/05\/ma\u00eetre-doeuvre-missions-travaux-1.jpg)\"><div class=\"wp-block-cover__inner-container is-layout-flow wp-block-cover-is-layout-flow\">\n<p style=\"font-size:26px;text-align:center\">LECTURE DE PLANS <br>DE B\u00c2TIMENTS<\/p>\n<\/div><\/div>\n\n\n\n<div class=\"wp-block-file\"><a href=\"http:\/\/alexandrewack.fr\/wp-content\/uploads\/2020\/05\/01-Dossier-n\u00b01.pdf\">01-Dossier-n\u00b01<\/a><a href=\"http:\/\/alexandrewack.fr\/wp-content\/uploads\/2020\/05\/01-Dossier-n\u00b01.pdf\" class=\"wp-block-file__button\" download>T\u00e9l\u00e9charger<\/a><\/div>\n\n\n\n<p>Rep\u00e9rer l\u2019orientation d\u2019une construction sur un dessin<br>Identifier et d\u00e9coder un plan de situation et un plan de masse. <\/p>\n\n\n\n<p class=\"has-text-color has-background has-medium-font-size has-very-dark-gray-color has-cyan-bluish-gray-background-color\"><strong>LES ORIENTATIONS <\/strong><\/p>\n\n\n\n<p>\n\n\n\n\n\n\n\n\n\n\n\n\n\n\n\n\n\nUne&nbsp;<strong>rose\ndes vents<\/strong>&nbsp;est une figure indiquant les points cardinaux : nord, sud,\nest, ouest et les orientations interm\u00e9diaires, jusqu&rsquo;\u00e0 32 directions\n\n\n\n<\/p>\n\n\n\n<div class=\"wp-block-image\"><figure class=\"aligncenter is-resized\"><img loading=\"lazy\" decoding=\"async\" src=\"http:\/\/alexandrewack.fr\/wp-content\/uploads\/2020\/05\/Rose_des_vents.jpg\" alt=\"\" class=\"wp-image-2397\" width=\"266\" height=\"306\" srcset=\"http:\/\/alexandrewack.fr\/wp-content\/uploads\/2020\/05\/Rose_des_vents.jpg 402w, http:\/\/alexandrewack.fr\/wp-content\/uploads\/2020\/05\/Rose_des_vents-262x300.jpg 262w\" sizes=\"auto, (max-width: 266px) 100vw, 266px\" \/><\/figure><\/div>\n\n\n\n<p style=\"text-align:left\" class=\"has-medium-font-size\">Ici vous pouvez retrouver la rose des vents sur le plan de masse de cette maison. <\/p>\n\n\n\n<div class=\"wp-block-image\"><figure class=\"aligncenter is-resized\"><img loading=\"lazy\" decoding=\"async\" src=\"http:\/\/alexandrewack.fr\/wp-content\/uploads\/2020\/05\/plans-de-masse-Pierre-sauvage-2-785x1024.jpg\" alt=\"\" class=\"wp-image-2468\" width=\"589\" height=\"768\" srcset=\"http:\/\/alexandrewack.fr\/wp-content\/uploads\/2020\/05\/plans-de-masse-Pierre-sauvage-2-785x1024.jpg 785w, http:\/\/alexandrewack.fr\/wp-content\/uploads\/2020\/05\/plans-de-masse-Pierre-sauvage-2-230x300.jpg 230w, http:\/\/alexandrewack.fr\/wp-content\/uploads\/2020\/05\/plans-de-masse-Pierre-sauvage-2-768x1002.jpg 768w, http:\/\/alexandrewack.fr\/wp-content\/uploads\/2020\/05\/plans-de-masse-Pierre-sauvage-2.jpg 825w\" sizes=\"auto, (max-width: 589px) 100vw, 589px\" \/><\/figure><\/div>\n\n\n\n<p class=\"has-text-color has-background has-medium-font-size has-very-dark-gray-color has-cyan-bluish-gray-background-color\"><strong>ORIENTATION DES MAISON ET APPARTEMENT : <\/strong><\/p>\n\n\n\n<p>Dans les recherches de maisons ou d&rsquo;appartements, un crit\u00e8re le plus appr\u00e9ci\u00e9 est l&rsquo;exposition au soleil. Est-il pr\u00e9f\u00e9rable d&rsquo;acheter une maison ou appartement expos\u00e9 plein sud, plein nord, etc. ?Pour privil\u00e9giez l&rsquo;ensoleillement. <br>Vous le savez, le&nbsp;<strong>soleil<\/strong>&nbsp;se l\u00e8ve \u00e0 l&rsquo; Est et se couche \u00e0 l&rsquo;Ouest. Entre ces deux points extr\u00eames, le lever et le coucher, sa course s&rsquo;effectue avec une inclinaison vers le sud plus ou moins marqu\u00e9e selon la saison. L&rsquo;orientation globale peut \u00eatre importante, mais \u00e9tant donn\u00e9 qu&rsquo;une propri\u00e9t\u00e9 comporte plusieurs murs, le plus important est&nbsp;de penser \u00e0 l&rsquo;exposition de certaines pi\u00e8ces, plut\u00f4t qu&rsquo;\u00e0 une exposition globale.<br><\/p>\n\n\n\n<div class=\"wp-block-image\"><figure class=\"aligncenter is-resized\"><img loading=\"lazy\" decoding=\"async\" src=\"http:\/\/alexandrewack.fr\/wp-content\/uploads\/2020\/05\/maison-et-soleil.jpg\" alt=\"\" class=\"wp-image-2398\" width=\"494\" height=\"343\" srcset=\"http:\/\/alexandrewack.fr\/wp-content\/uploads\/2020\/05\/maison-et-soleil.jpg 726w, http:\/\/alexandrewack.fr\/wp-content\/uploads\/2020\/05\/maison-et-soleil-300x209.jpg 300w\" sizes=\"auto, (max-width: 494px) 100vw, 494px\" \/><\/figure><\/div>\n\n\n\n<p class=\"has-text-color has-background has-medium-font-size has-very-dark-gray-color has-cyan-bluish-gray-background-color\"><strong> L&rsquo;ECHELLE D&rsquo;UN PLAN OU D&rsquo;UNE CARTE <\/strong><\/p>\n\n\n\n<p>L&rsquo;\u00e9chelle d&rsquo;un plan ou d&rsquo;une carte est le rapport entre les mesures des distances report\u00e9es sur la carte ou le plan et les mesures des distances r\u00e9elles. Ce rapport est constant et concerne l&rsquo;ensemble des objets et des longueurs pr\u00e9sents sur la carte ou le plan. En fait, il s&rsquo;agit d&rsquo;un rapport de proportionnalit\u00e9. <br>Attention : l&rsquo;\u00e9chelle n&rsquo;a pas d&rsquo;unit\u00e9.<br>Le plus souvent, l&rsquo;\u00e9chelle est exprim\u00e9e sous la forme d&rsquo;une fraction dont le num\u00e9rateur est \u00e9gal \u00e0 1. <br>Attention : ce n&rsquo;est pas toujours le cas.<\/p>\n\n\n\n<p>L&rsquo;\u00e9chelle\nd&rsquo;une carte, exprim\u00e9e sous la forme 1&nbsp;\/&nbsp;250&nbsp;000, que l&rsquo;on\nprononce \u00ab\u00a0au 250&nbsp;000 \u00e8me\u00a0\u00bb, signifie qu&rsquo;un 1 cm sur cette carte\nrepr\u00e9sente en r\u00e9alit\u00e9 250&nbsp;000 cm sur le terrain, c&rsquo;est-\u00e0-dire 2&nbsp;500 m\nou encore 2,5 km.<\/p>\n\n\n\n<p>Nous pouvons utiliser l&rsquo;\u00e9galit\u00e9 suivante :<br><strong>Dimension r\u00e9elle = dimension sur la carte \u00d7 25&nbsp;000.<\/strong><\/p>\n\n\n\n<p class=\"has-medium-font-size\">Exemple de carte au 1\/25 000 ici Chamonix<\/p>\n\n\n\n<div class=\"wp-block-image\"><figure class=\"aligncenter is-resized\"><img loading=\"lazy\" decoding=\"async\" src=\"http:\/\/alexandrewack.fr\/wp-content\/uploads\/2020\/05\/Carte-Chamonix-25000-1024x562.jpg\" alt=\"\" class=\"wp-image-2403\" width=\"421\" height=\"231\" srcset=\"http:\/\/alexandrewack.fr\/wp-content\/uploads\/2020\/05\/Carte-Chamonix-25000-1024x562.jpg 1024w, http:\/\/alexandrewack.fr\/wp-content\/uploads\/2020\/05\/Carte-Chamonix-25000-300x165.jpg 300w, http:\/\/alexandrewack.fr\/wp-content\/uploads\/2020\/05\/Carte-Chamonix-25000-768x422.jpg 768w, http:\/\/alexandrewack.fr\/wp-content\/uploads\/2020\/05\/Carte-Chamonix-25000.jpg 1089w\" sizes=\"auto, (max-width: 421px) 100vw, 421px\" \/><figcaption>Carte au 1:25 000 de Chamonix<\/figcaption><\/figure><\/div>\n\n\n\n<p class=\"has-medium-font-size\">Exemple de carte  <strong>Carte IGN de Chamonix \u2013 1\/200000<\/strong> <\/p>\n\n\n\n<div class=\"wp-block-image\"><figure class=\"aligncenter is-resized\"><img loading=\"lazy\" decoding=\"async\" src=\"http:\/\/alexandrewack.fr\/wp-content\/uploads\/2020\/05\/Carte-IGN-de-Chamonix-\u2013-200000-1024x576.jpg\" alt=\"\" class=\"wp-image-2406\" width=\"454\" height=\"255\" srcset=\"http:\/\/alexandrewack.fr\/wp-content\/uploads\/2020\/05\/Carte-IGN-de-Chamonix-\u2013-200000-1024x576.jpg 1024w, http:\/\/alexandrewack.fr\/wp-content\/uploads\/2020\/05\/Carte-IGN-de-Chamonix-\u2013-200000-300x169.jpg 300w, http:\/\/alexandrewack.fr\/wp-content\/uploads\/2020\/05\/Carte-IGN-de-Chamonix-\u2013-200000-768x432.jpg 768w, http:\/\/alexandrewack.fr\/wp-content\/uploads\/2020\/05\/Carte-IGN-de-Chamonix-\u2013-200000.jpg 1090w\" sizes=\"auto, (max-width: 454px) 100vw, 454px\" \/><\/figure><\/div>\n\n\n\n<p class=\"has-medium-font-size\">Exemple de <strong>Carte IGN de Chamonix \u2013 1\/3500000<\/strong><\/p>\n\n\n\n<div class=\"wp-block-image\"><figure class=\"aligncenter is-resized\"><img loading=\"lazy\" decoding=\"async\" src=\"http:\/\/alexandrewack.fr\/wp-content\/uploads\/2020\/05\/Carte-IGN-de-Chamonix-3500000-1024x568.jpg\" alt=\"\" class=\"wp-image-2405\" width=\"474\" height=\"262\" srcset=\"http:\/\/alexandrewack.fr\/wp-content\/uploads\/2020\/05\/Carte-IGN-de-Chamonix-3500000-1024x568.jpg 1024w, http:\/\/alexandrewack.fr\/wp-content\/uploads\/2020\/05\/Carte-IGN-de-Chamonix-3500000-300x166.jpg 300w, http:\/\/alexandrewack.fr\/wp-content\/uploads\/2020\/05\/Carte-IGN-de-Chamonix-3500000-768x426.jpg 768w, http:\/\/alexandrewack.fr\/wp-content\/uploads\/2020\/05\/Carte-IGN-de-Chamonix-3500000.jpg 1091w\" sizes=\"auto, (max-width: 474px) 100vw, 474px\" \/><\/figure><\/div>\n\n\n\n<p class=\"has-text-color has-background has-medium-font-size has-very-dark-gray-color has-cyan-bluish-gray-background-color\"><strong>Comment manipuler les \u00e9chelles?<\/strong><\/p>\n\n\n\n<p> Il y a deux types d\u2019\u00e9chelle :L\u2019\u00e9chelle graphique L\u2019\u00e9chelle num\u00e9rique. <br>Plus le d\u00e9nominateur de la fraction est grand, plus l\u2019\u00e9chelle est petite : Ex : 1\/ cm <br>Plus une \u00e9chelle est petite, plus l\u2019espace repr\u00e9sent\u00e9 sur la carte est grand : Ex : 1\/2 cm <br>Plus une \u00e9chelle est grande, plus l\u2019espace repr\u00e9sent\u00e9 sur la carte est petit : Ex : 1\/10 cm <br><br><strong>Ce qu\u2019on doit faire appara\u00eetre quand on dessine une carte<\/strong><br>Le titre<br> L\u2019orientation  le <strong>NORD<\/strong><br>L\u2019\u00e9chelle <br>La l\u00e9gende <\/p>\n\n\n\n<p class=\"has-text-color has-background has-medium-font-size has-very-dark-gray-color has-cyan-bluish-gray-background-color\"><strong>PLANS DE SITUATION PLAN DE MASSE:<\/strong><\/p>\n\n\n\n<p class=\"has-background has-medium-font-size has-very-light-gray-background-color\"><strong>Le&nbsp;plan de situation&nbsp;: <\/strong><\/p>\n\n\n\n<p>C&rsquo;est un document qui pr\u00e9cise la&nbsp;<strong>situation<\/strong>&nbsp;g\u00e9ographique d&rsquo;un lieu. Il est, en particulier, exig\u00e9 dans un dossier de demande de permis de construire, de d\u00e9claration pr\u00e9alable, de certificat d&rsquo;urbanisme.<\/p>\n\n\n\n<p><strong>En Bref<\/strong> :Le plan de situation comme son nom l&rsquo;indique, sert \u00e0 situer le projet  et voir un un peu ce qu&rsquo;il y a autour.<\/p>\n\n\n\n<p><strong>EXEMPLE<\/strong> :<\/p>\n\n\n\n<div class=\"wp-block-image\"><figure class=\"aligncenter is-resized\"><img loading=\"lazy\" decoding=\"async\" src=\"http:\/\/alexandrewack.fr\/wp-content\/uploads\/2020\/05\/plans-de-situation-Pierre-S-1024x667.jpg\" alt=\"\" class=\"wp-image-2462\" width=\"768\" height=\"500\" srcset=\"http:\/\/alexandrewack.fr\/wp-content\/uploads\/2020\/05\/plans-de-situation-Pierre-S-1024x667.jpg 1024w, http:\/\/alexandrewack.fr\/wp-content\/uploads\/2020\/05\/plans-de-situation-Pierre-S-300x196.jpg 300w, http:\/\/alexandrewack.fr\/wp-content\/uploads\/2020\/05\/plans-de-situation-Pierre-S-768x501.jpg 768w, http:\/\/alexandrewack.fr\/wp-content\/uploads\/2020\/05\/plans-de-situation-Pierre-S.jpg 1462w\" sizes=\"auto, (max-width: 768px) 100vw, 768px\" \/><\/figure><\/div>\n\n\n\n<p class=\"has-background has-medium-font-size has-very-light-gray-background-color\"><strong>Le plan de masse&nbsp;: <\/strong><\/p>\n\n\n\n<p>Le plan de masse est un plan a\u00e9rien du terrain qui reprend les dimensions de tous les \u00e9l\u00e9ments qui composent l&rsquo;agencement de la ou des constructions. Deux plans de masse sont n\u00e9cessaires pour une d\u00e9claration pr\u00e9alable ou pour l&rsquo;obtention d&rsquo;un permis de construire&nbsp;:<br>Un plan de masse d\u00e9crivant l&rsquo;\u00e9tat actuel du terrain.<br>Un plan de masse d\u00e9crivant le projet de construction.<br><br><strong>En bref :<\/strong>  Le plan de masse  permet de voir l&#8217;emplacement sur le terrain, par rapport aux limites du terrain, l&rsquo;orientation et la superficie au sol de la maison et des am\u00e9nagements n\u00e9cessaires. <\/p>\n\n\n\n<p><strong>EXEMPLE: <\/strong><\/p>\n\n\n\n<div class=\"wp-block-image\"><figure class=\"aligncenter is-resized\"><img loading=\"lazy\" decoding=\"async\" src=\"http:\/\/alexandrewack.fr\/wp-content\/uploads\/2020\/05\/plan-de-masse-1024x865.png\" alt=\"\" class=\"wp-image-2440\" width=\"768\" height=\"649\" srcset=\"http:\/\/alexandrewack.fr\/wp-content\/uploads\/2020\/05\/plan-de-masse-1024x865.png 1024w, http:\/\/alexandrewack.fr\/wp-content\/uploads\/2020\/05\/plan-de-masse-300x253.png 300w, http:\/\/alexandrewack.fr\/wp-content\/uploads\/2020\/05\/plan-de-masse-768x649.png 768w, http:\/\/alexandrewack.fr\/wp-content\/uploads\/2020\/05\/plan-de-masse.png 1470w\" sizes=\"auto, (max-width: 768px) 100vw, 768px\" \/><\/figure><\/div>\n\n\n\n<p class=\"has-text-color has-background has-medium-font-size has-very-dark-gray-color has-cyan-bluish-gray-background-color\"><strong>LE PLAN EN COUPE:<\/strong><\/p>\n\n\n\n<p class=\"has-text-color has-very-dark-gray-color\">Le plan en coupe doit obligatoirement \u00eatre r\u00e9alis\u00e9 lorsque le projet est soumis \u00e0 demande de permis de construire,  quels que soient les travaux.<br>Le&nbsp;<strong>permis de construire<\/strong>, ou&nbsp;<strong>permis de construction<\/strong>, est un acte administratif qui concerne la r\u00e9alisation ou la modification d&rsquo;une construction, en fonction de son usage Habitation, commerce, bureau, etc.) et au regard des r\u00e8gles d&rsquo;urbanisme* applicables.<\/p>\n\n\n\n<p>*<em>Le pan d&rsquo;urbanisme: <br>chaque commune est en droit de vous imposer des r\u00e8gles d\u2019urbanisme afin de satisfaire \u00e0 ses exigences d\u2019am\u00e9nagement et d\u2019occupation des sols. Vous devez donc conna\u00eetre ces dispositions pour savoir ce que vous pourrez b\u00e2tir et ce qui est interdit. Ces r\u00e8gles concernent \u00e9galement l\u2019ext\u00e9rieur de la maison, qu\u2019il s\u2019agisse de questions d\u2019am\u00e9nagement ou de servitudes (droit de passage par exemple. <br><\/em><strong><em>Retenez surtout<\/em><\/strong><em> que c\u2019est le Plu (<\/em><strong>plan local d&rsquo;urbanisme<\/strong>) <em>qui vous dira si votre terrain est constructible et quelles sont les r\u00e8gles qui s\u2019appliquent<\/em>.<\/p>\n\n\n\n<p class=\"has-text-color has-very-dark-gray-color\"><strong>De combien de plans en coupes il est r\u00e9alis\u00e9: <\/strong><br>Il peut \u00eatre r\u00e9alis\u00e9 d&rsquo;un seul plan en coupe du terrain et de la construction mais l\u2019id\u00e9al est deux plans en coupe : un plan de l\u2019<strong>\u00e9tat initial<\/strong>&nbsp;(<em>avant les travaux<\/em>) et un plan de l\u2019<strong>\u00e9tat projet\u00e9<\/strong>&nbsp;(<em>apr\u00e8s les travaux<\/em>). Ce conseil est surtout valable lorsqu\u2019il est pr\u00e9vu de proc\u00e9der \u00e0 une modification du terrain par un affouillement ou un rehaussement du sol, ou alors lorsque la demande consiste \u00e0 modifier une construction existante.<\/p>\n\n\n\n<div class=\"wp-block-image\"><figure class=\"aligncenter is-resized\"><img loading=\"lazy\" decoding=\"async\" src=\"http:\/\/alexandrewack.fr\/wp-content\/uploads\/2020\/05\/Capture-d\u2019e\u0301cran-2020-05-10-a\u0300-15.53.42-1024x678.png\" alt=\"\" class=\"wp-image-2432\" width=\"768\" height=\"509\" srcset=\"http:\/\/alexandrewack.fr\/wp-content\/uploads\/2020\/05\/Capture-d\u2019e\u0301cran-2020-05-10-a\u0300-15.53.42-1024x678.png 1024w, http:\/\/alexandrewack.fr\/wp-content\/uploads\/2020\/05\/Capture-d\u2019e\u0301cran-2020-05-10-a\u0300-15.53.42-300x199.png 300w, http:\/\/alexandrewack.fr\/wp-content\/uploads\/2020\/05\/Capture-d\u2019e\u0301cran-2020-05-10-a\u0300-15.53.42-768x509.png 768w, http:\/\/alexandrewack.fr\/wp-content\/uploads\/2020\/05\/Capture-d\u2019e\u0301cran-2020-05-10-a\u0300-15.53.42.png 1596w\" sizes=\"auto, (max-width: 768px) 100vw, 768px\" \/><figcaption>Plans de coupe maison + terrain. <\/figcaption><\/figure><\/div>\n\n\n\n<p class=\"has-text-color has-background has-medium-font-size has-very-dark-gray-color has-cyan-bluish-gray-background-color\"><strong>PLAN DE FACADE ou PLAN D&rsquo;ELEVATION.<\/strong><\/p>\n\n\n\n<p class=\"has-text-color has-very-dark-gray-color\">Le dessin des fa\u00e7ades est \u00e9galement n\u00e9cessaire pour la compr\u00e9hension de l\u2019ensemble, surtout si l\u2019on touche \u00e0 l\u2019aspect ext\u00e9rieur de la maison. Les plans d\u2019\u00e9l\u00e9vation doivent inclure les indications suivantes :<\/p>\n\n\n\n<ul class=\"wp-block-list\"><li>L\u2019emplacement des portes et des fen\u00eatres<\/li><li>Les terrasses, loggias ou perrons s\u2019il y a lieu<\/li><li>Les \u00e9l\u00e9ments de d\u00e9coration de la fa\u00e7ade<\/li><\/ul>\n\n\n\n<div class=\"wp-block-image\"><figure class=\"aligncenter is-resized\"><img loading=\"lazy\" decoding=\"async\" src=\"http:\/\/alexandrewack.fr\/wp-content\/uploads\/2020\/05\/Fa\u00e7ade-Ouest-et-Est-Pierre-Sauvage-1024x716.jpg\" alt=\"\" class=\"wp-image-2465\" width=\"1024\" height=\"716\" srcset=\"http:\/\/alexandrewack.fr\/wp-content\/uploads\/2020\/05\/Fa\u00e7ade-Ouest-et-Est-Pierre-Sauvage-1024x716.jpg 1024w, http:\/\/alexandrewack.fr\/wp-content\/uploads\/2020\/05\/Fa\u00e7ade-Ouest-et-Est-Pierre-Sauvage-300x210.jpg 300w, http:\/\/alexandrewack.fr\/wp-content\/uploads\/2020\/05\/Fa\u00e7ade-Ouest-et-Est-Pierre-Sauvage-768x537.jpg 768w, http:\/\/alexandrewack.fr\/wp-content\/uploads\/2020\/05\/Fa\u00e7ade-Ouest-et-Est-Pierre-Sauvage.jpg 1410w\" sizes=\"auto, (max-width: 1024px) 100vw, 1024px\" \/><\/figure><\/div>\n\n\n\n<div class=\"wp-block-file\"><a href=\"http:\/\/alexandrewack.fr\/wp-content\/uploads\/2020\/05\/Fa\u00e7ade-Ouest-pierre-PCMI-5a.pdf\">Fa\u00e7ade-Ouest-pierre-PCMI-5a<\/a><a href=\"http:\/\/alexandrewack.fr\/wp-content\/uploads\/2020\/05\/Fa\u00e7ade-Ouest-pierre-PCMI-5a.pdf\" class=\"wp-block-file__button\" download>T\u00e9l\u00e9charger<\/a><\/div>\n\n\n\n<div class=\"wp-block-image\"><figure class=\"aligncenter is-resized\"><img loading=\"lazy\" decoding=\"async\" src=\"http:\/\/alexandrewack.fr\/wp-content\/uploads\/2020\/05\/fa\u00e7ade-sud-pierre-sauvage-1024x788.jpg\" alt=\"\" class=\"wp-image-2472\" width=\"768\" height=\"591\" srcset=\"http:\/\/alexandrewack.fr\/wp-content\/uploads\/2020\/05\/fa\u00e7ade-sud-pierre-sauvage-1024x788.jpg 1024w, http:\/\/alexandrewack.fr\/wp-content\/uploads\/2020\/05\/fa\u00e7ade-sud-pierre-sauvage-300x231.jpg 300w, http:\/\/alexandrewack.fr\/wp-content\/uploads\/2020\/05\/fa\u00e7ade-sud-pierre-sauvage-768x591.jpg 768w, http:\/\/alexandrewack.fr\/wp-content\/uploads\/2020\/05\/fa\u00e7ade-sud-pierre-sauvage.jpg 1100w\" sizes=\"auto, (max-width: 768px) 100vw, 768px\" \/><\/figure><\/div>\n\n\n\n<div class=\"wp-block-file\"><a href=\"http:\/\/alexandrewack.fr\/wp-content\/uploads\/2020\/05\/pignon-pierre-sauvage-PCMI-5b-.pdf\">pignon-pierre-sauvage-PCMI-5b-<\/a><a href=\"http:\/\/alexandrewack.fr\/wp-content\/uploads\/2020\/05\/pignon-pierre-sauvage-PCMI-5b-.pdf\" class=\"wp-block-file__button\" download>T\u00e9l\u00e9charger<\/a><\/div>\n\n\n\n<p class=\"has-text-color has-background has-medium-font-size has-very-dark-gray-color has-cyan-bluish-gray-background-color\"><strong>PLAN DE NIVEAUX.<\/strong><\/p>\n\n\n\n<p>Ils permettent de calculer les surfaces de la construction, de situer l\u2019emplacement des ouvertures (fen\u00eatres, portes) ainsi que de comprendre l\u2019affectation des locaux (habitation, garage, buanderie, remise,\u2026)Les plans de niveau doivent donner les indications suivantes :<\/p>\n\n\n\n<ul class=\"wp-block-list\"><li>l\u2019\u00e9paisseur des murs, des cloisons, des planchers et de la toiture<\/li><li>l\u2019emplacement des fen\u00eatres et des portes<\/li><li>le dessin des escaliers<\/li><li>les terrasses, loggias ou perrons s\u2019il y a lieu<\/li><\/ul>\n\n\n\n<div class=\"wp-block-file\"><a href=\"http:\/\/alexandrewack.fr\/wp-content\/uploads\/2020\/05\/Plan-de-RDCpierre-.pdf\">Plan-de-RDCpierre-<\/a><a href=\"http:\/\/alexandrewack.fr\/wp-content\/uploads\/2020\/05\/Plan-de-RDCpierre-.pdf\" class=\"wp-block-file__button\" download>T\u00e9l\u00e9charger<\/a><\/div>\n\n\n\n<div class=\"wp-block-image\"><figure class=\"aligncenter is-resized\"><img loading=\"lazy\" decoding=\"async\" src=\"http:\/\/alexandrewack.fr\/wp-content\/uploads\/2020\/05\/RDC-pierre-sauvage-957x1024.jpg\" alt=\"\" class=\"wp-image-2475\" width=\"718\" height=\"768\" srcset=\"http:\/\/alexandrewack.fr\/wp-content\/uploads\/2020\/05\/RDC-pierre-sauvage-957x1024.jpg 957w, http:\/\/alexandrewack.fr\/wp-content\/uploads\/2020\/05\/RDC-pierre-sauvage-280x300.jpg 280w, http:\/\/alexandrewack.fr\/wp-content\/uploads\/2020\/05\/RDC-pierre-sauvage-768x822.jpg 768w, http:\/\/alexandrewack.fr\/wp-content\/uploads\/2020\/05\/RDC-pierre-sauvage.jpg 1101w\" sizes=\"auto, (max-width: 718px) 100vw, 718px\" \/><\/figure><\/div>\n\n\n\n<div class=\"wp-block-file\"><a href=\"http:\/\/alexandrewack.fr\/wp-content\/uploads\/2020\/05\/Coupes-pierre-sauvage.pdf\">Coupes-pierre-sauvage<\/a><a href=\"http:\/\/alexandrewack.fr\/wp-content\/uploads\/2020\/05\/Coupes-pierre-sauvage.pdf\" class=\"wp-block-file__button\" download>T\u00e9l\u00e9charger<\/a><\/div>\n\n\n\n<div class=\"wp-block-image\"><figure class=\"aligncenter\"><img loading=\"lazy\" decoding=\"async\" width=\"743\" height=\"1024\" src=\"http:\/\/alexandrewack.fr\/wp-content\/uploads\/2020\/05\/vue-en-coupe-pierre-sauvage-743x1024.jpg\" alt=\"\" class=\"wp-image-2483\" srcset=\"http:\/\/alexandrewack.fr\/wp-content\/uploads\/2020\/05\/vue-en-coupe-pierre-sauvage-743x1024.jpg 743w, http:\/\/alexandrewack.fr\/wp-content\/uploads\/2020\/05\/vue-en-coupe-pierre-sauvage-218x300.jpg 218w, http:\/\/alexandrewack.fr\/wp-content\/uploads\/2020\/05\/vue-en-coupe-pierre-sauvage-768x1059.jpg 768w, http:\/\/alexandrewack.fr\/wp-content\/uploads\/2020\/05\/vue-en-coupe-pierre-sauvage.jpg 893w\" sizes=\"auto, (max-width: 743px) 100vw, 743px\" \/><\/figure><\/div>\n","protected":false},"excerpt":{"rendered":"<p>Rep\u00e9rer l\u2019orientation d\u2019une construction sur un dessinIdentifier et d\u00e9coder un plan de situation et un plan de masse. LES ORIENTATIONS Une&nbsp;rose des vents&nbsp;est une figure indiquant les points cardinaux : nord, sud, est, ouest et les orientations interm\u00e9diaires, jusqu&rsquo;\u00e0 32 directions Ici vous pouvez retrouver la rose des vents sur le plan de masse de [&hellip;]<\/p>\n","protected":false},"author":1,"featured_media":0,"parent":885,"menu_order":1,"comment_status":"closed","ping_status":"closed","template":"","meta":{"footnotes":""},"class_list":["post-2387","page","type-page","status-publish","hentry"],"_links":{"self":[{"href":"http:\/\/alexandrewack.fr\/index.php?rest_route=\/wp\/v2\/pages\/2387","targetHints":{"allow":["GET"]}}],"collection":[{"href":"http:\/\/alexandrewack.fr\/index.php?rest_route=\/wp\/v2\/pages"}],"about":[{"href":"http:\/\/alexandrewack.fr\/index.php?rest_route=\/wp\/v2\/types\/page"}],"author":[{"embeddable":true,"href":"http:\/\/alexandrewack.fr\/index.php?rest_route=\/wp\/v2\/users\/1"}],"replies":[{"embeddable":true,"href":"http:\/\/alexandrewack.fr\/index.php?rest_route=%2Fwp%2Fv2%2Fcomments&post=2387"}],"version-history":[{"count":63,"href":"http:\/\/alexandrewack.fr\/index.php?rest_route=\/wp\/v2\/pages\/2387\/revisions"}],"predecessor-version":[{"id":2488,"href":"http:\/\/alexandrewack.fr\/index.php?rest_route=\/wp\/v2\/pages\/2387\/revisions\/2488"}],"up":[{"embeddable":true,"href":"http:\/\/alexandrewack.fr\/index.php?rest_route=\/wp\/v2\/pages\/885"}],"wp:attachment":[{"href":"http:\/\/alexandrewack.fr\/index.php?rest_route=%2Fwp%2Fv2%2Fmedia&parent=2387"}],"curies":[{"name":"wp","href":"https:\/\/api.w.org\/{rel}","templated":true}]}}