{"id":237,"date":"2012-03-23T00:04:34","date_gmt":"2012-03-23T00:04:34","guid":{"rendered":"http:\/\/alexandrewack.fr\/?page_id=237"},"modified":"2023-12-12T22:34:07","modified_gmt":"2023-12-12T22:34:07","slug":"le-taraudage","status":"publish","type":"page","link":"http:\/\/alexandrewack.fr\/?page_id=237","title":{"rendered":"Le taraudage"},"content":{"rendered":"<h3>D\u00e9finition:<\/h3>\n<p style=\"text-align: justify;\">C\u2019est la cr\u00e9ation d\u2019une surface h\u00e9lico\u00efdale obtenue par la combinaison d\u2019un mouvement de rotation et de translation, dans une surface al\u00e9s\u00e9 ou perc\u00e9 \u00e0 laide d\u2019un taraud. L\u2019outil coupe \u00e0 l\u2019aide des deux ar\u00eates tranchantes\u00a0; il en r\u00e9sulte un copeau qui se forme avec difficult\u00e9<\/p>\n<h3 style=\"text-align: justify;\">Le principe:<\/h3>\n<p style=\"text-align: justify;\">Le taraudage peut s\u2019effectuer de deux mani\u00e8res. Soit a l\u2019aide d\u2019une commande num\u00e9rique qui reste relativement simple, ou a la main \u00e0 l\u2019aide d\u2019un jeu de tarauds et d\u2019un tourne a gauche.<\/p>\n<p style=\"text-align: justify;\"><strong>Le tourne \u00e0 gauche:\u00a0<\/strong><\/p>\n<p style=\"text-align: justify;\"><a href=\"http:\/\/alexandrewack.fr\/wp-content\/uploads\/2012\/03\/T-\u00e0-Gauche1.png\"><img loading=\"lazy\" decoding=\"async\" class=\"aligncenter size-thumbnail wp-image-242\" title=\"T \u00e0 Gauche\" src=\"http:\/\/alexandrewack.fr\/wp-content\/uploads\/2012\/03\/T-\u00e0-Gauche1-290x66.png\" alt=\"\" width=\"290\" height=\"66\" \/><\/a><\/p>\n<p style=\"text-align: justify;\"><strong>Le taraud:\u00a0<\/strong><\/p>\n<p style=\"text-align: justify;\"><a href=\"http:\/\/alexandrewack.fr\/wp-content\/uploads\/2012\/03\/taraud.jpg\"><img loading=\"lazy\" decoding=\"async\" class=\"aligncenter size-medium wp-image-239\" title=\"taraud\" src=\"http:\/\/alexandrewack.fr\/wp-content\/uploads\/2012\/03\/taraud-300x63.jpg\" alt=\"\" width=\"300\" height=\"63\" srcset=\"http:\/\/alexandrewack.fr\/wp-content\/uploads\/2012\/03\/taraud-300x63.jpg 300w, http:\/\/alexandrewack.fr\/wp-content\/uploads\/2012\/03\/taraud.jpg 830w\" sizes=\"auto, (max-width: 300px) 100vw, 300px\" \/><\/a><\/p>\n<h3 style=\"text-align: justify;\">Diam\u00e8tre de per\u00e7age pour le taraudage :<\/h3>\n<h1 style=\"text-align: center;\">\u00d8 Per\u00e7age = \u00d8 vis &#8211; Pas<\/h1>\n<p><a href=\"http:\/\/alexandrewack.fr\/wp-content\/uploads\/2012\/03\/taraudage.png\"><img loading=\"lazy\" decoding=\"async\" class=\" wp-image-813 aligncenter\" src=\"http:\/\/alexandrewack.fr\/wp-content\/uploads\/2012\/03\/taraudage-300x221.png\" alt=\"taraudage\" width=\"428\" height=\"315\" srcset=\"http:\/\/alexandrewack.fr\/wp-content\/uploads\/2012\/03\/taraudage-300x221.png 300w, http:\/\/alexandrewack.fr\/wp-content\/uploads\/2012\/03\/taraudage.png 493w\" sizes=\"auto, (max-width: 428px) 100vw, 428px\" \/><\/a><\/p>\n<p>le cours ici :<a href=\"http:\/\/alexandrewack.fr\/wp-content\/uploads\/2012\/03\/Le-TaraudageWA_2014.pdf\">Le TaraudageWA_2014<\/a><\/p>\n\n\n<figure class=\"wp-block-embed aligncenter is-type-video is-provider-youtube wp-block-embed-youtube wp-embed-aspect-16-9 wp-has-aspect-ratio\"><div class=\"wp-block-embed__wrapper\">\n<iframe loading=\"lazy\" title=\"Comment r\u00e9aliser un taraudage\" width=\"690\" height=\"388\" src=\"https:\/\/www.youtube.com\/embed\/zwTt6oAM23o?feature=oembed\" frameborder=\"0\" allow=\"accelerometer; autoplay; clipboard-write; encrypted-media; gyroscope; picture-in-picture; web-share\" allowfullscreen><\/iframe>\n<\/div><\/figure>\n\n\n\n<figure class=\"wp-block-embed aligncenter is-type-video is-provider-youtube wp-block-embed-youtube wp-embed-aspect-16-9 wp-has-aspect-ratio\"><div class=\"wp-block-embed__wrapper\">\n<iframe loading=\"lazy\" title=\"Taraudage manuel d&#039;un acier. R\u00e9aliser un filet. Diam\u00e8tre de per\u00e7age pour tarauder.\" width=\"690\" height=\"388\" src=\"https:\/\/www.youtube.com\/embed\/ngEmO1VI40E?feature=oembed\" frameborder=\"0\" allow=\"accelerometer; autoplay; clipboard-write; encrypted-media; gyroscope; picture-in-picture\" allowfullscreen><\/iframe>\n<\/div><\/figure>\n","protected":false},"excerpt":{"rendered":"<p>D\u00e9finition: C\u2019est la cr\u00e9ation d\u2019une surface h\u00e9lico\u00efdale obtenue par la combinaison d\u2019un mouvement de rotation et de translation, dans une surface al\u00e9s\u00e9 ou perc\u00e9 \u00e0 laide d\u2019un taraud. L\u2019outil coupe \u00e0 l\u2019aide des deux ar\u00eates tranchantes\u00a0; il en r\u00e9sulte un copeau qui se forme avec difficult\u00e9 Le principe: Le taraudage peut s\u2019effectuer de deux mani\u00e8res. [&hellip;]<\/p>\n","protected":false},"author":1,"featured_media":0,"parent":1277,"menu_order":6,"comment_status":"open","ping_status":"open","template":"","meta":{"footnotes":""},"class_list":["post-237","page","type-page","status-publish","hentry"],"_links":{"self":[{"href":"http:\/\/alexandrewack.fr\/index.php?rest_route=\/wp\/v2\/pages\/237","targetHints":{"allow":["GET"]}}],"collection":[{"href":"http:\/\/alexandrewack.fr\/index.php?rest_route=\/wp\/v2\/pages"}],"about":[{"href":"http:\/\/alexandrewack.fr\/index.php?rest_route=\/wp\/v2\/types\/page"}],"author":[{"embeddable":true,"href":"http:\/\/alexandrewack.fr\/index.php?rest_route=\/wp\/v2\/users\/1"}],"replies":[{"embeddable":true,"href":"http:\/\/alexandrewack.fr\/index.php?rest_route=%2Fwp%2Fv2%2Fcomments&post=237"}],"version-history":[{"count":9,"href":"http:\/\/alexandrewack.fr\/index.php?rest_route=\/wp\/v2\/pages\/237\/revisions"}],"predecessor-version":[{"id":2976,"href":"http:\/\/alexandrewack.fr\/index.php?rest_route=\/wp\/v2\/pages\/237\/revisions\/2976"}],"up":[{"embeddable":true,"href":"http:\/\/alexandrewack.fr\/index.php?rest_route=\/wp\/v2\/pages\/1277"}],"wp:attachment":[{"href":"http:\/\/alexandrewack.fr\/index.php?rest_route=%2Fwp%2Fv2%2Fmedia&parent=237"}],"curies":[{"name":"wp","href":"https:\/\/api.w.org\/{rel}","templated":true}]}}