{"id":2266,"date":"2020-04-22T10:42:19","date_gmt":"2020-04-22T10:42:19","guid":{"rendered":"http:\/\/alexandrewack.fr\/?page_id=2266"},"modified":"2020-04-22T13:58:18","modified_gmt":"2020-04-22T13:58:18","slug":"longueurs-developpees","status":"publish","type":"page","link":"http:\/\/alexandrewack.fr\/?page_id=2266","title":{"rendered":"Longueurs d\u00e9velopp\u00e9es"},"content":{"rendered":"\n<p class=\"has-background has-medium-font-size has-very-light-gray-background-color\"><strong>RAPPEL<\/strong>: <\/p>\n\n\n\n<p style=\"text-align:left\" class=\"has-medium-font-size\"> <strong>Calcul du p\u00e9rim\u00e8tre d&rsquo;un cercle :<\/strong>  au programme de CM2<br><br>Pour calculer le p\u00e9rim\u00e8tre du cercle, on va utiliser son rayon ou le diam\u00e8tre , et un nombre qui s\u2019appelle pi  que l&rsquo;on \u00e9crit <strong>( \u03c0  )<\/strong> et qui a comme valeur <strong>3,14.<\/strong> <\/p>\n\n\n\n<p style=\"text-align:center\" class=\"has-text-color has-medium-font-size has-vivid-red-color\">  P<strong>\u00e9rim\u00e8tre est \u00e9gale \u00e0:   <br>  <br>P =  \u03c0 x \u00d8    <br><br>ou<br><br> P =  \u03c0 x Raillon x 2  <\/strong><\/p>\n\n\n\n<p style=\"text-align:center\" class=\"has-medium-font-size\">Pour calculer la circonf\u00e9rence  (p\u00e9rim\u00e8tre)  si nous utilisons le rayon ,  du cercle, on applique la formule suivante: <br>&nbsp;&nbsp;&nbsp;&nbsp;&nbsp; <strong>Circonf\u00e9rence (p\u00e9rim\u00e8tre) = (r X 2) X&nbsp;  \u03c0<\/strong> <br><\/p>\n\n\n\n<div class=\"wp-block-image\"><figure class=\"aligncenter\"><img loading=\"lazy\" decoding=\"async\" width=\"270\" height=\"254\" src=\"http:\/\/alexandrewack.fr\/wp-content\/uploads\/2020\/04\/cercle-R.jpg\" alt=\"\" class=\"wp-image-2267\"\/><\/figure><\/div>\n\n\n\n<p style=\"text-align:center\" class=\"has-medium-font-size\">Pour calculer la circonf\u00e9rence  (p\u00e9rim\u00e8tre)  si nous utilisons le diam\u00e8tre ,  du cercle, on applique la formule suivante: <br>&nbsp;&nbsp;&nbsp;&nbsp;&nbsp; <strong>Circonf\u00e9rence (p\u00e9rim\u00e8tre) = (diam\u00e8tre) D X&nbsp;  \u03c0<\/strong>  <\/p>\n\n\n\n<div class=\"wp-block-image\"><figure class=\"aligncenter is-resized\"><img loading=\"lazy\" decoding=\"async\" src=\"http:\/\/alexandrewack.fr\/wp-content\/uploads\/2020\/04\/cecle-D.jpg\" alt=\"\" class=\"wp-image-2274\" width=\"307\" height=\"278\"\/><\/figure><\/div>\n\n\n\n<p class=\"has-text-color has-background has-large-font-size has-very-dark-gray-color has-very-light-gray-background-color\"><strong>Dans n\u00f4tre cas le cercle poss\u00e8de une \u00e9paisseur donc : <\/strong><\/p>\n\n\n\n<p style=\"text-align:center\" class=\"has-medium-font-size\">le roulage de t\u00f4le :<\/p>\n\n\n\n<div class=\"wp-block-image\"><figure class=\"aligncenter is-resized\"><img loading=\"lazy\" decoding=\"async\" src=\"http:\/\/alexandrewack.fr\/wp-content\/uploads\/2020\/04\/roulage.jpg\" alt=\"\" class=\"wp-image-2293\" width=\"945\" height=\"211\" srcset=\"http:\/\/alexandrewack.fr\/wp-content\/uploads\/2020\/04\/roulage.jpg 670w, http:\/\/alexandrewack.fr\/wp-content\/uploads\/2020\/04\/roulage-300x67.jpg 300w\" sizes=\"auto, (max-width: 945px) 100vw, 945px\" \/><\/figure><\/div>\n\n\n\n<div class=\"wp-block-image\"><figure class=\"alignright is-resized\"><img loading=\"lazy\" decoding=\"async\" src=\"http:\/\/alexandrewack.fr\/wp-content\/uploads\/2020\/04\/virole_droite.jpg\" alt=\"\" class=\"wp-image-2280\" width=\"343\" height=\"343\"\/><\/figure><\/div>\n\n\n\n<p class=\"has-medium-font-size\">La longueur de la fibre neutre situ\u00e9e \u00e0 la moiti\u00e9s de l\u2019\u00e9paisseur de la t\u00f4le.<br>Elle reste invariable.<br>Pour un cylindre, on calcule la longueur d\u00e9velopp\u00e9e en consid\u00e9rant le diam\u00e8tre (moyen) \u00e0 la fibre neutre. <\/p>\n\n\n\n<p style=\"text-align:center\" class=\"has-large-font-size\">Ld =&gt; longueur d\u00e9velopp\u00e9e <\/p>\n\n\n\n<p style=\"text-align:center\" class=\"has-text-color has-large-font-size has-vivid-red-color\"><strong> Ld = \u03c0 x \u00d8fn <\/strong><\/p>\n\n\n\n<div class=\"wp-block-image\"><figure class=\"aligncenter is-resized\"><img loading=\"lazy\" decoding=\"async\" src=\"http:\/\/alexandrewack.fr\/wp-content\/uploads\/2020\/04\/Fibre-neute.jpg\" alt=\"\" class=\"wp-image-2283\" width=\"415\" height=\"435\" srcset=\"http:\/\/alexandrewack.fr\/wp-content\/uploads\/2020\/04\/Fibre-neute.jpg 719w, http:\/\/alexandrewack.fr\/wp-content\/uploads\/2020\/04\/Fibre-neute-286x300.jpg 286w\" sizes=\"auto, (max-width: 415px) 100vw, 415px\" \/><\/figure><\/div>\n\n\n\n<p style=\"text-align:left\" class=\"has-background has-large-font-size has-very-light-gray-background-color\"><strong>Pour calculer la longueur de la t\u00f4le \u00e0 plat (d\u00e9velopp\u00e9e) ,  3 possibilit\u00e9s : <\/strong><\/p>\n\n\n\n<p class=\"has-medium-font-size\"><br><strong>Ld = \u03c0 x \u00d8fn <\/strong>                   \u00d8fn =&gt; Diam\u00e8tre en fibre neutre&nbsp;<br><br><strong>Ld = \u03c0 x (\u00d8int + ep.)<\/strong>      \u00d8int =&gt; Diam\u00e8tre int\u00e9rieur<br><br><strong>Ld = \u03c0 x (\u00d8ext \u2013 ep.) <\/strong>     \u00d8ext =&gt; Diam\u00e8tre ext\u00e9rieur <br><\/p>\n\n\n\n<p class=\"has-background has-large-font-size has-very-light-gray-background-color\"><strong>Exemple :<\/strong><\/p>\n\n\n\n<p class=\"has-text-color has-medium-font-size has-very-dark-gray-color\">Si on souhaite obtenir une virole de diam\u00e8tre ext\u00e9rieur 500 mm en \u00e9paisseur 4 mm et de 1000 mm de hauteur : <\/p>\n\n\n\n<p class=\"has-text-color has-medium-font-size has-very-dark-gray-color\">Ld = \u03c0 x \u00d8fn (avec \u00d8fn= \u00d8ext \u2013 ep)<br>Ld = \u03c0 x (500 -4)<br>LD = \u03c0 x 495 ==&gt;&nbsp;<strong>LD \u2248 1555,08 <\/strong><br><br><\/p>\n\n\n\n<p style=\"text-align:center\" class=\"has-text-color has-background has-large-font-size has-very-dark-gray-color has-vivid-cyan-blue-background-color\">On devra donc d\u00e9couper un rectangle de t\u00f4le de : <br><br><strong>1000 mm x 1555 mm avant roulage. <\/strong><\/p>\n\n\n\n<p style=\"text-align:center\" class=\"has-large-font-size\">Pour v\u00e9rifier les calculs : <a href=\"http:\/\/www.echoumac.com\/html\/virole-rev0.html\">http:\/\/www.echoumac.com\/html\/virole-rev0.html<\/a><\/p>\n","protected":false},"excerpt":{"rendered":"<p>RAPPEL: Calcul du p\u00e9rim\u00e8tre d&rsquo;un cercle : au programme de CM2 Pour calculer le p\u00e9rim\u00e8tre du cercle, on va utiliser son rayon ou le diam\u00e8tre , et un nombre qui s\u2019appelle pi que l&rsquo;on \u00e9crit ( \u03c0 ) et qui a comme valeur 3,14. P\u00e9rim\u00e8tre est \u00e9gale \u00e0: P = \u03c0 x \u00d8 ou P [&hellip;]<\/p>\n","protected":false},"author":1,"featured_media":0,"parent":280,"menu_order":1,"comment_status":"closed","ping_status":"closed","template":"","meta":{"footnotes":""},"class_list":["post-2266","page","type-page","status-publish","hentry"],"_links":{"self":[{"href":"http:\/\/alexandrewack.fr\/index.php?rest_route=\/wp\/v2\/pages\/2266","targetHints":{"allow":["GET"]}}],"collection":[{"href":"http:\/\/alexandrewack.fr\/index.php?rest_route=\/wp\/v2\/pages"}],"about":[{"href":"http:\/\/alexandrewack.fr\/index.php?rest_route=\/wp\/v2\/types\/page"}],"author":[{"embeddable":true,"href":"http:\/\/alexandrewack.fr\/index.php?rest_route=\/wp\/v2\/users\/1"}],"replies":[{"embeddable":true,"href":"http:\/\/alexandrewack.fr\/index.php?rest_route=%2Fwp%2Fv2%2Fcomments&post=2266"}],"version-history":[{"count":31,"href":"http:\/\/alexandrewack.fr\/index.php?rest_route=\/wp\/v2\/pages\/2266\/revisions"}],"predecessor-version":[{"id":2317,"href":"http:\/\/alexandrewack.fr\/index.php?rest_route=\/wp\/v2\/pages\/2266\/revisions\/2317"}],"up":[{"embeddable":true,"href":"http:\/\/alexandrewack.fr\/index.php?rest_route=\/wp\/v2\/pages\/280"}],"wp:attachment":[{"href":"http:\/\/alexandrewack.fr\/index.php?rest_route=%2Fwp%2Fv2%2Fmedia&parent=2266"}],"curies":[{"name":"wp","href":"https:\/\/api.w.org\/{rel}","templated":true}]}}