{"id":2221,"date":"2020-04-10T09:44:43","date_gmt":"2020-04-10T09:44:43","guid":{"rendered":"http:\/\/alexandrewack.fr\/?page_id=2221"},"modified":"2020-04-10T12:44:24","modified_gmt":"2020-04-10T12:44:24","slug":"la-mise-en-barre-economique","status":"publish","type":"page","link":"http:\/\/alexandrewack.fr\/?page_id=2221","title":{"rendered":"Mise en barre \u00e9conomique"},"content":{"rendered":"\n<p> Ici un jolie tuto vid\u00e9o : <a href=\"https:\/\/www.youtube.com\/watch?v=qFkkvpQCdlU\">htt<\/a><a rel=\"noreferrer noopener\" aria-label=\"p (s\u2019ouvre dans un nouvel onglet)\" href=\"https:\/\/www.youtube.com\/watch?v=qFkkvpQCdlU\" target=\"_blank\">p<\/a><a href=\"https:\/\/www.youtube.com\/watch?v=qFkkvpQCdlU\">s:\/\/www.youtube.com\/watch?v=qFkkvpQCdlU<\/a>  <\/p>\n\n\n\n<div class=\"wp-block-file\"><a href=\"http:\/\/alexandrewack.fr\/wp-content\/uploads\/2020\/04\/La-mise-en-barre-2020-Wack.pdf\">La-mise-en-barre-2020-Wack<\/a><a href=\"http:\/\/alexandrewack.fr\/wp-content\/uploads\/2020\/04\/La-mise-en-barre-2020-Wack.pdf\" class=\"wp-block-file__button\" download>T\u00e9l\u00e9charger<\/a><\/div>\n\n\n\n<p class=\"has-background has-large-font-size has-very-light-gray-background-color\"> D\u00e9finition :<\/p>\n\n\n\n<div class=\"wp-block-image\"><figure class=\"alignright is-resized\"><img loading=\"lazy\" decoding=\"async\" src=\"http:\/\/alexandrewack.fr\/wp-content\/uploads\/2020\/04\/Scie-a-ruban.jpg\" alt=\"\" class=\"wp-image-2243\" width=\"215\" height=\"265\"\/><figcaption>scie a ruban<\/figcaption><\/figure><\/div>\n\n\n\n<p class=\"has-text-color has-medium-font-size has-very-dark-gray-color\"> Effectuer une mise en barre, c\u2019est positionner de mani\u00e8re rationnelle et la plus \u00e9conomique possible un nombre d\u2019\u00e9l\u00e9ment donn\u00e9 dans un ou des longueurs de profil\u00e9 donn\u00e9es.<br> <br>Utiliser pour un m\u00eame profil\u00e9 ( m\u00eame forme de barres ou de tubes)   <\/p>\n\n\n\n<p class=\"has-text-color has-medium-font-size has-very-dark-gray-color\"> <strong>On travail COURRAMENT des longueurs de PROFILES \u00e9gale \u00e0 6 m\u00e8tres. ( Il existe aussi des longueurs de 12 m\u00e8tres)  <\/strong><\/p>\n\n\n\n<p class=\"has-background has-large-font-size has-very-light-gray-background-color\"> Pr\u00e9caution pr\u00e9alable \u00e0 l\u2019op\u00e9ration de d\u00e9bit. <\/p>\n\n\n\n<p class=\"has-text-color has-medium-font-size has-very-dark-gray-color\"> Les diff\u00e9rentes longueurs de profil\u00e9 issues du laminage et apr\u00e8s divers op\u00e9rations de transport et de manutention n\u2019on plus forc\u00e9ment des extr\u00e9mit\u00e9s \u00ab&nbsp;compatible avec un travail de qualit\u00e9.&nbsp; Il convient donc de faire <strong>UN AFFRANCHISSEMENT <\/strong>pour \u00e9liminer l\u2019extr\u00e9mit\u00e9 non conforme.  <\/p>\n\n\n\n<p class=\"has-text-color has-medium-font-size has-vivid-red-color\"><strong> La valeur de cette affranchissement sera de environ 10 mm<\/strong><\/p>\n\n\n\n<div class=\"wp-block-image\"><figure class=\"aligncenter\"><img loading=\"lazy\" decoding=\"async\" width=\"746\" height=\"383\" src=\"http:\/\/alexandrewack.fr\/wp-content\/uploads\/2020\/04\/affranchissement.jpg\" alt=\"\" class=\"wp-image-2235\" srcset=\"http:\/\/alexandrewack.fr\/wp-content\/uploads\/2020\/04\/affranchissement.jpg 746w, http:\/\/alexandrewack.fr\/wp-content\/uploads\/2020\/04\/affranchissement-300x154.jpg 300w\" sizes=\"auto, (max-width: 746px) 100vw, 746px\" \/><\/figure><\/div>\n\n\n\n<p class=\"has-background has-large-font-size has-very-light-gray-background-color\">Observation: <\/p>\n\n\n\n<p class=\"has-text-color has-medium-font-size has-very-dark-gray-color\"> A l\u2019aide du sch\u00e9ma ci-dessous, observons se qui se passe lorsque l\u2019on effectue une op\u00e9ration de d\u00e9bit.  <\/p>\n\n\n\n<p class=\"has-text-color has-medium-font-size has-very-dark-gray-color\">Apr\u00e8s avoir effectuer notre coupe d\u2019affranchissement, nous r\u00e9alisons notre 1<sup>er<\/sup> op\u00e9ration de d\u00e9bit.  <\/p>\n\n\n\n<div class=\"wp-block-image\"><figure class=\"aligncenter\"><img loading=\"lazy\" decoding=\"async\" width=\"1024\" height=\"521\" src=\"http:\/\/alexandrewack.fr\/wp-content\/uploads\/2020\/04\/les-coupes-1024x521.jpg\" alt=\"\" class=\"wp-image-2238\" srcset=\"http:\/\/alexandrewack.fr\/wp-content\/uploads\/2020\/04\/les-coupes.jpg 1024w, http:\/\/alexandrewack.fr\/wp-content\/uploads\/2020\/04\/les-coupes-300x153.jpg 300w, http:\/\/alexandrewack.fr\/wp-content\/uploads\/2020\/04\/les-coupes-768x391.jpg 768w\" sizes=\"auto, (max-width: 1024px) 100vw, 1024px\" \/><figcaption> <br> <br> <\/figcaption><\/figure><\/div>\n\n\n\n<p style=\"text-align:left\" class=\"has-text-color has-medium-font-size has-vivid-red-color\"><strong>Conclusion: <\/strong>Il est imp\u00e9ratif de prendre en compte la largeur de la saign\u00e9e dans les calculs pour effectuer une mise en barre correcte. <br><br><strong>NOTA: <\/strong>Dans le cas o\u00f9 il y aurait diff\u00e9rents \u00e9l\u00e9ments de l&rsquo;ouvrage avec le m\u00eame type de profil\u00e9, il faut commencer la mise en barre par les longueurs les plus grandes<\/p>\n\n\n\n<p style=\"text-align:left\" class=\"has-background has-large-font-size has-very-light-gray-background-color\">Exemple : <\/p>\n\n\n\n<p style=\"text-align:left\" class=\"has-medium-font-size\"> <strong>On donne <\/strong>:Profil de longueur de 6 m\u00e8tre. ( 6000mm)  <br>Nombre de pi\u00e8ces: 30 <br>Dimension de la pi\u00e8ce: 1150mm <br>Epaisseur de la lame : 3mm <br>Affranchissement : 10mm <\/p>\n\n\n\n<p class=\"has-text-color has-medium-font-size has-very-dark-gray-color\"><strong>Calculs <\/strong>:<br>Longueur de profil utilisable:&nbsp;&nbsp;&nbsp;&nbsp;&nbsp; <strong>6000-10 = 5990 mm.<\/strong><br><br>Calculer la longueur de la pi\u00e8ce + \u00e9paisseur de la lame de scie. <br>L= <strong>1150+3 = 1153mm <\/strong><br><br>Calculer le nombre de pi\u00e8ces contenues dans le profil. <br>Nbrs de pi\u00e8ce =&gt; <strong>5990\/1153 = 5,2 soit 5 pi\u00e8ces.  <\/strong><br><br>Calculer nombre de profil. <strong>30\/5 = 6 soit 6 barres<\/strong><br><br> Longueur de la chute par profil:&nbsp; <strong>5990 \u2013 ( 5&#215;1153) = 225 mm<\/strong><\/p>\n\n\n\n<p style=\"text-align:center\" class=\"has-text-color has-medium-font-size has-vivid-red-color\">En conclusion nous avons besoin de 6 barres <br>et il restera une chute de 225 mm dans chaque barres <\/p>\n\n\n\n<div class=\"wp-block-image\"><figure class=\"aligncenter\"><img loading=\"lazy\" decoding=\"async\" width=\"1024\" height=\"453\" src=\"http:\/\/alexandrewack.fr\/wp-content\/uploads\/2020\/04\/r\u00e9partition-1024x453.jpg\" alt=\"\" class=\"wp-image-2245\" srcset=\"http:\/\/alexandrewack.fr\/wp-content\/uploads\/2020\/04\/r\u00e9partition-1024x453.jpg 1024w, http:\/\/alexandrewack.fr\/wp-content\/uploads\/2020\/04\/r\u00e9partition-300x133.jpg 300w, http:\/\/alexandrewack.fr\/wp-content\/uploads\/2020\/04\/r\u00e9partition-768x340.jpg 768w, http:\/\/alexandrewack.fr\/wp-content\/uploads\/2020\/04\/r\u00e9partition.jpg 1370w\" sizes=\"auto, (max-width: 1024px) 100vw, 1024px\" \/><\/figure><\/div>\n","protected":false},"excerpt":{"rendered":"<p>Ici un jolie tuto vid\u00e9o : https:\/\/www.youtube.com\/watch?v=qFkkvpQCdlU D\u00e9finition : Effectuer une mise en barre, c\u2019est positionner de mani\u00e8re rationnelle et la plus \u00e9conomique possible un nombre d\u2019\u00e9l\u00e9ment donn\u00e9 dans un ou des longueurs de profil\u00e9 donn\u00e9es. Utiliser pour un m\u00eame profil\u00e9 ( m\u00eame forme de barres ou de tubes) On travail COURRAMENT des longueurs de [&hellip;]<\/p>\n","protected":false},"author":1,"featured_media":0,"parent":2216,"menu_order":2,"comment_status":"closed","ping_status":"closed","template":"","meta":{"footnotes":""},"class_list":["post-2221","page","type-page","status-publish","hentry"],"_links":{"self":[{"href":"http:\/\/alexandrewack.fr\/index.php?rest_route=\/wp\/v2\/pages\/2221","targetHints":{"allow":["GET"]}}],"collection":[{"href":"http:\/\/alexandrewack.fr\/index.php?rest_route=\/wp\/v2\/pages"}],"about":[{"href":"http:\/\/alexandrewack.fr\/index.php?rest_route=\/wp\/v2\/types\/page"}],"author":[{"embeddable":true,"href":"http:\/\/alexandrewack.fr\/index.php?rest_route=\/wp\/v2\/users\/1"}],"replies":[{"embeddable":true,"href":"http:\/\/alexandrewack.fr\/index.php?rest_route=%2Fwp%2Fv2%2Fcomments&post=2221"}],"version-history":[{"count":27,"href":"http:\/\/alexandrewack.fr\/index.php?rest_route=\/wp\/v2\/pages\/2221\/revisions"}],"predecessor-version":[{"id":2256,"href":"http:\/\/alexandrewack.fr\/index.php?rest_route=\/wp\/v2\/pages\/2221\/revisions\/2256"}],"up":[{"embeddable":true,"href":"http:\/\/alexandrewack.fr\/index.php?rest_route=\/wp\/v2\/pages\/2216"}],"wp:attachment":[{"href":"http:\/\/alexandrewack.fr\/index.php?rest_route=%2Fwp%2Fv2%2Fmedia&parent=2221"}],"curies":[{"name":"wp","href":"https:\/\/api.w.org\/{rel}","templated":true}]}}