{"id":1996,"date":"2019-09-09T22:16:38","date_gmt":"2019-09-09T22:16:38","guid":{"rendered":"http:\/\/alexandrewack.fr\/?page_id=1996"},"modified":"2019-09-09T22:19:02","modified_gmt":"2019-09-09T22:19:02","slug":"le-rivetage","status":"publish","type":"page","link":"http:\/\/alexandrewack.fr\/?page_id=1996","title":{"rendered":"Le rivetage"},"content":{"rendered":"\n<figure class=\"wp-block-image\"><img loading=\"lazy\" decoding=\"async\" width=\"444\" height=\"286\" src=\"http:\/\/alexandrewack.fr\/wp-content\/uploads\/2019\/09\/F3513240-01.jpg\" alt=\"\" class=\"wp-image-1997\" srcset=\"http:\/\/alexandrewack.fr\/wp-content\/uploads\/2019\/09\/F3513240-01.jpg 444w, http:\/\/alexandrewack.fr\/wp-content\/uploads\/2019\/09\/F3513240-01-300x193.jpg 300w\" sizes=\"auto, (max-width: 444px) 100vw, 444px\" \/><\/figure>\n\n\n\n<h2 class=\"wp-block-heading\">Comment poser un rivet ?<\/h2>\n\n\n\n<ol class=\"wp-block-list\"><li>Mesurer\n     l\u2019\u00e9paisseur \u00e0 sertir<\/li><li>Percer le\n     trou en utilisant le bon diam\u00e8tre de per\u00e7age (pr\u00e9cis\u00e9 sur la fiche produit\n     du rivet utilis\u00e9)<\/li><li>Introduire\n     le corps du rivet dans le trou perc\u00e9<\/li><li>Introduire\n     le clou du rivet dans la pince \u00e0 riveter et l\u2019actionner plusieurs fois\n     jusqu\u2019\u00e0 ce que le clou se casse<\/li><\/ol>\n\n\n<p><iframe loading=\"lazy\" src=\"https:\/\/www.youtube.com\/embed\/YAyfpQ6OGe0\" width=\"560\" height=\"315\" frameborder=\"0\" allowfullscreen=\"allowfullscreen\"><\/iframe><\/p>\n<p><iframe loading=\"lazy\" src=\"https:\/\/www.youtube.com\/embed\/9aoXmzdSf_I\" width=\"560\" height=\"315\" frameborder=\"0\" allowfullscreen=\"allowfullscreen\"><\/iframe><\/p>\n\n\n<h2 class=\"wp-block-heading\">Comment retirer un rivet ?<\/h2>\n\n\n\n<p>Le rivet \u00e9tant une solution de fixation permanente,&nbsp;il convient de le percer soigneusement en suivant&nbsp;les instructions ci-dessous afin de ne pas endommager&nbsp;les pi\u00e8ces assembl\u00e9es et le trou perc\u00e9:<br> \u25b8 Munissez-vous d\u2019une perceuse et d\u2019un foret&nbsp;de m\u00eame diam\u00e8tre que celui du rivet.<br> \u25b8 Percez la t\u00eate en visant bien le centre jusqu\u2019\u00e0&nbsp;ce qu\u2019elle se d\u00e9solidarise des \u00e9l\u00e9ments assembl\u00e9s.<br> \u25b8 Retirez la t\u00eate \u00e0 l\u2019aide d\u2019un chasse-goupille.Comment choisir, poser et retirer un rivet .<\/p>\n\n\n\n<h2 class=\"wp-block-heading\">Cours sur le rivetage : <\/h2>\n\n\n\n<div class=\"wp-block-file\"><a href=\"http:\/\/alexandrewack.fr\/wp-content\/uploads\/2019\/09\/01pose-et-chois-dun-rivet.pdf\">01pose et chois d&rsquo;un rivet<\/a><a href=\"http:\/\/alexandrewack.fr\/wp-content\/uploads\/2019\/09\/01pose-et-chois-dun-rivet.pdf\" class=\"wp-block-file__button\" download>T\u00e9l\u00e9charger<\/a><\/div>\n","protected":false},"excerpt":{"rendered":"<p>Comment poser un rivet ? Mesurer l\u2019\u00e9paisseur \u00e0 sertir Percer le trou en utilisant le bon diam\u00e8tre de per\u00e7age (pr\u00e9cis\u00e9 sur la fiche produit du rivet utilis\u00e9) Introduire le corps du rivet dans le trou perc\u00e9 Introduire le clou du rivet dans la pince \u00e0 riveter et l\u2019actionner plusieurs fois jusqu\u2019\u00e0 ce que le clou [&hellip;]<\/p>\n","protected":false},"author":1,"featured_media":1997,"parent":1277,"menu_order":3,"comment_status":"closed","ping_status":"closed","template":"","meta":{"footnotes":""},"class_list":["post-1996","page","type-page","status-publish","has-post-thumbnail","hentry"],"_links":{"self":[{"href":"http:\/\/alexandrewack.fr\/index.php?rest_route=\/wp\/v2\/pages\/1996","targetHints":{"allow":["GET"]}}],"collection":[{"href":"http:\/\/alexandrewack.fr\/index.php?rest_route=\/wp\/v2\/pages"}],"about":[{"href":"http:\/\/alexandrewack.fr\/index.php?rest_route=\/wp\/v2\/types\/page"}],"author":[{"embeddable":true,"href":"http:\/\/alexandrewack.fr\/index.php?rest_route=\/wp\/v2\/users\/1"}],"replies":[{"embeddable":true,"href":"http:\/\/alexandrewack.fr\/index.php?rest_route=%2Fwp%2Fv2%2Fcomments&post=1996"}],"version-history":[{"count":5,"href":"http:\/\/alexandrewack.fr\/index.php?rest_route=\/wp\/v2\/pages\/1996\/revisions"}],"predecessor-version":[{"id":2004,"href":"http:\/\/alexandrewack.fr\/index.php?rest_route=\/wp\/v2\/pages\/1996\/revisions\/2004"}],"up":[{"embeddable":true,"href":"http:\/\/alexandrewack.fr\/index.php?rest_route=\/wp\/v2\/pages\/1277"}],"wp:featuredmedia":[{"embeddable":true,"href":"http:\/\/alexandrewack.fr\/index.php?rest_route=\/wp\/v2\/media\/1997"}],"wp:attachment":[{"href":"http:\/\/alexandrewack.fr\/index.php?rest_route=%2Fwp%2Fv2%2Fmedia&parent=1996"}],"curies":[{"name":"wp","href":"https:\/\/api.w.org\/{rel}","templated":true}]}}