{"id":1977,"date":"2018-11-20T22:28:46","date_gmt":"2018-11-20T22:28:46","guid":{"rendered":"http:\/\/alexandrewack.fr\/?page_id=1977"},"modified":"2018-11-20T22:29:13","modified_gmt":"2018-11-20T22:29:13","slug":"la-bulle-de-filtre","status":"publish","type":"page","link":"http:\/\/alexandrewack.fr\/?page_id=1977","title":{"rendered":"La bulle de filtre"},"content":{"rendered":"<h2>COMMENT BRISER VOTRE BULLE DE FILTRES ?<\/h2>\n<div class=\"container\">\n<div class=\"row\">\n<div class=\"col-md-12\">\n<article role=\"article\">\n<div>\n<div class=\"field field--name-body field--type-text-with-summary field--label-hidden field--item\">\n<p>Depuis les derni\u00e8res \u00e9lections politiques, on entend de plus en plus parler de \u00ab\u00a0<a href=\"http:\/\/www.abilways-digital.com\/magazine\/le-petit-lexique-de-la-transformation-des-entreprises\/\">bulle de filtres\u00a0\u00bb<\/a>\u00a0. Sur le web et les r\u00e9seaux sociaux, nous sommes tous enferm\u00e9s dans une \u00ab\u00a0bulle\u00a0\u00bb qui nous propose\u00a0toujours le m\u00eame type de contenus. Cette bulle de filtres d\u00e9finit la mani\u00e8re dont nous nous informons.<\/p>\n<h2>LES CONS\u00c9QUENCES DE LA BULLE DE FILTRES<\/h2>\n<p>Un algorithme capable d\u2019analyser les donn\u00e9es des internautes et de ne leur proposer que des contenus qui leur plairont est indispensable \u00e0 tout bon r\u00e9seau social qui se respecte ! C\u2019est ainsi que sur Facebook nous\u00a0sommes maintenus tr\u00e8s \u00e9loign\u00e9s des contenus qui vont \u00e0 l\u2019encontre de ceux que nous likons.\u00a0Cons\u00e9quence : ce que les internautes consid\u00e9raient comme des plateformes d\u2019hyper choix de contenu, sont en fait l\u2019oppos\u00e9\u2026 La bulle de filtre dans laquelle nous sommes enferm\u00e9s entra\u00eene la disparition d\u2019une base d\u2019informations commune, et nous \u00e9loigne de contenus qui remettent en doute nos options, nos points de vue.\u00a0<a href=\"https:\/\/twitter.com\/elipariser\">Eli Pariser<\/a>, qui est \u00e0 l\u2019origine du terme de bulle de filtre met en garde les internautes sur ce ph\u00e9nom\u00e8ne :<\/p>\n<\/div>\n<\/div>\n<\/article>\n<\/div>\n<\/div>\n<\/div>\n<div style=\"max-width: 854px;\">\n<div style=\"position: relative; height: 0; padding-bottom: 56.25%;\"><iframe loading=\"lazy\" style=\"position: absolute; left: 0; top: 0; width: 100%; height: 100%;\" src=\"https:\/\/embed.ted.com\/talks\/lang\/fr\/eli_pariser_beware_online_filter_bubbles\" width=\"854\" height=\"480\" frameborder=\"0\" scrolling=\"no\" allowfullscreen=\"allowfullscreen\"><\/iframe><\/div>\n<\/div>\n<h4><\/h4>\n<h4>Alors, est-ce que la bulle de filtre nous rend \u00e9troit d\u2019esprit ?\u00a0Pour preuve, le Wall Street Journal a cr\u00e9\u00e9\u00a0<a href=\"http:\/\/graphics.wsj.com\/blue-feed-red-feed\/#\/president-trump\">un outil qui permet de comparer deux fils d\u2019actualit\u00e9 Facebook<\/a>.<\/h4>\n","protected":false},"excerpt":{"rendered":"<p>COMMENT BRISER VOTRE BULLE DE FILTRES ? Depuis les derni\u00e8res \u00e9lections politiques, on entend de plus en plus parler de \u00ab\u00a0bulle de filtres\u00a0\u00bb\u00a0. Sur le web et les r\u00e9seaux sociaux, nous sommes tous enferm\u00e9s dans une \u00ab\u00a0bulle\u00a0\u00bb qui nous propose\u00a0toujours le m\u00eame type de contenus. Cette bulle de filtres d\u00e9finit la mani\u00e8re dont nous nous [&hellip;]<\/p>\n","protected":false},"author":1,"featured_media":0,"parent":1965,"menu_order":4,"comment_status":"closed","ping_status":"closed","template":"","meta":{"footnotes":""},"class_list":["post-1977","page","type-page","status-publish","hentry"],"_links":{"self":[{"href":"http:\/\/alexandrewack.fr\/index.php?rest_route=\/wp\/v2\/pages\/1977","targetHints":{"allow":["GET"]}}],"collection":[{"href":"http:\/\/alexandrewack.fr\/index.php?rest_route=\/wp\/v2\/pages"}],"about":[{"href":"http:\/\/alexandrewack.fr\/index.php?rest_route=\/wp\/v2\/types\/page"}],"author":[{"embeddable":true,"href":"http:\/\/alexandrewack.fr\/index.php?rest_route=\/wp\/v2\/users\/1"}],"replies":[{"embeddable":true,"href":"http:\/\/alexandrewack.fr\/index.php?rest_route=%2Fwp%2Fv2%2Fcomments&post=1977"}],"version-history":[{"count":1,"href":"http:\/\/alexandrewack.fr\/index.php?rest_route=\/wp\/v2\/pages\/1977\/revisions"}],"predecessor-version":[{"id":1978,"href":"http:\/\/alexandrewack.fr\/index.php?rest_route=\/wp\/v2\/pages\/1977\/revisions\/1978"}],"up":[{"embeddable":true,"href":"http:\/\/alexandrewack.fr\/index.php?rest_route=\/wp\/v2\/pages\/1965"}],"wp:attachment":[{"href":"http:\/\/alexandrewack.fr\/index.php?rest_route=%2Fwp%2Fv2%2Fmedia&parent=1977"}],"curies":[{"name":"wp","href":"https:\/\/api.w.org\/{rel}","templated":true}]}}