{"id":1772,"date":"2017-11-09T20:51:25","date_gmt":"2017-11-09T20:51:25","guid":{"rendered":"http:\/\/alexandrewack.fr\/?page_id=1772"},"modified":"2021-09-18T09:54:37","modified_gmt":"2021-09-18T09:54:37","slug":"docs-air-liquide","status":"publish","type":"page","link":"http:\/\/alexandrewack.fr\/?page_id=1772","title":{"rendered":"Docs Air Liquide Soudure et gaz"},"content":{"rendered":"<h3>Compl\u00e9tez vos formations avec les ressources Air Liquide et une s\u00e9lection de documentations utiles:<\/h3>\n<p><a href=\"https:\/\/industrie.airliquide.fr\/landing-page-formateurs\" target=\"_blank\" rel=\"noopener\">la page air liquide<\/a><\/p>\n<div class=\"rte\">\n<h2>Les Bouteilles<\/h2>\n<div>\n<ul>\n<li><a href=\"https:\/\/industrie.airliquide.fr\/sites\/industry_fr\/files\/2017\/02\/17\/identification-des-bouteilles-de-gaz-industriels.pdf\" target=\"_blank\" rel=\"noreferrer noopener\">Identification des bouteilles<\/a><\/li>\n<li><a href=\"https:\/\/industrie.airliquide.fr\/sites\/industry_fr\/files\/41953_fiche_a4_gaz_et_bouteilles_fev2015_a_telecharger_uniquement.pdf\" target=\"_blank\" rel=\"noreferrer noopener\">Les tailles des bouteilles<\/a><\/li>\n<li><a href=\"https:\/\/industrie.airliquide.fr\/sites\/industry_fr\/files\/manutention_des_bouteilles_bd.pdf\" target=\"_blank\" rel=\"noreferrer noopener\">Manutention des bouteilles<\/a><\/li>\n<li><a href=\"http:\/\/www.afgc.fr\/data\/AFGC%20DP%2006-16%20-%20Transport%20des%20bouteilles%20de%20gaz.pdf\" target=\"_blank\" rel=\"noreferrer noopener\">Transport des bouteilles AFGC DP 06-16<\/a><\/li>\n<li><a href=\"https:\/\/industrie.airliquide.fr\/sites\/industry_fr\/files\/raccords_bouteilles_et_cadres.pdf\" target=\"_blank\" rel=\"noreferrer noopener\">Raccords bouteilles et cadres en France<\/a><\/li>\n<\/ul>\n<\/div>\n<\/div>\n<div class=\"rte\">\n<h2>Les risques li\u00e9s aux gaz<\/h2>\n<div>\n<h2>Oxyg\u00e8ne<\/h2>\n<ul>\n<li><a href=\"http:\/\/afgc.fr\/data\/EIGA%20SL%2002-05%20-%20Risques%20dus%20a%20l%20enrichissement%20de%20l%20air%20en%20oxygene.pdf?PHPSESSID=bedbe4d26a2e447a7cd9ffcedd88405f\" target=\"_blank\" rel=\"noreferrer noopener\">Risques dus a l&rsquo;enrichissement de l&rsquo;air en oxygene<\/a><\/li>\n<li><a href=\"http:\/\/afgc.fr\/data\/AFGC%20TP%2006-16%20-%20Formation%20oxygene%20partie%201.pdf?PHPSESSID=bedbe4d26a2e447a7cd9ffcedd88405f\" target=\"_blank\" rel=\"noreferrer noopener\">Pr\u00e9sentation AFGC AFGC TP 06-16<\/a><\/li>\n<li><a href=\"http:\/\/afgc.fr\/data\/AFGC%20DP%2003-16%20-%20Oxygene%20-%20Le%20risque%20de%20coup%20de%20feu.pdf?PHPSESSID=bedbe4d26a2e447a7cd9ffcedd88405f\" target=\"_blank\" rel=\"noreferrer noopener\">Le risque de coup de feu AFGC DP 03-16<\/a><\/li>\n<li><a href=\"https:\/\/industrie.airliquide.fr\/sites\/industry_fr\/files\/oxygene_bd.pdf\" target=\"_blank\" rel=\"noreferrer noopener\">Oxyg\u00e8ne comburant<\/a><\/li>\n<\/ul>\n<h2>Gaz neutres<\/h2>\n<ul>\n<li><a href=\"http:\/\/afgc.fr\/data\/AFGC%20DP%2001-96%20-%20Asphyxie%20-%20Utilisateurs%20de%20gaz%20industriels.pdf?PHPSESSID=bedbe4d26a2e447a7cd9ffcedd88405f\" target=\"_blank\" rel=\"noreferrer noopener\">Risque asphixie AFGC DP 01-96<\/a><\/li>\n<li><a href=\"http:\/\/afgc.fr\/data\/AFGC%20TP%2005-16%20-%20Formation%20gaz%20neutres.pdf?PHPSESSID=bedbe4d26a2e447a7cd9ffcedd88405f\">Pr\u00e9sentation AFGC TP 06-16<\/a><\/li>\n<\/ul>\n<h2>Ac\u00e9tyl\u00e8ne<\/h2>\n<ul>\n<li><a href=\"https:\/\/industrie.airliquide.fr\/sites\/industry_fr\/files\/16708_affiche_acetylene_bonnes_pratiques_dutilisation.pdf\" target=\"_blank\" rel=\"noreferrer noopener\">Les bonnes pratiques<\/a><\/li>\n<li><a href=\"https:\/\/industrie.airliquide.fr\/sites\/industry_fr\/files\/urgence_acetylene_pompiers_avril_09.pdf\" target=\"_blank\" rel=\"noreferrer noopener\">Ac\u00e9tyl\u00e8ne mesures pompiers<\/a><\/li>\n<li><a href=\"http:\/\/www.afgc.fr\/data\/AFGC%20DP%2009-16%20-%20Transport%20stockage%20de%20bouteilles%20acetylene%20-%20oxygene%20-%20gaz%20inflammables.pdf\" target=\"_blank\" rel=\"noreferrer noopener\">Les risques d&rsquo;explosion AFGC DP 16 20<\/a><\/li>\n<\/ul>\n<\/div>\n<\/div>\n<div class=\"rte\">\n<h2>La mise en oeuvre des gaz<\/h2>\n<div>\n<ul>\n<li><a href=\"https:\/\/industrie.airliquide.fr\/sites\/industry_fr\/files\/affiche_monter_un_detendeur_mars_08.pdf\" target=\"_blank\" rel=\"noreferrer noopener\">Monter un d\u00e9tendeur<\/a><\/li>\n<li><a href=\"https:\/\/industrie.airliquide.fr\/sites\/industry_fr\/files\/maitrise_de_la_pressionbd.pdf\" target=\"_blank\" rel=\"noreferrer noopener\">Maitrise de la pression<\/a><\/li>\n<li><a href=\"https:\/\/industrie.airliquide.fr\/sites\/industry_fr\/files\/fonctionnement_detendeur.pdf\" target=\"_blank\" rel=\"noreferrer noopener\">Fonctionnement d&rsquo;un d\u00e9tendeur<\/a><\/li>\n<li><a href=\"https:\/\/industrie.airliquide.fr\/sites\/industry_fr\/files\/fonctionnement_centrale.pdf\" target=\"_blank\" rel=\"noreferrer noopener\">Fonctionnement d&rsquo;une centrale\/module<\/a><\/li>\n<li><a href=\"https:\/\/industrie.airliquide.fr\/sites\/industry_fr\/files\/2017\/02\/16\/procedure-changement-bouteilles-centrale.pdf\" target=\"_blank\" rel=\"noreferrer noopener\">Proc\u00e9dure de changement de bouteilles sur une centrale<\/a><\/li>\n<li><a href=\"http:\/\/www.symop.com\/wp-content\/uploads\/2014\/01\/recommandations_entretie.pdf\" target=\"_blank\" rel=\"noreferrer noopener\">Recommandations pour l&rsquo;entretien des mat\u00e9riels SYMOP<\/a><\/li>\n<li><a href=\"http:\/\/www.symop.com\/wp-content\/uploads\/2014\/01\/maintenance_centrales_ga.pdf\" target=\"_blank\" rel=\"noreferrer noopener\">Recommandations pour l&rsquo;entretien des centrales SYMOP<\/a><\/li>\n<li><a href=\"http:\/\/www.inrs.fr\/dms\/inrs\/CataloguePapier\/ED\/TI-ED-88\/ed88.pdf\" target=\"_blank\" rel=\"noreferrer noopener\">Le codage des couleurs des tuyauteries rigides &#8211; INRS<\/a><\/li>\n<\/ul>\n<\/div>\n<\/div>\n<div class=\"rte\">\n<h2>Autres informations<\/h2>\n<div>\n<ul>\n<li><a href=\"http:\/\/www.quickfds.fr\/fr\/index.html\" target=\"_blank\" rel=\"noreferrer noopener\">Acc\u00e8s aux fiches de donn\u00e9es s\u00e9curit\u00e9<\/a><\/li>\n<li><a href=\"https:\/\/industrie.airliquide.fr\/sites\/industry_fr\/files\/2017\/02\/16\/arcal-la-performance-simplement.pdf\" target=\"_blank\" rel=\"noreferrer noopener\">La gamme ARCAL guide de choix<\/a><\/li>\n<li><a href=\"https:\/\/industrie.airliquide.fr\/sites\/industry_fr\/files\/2017\/02\/16\/carte-offre-apprenants-createurs-entreprise.pdf\" target=\"_blank\" rel=\"noreferrer noopener\">Carte Offre apprenant cr\u00e9ateur d&rsquo;entreprise<\/a><\/li>\n<\/ul>\n<\/div>\n<\/div>\n","protected":false},"excerpt":{"rendered":"<p>Compl\u00e9tez vos formations avec les ressources Air Liquide et une s\u00e9lection de documentations utiles: la page air liquide Les Bouteilles Identification des bouteilles Les tailles des bouteilles Manutention des bouteilles Transport des bouteilles AFGC DP 06-16 Raccords bouteilles et cadres en France Les risques li\u00e9s aux gaz Oxyg\u00e8ne Risques dus a l&rsquo;enrichissement de l&rsquo;air en [&hellip;]<\/p>\n","protected":false},"author":1,"featured_media":0,"parent":96,"menu_order":1,"comment_status":"closed","ping_status":"closed","template":"","meta":{"footnotes":""},"class_list":["post-1772","page","type-page","status-publish","hentry"],"_links":{"self":[{"href":"http:\/\/alexandrewack.fr\/index.php?rest_route=\/wp\/v2\/pages\/1772","targetHints":{"allow":["GET"]}}],"collection":[{"href":"http:\/\/alexandrewack.fr\/index.php?rest_route=\/wp\/v2\/pages"}],"about":[{"href":"http:\/\/alexandrewack.fr\/index.php?rest_route=\/wp\/v2\/types\/page"}],"author":[{"embeddable":true,"href":"http:\/\/alexandrewack.fr\/index.php?rest_route=\/wp\/v2\/users\/1"}],"replies":[{"embeddable":true,"href":"http:\/\/alexandrewack.fr\/index.php?rest_route=%2Fwp%2Fv2%2Fcomments&post=1772"}],"version-history":[{"count":3,"href":"http:\/\/alexandrewack.fr\/index.php?rest_route=\/wp\/v2\/pages\/1772\/revisions"}],"predecessor-version":[{"id":2740,"href":"http:\/\/alexandrewack.fr\/index.php?rest_route=\/wp\/v2\/pages\/1772\/revisions\/2740"}],"up":[{"embeddable":true,"href":"http:\/\/alexandrewack.fr\/index.php?rest_route=\/wp\/v2\/pages\/96"}],"wp:attachment":[{"href":"http:\/\/alexandrewack.fr\/index.php?rest_route=%2Fwp%2Fv2%2Fmedia&parent=1772"}],"curies":[{"name":"wp","href":"https:\/\/api.w.org\/{rel}","templated":true}]}}