{"id":168,"date":"2012-03-18T21:55:29","date_gmt":"2012-03-18T21:55:29","guid":{"rendered":"http:\/\/alexandrewack.fr\/?page_id=168"},"modified":"2012-06-29T22:33:02","modified_gmt":"2012-06-29T22:33:02","slug":"lhistoire-sans-fin-de-lacier","status":"publish","type":"page","link":"http:\/\/alexandrewack.fr\/?page_id=168","title":{"rendered":"L&rsquo;histoire sans fin de l&rsquo;acier"},"content":{"rendered":"<ul>\n<li><strong>Sur les pages de<\/strong>\u00a0OTUA<\/li>\n<\/ul>\n<div><\/div>\n<p>L\u2019histoire sans fin de l&rsquo;acier, depuis sa production \u00e0 partir du minerai jusqu&rsquo;\u00e0 son retour \u00e0 l&rsquo;aci\u00e9rie pour refusion au four \u00e9lectrique ou au convertisseur, apr\u00e8s avoir v\u00e9cu trois vies :<br \/>\n<img loading=\"lazy\" decoding=\"async\" src=\"http:\/\/www.otua.org\/acier\/petit_point_rouge.gif\" alt=\"\" width=\"10\" height=\"15\" \/>\u00a0objet, fabriqu\u00e9 pour un usage plus ou moins durable : automobile, bo\u00eete de boisson, etc.,<br \/>\n<img loading=\"lazy\" decoding=\"async\" src=\"http:\/\/www.otua.org\/acier\/petit_point_rouge.gif\" alt=\"\" width=\"10\" height=\"15\" \/>d\u00e9chet, plus connu sous le nom de ferraille,<br \/>\n<img loading=\"lazy\" decoding=\"async\" src=\"http:\/\/www.otua.org\/acier\/petit_point_rouge.gif\" alt=\"\" width=\"10\" height=\"15\" \/>mati\u00e8re premi\u00e8re, c&rsquo;est-\u00e0-dire ferraille trait\u00e9e selon les exigences des aci\u00e9ristes.<\/p>\n<p>&nbsp;<\/p>\n<p>Partie 1:\u00a0<a href=\"http:\/\/www.otua.org\/video\/cycle_acier\/pas_sorcier_1_hq.wmv\">http:\/\/www.otua.org\/video\/cycle_acier\/pas_sorcier_1_hq.wmv<\/a><\/p>\n<p>Partie 2:\u00a0<a href=\"http:\/\/www.otua.org\/video\/cycle_acier\/pas_sorcier_2_hq.wmv\">http:\/\/www.otua.org\/video\/cycle_acier\/pas_sorcier_2_hq.wmv<\/a><\/p>\n<p>Partie 3:<a href=\"http:\/\/www.otua.org\/video\/cycle_acier\/pas_sorcier_3_hq.wmv\">http:\/\/www.otua.org\/video\/cycle_acier\/pas_sorcier_3_hq.wmv<\/a><\/p>\n","protected":false},"excerpt":{"rendered":"<p>Sur les pages de\u00a0OTUA L\u2019histoire sans fin de l&rsquo;acier, depuis sa production \u00e0 partir du minerai jusqu&rsquo;\u00e0 son retour \u00e0 l&rsquo;aci\u00e9rie pour refusion au four \u00e9lectrique ou au convertisseur, apr\u00e8s avoir v\u00e9cu trois vies : \u00a0objet, fabriqu\u00e9 pour un usage plus ou moins durable : automobile, bo\u00eete de boisson, etc., d\u00e9chet, plus connu sous le [&hellip;]<\/p>\n","protected":false},"author":1,"featured_media":0,"parent":166,"menu_order":0,"comment_status":"open","ping_status":"open","template":"","meta":{"footnotes":""},"class_list":["post-168","page","type-page","status-publish","hentry"],"_links":{"self":[{"href":"http:\/\/alexandrewack.fr\/index.php?rest_route=\/wp\/v2\/pages\/168","targetHints":{"allow":["GET"]}}],"collection":[{"href":"http:\/\/alexandrewack.fr\/index.php?rest_route=\/wp\/v2\/pages"}],"about":[{"href":"http:\/\/alexandrewack.fr\/index.php?rest_route=\/wp\/v2\/types\/page"}],"author":[{"embeddable":true,"href":"http:\/\/alexandrewack.fr\/index.php?rest_route=\/wp\/v2\/users\/1"}],"replies":[{"embeddable":true,"href":"http:\/\/alexandrewack.fr\/index.php?rest_route=%2Fwp%2Fv2%2Fcomments&post=168"}],"version-history":[{"count":2,"href":"http:\/\/alexandrewack.fr\/index.php?rest_route=\/wp\/v2\/pages\/168\/revisions"}],"predecessor-version":[{"id":534,"href":"http:\/\/alexandrewack.fr\/index.php?rest_route=\/wp\/v2\/pages\/168\/revisions\/534"}],"up":[{"embeddable":true,"href":"http:\/\/alexandrewack.fr\/index.php?rest_route=\/wp\/v2\/pages\/166"}],"wp:attachment":[{"href":"http:\/\/alexandrewack.fr\/index.php?rest_route=%2Fwp%2Fv2%2Fmedia&parent=168"}],"curies":[{"name":"wp","href":"https:\/\/api.w.org\/{rel}","templated":true}]}}