{"id":1653,"date":"2016-09-19T17:54:06","date_gmt":"2016-09-19T17:54:06","guid":{"rendered":"http:\/\/alexandrewack.fr\/?page_id=1653"},"modified":"2023-01-23T23:06:24","modified_gmt":"2023-01-23T23:06:24","slug":"roulage-de-tole","status":"publish","type":"page","link":"http:\/\/alexandrewack.fr\/?page_id=1653","title":{"rendered":"Roulage de T\u00f4le"},"content":{"rendered":"\n<p class=\"has-black-color has-white-background-color has-text-color has-background\">Le\u00a0<strong>roulage de t\u00f4le<\/strong>\u00a0(cintrage de t\u00f4le) est une technique de transformation d\u2019une surface plane en surface cylindrique ou conique ferm\u00e9e ou roulage ouvert. Le roulage est obtenu par un effort de flexion provoqu\u00e9 soit par pression ou par choc. On peut rouler les t\u00f4les de\u00a0<strong>mani\u00e8re industrielle<\/strong>\u00a0:<br>rouleuses pyramidales, 3 rouleaux, 4 rouleaux ou avec plieuses ou avec une presses-plieuses\u00a0par croquage, Ou de fa\u00e7on\u00a0<strong>artisanale<\/strong>, par chocs : marteaux, maillets, \u2026<br>Le roulage (ou cintrage) impose au m\u00e9tal des d\u00e9formations des fibres. Les\u00a0<strong>fibres ext\u00e9rieures sont allong\u00e9es<\/strong>\u00a0alors que les fibres int\u00e9rieures sont comprim\u00e9es ou sont raccourcies. On peut aussi\u00a0<strong>former des troncs de c\u00f4nes<\/strong>, et des t\u00f4les de fortes \u00e9paisseurs. <br><br>La t\u00f4le est anim\u00e9e d\u2019un mouvement de translation par deux rouleaux command\u00e9s m\u00e9caniquement et elle est soumise \u00e0 un effort continu de flexion exerc\u00e9 par 1 ou 2 rouleaux cintreurs<\/p>\n\n\n\n<p class=\"has-black-color has-white-background-color has-text-color has-background\">selon la disposition des rouleaux, on distingue trois types de machines: type pyramidal, planeur (3 rouleaux), croqueur (4 rouleaux)<\/p>\n\n\n<p style=\"text-align: center;\">ici le cours sur le roulage de T\u00f4le:<\/p>\n<p style=\"text-align: center;\">Clic sur l&rsquo;image<a href=\"http:\/\/alexandrewack.fr\/wp-content\/uploads\/2016\/09\/roulage-pp.pdf\">roulage-pp<\/a><\/p>\n<p style=\"text-align: center;\"><a href=\"http:\/\/alexandrewack.fr\/wp-content\/uploads\/2016\/09\/roulage-pp.pdf\" target=\"_blank\" rel=\"noopener\"><img loading=\"lazy\" decoding=\"async\" class=\"aligncenter wp-image-1654\" src=\"http:\/\/alexandrewack.fr\/wp-content\/uploads\/2016\/09\/Roulage-300x225.jpg\" alt=\"roulage\" width=\"375\" height=\"281\" srcset=\"http:\/\/alexandrewack.fr\/wp-content\/uploads\/2016\/09\/Roulage-300x225.jpg 300w, http:\/\/alexandrewack.fr\/wp-content\/uploads\/2016\/09\/Roulage-1024x770.jpg 1024w, http:\/\/alexandrewack.fr\/wp-content\/uploads\/2016\/09\/Roulage.jpg 1344w\" sizes=\"auto, (max-width: 375px) 100vw, 375px\" \/><\/a><\/p>\n\n\n<p><\/p>\n","protected":false},"excerpt":{"rendered":"<p>Le\u00a0roulage de t\u00f4le\u00a0(cintrage de t\u00f4le) est une technique de transformation d\u2019une surface plane en surface cylindrique ou conique ferm\u00e9e ou roulage ouvert. Le roulage est obtenu par un effort de flexion provoqu\u00e9 soit par pression ou par choc. On peut rouler les t\u00f4les de\u00a0mani\u00e8re industrielle\u00a0:rouleuses pyramidales, 3 rouleaux, 4 rouleaux ou avec plieuses ou avec [&hellip;]<\/p>\n","protected":false},"author":1,"featured_media":0,"parent":280,"menu_order":1,"comment_status":"closed","ping_status":"closed","template":"","meta":{"footnotes":""},"class_list":["post-1653","page","type-page","status-publish","hentry"],"_links":{"self":[{"href":"http:\/\/alexandrewack.fr\/index.php?rest_route=\/wp\/v2\/pages\/1653","targetHints":{"allow":["GET"]}}],"collection":[{"href":"http:\/\/alexandrewack.fr\/index.php?rest_route=\/wp\/v2\/pages"}],"about":[{"href":"http:\/\/alexandrewack.fr\/index.php?rest_route=\/wp\/v2\/types\/page"}],"author":[{"embeddable":true,"href":"http:\/\/alexandrewack.fr\/index.php?rest_route=\/wp\/v2\/users\/1"}],"replies":[{"embeddable":true,"href":"http:\/\/alexandrewack.fr\/index.php?rest_route=%2Fwp%2Fv2%2Fcomments&post=1653"}],"version-history":[{"count":5,"href":"http:\/\/alexandrewack.fr\/index.php?rest_route=\/wp\/v2\/pages\/1653\/revisions"}],"predecessor-version":[{"id":2892,"href":"http:\/\/alexandrewack.fr\/index.php?rest_route=\/wp\/v2\/pages\/1653\/revisions\/2892"}],"up":[{"embeddable":true,"href":"http:\/\/alexandrewack.fr\/index.php?rest_route=\/wp\/v2\/pages\/280"}],"wp:attachment":[{"href":"http:\/\/alexandrewack.fr\/index.php?rest_route=%2Fwp%2Fv2%2Fmedia&parent=1653"}],"curies":[{"name":"wp","href":"https:\/\/api.w.org\/{rel}","templated":true}]}}