{"id":1629,"date":"2016-01-07T23:28:46","date_gmt":"2016-01-07T23:28:46","guid":{"rendered":"http:\/\/alexandrewack.fr\/?page_id=1629"},"modified":"2016-01-07T23:29:15","modified_gmt":"2016-01-07T23:29:15","slug":"tutos-dessin-technique-tolerances-geometriques","status":"publish","type":"page","link":"http:\/\/alexandrewack.fr\/?page_id=1629","title":{"rendered":"Tutos dessin technique Vocabulaire technique"},"content":{"rendered":"<h3 class=\"yt watch-title-container\"><span id=\"eow-title\" class=\"watch-title \" dir=\"ltr\" title=\"Les tol\u00e9rances g\u00e9om\u00e9triques. cours de dessin industriel. Partie 19\">Les tol\u00e9rances g\u00e9om\u00e9triques:\u00a0<\/span><\/h3>\n<h3><iframe loading=\"lazy\" src=\"https:\/\/www.youtube.com\/embed\/bu5XV66CRRE\" width=\"560\" height=\"315\" frameborder=\"0\" allowfullscreen=\"allowfullscreen\"><\/iframe><\/h3>\n<h3><\/h3>\n","protected":false},"excerpt":{"rendered":"<p>Les tol\u00e9rances g\u00e9om\u00e9triques:\u00a0<\/p>\n","protected":false},"author":1,"featured_media":0,"parent":651,"menu_order":5,"comment_status":"closed","ping_status":"closed","template":"","meta":{"footnotes":""},"class_list":["post-1629","page","type-page","status-publish","hentry"],"_links":{"self":[{"href":"http:\/\/alexandrewack.fr\/index.php?rest_route=\/wp\/v2\/pages\/1629","targetHints":{"allow":["GET"]}}],"collection":[{"href":"http:\/\/alexandrewack.fr\/index.php?rest_route=\/wp\/v2\/pages"}],"about":[{"href":"http:\/\/alexandrewack.fr\/index.php?rest_route=\/wp\/v2\/types\/page"}],"author":[{"embeddable":true,"href":"http:\/\/alexandrewack.fr\/index.php?rest_route=\/wp\/v2\/users\/1"}],"replies":[{"embeddable":true,"href":"http:\/\/alexandrewack.fr\/index.php?rest_route=%2Fwp%2Fv2%2Fcomments&post=1629"}],"version-history":[{"count":2,"href":"http:\/\/alexandrewack.fr\/index.php?rest_route=\/wp\/v2\/pages\/1629\/revisions"}],"predecessor-version":[{"id":1631,"href":"http:\/\/alexandrewack.fr\/index.php?rest_route=\/wp\/v2\/pages\/1629\/revisions\/1631"}],"up":[{"embeddable":true,"href":"http:\/\/alexandrewack.fr\/index.php?rest_route=\/wp\/v2\/pages\/651"}],"wp:attachment":[{"href":"http:\/\/alexandrewack.fr\/index.php?rest_route=%2Fwp%2Fv2%2Fmedia&parent=1629"}],"curies":[{"name":"wp","href":"https:\/\/api.w.org\/{rel}","templated":true}]}}