{"id":1625,"date":"2016-01-07T23:24:08","date_gmt":"2016-01-07T23:24:08","guid":{"rendered":"http:\/\/alexandrewack.fr\/?page_id=1625"},"modified":"2016-01-07T23:26:12","modified_gmt":"2016-01-07T23:26:12","slug":"tutos-dessin-technique-cotation-tolerancee-et-iso","status":"publish","type":"page","link":"http:\/\/alexandrewack.fr\/?page_id=1625","title":{"rendered":"Tutos dessin technique Cotation tol\u00e9ranc\u00e9e et ajustement Iso."},"content":{"rendered":"<h2><span id=\"eow-title\" class=\"watch-title \" dir=\"ltr\" title=\"Cotation tol\u00e9ranc\u00e9e et ajustement. Cours de dessin industiel. Partie16\">14. Cotation tol\u00e9ranc\u00e9e et ajustement:<\/span><br \/>\n<iframe loading=\"lazy\" src=\"https:\/\/www.youtube.com\/embed\/SLKHAxdUmHU\" width=\"560\" height=\"315\" frameborder=\"0\" allowfullscreen=\"allowfullscreen\"><\/iframe><\/h2>\n<h2 class=\"yt watch-title-container\"><span id=\"eow-title\" class=\"watch-title \" dir=\"ltr\" title=\"Cotation et tol\u00e9rances. Syst\u00e8me ISO\u00a0: Cours de dessin industriel. Partie 17\">15. Cotation et tol\u00e9rances. Syst\u00e8me ISO\u00a0<\/span><\/h2>\n<p><iframe loading=\"lazy\" src=\"https:\/\/www.youtube.com\/embed\/hE_a4JINrtM\" width=\"560\" height=\"315\" frameborder=\"0\" allowfullscreen=\"allowfullscreen\"><\/iframe><\/p>\n<h2>\u00a016.\u00a0<span id=\"eow-title\" class=\"watch-title \" dir=\"ltr\" title=\"Ajustement ISO. Cours de dessin industriel. Partie 18\">Ajustement ISO<\/span><\/h2>\n<p><iframe loading=\"lazy\" src=\"https:\/\/www.youtube.com\/embed\/XNdH2AtUIpg\" width=\"560\" height=\"315\" frameborder=\"0\" allowfullscreen=\"allowfullscreen\"><\/iframe><\/p>\n","protected":false},"excerpt":{"rendered":"<p>14. Cotation tol\u00e9ranc\u00e9e et ajustement: 15. Cotation et tol\u00e9rances. Syst\u00e8me ISO\u00a0 \u00a016.\u00a0Ajustement ISO<\/p>\n","protected":false},"author":1,"featured_media":0,"parent":651,"menu_order":4,"comment_status":"closed","ping_status":"closed","template":"","meta":{"footnotes":""},"class_list":["post-1625","page","type-page","status-publish","hentry"],"_links":{"self":[{"href":"http:\/\/alexandrewack.fr\/index.php?rest_route=\/wp\/v2\/pages\/1625","targetHints":{"allow":["GET"]}}],"collection":[{"href":"http:\/\/alexandrewack.fr\/index.php?rest_route=\/wp\/v2\/pages"}],"about":[{"href":"http:\/\/alexandrewack.fr\/index.php?rest_route=\/wp\/v2\/types\/page"}],"author":[{"embeddable":true,"href":"http:\/\/alexandrewack.fr\/index.php?rest_route=\/wp\/v2\/users\/1"}],"replies":[{"embeddable":true,"href":"http:\/\/alexandrewack.fr\/index.php?rest_route=%2Fwp%2Fv2%2Fcomments&post=1625"}],"version-history":[{"count":3,"href":"http:\/\/alexandrewack.fr\/index.php?rest_route=\/wp\/v2\/pages\/1625\/revisions"}],"predecessor-version":[{"id":1628,"href":"http:\/\/alexandrewack.fr\/index.php?rest_route=\/wp\/v2\/pages\/1625\/revisions\/1628"}],"up":[{"embeddable":true,"href":"http:\/\/alexandrewack.fr\/index.php?rest_route=\/wp\/v2\/pages\/651"}],"wp:attachment":[{"href":"http:\/\/alexandrewack.fr\/index.php?rest_route=%2Fwp%2Fv2%2Fmedia&parent=1625"}],"curies":[{"name":"wp","href":"https:\/\/api.w.org\/{rel}","templated":true}]}}