{"id":1583,"date":"2015-11-29T20:33:46","date_gmt":"2015-11-29T20:33:46","guid":{"rendered":"http:\/\/alexandrewack.fr\/?page_id=1583"},"modified":"2015-11-29T21:02:09","modified_gmt":"2015-11-29T21:02:09","slug":"madagascar-2017","status":"publish","type":"page","link":"http:\/\/alexandrewack.fr\/?page_id=1583","title":{"rendered":"Madagascar 2017"},"content":{"rendered":"<p style=\"text-align: center;\">MADAGASCAR 2017<\/p>\n<p><span style=\"font-weight: 400;\">Depuis maintenant 10 ans la section de Bac Professionnel d&rsquo;Electrotechnique \u00a0et les CAP M\u00e9tallerie participe activement \u00e0 la pr\u00e9paration, l&rsquo;organisation et \u00e0 la r\u00e9alisation de chantiers-\u00e9cole solidaires.<\/span><\/p>\n<p><span style=\"font-weight: 400;\">Nos chantiers se sont d\u00e9roul\u00e9s avec succ\u00e8s dans plusieurs \u00e9coles du S\u00e9n\u00e9gal et de Madagascar o\u00f9 nous avons install\u00e9 des syst\u00e8mes photovolta\u00efques et r\u00e9alis\u00e9 des installations de jeux en collaboration avec d&rsquo;autres sections du lyc\u00e9e.<\/span><\/p>\n<p>&nbsp;<\/p>\n<p><span style=\"font-weight: 400;\">Aujourd&rsquo;hui, un nouveau chantier-\u00e9cole est en pr\u00e9paration pour le printemps 2017 dans la ville de Majunga \u00e0 Madagascar. <\/span><\/p>\n<p><span style=\"font-weight: 400;\">Nous sommes actuellement en recherche de subventions pour pr\u00e9senter au d\u00e9but de l&rsquo;ann\u00e9e scolaire 2016-2017 un budget nous permettant de r\u00e9aliser le chantier-\u00e9cole.\u00a0<\/span><\/p>\n<p><span style=\"font-weight: 400;\">Vous trouverez \u00e0 la page facebook suivante des images de notre dernier chantier \u00e0 Majunga\u00a0: <\/span><a href=\"https:\/\/www.facebook.com\/ChablaisMajunga?fref=nf\"><span style=\"font-weight: 400;\">https:\/\/www.facebook.com\/ChablaisMajunga?fref=nf<\/span><\/a><\/p>\n<p>Photo de l&rsquo;\u00e9cole du projet 2017 :<\/p>\n<p><a href=\"http:\/\/alexandrewack.fr\/wp-content\/uploads\/2015\/11\/12314637_755688001242917_6003100928403520724_o-2.jpg\"><img loading=\"lazy\" decoding=\"async\" class=\"aligncenter size-thumbnail wp-image-1587\" src=\"http:\/\/alexandrewack.fr\/wp-content\/uploads\/2015\/11\/12314637_755688001242917_6003100928403520724_o-2-290x290.jpg\" alt=\"12314637_755688001242917_6003100928403520724_o (2)\" width=\"290\" height=\"290\" \/><\/a><\/p>\n<p>&nbsp;<\/p>\n<p>&nbsp;<\/p>\n","protected":false},"excerpt":{"rendered":"<p>MADAGASCAR 2017 Depuis maintenant 10 ans la section de Bac Professionnel d&rsquo;Electrotechnique \u00a0et les CAP M\u00e9tallerie participe activement \u00e0 la pr\u00e9paration, l&rsquo;organisation et \u00e0 la r\u00e9alisation de chantiers-\u00e9cole solidaires. Nos chantiers se sont d\u00e9roul\u00e9s avec succ\u00e8s dans plusieurs \u00e9coles du S\u00e9n\u00e9gal et de Madagascar o\u00f9 nous avons install\u00e9 des syst\u00e8mes photovolta\u00efques et r\u00e9alis\u00e9 des installations [&hellip;]<\/p>\n","protected":false},"author":1,"featured_media":0,"parent":1294,"menu_order":0,"comment_status":"closed","ping_status":"closed","template":"","meta":{"footnotes":""},"class_list":["post-1583","page","type-page","status-publish","hentry"],"_links":{"self":[{"href":"http:\/\/alexandrewack.fr\/index.php?rest_route=\/wp\/v2\/pages\/1583","targetHints":{"allow":["GET"]}}],"collection":[{"href":"http:\/\/alexandrewack.fr\/index.php?rest_route=\/wp\/v2\/pages"}],"about":[{"href":"http:\/\/alexandrewack.fr\/index.php?rest_route=\/wp\/v2\/types\/page"}],"author":[{"embeddable":true,"href":"http:\/\/alexandrewack.fr\/index.php?rest_route=\/wp\/v2\/users\/1"}],"replies":[{"embeddable":true,"href":"http:\/\/alexandrewack.fr\/index.php?rest_route=%2Fwp%2Fv2%2Fcomments&post=1583"}],"version-history":[{"count":3,"href":"http:\/\/alexandrewack.fr\/index.php?rest_route=\/wp\/v2\/pages\/1583\/revisions"}],"predecessor-version":[{"id":1588,"href":"http:\/\/alexandrewack.fr\/index.php?rest_route=\/wp\/v2\/pages\/1583\/revisions\/1588"}],"up":[{"embeddable":true,"href":"http:\/\/alexandrewack.fr\/index.php?rest_route=\/wp\/v2\/pages\/1294"}],"wp:attachment":[{"href":"http:\/\/alexandrewack.fr\/index.php?rest_route=%2Fwp%2Fv2%2Fmedia&parent=1583"}],"curies":[{"name":"wp","href":"https:\/\/api.w.org\/{rel}","templated":true}]}}