{"id":1570,"date":"2015-11-21T14:52:03","date_gmt":"2015-11-21T14:52:03","guid":{"rendered":"http:\/\/alexandrewack.fr\/?page_id=1570"},"modified":"2023-11-25T14:04:18","modified_gmt":"2023-11-25T14:04:18","slug":"le-meulage","status":"publish","type":"page","link":"http:\/\/alexandrewack.fr\/?page_id=1570","title":{"rendered":"Le meulage."},"content":{"rendered":"\n<h2 class=\"wp-block-heading has-black-color has-cyan-bluish-gray-background-color has-text-color has-background has-link-color wp-elements-3d6759fad85d4467e14916ffd4695319\"><strong>1. D\u00e9finition.<\/strong><\/h2>\n\n\n\n<ul class=\"wp-block-list\">\n<li>Le tron\u00e7onnage permet le d\u00e9bit de profil\u00e9 (tubes, lamin\u00e9s et poutrelles) \u00e0 une dimension d\u00e9sir\u00e9e par coupe.<\/li>\n\n\n\n<li>La coupe est obtenue par abrasion \u00e0 l\u2019aide d\u2019un disque meule<\/li>\n\n\n\n<li>La meuleuse angulaire, parfois appel\u00e9e meuleuse \u00e0 angle ou \u00e0 disque, est un outil \u00e9lectrique commun qui se tient \u00e0 la main et qui sert \u00e0 couper, meuler et polir.<br><br><strong>L\u2019utilisation d\u2019une meuleuse angulaire peut \u00eatre tr\u00e8s dangereuse.<br>En effet, une mauvaise utilisation peut entra\u00eener l\u2019\u00e9clatement du disque ; les morceaux peuvent alors \u00eatre projet\u00e9s violemment et heurter l\u2019op\u00e9rateur et d\u2019autres personnes se trouvant \u00e0 proximit\u00e9<\/strong><\/li>\n<\/ul>\n\n\n\n<h2 class=\"wp-block-heading has-black-color has-cyan-bluish-gray-background-color has-text-color has-background has-link-color wp-elements-2e8692616efda343deb53671a67e8bc5\"><strong>2. Terminologie<\/strong>.<\/h2>\n\n\n<div class=\"wp-block-image\">\n<figure class=\"aligncenter size-large\"><img loading=\"lazy\" decoding=\"async\" width=\"1024\" height=\"493\" src=\"http:\/\/alexandrewack.fr\/wp-content\/uploads\/2023\/11\/terminologie-1-1-1024x493.png\" alt=\"Meuleuse\" class=\"wp-image-2939\" srcset=\"http:\/\/alexandrewack.fr\/wp-content\/uploads\/2023\/11\/terminologie-1-1-1024x493.png 1024w, http:\/\/alexandrewack.fr\/wp-content\/uploads\/2023\/11\/terminologie-1-1-300x145.png 300w, http:\/\/alexandrewack.fr\/wp-content\/uploads\/2023\/11\/terminologie-1-1-768x370.png 768w, http:\/\/alexandrewack.fr\/wp-content\/uploads\/2023\/11\/terminologie-1-1.png 1260w\" sizes=\"auto, (max-width: 1024px) 100vw, 1024px\" \/><\/figure>\n<\/div>\n\n<div class=\"wp-block-image\">\n<figure class=\"aligncenter size-large\"><img loading=\"lazy\" decoding=\"async\" width=\"1024\" height=\"521\" src=\"http:\/\/alexandrewack.fr\/wp-content\/uploads\/2023\/11\/bague-et-outillage-1-1-1024x521.png\" alt=\"\" class=\"wp-image-2940\" srcset=\"http:\/\/alexandrewack.fr\/wp-content\/uploads\/2023\/11\/bague-et-outillage-1-1-1024x521.png 1024w, http:\/\/alexandrewack.fr\/wp-content\/uploads\/2023\/11\/bague-et-outillage-1-1-300x153.png 300w, http:\/\/alexandrewack.fr\/wp-content\/uploads\/2023\/11\/bague-et-outillage-1-1-768x391.png 768w, http:\/\/alexandrewack.fr\/wp-content\/uploads\/2023\/11\/bague-et-outillage-1-1.png 1264w\" sizes=\"auto, (max-width: 1024px) 100vw, 1024px\" \/><\/figure>\n<\/div>\n\n\n<h2 class=\"wp-block-heading has-black-color has-cyan-bluish-gray-background-color has-text-color has-background has-link-color wp-elements-d506eda897b9efed5ab89199e40ae728\">3 Diam\u00e8tre de la meule<\/h2>\n\n\n\n<p>Les principaux diam\u00e8tres des\u00a0disques de meuleuses sont 115,\u00a0125\u00a0et\u00a0230 mm. <br>Il en existe d&rsquo;autres, beaucoup plus rares, \u00e0 utiliser seulement si votre meuleuse le n\u00e9cessite. <\/p>\n\n\n<div class=\"wp-block-image\">\n<figure class=\"aligncenter size-large\"><img loading=\"lazy\" decoding=\"async\" width=\"1024\" height=\"495\" src=\"http:\/\/alexandrewack.fr\/wp-content\/uploads\/2023\/11\/profondeur-de-travail-Wack-1024x495.png\" alt=\"\" class=\"wp-image-2949\" srcset=\"http:\/\/alexandrewack.fr\/wp-content\/uploads\/2023\/11\/profondeur-de-travail-Wack-1024x495.png 1024w, http:\/\/alexandrewack.fr\/wp-content\/uploads\/2023\/11\/profondeur-de-travail-Wack-300x145.png 300w, http:\/\/alexandrewack.fr\/wp-content\/uploads\/2023\/11\/profondeur-de-travail-Wack-768x371.png 768w, http:\/\/alexandrewack.fr\/wp-content\/uploads\/2023\/11\/profondeur-de-travail-Wack.png 1446w\" sizes=\"auto, (max-width: 1024px) 100vw, 1024px\" \/><\/figure>\n<\/div>\n\n<div class=\"wp-block-image\">\n<figure class=\"alignright size-full is-resized\"><img loading=\"lazy\" decoding=\"async\" width=\"826\" height=\"720\" src=\"http:\/\/alexandrewack.fr\/wp-content\/uploads\/2023\/11\/Machine125-et-230-mm.png\" alt=\"\" class=\"wp-image-2952\" style=\"width:436px;height:auto\" srcset=\"http:\/\/alexandrewack.fr\/wp-content\/uploads\/2023\/11\/Machine125-et-230-mm.png 826w, http:\/\/alexandrewack.fr\/wp-content\/uploads\/2023\/11\/Machine125-et-230-mm-300x262.png 300w, http:\/\/alexandrewack.fr\/wp-content\/uploads\/2023\/11\/Machine125-et-230-mm-768x669.png 768w\" sizes=\"auto, (max-width: 826px) 100vw, 826px\" \/><\/figure>\n<\/div>\n\n\n<h2 class=\"wp-block-heading has-black-color has-cyan-bluish-gray-background-color has-text-color has-background has-link-color wp-elements-020a2d58a4706ea27dcb2f53e51bf221\"><strong>4. Les caract\u00e9ristique des disques de meulage : <\/strong><\/h2>\n\n\n\n<p>lien pour plus d&rsquo;infos => <a href=\"https:\/\/guide.bricozor.com\/choisir-disque-meuleuse.html\">https:\/\/guide.bricozor.com\/choisir-disque-meuleuse.html<\/a><\/p>\n\n\n\n<p><strong>Un disque est caract\u00e9ris\u00e9 par : <\/strong><br><strong>a) LA NATURE DE L\u2019ABRASIF EMPLOY\u00c9<\/strong>    A= alumineux ou C= carbure de silicium<br><strong>b) LA GROSSEUR DES GRAINS<\/strong> => 6 \u00e0 10 TR\u00c8S GROS, 12 \u00e0 30 GROS, 36 \u00e0 46 MOYEN, 80 \u00e0180 FIN, 220 \u00e0 320 TR\u00c8S FIN<br><strong>c) LA DURET\u00c9 DU GRAIN ( GRADE )<\/strong> => D,E,F,G,H,I,J,K = tendre\u00a0; L,M,N,O =\u00a0 moyen\u00a0; P,Q,R,S =dur\u00a0; T,U,V,W,Z = tr\u00e8s dur<br><strong>d) LE TYPE D\u2019AGGLOM\u00c9RANT<\/strong>  => V= vitrifi\u00e9\u00a0;S= silicate\u00a0;R= caoutchouc\u00a0;RF= caoutchouc avec armature\u00a0;B= r\u00e9sine\u00a0; BF= r\u00e9sine avec armature\u00a0;E= gomme laque<br><strong>e) LE DIAM\u00c8TRE EXT\u00c9RIEUR DE LA MEULE<\/strong><br><strong>f) L\u2019\u00c9PAISSEUR DU DISQUE<\/strong><br><strong>g) LE DIAM\u00c8TRE D\u2019AL\u00c9SAGE<\/strong><\/p>\n\n\n<div class=\"wp-block-image\">\n<figure class=\"aligncenter size-large\"><img loading=\"lazy\" decoding=\"async\" width=\"1024\" height=\"574\" src=\"http:\/\/alexandrewack.fr\/wp-content\/uploads\/2023\/11\/le-disque--1024x574.png\" alt=\"\" class=\"wp-image-2944\" srcset=\"http:\/\/alexandrewack.fr\/wp-content\/uploads\/2023\/11\/le-disque--1024x574.png 1024w, http:\/\/alexandrewack.fr\/wp-content\/uploads\/2023\/11\/le-disque--300x168.png 300w, http:\/\/alexandrewack.fr\/wp-content\/uploads\/2023\/11\/le-disque--768x430.png 768w, http:\/\/alexandrewack.fr\/wp-content\/uploads\/2023\/11\/le-disque-.png 1264w\" sizes=\"auto, (max-width: 1024px) 100vw, 1024px\" \/><\/figure>\n<\/div>\n\n\n<h2 class=\"wp-block-heading has-black-color has-cyan-bluish-gray-background-color has-text-color has-background has-link-color wp-elements-3ac2160622711042be81a925de89aaa8\">5. Types de disques courants\u00a0<\/h2>\n\n\n<div class=\"wp-block-image\">\n<figure class=\"aligncenter size-large\"><img loading=\"lazy\" decoding=\"async\" width=\"1024\" height=\"504\" src=\"http:\/\/alexandrewack.fr\/wp-content\/uploads\/2023\/11\/differents-disques-1-1024x504.png\" alt=\"\" class=\"wp-image-2955\" srcset=\"http:\/\/alexandrewack.fr\/wp-content\/uploads\/2023\/11\/differents-disques-1-1024x504.png 1024w, http:\/\/alexandrewack.fr\/wp-content\/uploads\/2023\/11\/differents-disques-1-300x148.png 300w, http:\/\/alexandrewack.fr\/wp-content\/uploads\/2023\/11\/differents-disques-1-768x378.png 768w, http:\/\/alexandrewack.fr\/wp-content\/uploads\/2023\/11\/differents-disques-1.png 1210w\" sizes=\"auto, (max-width: 1024px) 100vw, 1024px\" \/><\/figure>\n<\/div>\n\n\n<p><strong>Les Disques fibres<\/strong>: Disque \u00e0 utiliser uniquement pour les travaux de finition.\u00a0 Diff\u00e9rent grain existe en fonction du degr\u00e9 de finition que vous d\u00e9sirez.<\/p>\n\n\n<div class=\"wp-block-image\">\n<figure class=\"aligncenter size-large\"><img loading=\"lazy\" decoding=\"async\" width=\"1024\" height=\"512\" src=\"http:\/\/alexandrewack.fr\/wp-content\/uploads\/2023\/11\/differents-disques-2-1024x512.png\" alt=\"\" class=\"wp-image-2956\" srcset=\"http:\/\/alexandrewack.fr\/wp-content\/uploads\/2023\/11\/differents-disques-2-1024x512.png 1024w, http:\/\/alexandrewack.fr\/wp-content\/uploads\/2023\/11\/differents-disques-2-300x150.png 300w, http:\/\/alexandrewack.fr\/wp-content\/uploads\/2023\/11\/differents-disques-2-768x384.png 768w, http:\/\/alexandrewack.fr\/wp-content\/uploads\/2023\/11\/differents-disques-2.png 1249w\" sizes=\"auto, (max-width: 1024px) 100vw, 1024px\" \/><\/figure>\n<\/div>\n\n\n<h2 class=\"wp-block-heading has-text-align-left has-black-color has-cyan-bluish-gray-background-color has-text-color has-background has-link-color wp-elements-d95784a8333bdd7550cc7e0116330581\"><strong>6. Travailler avec un disque fibre <\/strong><\/h2>\n\n\n\n<iframe loading=\"lazy\" width=\"560\" height=\"315\" src=\"https:\/\/www.youtube.com\/embed\/y28t9j17m0w\" frameborder=\"0\" allow=\"accelerometer; autoplay; encrypted-media; gyroscope; picture-in-picture\" allowfullscreen=\"\"><\/iframe>\n\n\n\n<h2 class=\"wp-block-heading has-text-align-left has-black-color has-cyan-bluish-gray-background-color has-text-color has-background has-link-color wp-elements-060be5c9dadfac6a541e570586571f40\"><strong>7. Travaille avec un disque \u00e0 \u00e9barber<\/strong><\/h2>\n\n\n\n<iframe loading=\"lazy\" width=\"560\" height=\"315\" src=\"https:\/\/www.youtube.com\/embed\/Z1RCBXF9tAo\" frameborder=\"0\" allow=\"accelerometer; autoplay; encrypted-media; gyroscope; picture-in-picture\" allowfullscreen=\"\"><\/iframe>\n\n\n\n<h2 class=\"wp-block-heading has-text-align-left has-black-color has-cyan-bluish-gray-background-color has-text-color has-background has-link-color wp-elements-d7c253e23c59a0dd9dc79d05b138b6a5\"><strong>8. Tron\u00e7onnage avec un disque abrasif: <\/strong><\/h2>\n\n\n\n<iframe loading=\"lazy\" width=\"560\" height=\"315\" src=\"https:\/\/www.youtube.com\/embed\/bCSrNswGNHY\" frameborder=\"0\" allow=\"accelerometer; autoplay; encrypted-media; gyroscope; picture-in-picture\" allowfullscreen><\/iframe>\n\n\n\n<h2 class=\"wp-block-heading has-black-color has-cyan-bluish-gray-background-color has-text-color has-background has-link-color wp-elements-97decfa864b37ea306d84384a8a81613\">9. Fiche S\u00e9curit\u00e9<\/h2>\n\n\n\n<p><strong><em>Outillage<\/em><\/strong>\u00a0: Montage et d\u00e9montage des disques avec les outils adapt\u00e9s si besoin \u00a0(clef fournie), utilisez le bouton de blocage du disque. <\/p>\n\n\n<div class=\"wp-block-image\">\n<figure class=\"alignright size-large is-resized\"><img loading=\"lazy\" decoding=\"async\" width=\"1024\" height=\"521\" src=\"http:\/\/alexandrewack.fr\/wp-content\/uploads\/2023\/11\/bague-et-outillage-1-1-1024x521.png\" alt=\"\" class=\"wp-image-2940\" style=\"width:449px;height:auto\" srcset=\"http:\/\/alexandrewack.fr\/wp-content\/uploads\/2023\/11\/bague-et-outillage-1-1-1024x521.png 1024w, http:\/\/alexandrewack.fr\/wp-content\/uploads\/2023\/11\/bague-et-outillage-1-1-300x153.png 300w, http:\/\/alexandrewack.fr\/wp-content\/uploads\/2023\/11\/bague-et-outillage-1-1-768x391.png 768w, http:\/\/alexandrewack.fr\/wp-content\/uploads\/2023\/11\/bague-et-outillage-1-1.png 1264w\" sizes=\"auto, (max-width: 1024px) 100vw, 1024px\" \/><\/figure>\n<\/div>\n\n\n<p>\u2022<strong>Lors des changements de disque<\/strong>, le serrage peut rester mod\u00e9r\u00e9, ( serrage \u00e0 la main sans outillage) le sens de travail ne permettant pas le desserrage<\/p>\n\n\n\n<p class=\"has-text-align-center\"><strong><em>TOUJOURS DEBRANCHER AVANT MANIPULATION<\/em><\/strong><\/p>\n\n\n\n<p><strong><em>Il est important de fixer la pi\u00e8ce\u00a0\u00e0 meuler !!!!<\/em><\/strong><\/p>\n\n\n<div class=\"wp-block-image\">\n<figure class=\"alignleft size-large is-resized\"><img loading=\"lazy\" decoding=\"async\" width=\"1024\" height=\"580\" src=\"http:\/\/alexandrewack.fr\/wp-content\/uploads\/2023\/11\/fixer-la-piece-1024x580.png\" alt=\"\" class=\"wp-image-2960\" style=\"width:491px;height:auto\" srcset=\"http:\/\/alexandrewack.fr\/wp-content\/uploads\/2023\/11\/fixer-la-piece-1024x580.png 1024w, http:\/\/alexandrewack.fr\/wp-content\/uploads\/2023\/11\/fixer-la-piece-300x170.png 300w, http:\/\/alexandrewack.fr\/wp-content\/uploads\/2023\/11\/fixer-la-piece-768x435.png 768w, http:\/\/alexandrewack.fr\/wp-content\/uploads\/2023\/11\/fixer-la-piece.png 1263w\" sizes=\"auto, (max-width: 1024px) 100vw, 1024px\" \/><\/figure>\n<\/div>\n\n\n<p><strong><em>A Contr\u00f4ler \u00e0 chaque utilisation \u00a0<\/em><\/strong>:<\/p>\n\n\n\n<p>Contr\u00f4ler L\u2019usure du disque, (pas \u00e9br\u00e9ch\u00e9 cass\u00e9&#8230;)<br>Contr\u00f4ler que le bon disque et monter, \u00e0 tron\u00e7onner (\u00e9paisseur fine) ou \u00e0 \u00e9barber (forte \u00e9paisseur).<br>Nettoyer et ranger le poste de travail apr\u00e8s usage<\/p>\n\n\n\n<p>Contr\u00f4lez le bon \u00e9tat du mat\u00e9riel avant chaque utilisation.<br>Contr\u00f4ler le c\u00e2ble d\u2019alimentation (il ne doit pas \u00eatre abim\u00e9 d\u00e9nud\u00e9 coup\u00e9)<br>Placer le Carter de protection correctement. Pour avoir une protection optimale.\u00a0<\/p>\n\n\n\n<h2 class=\"wp-block-heading has-black-color has-cyan-bluish-gray-background-color has-text-color has-background has-link-color wp-elements-31477d46b8063ad62d30ec4f44b7e2d8\">LES EPI et EPC : <\/h2>\n\n\n<div class=\"wp-block-image\">\n<figure class=\"aligncenter size-full is-resized\"><img loading=\"lazy\" decoding=\"async\" width=\"916\" height=\"1005\" src=\"http:\/\/alexandrewack.fr\/wp-content\/uploads\/2023\/11\/EPI-1.png\" alt=\"\" class=\"wp-image-2968\" style=\"width:840px;height:auto\" srcset=\"http:\/\/alexandrewack.fr\/wp-content\/uploads\/2023\/11\/EPI-1.png 916w, http:\/\/alexandrewack.fr\/wp-content\/uploads\/2023\/11\/EPI-1-273x300.png 273w, http:\/\/alexandrewack.fr\/wp-content\/uploads\/2023\/11\/EPI-1-768x843.png 768w\" sizes=\"auto, (max-width: 916px) 100vw, 916px\" \/><\/figure>\n<\/div>","protected":false},"excerpt":{"rendered":"<p>1. D\u00e9finition. 2. Terminologie. 3 Diam\u00e8tre de la meule Les principaux diam\u00e8tres des\u00a0disques de meuleuses sont 115,\u00a0125\u00a0et\u00a0230 mm. Il en existe d&rsquo;autres, beaucoup plus rares, \u00e0 utiliser seulement si votre meuleuse le n\u00e9cessite. 4. Les caract\u00e9ristique des disques de meulage : lien pour plus d&rsquo;infos => https:\/\/guide.bricozor.com\/choisir-disque-meuleuse.html Un disque est caract\u00e9ris\u00e9 par : a) LA [&hellip;]<\/p>\n","protected":false},"author":1,"featured_media":0,"parent":1275,"menu_order":7,"comment_status":"closed","ping_status":"closed","template":"","meta":{"footnotes":""},"class_list":["post-1570","page","type-page","status-publish","hentry"],"_links":{"self":[{"href":"http:\/\/alexandrewack.fr\/index.php?rest_route=\/wp\/v2\/pages\/1570","targetHints":{"allow":["GET"]}}],"collection":[{"href":"http:\/\/alexandrewack.fr\/index.php?rest_route=\/wp\/v2\/pages"}],"about":[{"href":"http:\/\/alexandrewack.fr\/index.php?rest_route=\/wp\/v2\/types\/page"}],"author":[{"embeddable":true,"href":"http:\/\/alexandrewack.fr\/index.php?rest_route=\/wp\/v2\/users\/1"}],"replies":[{"embeddable":true,"href":"http:\/\/alexandrewack.fr\/index.php?rest_route=%2Fwp%2Fv2%2Fcomments&post=1570"}],"version-history":[{"count":23,"href":"http:\/\/alexandrewack.fr\/index.php?rest_route=\/wp\/v2\/pages\/1570\/revisions"}],"predecessor-version":[{"id":2970,"href":"http:\/\/alexandrewack.fr\/index.php?rest_route=\/wp\/v2\/pages\/1570\/revisions\/2970"}],"up":[{"embeddable":true,"href":"http:\/\/alexandrewack.fr\/index.php?rest_route=\/wp\/v2\/pages\/1275"}],"wp:attachment":[{"href":"http:\/\/alexandrewack.fr\/index.php?rest_route=%2Fwp%2Fv2%2Fmedia&parent=1570"}],"curies":[{"name":"wp","href":"https:\/\/api.w.org\/{rel}","templated":true}]}}