{"id":1416,"date":"2015-05-27T20:51:46","date_gmt":"2015-05-27T20:51:46","guid":{"rendered":"http:\/\/alexandrewack.fr\/?page_id=1416"},"modified":"2018-03-11T00:28:13","modified_gmt":"2018-03-11T00:28:13","slug":"presse-plieuse-mvd-remo-60t-2","status":"publish","type":"page","link":"http:\/\/alexandrewack.fr\/?page_id=1416","title":{"rendered":"Presse plieuse MVD Remo 60T"},"content":{"rendered":"<h1 style=\"text-align: center;\"><em>Initialisation de la presse plieuse:\u00a0<\/em><br \/>\n<iframe loading=\"lazy\" src=\"https:\/\/www.youtube.com\/embed\/SNhntJSjdN8\" width=\"560\" height=\"315\" frameborder=\"0\" allowfullscreen=\"allowfullscreen\"><\/iframe><br \/>\nProgrammation de la CN en mode manuel:<\/h1>\n<p style=\"text-align: center;\"><iframe loading=\"lazy\" src=\"https:\/\/www.youtube.com\/embed\/cxOYKfvvuws\" width=\"560\" height=\"315\" frameborder=\"0\" allowfullscreen=\"allowfullscreen\"><\/iframe><\/p>\n<h1 style=\"text-align: center;\">R\u00e9glage de l&rsquo;espacement des but\u00e9es :<br \/>\n<iframe loading=\"lazy\" src=\"https:\/\/www.youtube.com\/embed\/2jbgLByGnuo\" width=\"560\" height=\"315\" frameborder=\"0\" allowfullscreen=\"allowfullscreen\"><\/iframe><\/h1>\n<h1 style=\"text-align: center;\">R\u00e9glage du V\u00e9 de pliage :<br \/>\n<iframe loading=\"lazy\" src=\"https:\/\/www.youtube.com\/embed\/m535mGQxBgI\" width=\"560\" height=\"315\" frameborder=\"0\" allowfullscreen=\"allowfullscreen\"><\/iframe><iframe loading=\"lazy\" id=\"iframe_container\" src=\"https:\/\/prezi.com\/embed\/n2ninjqiine3\/?bgcolor=ffffff&amp;lock_to_path=0&amp;autoplay=0&amp;autohide_ctrls=0&amp;landing_data=bHVZZmNaNDBIWnNjdEVENDRhZDFNZGNIUE43MHdLNWpsdFJLb2ZHanI5Z2RZdEtQUHNSNkRBTVU0OEFRMFZ3YytnPT0&amp;landing_sign=lCcicKMPR8r8YNX4HGFKzew071tYqm-vs4tAIEPYFwI\" width=\"900\" height=\"800\" frameborder=\"0\" allowfullscreen=\"allowfullscreen\"><\/iframe><\/h1>\n<hr \/>\n<h3>Abaque de pliage AMADA:<\/h3>\n<p><img loading=\"lazy\" decoding=\"async\" class=\"aligncenter wp-image-1407 size-large\" src=\"http:\/\/alexandrewack.fr\/wp-content\/uploads\/2015\/05\/Abaque-AMADA-1024x741.jpg\" alt=\"ABAQUE\" width=\"690\" height=\"499\" srcset=\"http:\/\/alexandrewack.fr\/wp-content\/uploads\/2015\/05\/Abaque-AMADA-1024x741.jpg 1024w, http:\/\/alexandrewack.fr\/wp-content\/uploads\/2015\/05\/Abaque-AMADA-300x217.jpg 300w, http:\/\/alexandrewack.fr\/wp-content\/uploads\/2015\/05\/Abaque-AMADA.jpg 1051w\" sizes=\"auto, (max-width: 690px) 100vw, 690px\" \/><\/p>\n<h3>Abaque Force de pliage :<\/h3>\n<p><img loading=\"lazy\" decoding=\"async\" class=\"aligncenter wp-image-1408 size-full\" src=\"http:\/\/alexandrewack.fr\/wp-content\/uploads\/2015\/05\/Force-de-pliage.jpg\" alt=\"Force de pliage\" width=\"1015\" height=\"450\" srcset=\"http:\/\/alexandrewack.fr\/wp-content\/uploads\/2015\/05\/Force-de-pliage.jpg 1015w, http:\/\/alexandrewack.fr\/wp-content\/uploads\/2015\/05\/Force-de-pliage-300x133.jpg 300w\" sizes=\"auto, (max-width: 1015px) 100vw, 1015px\" \/><\/p>\n","protected":false},"excerpt":{"rendered":"<p>Initialisation de la presse plieuse:\u00a0 Programmation de la CN en mode manuel: R\u00e9glage de l&rsquo;espacement des but\u00e9es : R\u00e9glage du V\u00e9 de pliage : Abaque de pliage AMADA: Abaque Force de pliage :<\/p>\n","protected":false},"author":1,"featured_media":0,"parent":1275,"menu_order":3,"comment_status":"closed","ping_status":"open","template":"","meta":{"footnotes":""},"class_list":["post-1416","page","type-page","status-publish","hentry"],"_links":{"self":[{"href":"http:\/\/alexandrewack.fr\/index.php?rest_route=\/wp\/v2\/pages\/1416","targetHints":{"allow":["GET"]}}],"collection":[{"href":"http:\/\/alexandrewack.fr\/index.php?rest_route=\/wp\/v2\/pages"}],"about":[{"href":"http:\/\/alexandrewack.fr\/index.php?rest_route=\/wp\/v2\/types\/page"}],"author":[{"embeddable":true,"href":"http:\/\/alexandrewack.fr\/index.php?rest_route=\/wp\/v2\/users\/1"}],"replies":[{"embeddable":true,"href":"http:\/\/alexandrewack.fr\/index.php?rest_route=%2Fwp%2Fv2%2Fcomments&post=1416"}],"version-history":[{"count":11,"href":"http:\/\/alexandrewack.fr\/index.php?rest_route=\/wp\/v2\/pages\/1416\/revisions"}],"predecessor-version":[{"id":1890,"href":"http:\/\/alexandrewack.fr\/index.php?rest_route=\/wp\/v2\/pages\/1416\/revisions\/1890"}],"up":[{"embeddable":true,"href":"http:\/\/alexandrewack.fr\/index.php?rest_route=\/wp\/v2\/pages\/1275"}],"wp:attachment":[{"href":"http:\/\/alexandrewack.fr\/index.php?rest_route=%2Fwp%2Fv2%2Fmedia&parent=1416"}],"curies":[{"name":"wp","href":"https:\/\/api.w.org\/{rel}","templated":true}]}}