{"id":131,"date":"2012-03-12T23:10:27","date_gmt":"2012-03-12T23:10:27","guid":{"rendered":"http:\/\/alexandrewack.fr\/?page_id=131"},"modified":"2015-03-26T21:42:11","modified_gmt":"2015-03-26T21:42:11","slug":"lart-vache","status":"publish","type":"page","link":"http:\/\/alexandrewack.fr\/?page_id=131","title":{"rendered":"L&rsquo;art vache"},"content":{"rendered":"<div style=\"text-align: center;\">\n<div id=\"attachment_33\" style=\"width: 310px\" class=\"wp-caption aligncenter\"><a href=\"http:\/\/alexandrewack.fr\/wp-content\/uploads\/2011\/04\/dsc01205.jpg\"><img loading=\"lazy\" decoding=\"async\" aria-describedby=\"caption-attachment-33\" class=\"size-medium wp-image-33\" title=\"DSC01205\" src=\"http:\/\/alexandrewack.fr\/wp-content\/uploads\/2011\/04\/dsc01205-300x273.jpg\" alt=\"\" width=\"300\" height=\"273\" srcset=\"http:\/\/alexandrewack.fr\/wp-content\/uploads\/2011\/04\/dsc01205-300x273.jpg 300w, http:\/\/alexandrewack.fr\/wp-content\/uploads\/2011\/04\/dsc01205-1024x933.jpg 1024w, http:\/\/alexandrewack.fr\/wp-content\/uploads\/2011\/04\/dsc01205-329x300.jpg 329w\" sizes=\"auto, (max-width: 300px) 100vw, 300px\" \/><\/a><p id=\"caption-attachment-33\" class=\"wp-caption-text\">Vache<\/p><\/div>\n<h1>Vache au Lyc\u00e9e du Chablais.<\/h1>\n<\/div>\n<div style=\"text-align: center;\">\n<div id=\"attachment_34\" style=\"width: 310px\" class=\"wp-caption aligncenter\"><a href=\"http:\/\/alexandrewack.fr\/wp-content\/uploads\/2011\/04\/imag0124.jpg\"><img loading=\"lazy\" decoding=\"async\" aria-describedby=\"caption-attachment-34\" class=\"size-medium wp-image-34\" title=\"IMAG0124\" src=\"http:\/\/alexandrewack.fr\/wp-content\/uploads\/2011\/04\/imag0124-300x225.jpg\" alt=\"\" width=\"300\" height=\"225\" srcset=\"http:\/\/alexandrewack.fr\/wp-content\/uploads\/2011\/04\/imag0124-300x225.jpg 300w, http:\/\/alexandrewack.fr\/wp-content\/uploads\/2011\/04\/imag0124-1024x768.jpg 1024w, http:\/\/alexandrewack.fr\/wp-content\/uploads\/2011\/04\/imag0124-400x300.jpg 400w, http:\/\/alexandrewack.fr\/wp-content\/uploads\/2011\/04\/imag0124.jpg 1600w\" sizes=\"auto, (max-width: 300px) 100vw, 300px\" \/><\/a><p id=\"caption-attachment-34\" class=\"wp-caption-text\">vache pour le Grand bornand<\/p><\/div>\n<dl>\n<dt><\/dt>\n<\/dl>\n<h1>Installation de la vache au Grand Bornand<\/h1>\n<\/div>\n<p style=\"text-align: center;\"><strong>projet r\u00e9alis\u00e9 par les \u00e9l\u00e8ves<\/strong><\/p>\n<p style=\"text-align: center;\"><strong>2010-2011<\/strong><\/p>\n<p style=\"text-align: center;\">Cette\u00a0sculpture\u00a0est\u00a0expos\u00e9e dans la station de ski du Grand Bornand\u00a0Haute savoie.[slideshow]<\/p>\n<p style=\"text-align: center;\">M\u00eame vache dans son cadre naturelle&#8230;<\/p>\n<p style=\"text-align: center;\">Nous retrouvons dans ce projet, les classes de menuiserie,\u00a0electro\u00a0technique et les classes de m\u00e9talleries.<\/p>\n<h3 style=\"text-align: left;\">R\u00e9alisation des Yeux:<\/h3>\n<p style=\"text-align: center;\"><a href=\"http:\/\/alexandrewack.fr\/wp-content\/uploads\/2012\/03\/2009_03_16-013.jpg\"><img loading=\"lazy\" decoding=\"async\" class=\"alignnone size-thumbnail wp-image-776\" title=\"KONICA MINOLTA DIGITAL CAMERA\" src=\"http:\/\/alexandrewack.fr\/wp-content\/uploads\/2012\/03\/2009_03_16-013-290x290.jpg\" alt=\"\" width=\"290\" height=\"290\" \/><\/a>\u00a0<a href=\"http:\/\/alexandrewack.fr\/wp-content\/uploads\/2012\/03\/11WEB.jpg\"><img loading=\"lazy\" decoding=\"async\" class=\"alignnone size-thumbnail wp-image-777\" title=\"11WEB\" src=\"http:\/\/alexandrewack.fr\/wp-content\/uploads\/2012\/03\/11WEB-290x290.jpg\" alt=\"\" width=\"290\" height=\"290\" \/><\/a><\/p>\n<p><a href=\"http:\/\/alexandrewack.fr\/wp-content\/uploads\/2012\/03\/2009_04_26-hoche-avec-jean_m-002.jpg\"><img loading=\"lazy\" decoding=\"async\" class=\"size-thumbnail wp-image-778\" title=\"KONICA MINOLTA DIGITAL CAMERA\" src=\"http:\/\/alexandrewack.fr\/wp-content\/uploads\/2012\/03\/2009_04_26-hoche-avec-jean_m-002-290x290.jpg\" alt=\"\" width=\"290\" height=\"290\" \/><\/a><\/p>\n<p><a href=\"http:\/\/alexandrewack.fr\/wp-content\/uploads\/2012\/03\/2009_03_16-040.jpg\"><img loading=\"lazy\" decoding=\"async\" class=\"alignnone size-thumbnail wp-image-780\" title=\"KONICA MINOLTA DIGITAL CAMERA\" src=\"http:\/\/alexandrewack.fr\/wp-content\/uploads\/2012\/03\/2009_03_16-040-290x290.jpg\" alt=\"\" width=\"290\" height=\"290\" \/><\/a><a href=\"http:\/\/alexandrewack.fr\/wp-content\/uploads\/2012\/03\/07WEB.jpg\"><img loading=\"lazy\" decoding=\"async\" class=\"alignnone size-thumbnail wp-image-781\" title=\"07WEB\" src=\"http:\/\/alexandrewack.fr\/wp-content\/uploads\/2012\/03\/07WEB-290x290.jpg\" alt=\"\" width=\"290\" height=\"290\" \/><\/a><\/p>\n<p><a href=\"http:\/\/alexandrewack.fr\/wp-content\/uploads\/2012\/03\/15WEBcintrage.jpg\"><img loading=\"lazy\" decoding=\"async\" class=\"alignnone size-thumbnail wp-image-782\" title=\"15WEBcintrage\" src=\"http:\/\/alexandrewack.fr\/wp-content\/uploads\/2012\/03\/15WEBcintrage-290x290.jpg\" alt=\"\" width=\"290\" height=\"290\" \/><\/a><\/p>\n<p style=\"text-align: center;\">\n","protected":false},"excerpt":{"rendered":"<p>Vache au Lyc\u00e9e du Chablais. Installation de la vache au Grand Bornand projet r\u00e9alis\u00e9 par les \u00e9l\u00e8ves 2010-2011 Cette\u00a0sculpture\u00a0est\u00a0expos\u00e9e dans la station de ski du Grand Bornand\u00a0Haute savoie.[slideshow] M\u00eame vache dans son cadre naturelle&#8230; Nous retrouvons dans ce projet, les classes de menuiserie,\u00a0electro\u00a0technique et les classes de m\u00e9talleries. R\u00e9alisation des Yeux: \u00a0<\/p>\n","protected":false},"author":1,"featured_media":0,"parent":1296,"menu_order":5,"comment_status":"open","ping_status":"open","template":"","meta":{"footnotes":""},"class_list":["post-131","page","type-page","status-publish","hentry"],"_links":{"self":[{"href":"http:\/\/alexandrewack.fr\/index.php?rest_route=\/wp\/v2\/pages\/131","targetHints":{"allow":["GET"]}}],"collection":[{"href":"http:\/\/alexandrewack.fr\/index.php?rest_route=\/wp\/v2\/pages"}],"about":[{"href":"http:\/\/alexandrewack.fr\/index.php?rest_route=\/wp\/v2\/types\/page"}],"author":[{"embeddable":true,"href":"http:\/\/alexandrewack.fr\/index.php?rest_route=\/wp\/v2\/users\/1"}],"replies":[{"embeddable":true,"href":"http:\/\/alexandrewack.fr\/index.php?rest_route=%2Fwp%2Fv2%2Fcomments&post=131"}],"version-history":[{"count":8,"href":"http:\/\/alexandrewack.fr\/index.php?rest_route=\/wp\/v2\/pages\/131\/revisions"}],"predecessor-version":[{"id":1241,"href":"http:\/\/alexandrewack.fr\/index.php?rest_route=\/wp\/v2\/pages\/131\/revisions\/1241"}],"up":[{"embeddable":true,"href":"http:\/\/alexandrewack.fr\/index.php?rest_route=\/wp\/v2\/pages\/1296"}],"wp:attachment":[{"href":"http:\/\/alexandrewack.fr\/index.php?rest_route=%2Fwp%2Fv2%2Fmedia&parent=131"}],"curies":[{"name":"wp","href":"https:\/\/api.w.org\/{rel}","templated":true}]}}