{"id":126,"date":"2012-03-12T23:06:38","date_gmt":"2012-03-12T23:06:38","guid":{"rendered":"http:\/\/alexandrewack.fr\/?page_id=126"},"modified":"2015-03-26T21:43:00","modified_gmt":"2015-03-26T21:43:00","slug":"grille-salle-des-profs","status":"publish","type":"page","link":"http:\/\/alexandrewack.fr\/?page_id=126","title":{"rendered":"Grille salle des profs."},"content":{"rendered":"<div style=\"text-align: center;\">\n<dl>\n<dt><a href=\"http:\/\/alexandrewack.fr\/wp-content\/uploads\/2012\/03\/DSC00279.jpg\"><img loading=\"lazy\" decoding=\"async\" class=\"alignnone size-medium wp-image-759\" title=\"DSC00279\" src=\"http:\/\/alexandrewack.fr\/wp-content\/uploads\/2012\/03\/DSC00279-300x225.jpg\" alt=\"\" width=\"300\" height=\"225\" srcset=\"http:\/\/alexandrewack.fr\/wp-content\/uploads\/2012\/03\/DSC00279-300x225.jpg 300w, http:\/\/alexandrewack.fr\/wp-content\/uploads\/2012\/03\/DSC00279-1024x768.jpg 1024w\" sizes=\"auto, (max-width: 300px) 100vw, 300px\" \/><\/a>\u00a0 \u00a0 \u00a0<a href=\"http:\/\/alexandrewack.fr\/wp-content\/uploads\/2012\/03\/DSCF8731.jpg\"><img loading=\"lazy\" decoding=\"async\" class=\"alignnone size-medium wp-image-766\" title=\"DSCF8731\" src=\"http:\/\/alexandrewack.fr\/wp-content\/uploads\/2012\/03\/DSCF8731-300x225.jpg\" alt=\"\" width=\"300\" height=\"225\" srcset=\"http:\/\/alexandrewack.fr\/wp-content\/uploads\/2012\/03\/DSCF8731-300x225.jpg 300w, http:\/\/alexandrewack.fr\/wp-content\/uploads\/2012\/03\/DSCF8731-1024x768.jpg 1024w, http:\/\/alexandrewack.fr\/wp-content\/uploads\/2012\/03\/DSCF8731.jpg 1280w\" sizes=\"auto, (max-width: 300px) 100vw, 300px\" \/><\/a><\/dt>\n<\/dl>\n<h1 style=\"text-align: center;\">Grille salle des profs LP chablais<\/h1>\n<\/div>\n<p style=\"text-align: center;\">r\u00e9alis\u00e9e en 2011 au lyc\u00e9e du chablais par les \u00e9l\u00e8ves de Terminal BEP 2009-2010.<\/p>\n<p style=\"text-align: center;\"><strong>Photos de la r\u00e9alisation:<\/strong><\/p>\n<p style=\"text-align: center;\"><a href=\"http:\/\/alexandrewack.fr\/wp-content\/uploads\/2012\/03\/DSCF8902.jpg\"><img loading=\"lazy\" decoding=\"async\" class=\"alignnone size-medium wp-image-760\" title=\"DSCF8902\" src=\"http:\/\/alexandrewack.fr\/wp-content\/uploads\/2012\/03\/DSCF8902-300x225.jpg\" alt=\"\" width=\"300\" height=\"225\" srcset=\"http:\/\/alexandrewack.fr\/wp-content\/uploads\/2012\/03\/DSCF8902-300x225.jpg 300w, http:\/\/alexandrewack.fr\/wp-content\/uploads\/2012\/03\/DSCF8902-1024x768.jpg 1024w, http:\/\/alexandrewack.fr\/wp-content\/uploads\/2012\/03\/DSCF8902.jpg 1280w\" sizes=\"auto, (max-width: 300px) 100vw, 300px\" \/><\/a><a href=\"http:\/\/alexandrewack.fr\/wp-content\/uploads\/2012\/03\/DSCF0190.jpg\"><img loading=\"lazy\" decoding=\"async\" class=\"alignnone size-medium wp-image-761\" title=\"DSCF0190\" src=\"http:\/\/alexandrewack.fr\/wp-content\/uploads\/2012\/03\/DSCF0190-225x300.jpg\" alt=\"\" width=\"225\" height=\"300\" srcset=\"http:\/\/alexandrewack.fr\/wp-content\/uploads\/2012\/03\/DSCF0190-225x300.jpg 225w, http:\/\/alexandrewack.fr\/wp-content\/uploads\/2012\/03\/DSCF0190-770x1024.jpg 770w\" sizes=\"auto, (max-width: 225px) 100vw, 225px\" \/><\/a><\/p>\n<p style=\"text-align: center;\">\u00a0tra\u00e7age des feuillages<\/p>\n<p style=\"text-align: center;\"><a href=\"http:\/\/alexandrewack.fr\/wp-content\/uploads\/2012\/03\/DSCF8763.jpg\"><img loading=\"lazy\" decoding=\"async\" class=\"alignnone size-medium wp-image-763\" title=\"DSCF8763\" src=\"http:\/\/alexandrewack.fr\/wp-content\/uploads\/2012\/03\/DSCF8763-300x225.jpg\" alt=\"\" width=\"300\" height=\"225\" srcset=\"http:\/\/alexandrewack.fr\/wp-content\/uploads\/2012\/03\/DSCF8763-300x225.jpg 300w, http:\/\/alexandrewack.fr\/wp-content\/uploads\/2012\/03\/DSCF8763-1024x768.jpg 1024w, http:\/\/alexandrewack.fr\/wp-content\/uploads\/2012\/03\/DSCF8763.jpg 1280w\" sizes=\"auto, (max-width: 300px) 100vw, 300px\" \/><\/a><\/p>\n<h3 style=\"text-align: center;\">Le\u00a0r\u00e9sultat:<\/h3>\n<p><a href=\"http:\/\/alexandrewack.fr\/wp-content\/uploads\/2012\/03\/DSCF0183.jpg\"><img loading=\"lazy\" decoding=\"async\" class=\"size-medium wp-image-764 aligncenter\" title=\"DSCF0183\" src=\"http:\/\/alexandrewack.fr\/wp-content\/uploads\/2012\/03\/DSCF0183-300x225.jpg\" alt=\"\" width=\"300\" height=\"225\" srcset=\"http:\/\/alexandrewack.fr\/wp-content\/uploads\/2012\/03\/DSCF0183-300x225.jpg 300w, http:\/\/alexandrewack.fr\/wp-content\/uploads\/2012\/03\/DSCF0183-1024x770.jpg 1024w\" sizes=\"auto, (max-width: 300px) 100vw, 300px\" \/><\/a><\/p>\n<p>&nbsp;<\/p>\n","protected":false},"excerpt":{"rendered":"<p>\u00a0 \u00a0 \u00a0 Grille salle des profs LP chablais r\u00e9alis\u00e9e en 2011 au lyc\u00e9e du chablais par les \u00e9l\u00e8ves de Terminal BEP 2009-2010. Photos de la r\u00e9alisation: \u00a0tra\u00e7age des feuillages Le\u00a0r\u00e9sultat: &nbsp;<\/p>\n","protected":false},"author":1,"featured_media":0,"parent":1296,"menu_order":1,"comment_status":"open","ping_status":"closed","template":"","meta":{"footnotes":""},"class_list":["post-126","page","type-page","status-publish","hentry"],"_links":{"self":[{"href":"http:\/\/alexandrewack.fr\/index.php?rest_route=\/wp\/v2\/pages\/126","targetHints":{"allow":["GET"]}}],"collection":[{"href":"http:\/\/alexandrewack.fr\/index.php?rest_route=\/wp\/v2\/pages"}],"about":[{"href":"http:\/\/alexandrewack.fr\/index.php?rest_route=\/wp\/v2\/types\/page"}],"author":[{"embeddable":true,"href":"http:\/\/alexandrewack.fr\/index.php?rest_route=\/wp\/v2\/users\/1"}],"replies":[{"embeddable":true,"href":"http:\/\/alexandrewack.fr\/index.php?rest_route=%2Fwp%2Fv2%2Fcomments&post=126"}],"version-history":[{"count":6,"href":"http:\/\/alexandrewack.fr\/index.php?rest_route=\/wp\/v2\/pages\/126\/revisions"}],"predecessor-version":[{"id":1238,"href":"http:\/\/alexandrewack.fr\/index.php?rest_route=\/wp\/v2\/pages\/126\/revisions\/1238"}],"up":[{"embeddable":true,"href":"http:\/\/alexandrewack.fr\/index.php?rest_route=\/wp\/v2\/pages\/1296"}],"wp:attachment":[{"href":"http:\/\/alexandrewack.fr\/index.php?rest_route=%2Fwp%2Fv2%2Fmedia&parent=126"}],"curies":[{"name":"wp","href":"https:\/\/api.w.org\/{rel}","templated":true}]}}