{"id":1256,"date":"2015-03-01T23:32:11","date_gmt":"2015-03-01T23:32:11","guid":{"rendered":"http:\/\/alexandrewack.fr\/?page_id=1256"},"modified":"2015-03-25T09:08:49","modified_gmt":"2015-03-25T09:08:49","slug":"fresque-au-lycee","status":"publish","type":"page","link":"http:\/\/alexandrewack.fr\/?page_id=1256","title":{"rendered":"Fresque au Lyc\u00e9e 2015"},"content":{"rendered":"<p>R\u00e9alisation d&rsquo;une fresque avec les \u00e9l\u00e8ves de CAP structures m\u00e9talliques au lyc\u00e9e du chablais. \u00a0F\u00e9vrier-Mars 2015 en Collaboration avec\u00a0http:\/\/www.grkdsgn.com<\/p>\n<p>Explications:<br \/>\n<iframe loading=\"lazy\" src=\"https:\/\/prezi.com\/embed\/odtkv46qv-ru\/?bgcolor=ffffff&amp;lock_to_path=0&amp;autoplay=0&amp;autohide_ctrls=0#\" width=\"550\" height=\"400\" frameborder=\"0\" allowfullscreen=\"allowfullscreen\"><\/iframe><br \/>\n&nbsp;<\/p>\n<p>La r\u00e9alisation :<br \/>\n<iframe loading=\"lazy\" src=\"https:\/\/www.youtube.com\/embed\/ca5JgqSmXfQ\" width=\"560\" height=\"315\" frameborder=\"0\" allowfullscreen=\"allowfullscreen\"><\/iframe><\/p>\n<p>&nbsp;<\/p>\n<p>&nbsp;<\/p>\n","protected":false},"excerpt":{"rendered":"<p>R\u00e9alisation d&rsquo;une fresque avec les \u00e9l\u00e8ves de CAP structures m\u00e9talliques au lyc\u00e9e du chablais. \u00a0F\u00e9vrier-Mars 2015 en Collaboration avec\u00a0http:\/\/www.grkdsgn.com Explications: &nbsp; La r\u00e9alisation : &nbsp; &nbsp;<\/p>\n","protected":false},"author":1,"featured_media":0,"parent":118,"menu_order":1,"comment_status":"closed","ping_status":"open","template":"","meta":{"footnotes":""},"class_list":["post-1256","page","type-page","status-publish","hentry"],"_links":{"self":[{"href":"http:\/\/alexandrewack.fr\/index.php?rest_route=\/wp\/v2\/pages\/1256","targetHints":{"allow":["GET"]}}],"collection":[{"href":"http:\/\/alexandrewack.fr\/index.php?rest_route=\/wp\/v2\/pages"}],"about":[{"href":"http:\/\/alexandrewack.fr\/index.php?rest_route=\/wp\/v2\/types\/page"}],"author":[{"embeddable":true,"href":"http:\/\/alexandrewack.fr\/index.php?rest_route=\/wp\/v2\/users\/1"}],"replies":[{"embeddable":true,"href":"http:\/\/alexandrewack.fr\/index.php?rest_route=%2Fwp%2Fv2%2Fcomments&post=1256"}],"version-history":[{"count":6,"href":"http:\/\/alexandrewack.fr\/index.php?rest_route=\/wp\/v2\/pages\/1256\/revisions"}],"predecessor-version":[{"id":1272,"href":"http:\/\/alexandrewack.fr\/index.php?rest_route=\/wp\/v2\/pages\/1256\/revisions\/1272"}],"up":[{"embeddable":true,"href":"http:\/\/alexandrewack.fr\/index.php?rest_route=\/wp\/v2\/pages\/118"}],"wp:attachment":[{"href":"http:\/\/alexandrewack.fr\/index.php?rest_route=%2Fwp%2Fv2%2Fmedia&parent=1256"}],"curies":[{"name":"wp","href":"https:\/\/api.w.org\/{rel}","templated":true}]}}