{"id":1232,"date":"2014-12-22T23:25:54","date_gmt":"2014-12-22T23:25:54","guid":{"rendered":"http:\/\/alexandrewack.fr\/?page_id=1232"},"modified":"2015-11-29T20:21:23","modified_gmt":"2015-11-29T20:21:23","slug":"madagascar-2015","status":"publish","type":"page","link":"http:\/\/alexandrewack.fr\/?page_id=1232","title":{"rendered":"Madagascar 2015"},"content":{"rendered":"<p>Nous sommes 7 \u00e9l\u00e8ves du\u00a0Lyc\u00e9e Professionnel du Chablais de Thonon-les-bains\u00a0participant \u00e0\u00a0une mission\u00a0solidaire dans une \u00e9cole\u00a0de\u00a0la ville de Majunga\u00a0\u00e0 Madagascar.\u00a0L&rsquo;\u00e9cole accueille des enfants d\u00e9favoris\u00e9s des quartiers ouest de la ville de Majunga.<\/p>\n<p>Les professeurs qui organisent le chantier ont \u00e9tabli un partenarait avec l&rsquo;\u00e9cole Nur en mai 2013.\u00a0Ils avaient\u00a0alors install\u00e9 un syst\u00e8me photovolta\u00efque pour l&rsquo;\u00e9clairage d&rsquo;un\u00a0\u00a0b\u00e2timent et r\u00e9alis\u00e9 sur place un jeux d&rsquo;enfants\u00a0( photo ci-dessous ).\u00a0Nous allons continuer\u00a0l&rsquo;action mise en place\u00a0qui avait \u00e9t\u00e9 un succ\u00e8s.<\/p>\n<p><strong>Nous avons apporter la lumi\u00e8re dans la biblioth\u00e8que de l&rsquo;\u00e9cole,\u00a0r\u00e9nover\u00a0l&rsquo;\u00e9clairage des salles de classe,\u00a0fabriquer une\u00a0balan\u00e7oire et des petites installations sportives pour les enfants de l&rsquo;\u00e9cole.<\/strong><\/p>\n<p><img decoding=\"async\" class=\" aligncenter\" src=\"https:\/\/drfhlmcehrc34.cloudfront.net\/cache\/60\/f6\/60f6fd675ba1d34c12d223b4e2c20e25.png\" alt=\"\" data-cke-saved-src=\"https:\/\/drfhlmcehrc34.cloudfront.net\/cache\/60\/f6\/60f6fd675ba1d34c12d223b4e2c20e25.png\" \/><\/p>\n<p>Nous avons avons installer un \u00a0\u00e9clairage un syst\u00e8me photovolta\u00efque qui permet \u00e0 l&rsquo;\u00e9cole d&rsquo;\u00eatre autonome en \u00e9nergie \u00e9lectrique.<\/p>\n<p>Vid\u00e9o du projet 2015:<\/p>\n<p>Partie N\u00b01:<br \/>\n<iframe loading=\"lazy\" src=\"https:\/\/www.youtube.com\/embed\/3FfRZACecpE\" width=\"560\" height=\"315\" frameborder=\"0\" allowfullscreen=\"allowfullscreen\"><\/iframe><\/p>\n<p>Partie n\u00b02:<br \/>\n<iframe loading=\"lazy\" src=\"https:\/\/www.youtube.com\/embed\/FrISJ4BXCVM\" width=\"560\" height=\"315\" frameborder=\"0\" allowfullscreen=\"allowfullscreen\"><\/iframe><\/p>\n","protected":false},"excerpt":{"rendered":"<p>Nous sommes 7 \u00e9l\u00e8ves du\u00a0Lyc\u00e9e Professionnel du Chablais de Thonon-les-bains\u00a0participant \u00e0\u00a0une mission\u00a0solidaire dans une \u00e9cole\u00a0de\u00a0la ville de Majunga\u00a0\u00e0 Madagascar.\u00a0L&rsquo;\u00e9cole accueille des enfants d\u00e9favoris\u00e9s des quartiers ouest de la ville de Majunga. Les professeurs qui organisent le chantier ont \u00e9tabli un partenarait avec l&rsquo;\u00e9cole Nur en mai 2013.\u00a0Ils avaient\u00a0alors install\u00e9 un syst\u00e8me photovolta\u00efque pour l&rsquo;\u00e9clairage d&rsquo;un\u00a0\u00a0b\u00e2timent [&hellip;]<\/p>\n","protected":false},"author":1,"featured_media":0,"parent":1294,"menu_order":1,"comment_status":"closed","ping_status":"open","template":"","meta":{"footnotes":""},"class_list":["post-1232","page","type-page","status-publish","hentry"],"_links":{"self":[{"href":"http:\/\/alexandrewack.fr\/index.php?rest_route=\/wp\/v2\/pages\/1232","targetHints":{"allow":["GET"]}}],"collection":[{"href":"http:\/\/alexandrewack.fr\/index.php?rest_route=\/wp\/v2\/pages"}],"about":[{"href":"http:\/\/alexandrewack.fr\/index.php?rest_route=\/wp\/v2\/types\/page"}],"author":[{"embeddable":true,"href":"http:\/\/alexandrewack.fr\/index.php?rest_route=\/wp\/v2\/users\/1"}],"replies":[{"embeddable":true,"href":"http:\/\/alexandrewack.fr\/index.php?rest_route=%2Fwp%2Fv2%2Fcomments&post=1232"}],"version-history":[{"count":3,"href":"http:\/\/alexandrewack.fr\/index.php?rest_route=\/wp\/v2\/pages\/1232\/revisions"}],"predecessor-version":[{"id":1582,"href":"http:\/\/alexandrewack.fr\/index.php?rest_route=\/wp\/v2\/pages\/1232\/revisions\/1582"}],"up":[{"embeddable":true,"href":"http:\/\/alexandrewack.fr\/index.php?rest_route=\/wp\/v2\/pages\/1294"}],"wp:attachment":[{"href":"http:\/\/alexandrewack.fr\/index.php?rest_route=%2Fwp%2Fv2%2Fmedia&parent=1232"}],"curies":[{"name":"wp","href":"https:\/\/api.w.org\/{rel}","templated":true}]}}