{"id":120,"date":"2012-03-12T23:01:45","date_gmt":"2012-03-12T23:01:45","guid":{"rendered":"http:\/\/alexandrewack.fr\/?page_id=120"},"modified":"2014-12-22T23:28:15","modified_gmt":"2014-12-22T23:28:15","slug":"decors-de-theatre","status":"publish","type":"page","link":"http:\/\/alexandrewack.fr\/?page_id=120","title":{"rendered":"D\u00e9cors de Th\u00e9\u00e2tre"},"content":{"rendered":"<p style=\"text-align: center;\">En collaboration avec le\u00a0<a title=\"Lyc\u00e9e st JO\" href=\"http:\/\/www.stjothonon.org\/\">lyc\u00e9e Saint joseph<\/a>\u00a0\u00e0 Thonon les bains et la troupe de\u00a0Th\u00e9\u00e2tre\u00a0la\u00a0<a href=\"http:\/\/www.ciedugraal.fr\/\">COMPAGNIE DU GRAAL<\/a>, nous r\u00e9alisons des parties du d\u00e9cor de\u00a0th\u00e9\u00e2tre.<\/p>\n<ul style=\"text-align: center;\">\n<li>comme ici en 2010 pour la\u00a0<a title=\"Belle H\u00e9l\u00e8ne\" href=\"http:\/\/franckcortot.mabulle.com\/index.php\/2010\/02\/03\/193873-la-belle-helene-par-la-compagnie-du-graal\">Belle H\u00e9l\u00e8ne<\/a>\u00a0R\u00e9alisation d&rsquo;un moulin \u00e0 vent.<\/li>\n<li>comme ici en 2011 pour\u00a0<a href=\"http:\/\/franckcortot.mabulle.com\/index.php\/2011\/06\/13\/202290-la-compagnie-du-graal-presente-hamlet\">Hamlet\u00a0<\/a>\u00a0r\u00e9alisation des\u00a0illusions. ( l\u00e9vitation )\u00a0<a href=\"http:\/\/alexandrewack.files.wordpress.com\/2012\/03\/lc3a9vitation.jpg\"><img loading=\"lazy\" decoding=\"async\" title=\"l\u00e9vitation\" src=\"http:\/\/alexandrewack.files.wordpress.com\/2012\/03\/lc3a9vitation.jpg?w=300\" alt=\"\" width=\"300\" height=\"206\" \/><\/a><\/li>\n<\/ul>\n<h2 style=\"text-align: center;\">Et pour le 17 Mai 2012 HYPERION<\/h2>\n<p style=\"text-align: center;\">17, 18, 19, 20 mai 2012 au Ch\u00e2teau de Ripaille\u00a0Thonon les Bains<\/p>\n<p><a href=\"http:\/\/www.franckcortot.com\/page10a.html\"><img loading=\"lazy\" decoding=\"async\" class=\"aligncenter\" title=\"Hyperion\" src=\"http:\/\/alexandrewack.files.wordpress.com\/2012\/03\/hyperion.png?w=300\" alt=\"\" width=\"300\" height=\"120\" \/><\/a><\/p>\n","protected":false},"excerpt":{"rendered":"<p>En collaboration avec le\u00a0lyc\u00e9e Saint joseph\u00a0\u00e0 Thonon les bains et la troupe de\u00a0Th\u00e9\u00e2tre\u00a0la\u00a0COMPAGNIE DU GRAAL, nous r\u00e9alisons des parties du d\u00e9cor de\u00a0th\u00e9\u00e2tre. comme ici en 2010 pour la\u00a0Belle H\u00e9l\u00e8ne\u00a0R\u00e9alisation d&rsquo;un moulin \u00e0 vent. comme ici en 2011 pour\u00a0Hamlet\u00a0\u00a0r\u00e9alisation des\u00a0illusions. ( l\u00e9vitation )\u00a0 Et pour le 17 Mai 2012 HYPERION 17, 18, 19, 20 mai 2012 [&hellip;]<\/p>\n","protected":false},"author":1,"featured_media":0,"parent":118,"menu_order":19,"comment_status":"open","ping_status":"open","template":"","meta":{"footnotes":""},"class_list":["post-120","page","type-page","status-publish","hentry"],"_links":{"self":[{"href":"http:\/\/alexandrewack.fr\/index.php?rest_route=\/wp\/v2\/pages\/120","targetHints":{"allow":["GET"]}}],"collection":[{"href":"http:\/\/alexandrewack.fr\/index.php?rest_route=\/wp\/v2\/pages"}],"about":[{"href":"http:\/\/alexandrewack.fr\/index.php?rest_route=\/wp\/v2\/types\/page"}],"author":[{"embeddable":true,"href":"http:\/\/alexandrewack.fr\/index.php?rest_route=\/wp\/v2\/users\/1"}],"replies":[{"embeddable":true,"href":"http:\/\/alexandrewack.fr\/index.php?rest_route=%2Fwp%2Fv2%2Fcomments&post=120"}],"version-history":[{"count":2,"href":"http:\/\/alexandrewack.fr\/index.php?rest_route=\/wp\/v2\/pages\/120\/revisions"}],"predecessor-version":[{"id":1236,"href":"http:\/\/alexandrewack.fr\/index.php?rest_route=\/wp\/v2\/pages\/120\/revisions\/1236"}],"up":[{"embeddable":true,"href":"http:\/\/alexandrewack.fr\/index.php?rest_route=\/wp\/v2\/pages\/118"}],"wp:attachment":[{"href":"http:\/\/alexandrewack.fr\/index.php?rest_route=%2Fwp%2Fv2%2Fmedia&parent=120"}],"curies":[{"name":"wp","href":"https:\/\/api.w.org\/{rel}","templated":true}]}}