{"id":1163,"date":"2014-11-05T14:41:37","date_gmt":"2014-11-05T14:41:37","guid":{"rendered":"http:\/\/alexandrewack.fr\/?page_id=1163"},"modified":"2014-11-05T14:51:52","modified_gmt":"2014-11-05T14:51:52","slug":"les-elements-dune-fenetre","status":"publish","type":"page","link":"http:\/\/alexandrewack.fr\/?page_id=1163","title":{"rendered":"Les \u00e9l\u00e9ments d&rsquo;une fen\u00eatre"},"content":{"rendered":"<h3 style=\"text-align: center;\"><b>El\u00e9ments entrants dans la composition d\u2019une fen\u00eatre.<\/b><\/h3>\n<p><strong>Vocabulaire:<\/strong><\/p>\n<p>1.Dormant (b\u00e2ti \u00ab\u00a0dormant\u00a0\u00bb)\u00a0: <b>Partie fixe de la fen\u00eatre.<\/b><\/p>\n<p>2.Vantail\u00a0: <b>Partie mobile de la fen\u00eatre.<\/b><\/p>\n<p>3.Ch\u00e2ssis\u00a0: <b>\u00e9l\u00e9ment de la fen\u00eatre (fixe en ouvrant recevant une partie vitr\u00e9e ou pleine).<\/b><\/p>\n<p>4.montant\u00a0: <b>Partie verticale <\/b><b>de la fen\u00eatre<\/b>.<\/p>\n<p>5.Montant\u00a0de rive : <b>montant d\u2019un vantail qui re\u00e7oit les organe de rotation<\/b>.<\/p>\n<p>6.Montant de battement\u00a0: <b>montant d\u2019un vantail qui, \u00e0 la fermeture, vient s\u2019appuyer sur le dormant ou sur le montant du vantail correspondant.<\/b><\/p>\n<p>7.Meneau\u00a0: <b>montant dormant s\u00e9parant plusieurs ch\u00e2ssis<\/b>.<\/p>\n<p>8.Traverse\u00a0: <b>partie horizontale de la fen\u00eatre<\/b>.<\/p>\n<p>9.Pi\u00e8ce d\u2019appui\u00a0: <b>partie de forme sp\u00e9cial de la traverse basses du dormant scell\u00e9 sur le <\/b><b>rejingot<\/b><b> ou sur le seuil de la baie.<\/b><\/p>\n<p>10.rejet d\u2019eau\u00a0: <b>pi\u00e8ce rapport\u00e9e (ou non) sur la traverse basse des vantaux<\/b>.<\/p>\n<p>11.petit bois\u00a0: <b>pi\u00e8ce de faible section vertical ou horizontal divisant des ch\u00e2ssis<\/b>.<\/p>\n<p>12. parcloses: <b>pi\u00e8ces servant au maintien des vitrages dans les ch\u00e2ssis<\/b><\/p>\n<p><a href=\"http:\/\/alexandrewack.fr\/wp-content\/uploads\/2014\/11\/fen\u00eatre-\u00e9l\u00e8ments.jpg\"><img loading=\"lazy\" decoding=\"async\" class=\"alignnone wp-image-1164 size-medium\" src=\"http:\/\/alexandrewack.fr\/wp-content\/uploads\/2014\/11\/fen\u00eatre-\u00e9l\u00e8ments-300x229.jpg\" alt=\"fen\u00eatre \u00e9l\u00e8ments\" width=\"300\" height=\"229\" srcset=\"http:\/\/alexandrewack.fr\/wp-content\/uploads\/2014\/11\/fen\u00eatre-\u00e9l\u00e8ments-300x229.jpg 300w, http:\/\/alexandrewack.fr\/wp-content\/uploads\/2014\/11\/fen\u00eatre-\u00e9l\u00e8ments.jpg 691w\" sizes=\"auto, (max-width: 300px) 100vw, 300px\" \/><\/a><\/p>\n<p>&nbsp;<\/p>\n<p>Pour la suite du cours clique<a title=\"cours fen\u00eatres\" href=\"http:\/\/alexandrewack.fr\/wp-content\/uploads\/2014\/11\/cours-\u00e9l\u00e8ve-pp.ppsx\" target=\"_blank\"> ici<\/a>\u00a0 \u00a0ou lien PDF :\u00a0<a href=\"http:\/\/alexandrewack.fr\/wp-content\/uploads\/2014\/11\/les-fenetres-PDF.pdf\">les fenetres PDF<\/a><\/p>\n","protected":false},"excerpt":{"rendered":"<p>El\u00e9ments entrants dans la composition d\u2019une fen\u00eatre. Vocabulaire: 1.Dormant (b\u00e2ti \u00ab\u00a0dormant\u00a0\u00bb)\u00a0: Partie fixe de la fen\u00eatre. 2.Vantail\u00a0: Partie mobile de la fen\u00eatre. 3.Ch\u00e2ssis\u00a0: \u00e9l\u00e9ment de la fen\u00eatre (fixe en ouvrant recevant une partie vitr\u00e9e ou pleine). 4.montant\u00a0: Partie verticale de la fen\u00eatre. 5.Montant\u00a0de rive : montant d\u2019un vantail qui re\u00e7oit les organe de rotation. 6.Montant [&hellip;]<\/p>\n","protected":false},"author":1,"featured_media":0,"parent":885,"menu_order":3,"comment_status":"closed","ping_status":"open","template":"","meta":{"footnotes":""},"class_list":["post-1163","page","type-page","status-publish","hentry"],"_links":{"self":[{"href":"http:\/\/alexandrewack.fr\/index.php?rest_route=\/wp\/v2\/pages\/1163","targetHints":{"allow":["GET"]}}],"collection":[{"href":"http:\/\/alexandrewack.fr\/index.php?rest_route=\/wp\/v2\/pages"}],"about":[{"href":"http:\/\/alexandrewack.fr\/index.php?rest_route=\/wp\/v2\/types\/page"}],"author":[{"embeddable":true,"href":"http:\/\/alexandrewack.fr\/index.php?rest_route=\/wp\/v2\/users\/1"}],"replies":[{"embeddable":true,"href":"http:\/\/alexandrewack.fr\/index.php?rest_route=%2Fwp%2Fv2%2Fcomments&post=1163"}],"version-history":[{"count":5,"href":"http:\/\/alexandrewack.fr\/index.php?rest_route=\/wp\/v2\/pages\/1163\/revisions"}],"predecessor-version":[{"id":1172,"href":"http:\/\/alexandrewack.fr\/index.php?rest_route=\/wp\/v2\/pages\/1163\/revisions\/1172"}],"up":[{"embeddable":true,"href":"http:\/\/alexandrewack.fr\/index.php?rest_route=\/wp\/v2\/pages\/885"}],"wp:attachment":[{"href":"http:\/\/alexandrewack.fr\/index.php?rest_route=%2Fwp%2Fv2%2Fmedia&parent=1163"}],"curies":[{"name":"wp","href":"https:\/\/api.w.org\/{rel}","templated":true}]}}