{"id":1128,"date":"2014-10-10T12:32:51","date_gmt":"2014-10-10T12:32:51","guid":{"rendered":"http:\/\/alexandrewack.fr\/?page_id=1128"},"modified":"2020-05-21T19:29:04","modified_gmt":"2020-05-21T19:29:04","slug":"les-garde-corps","status":"publish","type":"page","link":"http:\/\/alexandrewack.fr\/?page_id=1128","title":{"rendered":"Les Garde-corps"},"content":{"rendered":"\n<div class=\"wp-block-cover aligncenter has-background-dim\" style=\"background-image:url(http:\/\/alexandrewack.fr\/wp-content\/uploads\/2020\/05\/garde-corps-balustrade-francaise-90x184cm-balcon-grill-rampe-anthracite-en-acier-P-8784744-17368960_1.jpg)\"><div class=\"wp-block-cover__inner-container is-layout-flow wp-block-cover-is-layout-flow\">\n<p style=\"text-align:center\" class=\"has-large-font-size\">Les Garde-corps<\/p>\n<\/div><\/div>\n\n\n\n<p class=\"has-text-color has-background has-medium-font-size has-very-dark-gray-color has-cyan-bluish-gray-background-color\"><strong>Vocabulaire : <\/strong><\/p>\n\n\n\n<p><\/p>\n\n\n\n<p class=\"has-text-color has-background has-medium-font-size has-very-dark-gray-color has-cyan-bluish-gray-background-color\"><strong>Garde-corps et rampes d\u2019escalier sons soumis aux normes NFP :<\/strong><\/p>\n\n\n<p style=\"text-align: center;\">\u00a0Utilis\u00e9s dans les habitations, bureaux, locaux ou le public a acc\u00e8s.<\/p>\n<p><u><strong>Extrait de la norme NF P01- 012:<\/strong><\/u><br \/>Garde-corps constitu\u00e9s d\u2019\u00e9l\u00e9ments verticaux ou horizontaux.<br \/>La dimension horizontale des vides entre barreaux, panneaux, fa\u00e7ades, tableaux dont la plus grande dimension est verticale doit \u00eatre au plus \u00e9gale \u00e0 0,11 m.<br \/>La dimension verticale des vides entre lisses, panneaux, zone de stationnement normal ou pr\u00e9caire dont la plus grande dimension est horizontale doit \u00eatre au plus \u00e9gale \u00e0 :<\/p>\n<ul>\n<li>0,11 m pour ceux qui sont situ\u00e9s \u00e0 une hauteur inf\u00e9rieure \u00e0 0,45 m par rapport \u00e0 la zone de stationnement normal ;<\/li>\n<li>0,18 m pour ceux qui sont situ\u00e9s \u00e0 une hauteur sup\u00e9rieure ou \u00e9gale \u00e0 0,45 m par rapport \u00e0 la zone de stationnement normal<\/li>\n<\/ul>\n<p style=\"text-align: center;\"><strong>\u00a0<a href=\"http:\/\/alexandrewack.fr\/wp-content\/uploads\/2014\/10\/Pr\u00e9sentation_Norme_garde-corps2014web.ppsx\">Pr\u00e9sentation_Norme_garde-corps2014web<\/a><\/strong><\/p>\n\n\n<div class=\"wp-block-image\"><figure class=\"aligncenter\"><img loading=\"lazy\" decoding=\"async\" width=\"557\" height=\"280\" src=\"http:\/\/alexandrewack.fr\/wp-content\/uploads\/2020\/05\/NF_P01-012_Balustres79-557-0-1.jpeg\" alt=\"\" class=\"wp-image-2532\" srcset=\"http:\/\/alexandrewack.fr\/wp-content\/uploads\/2020\/05\/NF_P01-012_Balustres79-557-0-1.jpeg 557w, http:\/\/alexandrewack.fr\/wp-content\/uploads\/2020\/05\/NF_P01-012_Balustres79-557-0-1-300x151.jpeg 300w\" sizes=\"auto, (max-width: 557px) 100vw, 557px\" \/><\/figure><\/div>\n","protected":false},"excerpt":{"rendered":"<p>Vocabulaire : Garde-corps et rampes d\u2019escalier sons soumis aux normes NFP : \u00a0Utilis\u00e9s dans les habitations, bureaux, locaux ou le public a acc\u00e8s. Extrait de la norme NF P01- 012:Garde-corps constitu\u00e9s d\u2019\u00e9l\u00e9ments verticaux ou horizontaux.La dimension horizontale des vides entre barreaux, panneaux, fa\u00e7ades, tableaux dont la plus grande dimension est verticale doit \u00eatre au plus [&hellip;]<\/p>\n","protected":false},"author":1,"featured_media":0,"parent":651,"menu_order":6,"comment_status":"closed","ping_status":"open","template":"","meta":{"footnotes":""},"class_list":["post-1128","page","type-page","status-publish","hentry"],"_links":{"self":[{"href":"http:\/\/alexandrewack.fr\/index.php?rest_route=\/wp\/v2\/pages\/1128","targetHints":{"allow":["GET"]}}],"collection":[{"href":"http:\/\/alexandrewack.fr\/index.php?rest_route=\/wp\/v2\/pages"}],"about":[{"href":"http:\/\/alexandrewack.fr\/index.php?rest_route=\/wp\/v2\/types\/page"}],"author":[{"embeddable":true,"href":"http:\/\/alexandrewack.fr\/index.php?rest_route=\/wp\/v2\/users\/1"}],"replies":[{"embeddable":true,"href":"http:\/\/alexandrewack.fr\/index.php?rest_route=%2Fwp%2Fv2%2Fcomments&post=1128"}],"version-history":[{"count":11,"href":"http:\/\/alexandrewack.fr\/index.php?rest_route=\/wp\/v2\/pages\/1128\/revisions"}],"predecessor-version":[{"id":2535,"href":"http:\/\/alexandrewack.fr\/index.php?rest_route=\/wp\/v2\/pages\/1128\/revisions\/2535"}],"up":[{"embeddable":true,"href":"http:\/\/alexandrewack.fr\/index.php?rest_route=\/wp\/v2\/pages\/651"}],"wp:attachment":[{"href":"http:\/\/alexandrewack.fr\/index.php?rest_route=%2Fwp%2Fv2%2Fmedia&parent=1128"}],"curies":[{"name":"wp","href":"https:\/\/api.w.org\/{rel}","templated":true}]}}