{"id":104,"date":"2012-03-12T22:42:38","date_gmt":"2012-03-12T22:42:38","guid":{"rendered":"http:\/\/alexandrewack.fr\/?page_id=104"},"modified":"2021-09-18T10:00:17","modified_gmt":"2021-09-18T10:00:17","slug":"le-principe","status":"publish","type":"page","link":"http:\/\/alexandrewack.fr\/?page_id=104","title":{"rendered":"Soudure EE-111"},"content":{"rendered":"\n<p class=\"has-black-color has-cyan-bluish-gray-background-color has-text-color has-background has-medium-font-size\">D\u00e9finition : <\/p>\n\n\n\n<p>Le&nbsp;<strong>soudage \u00e0 l&rsquo;arc \u00e0 l&rsquo;\u00e9lectrode enrob\u00e9e<\/strong>&nbsp;( ou&nbsp;<strong>MMA<\/strong>), soudage manuel ou soudage \u00e0 la baguette, est l&rsquo;un des proc\u00e9d\u00e9s de&nbsp;soudage&nbsp;les plus utilis\u00e9s.<\/p>\n\n\n\n<p>Lorsque l&rsquo;on approche l&rsquo;\u00e9lectrode enrob\u00e9e des pi\u00e8ces \u00e0 assembler, il se cr\u00e9e un&nbsp;arc \u00e9lectrique&nbsp;qui d\u00e9gage un fort effet calorifique provoquant la fusion de l&rsquo;\u00e9lectrode.<\/p>\n\n\n\n<p class=\"has-black-color has-cyan-bluish-gray-background-color has-text-color has-background has-medium-font-size\">L&rsquo;installation: <\/p>\n\n\n\n<div class=\"wp-block-image\"><figure class=\"aligncenter size-large is-resized\"><img loading=\"lazy\" decoding=\"async\" src=\"http:\/\/alexandrewack.fr\/wp-content\/uploads\/2021\/09\/Capture-de\u0301cran-2021-09-15-a\u0300-22.51.34-1024x623.png\" alt=\"\" class=\"wp-image-2719\" width=\"459\" height=\"279\" srcset=\"http:\/\/alexandrewack.fr\/wp-content\/uploads\/2021\/09\/Capture-de\u0301cran-2021-09-15-a\u0300-22.51.34-1024x623.png 1024w, http:\/\/alexandrewack.fr\/wp-content\/uploads\/2021\/09\/Capture-de\u0301cran-2021-09-15-a\u0300-22.51.34-300x183.png 300w, http:\/\/alexandrewack.fr\/wp-content\/uploads\/2021\/09\/Capture-de\u0301cran-2021-09-15-a\u0300-22.51.34-768x467.png 768w, http:\/\/alexandrewack.fr\/wp-content\/uploads\/2021\/09\/Capture-de\u0301cran-2021-09-15-a\u0300-22.51.34-1536x935.png 1536w, http:\/\/alexandrewack.fr\/wp-content\/uploads\/2021\/09\/Capture-de\u0301cran-2021-09-15-a\u0300-22.51.34.png 1604w\" sizes=\"auto, (max-width: 459px) 100vw, 459px\" \/><\/figure><\/div>\n\n\n\n<p class=\"has-black-color has-cyan-bluish-gray-background-color has-text-color has-background has-medium-font-size\">Les protections individuelle et collective <\/p>\n\n\n\n<div class=\"wp-block-image\"><figure class=\"aligncenter size-large\"><img loading=\"lazy\" decoding=\"async\" width=\"1024\" height=\"804\" src=\"http:\/\/alexandrewack.fr\/wp-content\/uploads\/2021\/09\/Capture-de\u0301cran-2021-09-15-a\u0300-23.25.44-1024x804.png\" alt=\"\" class=\"wp-image-2720\" srcset=\"http:\/\/alexandrewack.fr\/wp-content\/uploads\/2021\/09\/Capture-de\u0301cran-2021-09-15-a\u0300-23.25.44-1024x804.png 1024w, http:\/\/alexandrewack.fr\/wp-content\/uploads\/2021\/09\/Capture-de\u0301cran-2021-09-15-a\u0300-23.25.44-300x236.png 300w, http:\/\/alexandrewack.fr\/wp-content\/uploads\/2021\/09\/Capture-de\u0301cran-2021-09-15-a\u0300-23.25.44-768x603.png 768w, http:\/\/alexandrewack.fr\/wp-content\/uploads\/2021\/09\/Capture-de\u0301cran-2021-09-15-a\u0300-23.25.44-1536x1206.png 1536w, http:\/\/alexandrewack.fr\/wp-content\/uploads\/2021\/09\/Capture-de\u0301cran-2021-09-15-a\u0300-23.25.44.png 1594w\" sizes=\"auto, (max-width: 1024px) 100vw, 1024px\" \/><\/figure><\/div>\n\n\n\n<p class=\"has-black-color has-cyan-bluish-gray-background-color has-text-color has-background has-medium-font-size\">Vous allez avoir besoin de: <\/p>\n\n\n\n<div class=\"wp-block-image\"><figure class=\"aligncenter size-large is-resized\"><img loading=\"lazy\" decoding=\"async\" src=\"http:\/\/alexandrewack.fr\/wp-content\/uploads\/2021\/09\/Capture-de\u0301cran-2021-09-15-a\u0300-23.38.18-1024x731.png\" alt=\"\" class=\"wp-image-2723\" width=\"348\" height=\"248\" srcset=\"http:\/\/alexandrewack.fr\/wp-content\/uploads\/2021\/09\/Capture-de\u0301cran-2021-09-15-a\u0300-23.38.18-1024x731.png 1024w, http:\/\/alexandrewack.fr\/wp-content\/uploads\/2021\/09\/Capture-de\u0301cran-2021-09-15-a\u0300-23.38.18-300x214.png 300w, http:\/\/alexandrewack.fr\/wp-content\/uploads\/2021\/09\/Capture-de\u0301cran-2021-09-15-a\u0300-23.38.18-768x548.png 768w, http:\/\/alexandrewack.fr\/wp-content\/uploads\/2021\/09\/Capture-de\u0301cran-2021-09-15-a\u0300-23.38.18-1536x1097.png 1536w, http:\/\/alexandrewack.fr\/wp-content\/uploads\/2021\/09\/Capture-de\u0301cran-2021-09-15-a\u0300-23.38.18.png 1594w\" sizes=\"auto, (max-width: 348px) 100vw, 348px\" \/><\/figure><\/div>\n\n\n\n<p class=\"has-black-color has-cyan-bluish-gray-background-color has-text-color has-background has-medium-font-size\">Sch\u00e9ma de fonctionnement&nbsp;:<\/p>\n\n\n\n<div class=\"wp-block-image\"><figure class=\"aligncenter size-large is-resized\"><img loading=\"lazy\" decoding=\"async\" src=\"http:\/\/alexandrewack.fr\/wp-content\/uploads\/2021\/09\/Capture-de\u0301cran-2021-09-18-a\u0300-11.38.30-1024x669.png\" alt=\"\" class=\"wp-image-2733\" width=\"345\" height=\"225\" srcset=\"http:\/\/alexandrewack.fr\/wp-content\/uploads\/2021\/09\/Capture-de\u0301cran-2021-09-18-a\u0300-11.38.30-1024x669.png 1024w, http:\/\/alexandrewack.fr\/wp-content\/uploads\/2021\/09\/Capture-de\u0301cran-2021-09-18-a\u0300-11.38.30-300x196.png 300w, http:\/\/alexandrewack.fr\/wp-content\/uploads\/2021\/09\/Capture-de\u0301cran-2021-09-18-a\u0300-11.38.30-768x501.png 768w, http:\/\/alexandrewack.fr\/wp-content\/uploads\/2021\/09\/Capture-de\u0301cran-2021-09-18-a\u0300-11.38.30-1536x1003.png 1536w, http:\/\/alexandrewack.fr\/wp-content\/uploads\/2021\/09\/Capture-de\u0301cran-2021-09-18-a\u0300-11.38.30.png 1798w\" sizes=\"auto, (max-width: 345px) 100vw, 345px\" \/><figcaption>1) Enrobage de l&rsquo;\u00e9lectrode  2) \u00c2me de l&rsquo;\u00e9lectrode enrob\u00e9e.  3)Atmosph\u00e8re de protection. 4)Bain de fusion 5)m\u00e9tal de base (la pi\u00e8ce ou t\u00f4le ).  6) Cordon de soudure  7) Laitier ( qui prot\u00e8ge la soudure de l&rsquo;oxydation du \u00e0 l&rsquo;oxyg\u00e8ne et ralenti  le refroidissement)<\/figcaption><\/figure><\/div>\n\n\n\n<p class=\"has-black-color has-cyan-bluish-gray-background-color has-text-color has-background has-medium-font-size\">Les \u00e9lectrodes enrob\u00e9e :<\/p>\n\n\n\n<figure class=\"wp-block-image size-large\"><img loading=\"lazy\" decoding=\"async\" width=\"1024\" height=\"576\" src=\"http:\/\/alexandrewack.fr\/wp-content\/uploads\/2021\/09\/Capture-de\u0301cran-2021-09-15-a\u0300-23.49.09-1024x576.png\" alt=\"\" class=\"wp-image-2725\" srcset=\"http:\/\/alexandrewack.fr\/wp-content\/uploads\/2021\/09\/Capture-de\u0301cran-2021-09-15-a\u0300-23.49.09-1024x576.png 1024w, http:\/\/alexandrewack.fr\/wp-content\/uploads\/2021\/09\/Capture-de\u0301cran-2021-09-15-a\u0300-23.49.09-300x169.png 300w, http:\/\/alexandrewack.fr\/wp-content\/uploads\/2021\/09\/Capture-de\u0301cran-2021-09-15-a\u0300-23.49.09-768x432.png 768w, http:\/\/alexandrewack.fr\/wp-content\/uploads\/2021\/09\/Capture-de\u0301cran-2021-09-15-a\u0300-23.49.09-1536x864.png 1536w, http:\/\/alexandrewack.fr\/wp-content\/uploads\/2021\/09\/Capture-de\u0301cran-2021-09-15-a\u0300-23.49.09-2048x1152.png 2048w\" sizes=\"auto, (max-width: 1024px) 100vw, 1024px\" \/><\/figure>\n\n\n\n<p><\/p>\n\n\n\n<p class=\"has-black-color has-cyan-bluish-gray-background-color has-text-color has-background has-medium-font-size\">vid\u00e9o tuto : <\/p>\n\n\n\n<figure class=\"wp-block-embed is-type-video is-provider-youtube wp-block-embed-youtube wp-embed-aspect-16-9 wp-has-aspect-ratio\"><div class=\"wp-block-embed__wrapper\">\n<iframe loading=\"lazy\" title=\"[TUTO] Soudure \u00e0 l&#039;arc : LES BASES - Soudeurs 2.0\" width=\"690\" height=\"388\" src=\"https:\/\/www.youtube.com\/embed\/cTasmhBkSFg?feature=oembed\" frameborder=\"0\" allow=\"accelerometer; autoplay; clipboard-write; encrypted-media; gyroscope; picture-in-picture\" allowfullscreen><\/iframe>\n<\/div><\/figure>\n\n\n\n<figure class=\"wp-block-embed is-type-video is-provider-youtube wp-block-embed-youtube wp-embed-aspect-4-3 wp-has-aspect-ratio\"><div class=\"wp-block-embed__wrapper\">\n<iframe loading=\"lazy\" title=\"MMA 3,25 mm rutile 95A\" width=\"690\" height=\"518\" src=\"https:\/\/www.youtube.com\/embed\/4e-pVH9H4os?feature=oembed\" frameborder=\"0\" allow=\"accelerometer; autoplay; clipboard-write; encrypted-media; gyroscope; picture-in-picture\" allowfullscreen><\/iframe>\n<\/div><\/figure>\n\n\n\n<figure class=\"wp-block-embed is-type-video is-provider-youtube wp-block-embed-youtube wp-embed-aspect-16-9 wp-has-aspect-ratio\"><div class=\"wp-block-embed__wrapper\">\n<iframe loading=\"lazy\" title=\"How Arc Welding Works\" width=\"690\" height=\"388\" src=\"https:\/\/www.youtube.com\/embed\/TeBX6cKKHWY?feature=oembed\" frameborder=\"0\" allow=\"accelerometer; autoplay; clipboard-write; encrypted-media; gyroscope; picture-in-picture\" allowfullscreen><\/iframe>\n<\/div><\/figure>\n\n\n<h2 style=\"text-align: center;\"><strong>Partie n\u00b01&nbsp;<\/strong><\/h2>\n<p style=\"text-align: center;\">la pr\u00e9sentation &nbsp;: Les bases du soudage \u00e0 l\u2019\u00e9lectrode enrob\u00e9e.<a href=\"http:\/\/alexandrewack.fr\/wp-content\/uploads\/2012\/03\/soudage-EE-les-bases-2017-CAP.pdf\"><img loading=\"lazy\" decoding=\"async\" class=\"aligncenter size-medium wp-image-1744\" src=\"http:\/\/alexandrewack.fr\/wp-content\/uploads\/2012\/03\/Soudage-EE-2017-300x218.jpg\" alt=\"\" width=\"300\" height=\"218\" srcset=\"http:\/\/alexandrewack.fr\/wp-content\/uploads\/2012\/03\/Soudage-EE-2017-300x218.jpg 300w, http:\/\/alexandrewack.fr\/wp-content\/uploads\/2012\/03\/Soudage-EE-2017-768x557.jpg 768w, http:\/\/alexandrewack.fr\/wp-content\/uploads\/2012\/03\/Soudage-EE-2017-1024x743.jpg 1024w, http:\/\/alexandrewack.fr\/wp-content\/uploads\/2012\/03\/Soudage-EE-2017.jpg 1506w\" sizes=\"auto, (max-width: 300px) 100vw, 300px\" \/><\/a><a href=\"http:\/\/alexandrewack.fr\/wp-content\/uploads\/2012\/03\/soudage-EE-les-bases-2017-CAP.pdf\">soudage EE les bases 2017 CAP<\/a><\/p>\n<p>Vid\u00e9o du tranfert de mati\u00e8re :<br>http:\/\/youtu.be\/4e-pVH9H4os<\/p>\n\n\n<p><\/p>\n","protected":false},"excerpt":{"rendered":"<p>D\u00e9finition : Le&nbsp;soudage \u00e0 l&rsquo;arc \u00e0 l&rsquo;\u00e9lectrode enrob\u00e9e&nbsp;( ou&nbsp;MMA), soudage manuel ou soudage \u00e0 la baguette, est l&rsquo;un des proc\u00e9d\u00e9s de&nbsp;soudage&nbsp;les plus utilis\u00e9s. Lorsque l&rsquo;on approche l&rsquo;\u00e9lectrode enrob\u00e9e des pi\u00e8ces \u00e0 assembler, il se cr\u00e9e un&nbsp;arc \u00e9lectrique&nbsp;qui d\u00e9gage un fort effet calorifique provoquant la fusion de l&rsquo;\u00e9lectrode. L&rsquo;installation: Les protections individuelle et collective Vous allez [&hellip;]<\/p>\n","protected":false},"author":1,"featured_media":0,"parent":96,"menu_order":2,"comment_status":"open","ping_status":"open","template":"","meta":{"footnotes":""},"class_list":["post-104","page","type-page","status-publish","hentry"],"_links":{"self":[{"href":"http:\/\/alexandrewack.fr\/index.php?rest_route=\/wp\/v2\/pages\/104","targetHints":{"allow":["GET"]}}],"collection":[{"href":"http:\/\/alexandrewack.fr\/index.php?rest_route=\/wp\/v2\/pages"}],"about":[{"href":"http:\/\/alexandrewack.fr\/index.php?rest_route=\/wp\/v2\/types\/page"}],"author":[{"embeddable":true,"href":"http:\/\/alexandrewack.fr\/index.php?rest_route=\/wp\/v2\/users\/1"}],"replies":[{"embeddable":true,"href":"http:\/\/alexandrewack.fr\/index.php?rest_route=%2Fwp%2Fv2%2Fcomments&post=104"}],"version-history":[{"count":19,"href":"http:\/\/alexandrewack.fr\/index.php?rest_route=\/wp\/v2\/pages\/104\/revisions"}],"predecessor-version":[{"id":2748,"href":"http:\/\/alexandrewack.fr\/index.php?rest_route=\/wp\/v2\/pages\/104\/revisions\/2748"}],"up":[{"embeddable":true,"href":"http:\/\/alexandrewack.fr\/index.php?rest_route=\/wp\/v2\/pages\/96"}],"wp:attachment":[{"href":"http:\/\/alexandrewack.fr\/index.php?rest_route=%2Fwp%2Fv2%2Fmedia&parent=104"}],"curies":[{"name":"wp","href":"https:\/\/api.w.org\/{rel}","templated":true}]}}